{"id":3067,"date":"2013-07-30T11:47:03","date_gmt":"2013-07-30T09:47:03","guid":{"rendered":"http:\/\/metalco-mobiliar.cz\/news\/?page_id=3067"},"modified":"2014-01-22T11:39:35","modified_gmt":"2014-01-22T10:39:35","slug":"designers-en","status":"publish","type":"page","link":"https:\/\/metalco-mobiliar.cz\/en\/designers-en\/","title":{"rendered":"Designers"},"content":{"rendered":"<p>At the same time, the company has established collaborations with international, well-known designers and with prestigious academic institutions.  The result has been products which have redefined the concept of street furniture and outdoor furniture, awarded by major associations for design and appreciated by users.From the beginning, the search for shapes and innovative solutions aimed at enhancing the functionality of the objects has been the adopted guideline.<\/p>\n","protected":false},"excerpt":{"rendered":"<p>At the same time, the company has established collaborations with international, well-known designers and with prestigious academic institutions. The result has been products which have redefined the concept of street furniture and outdoor furniture, awarded by major associations for design and appreciated by users.From the beginning, the search for shapes and innovative solutions aimed at [&hellip;]<\/p>\n","protected":false},"author":318,"featured_media":0,"parent":0,"menu_order":0,"comment_status":"open","ping_status":"closed","template":"page-templates\/people.php","meta":{"_acf_changed":false,"footnotes":""},"class_list":["post-3067","page","type-page","status-publish","hentry"],"acf":[],"yoast_head":"<!-- This site is optimized with the Yoast SEO plugin v23.2 - https:\/\/yoast.com\/wordpress\/plugins\/seo\/ -->\n<title>Designers - Metalco Mobiliar<\/title>\n<meta name=\"robots\" content=\"index, follow, max-snippet:-1, max-image-preview:large, max-video-preview:-1\" \/>\n<link rel=\"canonical\" href=\"https:\/\/metalco-mobiliar.cz\/en\/designers-en\/\" \/>\n<meta property=\"og:locale\" content=\"en_US\" \/>\n<meta property=\"og:type\" content=\"article\" \/>\n<meta property=\"og:title\" content=\"Designers - Metalco Mobiliar\" \/>\n<meta property=\"og:description\" content=\"At the same time, the company has established collaborations with international, well-known designers and with prestigious academic institutions. The result has been products which have redefined the concept of street furniture and outdoor furniture, awarded by major associations for design and appreciated by users.From the beginning, the search for shapes and innovative solutions aimed at [&hellip;]\" \/>\n<meta property=\"og:url\" content=\"https:\/\/metalco-mobiliar.cz\/en\/designers-en\/\" \/>\n<meta property=\"og:site_name\" content=\"Metalco Mobiliar\" \/>\n<meta property=\"article:modified_time\" content=\"2014-01-22T10:39:35+00:00\" \/>\n<script type=\"application\/ld+json\" class=\"yoast-schema-graph\">{\"@context\":\"https:\/\/schema.org\",\"@graph\":[{\"@type\":\"WebPage\",\"@id\":\"https:\/\/metalco-mobiliar.cz\/en\/designers-en\/\",\"url\":\"https:\/\/metalco-mobiliar.cz\/en\/designers-en\/\",\"name\":\"Designers - Metalco Mobiliar\",\"isPartOf\":{\"@id\":\"https:\/\/metalco-mobiliar.cz\/#website\"},\"datePublished\":\"2013-07-30T09:47:03+00:00\",\"dateModified\":\"2014-01-22T10:39:35+00:00\",\"breadcrumb\":{\"@id\":\"https:\/\/metalco-mobiliar.cz\/en\/designers-en\/#breadcrumb\"},\"inLanguage\":\"en-US\",\"potentialAction\":[{\"@type\":\"ReadAction\",\"target\":[\"https:\/\/metalco-mobiliar.cz\/en\/designers-en\/\"]}]},{\"@type\":\"BreadcrumbList\",\"@id\":\"https:\/\/metalco-mobiliar.cz\/en\/designers-en\/#breadcrumb\",\"itemListElement\":[{\"@type\":\"ListItem\",\"position\":1,\"name\":\"Home\",\"item\":\"https:\/\/metalco-mobiliar.cz\/en\/\"},{\"@type\":\"ListItem\",\"position\":2,\"name\":\"Designers\"}]},{\"@type\":\"WebSite\",\"@id\":\"https:\/\/metalco-mobiliar.cz\/#website\",\"url\":\"https:\/\/metalco-mobiliar.cz\/\",\"name\":\"Metalco \u2013 m\u011bstsk\u00fd mobili\u00e1\u0159\",\"description\":\"M\u011bstsk\u00fd mobili\u00e1\u0159 Metalco\",\"potentialAction\":[{\"@type\":\"SearchAction\",\"target\":{\"@type\":\"EntryPoint\",\"urlTemplate\":\"https:\/\/metalco-mobiliar.cz\/?s={search_term_string}\"},\"query-input\":\"required name=search_term_string\"}],\"inLanguage\":\"en-US\"}]}<\/script>\n<!-- \/ Yoast SEO plugin. -->","yoast_head_json":{"title":"Designers - Metalco Mobiliar","robots":{"index":"index","follow":"follow","max-snippet":"max-snippet:-1","max-image-preview":"max-image-preview:large","max-video-preview":"max-video-preview:-1"},"canonical":"https:\/\/metalco-mobiliar.cz\/en\/designers-en\/","og_locale":"en_US","og_type":"article","og_title":"Designers - Metalco Mobiliar","og_description":"At the same time, the company has established collaborations with international, well-known designers and with prestigious academic institutions. The result has been products which have redefined the concept of street furniture and outdoor furniture, awarded by major associations for design and appreciated by users.From the beginning, the search for shapes and innovative solutions aimed at [&hellip;]","og_url":"https:\/\/metalco-mobiliar.cz\/en\/designers-en\/","og_site_name":"Metalco Mobiliar","article_modified_time":"2014-01-22T10:39:35+00:00","schema":{"@context":"https:\/\/schema.org","@graph":[{"@type":"WebPage","@id":"https:\/\/metalco-mobiliar.cz\/en\/designers-en\/","url":"https:\/\/metalco-mobiliar.cz\/en\/designers-en\/","name":"Designers - Metalco Mobiliar","isPartOf":{"@id":"https:\/\/metalco-mobiliar.cz\/#website"},"datePublished":"2013-07-30T09:47:03+00:00","dateModified":"2014-01-22T10:39:35+00:00","breadcrumb":{"@id":"https:\/\/metalco-mobiliar.cz\/en\/designers-en\/#breadcrumb"},"inLanguage":"en-US","potentialAction":[{"@type":"ReadAction","target":["https:\/\/metalco-mobiliar.cz\/en\/designers-en\/"]}]},{"@type":"BreadcrumbList","@id":"https:\/\/metalco-mobiliar.cz\/en\/designers-en\/#breadcrumb","itemListElement":[{"@type":"ListItem","position":1,"name":"Home","item":"https:\/\/metalco-mobiliar.cz\/en\/"},{"@type":"ListItem","position":2,"name":"Designers"}]},{"@type":"WebSite","@id":"https:\/\/metalco-mobiliar.cz\/#website","url":"https:\/\/metalco-mobiliar.cz\/","name":"Metalco \u2013 m\u011bstsk\u00fd mobili\u00e1\u0159","description":"M\u011bstsk\u00fd mobili\u00e1\u0159 Metalco","potentialAction":[{"@type":"SearchAction","target":{"@type":"EntryPoint","urlTemplate":"https:\/\/metalco-mobiliar.cz\/?s={search_term_string}"},"query-input":"required name=search_term_string"}],"inLanguage":"en-US"}]}},"_links":{"self":[{"href":"https:\/\/metalco-mobiliar.cz\/en\/wp-json\/wp\/v2\/pages\/3067"}],"collection":[{"href":"https:\/\/metalco-mobiliar.cz\/en\/wp-json\/wp\/v2\/pages"}],"about":[{"href":"https:\/\/metalco-mobiliar.cz\/en\/wp-json\/wp\/v2\/types\/page"}],"author":[{"embeddable":true,"href":"https:\/\/metalco-mobiliar.cz\/en\/wp-json\/wp\/v2\/users\/318"}],"replies":[{"embeddable":true,"href":"https:\/\/metalco-mobiliar.cz\/en\/wp-json\/wp\/v2\/comments?post=3067"}],"version-history":[{"count":0,"href":"https:\/\/metalco-mobiliar.cz\/en\/wp-json\/wp\/v2\/pages\/3067\/revisions"}],"wp:attachment":[{"href":"https:\/\/metalco-mobiliar.cz\/en\/wp-json\/wp\/v2\/media?parent=3067"}],"curies":[{"name":"wp","href":"https:\/\/api.w.org\/{rel}","templated":true}]}}