{"id":16237,"date":"2014-11-07T12:18:16","date_gmt":"2014-11-07T11:18:16","guid":{"rendered":"http:\/\/metalco-mobiliar.cz\/?post_type=product&#038;p=16237"},"modified":"2023-04-27T09:31:43","modified_gmt":"2023-04-27T07:31:43","slug":"fuma-cigarette-but-bin","status":"publish","type":"product","link":"https:\/\/metalco-mobiliar.cz\/en\/prodotti-en\/fuma-cigarette-but-bin\/","title":{"rendered":"FUMA CIGARETTE BUTT BIN"},"content":{"rendered":"<p>Cigarette butt bin in two sizes, comprised of a steel tube and an internal container,in stainless steel tube. The container is equipped with plate ashtray and, thanks to the opening with a triangular key lock, can be easily removed for emptying and cleaning. The mounting to pre-existing pole or to a wall is through a special bracket.<\/p>\n<p>Available in the following materials and sizes: Powder Coated Stainless Steel + Stainless Steel<\/p>\n<p><strong>Fixings:<\/strong> Pre-drilled for anchors<\/p>\n<p><strong>Dimensions and weight:<\/strong><br \/>\n\u00d8 80 mm P 98 mm H 302 mm 2, 7&nbsp;kg<br \/>\n\u00d8 106 mm P 123 mm H 302 mm 3, 4&nbsp;kg<\/p>\n<p style=\"text-align: justify\">\n","protected":false},"excerpt":{"rendered":"<p>Cigarette butt bin in two sizes, comprised of a steel tube and an internal container,in stainless steel tube. The container is equipped with plate ashtray and, thanks to the opening with a triangular key lock, can be easily removed for emptying and cleaning. The mounting to pre-existing pole or to a wall is through a [&hellip;]<\/p>\n","protected":false},"featured_media":14771,"comment_status":"closed","ping_status":"closed","template":"","meta":{"_acf_changed":false},"product_cat":[988],"product_tag":[],"class_list":{"0":"post-16237","1":"product","2":"type-product","3":"status-publish","4":"has-post-thumbnail","6":"product_cat-cigarette-bin","7":"pa_designers-alfredo-tasca-11","8":"pa_material-stainless-steel","9":"collezioni-stile-en","10":"catalogo-catalogue-stile-2025","12":"first","13":"instock","14":"shipping-taxable","15":"product-type-simple"},"acf":[],"yoast_head":"<!-- This site is optimized with the Yoast SEO plugin v23.2 - https:\/\/yoast.com\/wordpress\/plugins\/seo\/ -->\n<title>FUMA CIGARETTE BUTT BIN - Metalco Mobiliar<\/title>\n<meta name=\"robots\" content=\"index, follow, max-snippet:-1, max-image-preview:large, max-video-preview:-1\" \/>\n<link rel=\"canonical\" href=\"https:\/\/metalco-mobiliar.cz\/en\/prodotti-en\/fuma-cigarette-but-bin\/\" \/>\n<meta property=\"og:locale\" content=\"en_US\" \/>\n<meta property=\"og:type\" content=\"article\" \/>\n<meta property=\"og:title\" content=\"FUMA CIGARETTE BUTT BIN - Metalco Mobiliar\" \/>\n<meta property=\"og:description\" content=\"Cigarette butt bin in two sizes, comprised of a steel tube and an internal container,in stainless steel tube. The container is equipped with plate ashtray and, thanks to the opening with a triangular key lock, can be easily removed for emptying and cleaning. The mounting to pre-existing pole or to a wall is through a [&hellip;]\" \/>\n<meta property=\"og:url\" content=\"https:\/\/metalco-mobiliar.cz\/en\/prodotti-en\/fuma-cigarette-but-bin\/\" \/>\n<meta property=\"og:site_name\" content=\"Metalco Mobiliar\" \/>\n<meta property=\"article:modified_time\" content=\"2023-04-27T07:31:43+00:00\" \/>\n<meta property=\"og:image\" content=\"https:\/\/metalco-mobiliar.cz\/news\/wp-content\/uploads\/2014\/09\/FUMA-I.jpg\" \/>\n\t<meta property=\"og:image:width\" content=\"200\" \/>\n\t<meta property=\"og:image:height\" content=\"200\" \/>\n\t<meta property=\"og:image:type\" content=\"image\/jpeg\" \/>\n<script type=\"application\/ld+json\" class=\"yoast-schema-graph\">{\"@context\":\"https:\/\/schema.org\",\"@graph\":[{\"@type\":\"WebPage\",\"@id\":\"https:\/\/metalco-mobiliar.cz\/en\/prodotti-en\/fuma-cigarette-but-bin\/\",\"url\":\"https:\/\/metalco-mobiliar.cz\/en\/prodotti-en\/fuma-cigarette-but-bin\/\",\"name\":\"FUMA CIGARETTE BUTT BIN - Metalco Mobiliar\",\"isPartOf\":{\"@id\":\"https:\/\/metalco-mobiliar.cz\/#website\"},\"primaryImageOfPage\":{\"@id\":\"https:\/\/metalco-mobiliar.cz\/en\/prodotti-en\/fuma-cigarette-but-bin\/#primaryimage\"},\"image\":{\"@id\":\"https:\/\/metalco-mobiliar.cz\/en\/prodotti-en\/fuma-cigarette-but-bin\/#primaryimage\"},\"thumbnailUrl\":\"https:\/\/metalco-mobiliar.cz\/news\/wp-content\/uploads\/2014\/09\/FUMA-I.jpg\",\"datePublished\":\"2014-11-07T11:18:16+00:00\",\"dateModified\":\"2023-04-27T07:31:43+00:00\",\"breadcrumb\":{\"@id\":\"https:\/\/metalco-mobiliar.cz\/en\/prodotti-en\/fuma-cigarette-but-bin\/#breadcrumb\"},\"inLanguage\":\"en-US\",\"potentialAction\":[{\"@type\":\"ReadAction\",\"target\":[\"https:\/\/metalco-mobiliar.cz\/en\/prodotti-en\/fuma-cigarette-but-bin\/\"]}]},{\"@type\":\"ImageObject\",\"inLanguage\":\"en-US\",\"@id\":\"https:\/\/metalco-mobiliar.cz\/en\/prodotti-en\/fuma-cigarette-but-bin\/#primaryimage\",\"url\":\"https:\/\/metalco-mobiliar.cz\/news\/wp-content\/uploads\/2014\/09\/FUMA-I.jpg\",\"contentUrl\":\"https:\/\/metalco-mobiliar.cz\/news\/wp-content\/uploads\/2014\/09\/FUMA-I.jpg\",\"width\":200,\"height\":200},{\"@type\":\"BreadcrumbList\",\"@id\":\"https:\/\/metalco-mobiliar.cz\/en\/prodotti-en\/fuma-cigarette-but-bin\/#breadcrumb\",\"itemListElement\":[{\"@type\":\"ListItem\",\"position\":1,\"name\":\"Home\",\"item\":\"https:\/\/metalco-mobiliar.cz\/en\/\"},{\"@type\":\"ListItem\",\"position\":2,\"name\":\"FUMA CIGARETTE BUTT BIN\"}]},{\"@type\":\"WebSite\",\"@id\":\"https:\/\/metalco-mobiliar.cz\/#website\",\"url\":\"https:\/\/metalco-mobiliar.cz\/\",\"name\":\"Metalco \u2013 m\u011bstsk\u00fd mobili\u00e1\u0159\",\"description\":\"M\u011bstsk\u00fd mobili\u00e1\u0159 Metalco\",\"potentialAction\":[{\"@type\":\"SearchAction\",\"target\":{\"@type\":\"EntryPoint\",\"urlTemplate\":\"https:\/\/metalco-mobiliar.cz\/?s={search_term_string}\"},\"query-input\":\"required name=search_term_string\"}],\"inLanguage\":\"en-US\"}]}<\/script>\n<!-- \/ Yoast SEO plugin. -->","yoast_head_json":{"title":"FUMA CIGARETTE BUTT BIN - Metalco Mobiliar","robots":{"index":"index","follow":"follow","max-snippet":"max-snippet:-1","max-image-preview":"max-image-preview:large","max-video-preview":"max-video-preview:-1"},"canonical":"https:\/\/metalco-mobiliar.cz\/en\/prodotti-en\/fuma-cigarette-but-bin\/","og_locale":"en_US","og_type":"article","og_title":"FUMA CIGARETTE BUTT BIN - Metalco Mobiliar","og_description":"Cigarette butt bin in two sizes, comprised of a steel tube and an internal container,in stainless steel tube. The container is equipped with plate ashtray and, thanks to the opening with a triangular key lock, can be easily removed for emptying and cleaning. The mounting to pre-existing pole or to a wall is through a [&hellip;]","og_url":"https:\/\/metalco-mobiliar.cz\/en\/prodotti-en\/fuma-cigarette-but-bin\/","og_site_name":"Metalco Mobiliar","article_modified_time":"2023-04-27T07:31:43+00:00","og_image":[{"width":200,"height":200,"url":"https:\/\/metalco-mobiliar.cz\/news\/wp-content\/uploads\/2014\/09\/FUMA-I.jpg","type":"image\/jpeg"}],"schema":{"@context":"https:\/\/schema.org","@graph":[{"@type":"WebPage","@id":"https:\/\/metalco-mobiliar.cz\/en\/prodotti-en\/fuma-cigarette-but-bin\/","url":"https:\/\/metalco-mobiliar.cz\/en\/prodotti-en\/fuma-cigarette-but-bin\/","name":"FUMA CIGARETTE BUTT BIN - Metalco Mobiliar","isPartOf":{"@id":"https:\/\/metalco-mobiliar.cz\/#website"},"primaryImageOfPage":{"@id":"https:\/\/metalco-mobiliar.cz\/en\/prodotti-en\/fuma-cigarette-but-bin\/#primaryimage"},"image":{"@id":"https:\/\/metalco-mobiliar.cz\/en\/prodotti-en\/fuma-cigarette-but-bin\/#primaryimage"},"thumbnailUrl":"https:\/\/metalco-mobiliar.cz\/news\/wp-content\/uploads\/2014\/09\/FUMA-I.jpg","datePublished":"2014-11-07T11:18:16+00:00","dateModified":"2023-04-27T07:31:43+00:00","breadcrumb":{"@id":"https:\/\/metalco-mobiliar.cz\/en\/prodotti-en\/fuma-cigarette-but-bin\/#breadcrumb"},"inLanguage":"en-US","potentialAction":[{"@type":"ReadAction","target":["https:\/\/metalco-mobiliar.cz\/en\/prodotti-en\/fuma-cigarette-but-bin\/"]}]},{"@type":"ImageObject","inLanguage":"en-US","@id":"https:\/\/metalco-mobiliar.cz\/en\/prodotti-en\/fuma-cigarette-but-bin\/#primaryimage","url":"https:\/\/metalco-mobiliar.cz\/news\/wp-content\/uploads\/2014\/09\/FUMA-I.jpg","contentUrl":"https:\/\/metalco-mobiliar.cz\/news\/wp-content\/uploads\/2014\/09\/FUMA-I.jpg","width":200,"height":200},{"@type":"BreadcrumbList","@id":"https:\/\/metalco-mobiliar.cz\/en\/prodotti-en\/fuma-cigarette-but-bin\/#breadcrumb","itemListElement":[{"@type":"ListItem","position":1,"name":"Home","item":"https:\/\/metalco-mobiliar.cz\/en\/"},{"@type":"ListItem","position":2,"name":"FUMA CIGARETTE BUTT BIN"}]},{"@type":"WebSite","@id":"https:\/\/metalco-mobiliar.cz\/#website","url":"https:\/\/metalco-mobiliar.cz\/","name":"Metalco \u2013 m\u011bstsk\u00fd mobili\u00e1\u0159","description":"M\u011bstsk\u00fd mobili\u00e1\u0159 Metalco","potentialAction":[{"@type":"SearchAction","target":{"@type":"EntryPoint","urlTemplate":"https:\/\/metalco-mobiliar.cz\/?s={search_term_string}"},"query-input":"required name=search_term_string"}],"inLanguage":"en-US"}]}},"_links":{"self":[{"href":"https:\/\/metalco-mobiliar.cz\/en\/wp-json\/wp\/v2\/product\/16237"}],"collection":[{"href":"https:\/\/metalco-mobiliar.cz\/en\/wp-json\/wp\/v2\/product"}],"about":[{"href":"https:\/\/metalco-mobiliar.cz\/en\/wp-json\/wp\/v2\/types\/product"}],"replies":[{"embeddable":true,"href":"https:\/\/metalco-mobiliar.cz\/en\/wp-json\/wp\/v2\/comments?post=16237"}],"wp:featuredmedia":[{"embeddable":true,"href":"https:\/\/metalco-mobiliar.cz\/en\/wp-json\/wp\/v2\/media\/14771"}],"wp:attachment":[{"href":"https:\/\/metalco-mobiliar.cz\/en\/wp-json\/wp\/v2\/media?parent=16237"}],"wp:term":[{"taxonomy":"product_cat","embeddable":true,"href":"https:\/\/metalco-mobiliar.cz\/en\/wp-json\/wp\/v2\/product_cat?post=16237"},{"taxonomy":"product_tag","embeddable":true,"href":"https:\/\/metalco-mobiliar.cz\/en\/wp-json\/wp\/v2\/product_tag?post=16237"}],"curies":[{"name":"wp","href":"https:\/\/api.w.org\/{rel}","templated":true}]}}