{"id":16278,"date":"2014-11-10T08:14:08","date_gmt":"2014-11-10T07:14:08","guid":{"rendered":"http:\/\/metalco-mobiliar.cz\/?post_type=product&#038;p=16278"},"modified":"2023-05-15T10:25:11","modified_gmt":"2023-05-15T08:25:11","slug":"pic-nic-2","status":"publish","type":"product","link":"https:\/\/metalco-mobiliar.cz\/en\/prodotti-en\/pic-nic-2\/","title":{"rendered":"PIC NIC PICNIC TABLE"},"content":{"rendered":"<p>Picnic table with matching seats composed of two supports in steel plate and a wooden top. The benches, without backrest, are composed of two steel plate supports and a wooden seat.<\/p>\n<p><strong>Fixing:<\/strong> Pre-drilled for anchors<\/p>\n<p><strong>Dimensions and weight:<\/strong><br \/>\nSeats<br \/>\n2000&#215;464 mm H 420 mm<br \/>\nHardwood\u00a0 56&nbsp;kg<br \/>\nLarch 44&nbsp;kg<\/p>\n<p>Table<br \/>\n2000&#215;621 mm H 710 mm<br \/>\nHardwood 81&nbsp;kg<br \/>\nLarch 64&nbsp;kg<\/p>\n","protected":false},"excerpt":{"rendered":"<p>Picnic table with matching seats composed of two supports in steel plate and a wooden top. The benches, without backrest, are composed of two steel plate supports and a wooden seat. Fixing: Pre-drilled for anchors Dimensions and weight: Seats 2000&#215;464 mm H 420 mm Hardwood\u00a0 56&nbsp;kg Larch 44&nbsp;kg Table 2000&#215;621 mm H 710 mm Hardwood [&hellip;]<\/p>\n","protected":false},"featured_media":14568,"comment_status":"closed","ping_status":"closed","template":"","meta":{"_acf_changed":false},"product_cat":[725,345],"product_tag":[],"class_list":{"0":"post-16278","1":"product","2":"type-product","3":"status-publish","4":"has-post-thumbnail","6":"product_cat-pic-nic-area","7":"product_cat-seats-benches","8":"pa_designers-alfredo-tasca-en","9":"pa_designers-marco-de-luca-en","10":"pa_material-powder-coated-steel","11":"pa_material-wood","12":"collezioni-stile-en","13":"catalogo-catalogue-stile-2025","15":"first","16":"instock","17":"shipping-taxable","18":"product-type-simple"},"acf":[],"yoast_head":"<!-- This site is optimized with the Yoast SEO plugin v23.2 - https:\/\/yoast.com\/wordpress\/plugins\/seo\/ -->\n<title>PIC NIC PICNIC TABLE - Metalco Mobiliar<\/title>\n<meta name=\"robots\" content=\"index, follow, max-snippet:-1, max-image-preview:large, max-video-preview:-1\" \/>\n<link rel=\"canonical\" href=\"https:\/\/metalco-mobiliar.cz\/en\/prodotti-en\/pic-nic-2\/\" \/>\n<meta property=\"og:locale\" content=\"en_US\" \/>\n<meta property=\"og:type\" content=\"article\" \/>\n<meta property=\"og:title\" content=\"PIC NIC PICNIC TABLE - Metalco Mobiliar\" \/>\n<meta property=\"og:description\" content=\"Picnic table with matching seats composed of two supports in steel plate and a wooden top. The benches, without backrest, are composed of two steel plate supports and a wooden seat. Fixing: Pre-drilled for anchors Dimensions and weight: Seats 2000&#215;464 mm H 420 mm Hardwood\u00a0 56&nbsp;kg Larch 44&nbsp;kg Table 2000&#215;621 mm H 710 mm Hardwood [&hellip;]\" \/>\n<meta property=\"og:url\" content=\"https:\/\/metalco-mobiliar.cz\/en\/prodotti-en\/pic-nic-2\/\" \/>\n<meta property=\"og:site_name\" content=\"Metalco Mobiliar\" \/>\n<meta property=\"article:modified_time\" content=\"2023-05-15T08:25:11+00:00\" \/>\n<meta property=\"og:image\" content=\"https:\/\/metalco-mobiliar.cz\/news\/wp-content\/uploads\/2014\/09\/PIC-NIC-I.jpg\" \/>\n\t<meta property=\"og:image:width\" content=\"200\" \/>\n\t<meta property=\"og:image:height\" content=\"200\" \/>\n\t<meta property=\"og:image:type\" content=\"image\/jpeg\" \/>\n<script type=\"application\/ld+json\" class=\"yoast-schema-graph\">{\"@context\":\"https:\/\/schema.org\",\"@graph\":[{\"@type\":\"WebPage\",\"@id\":\"https:\/\/metalco-mobiliar.cz\/en\/prodotti-en\/pic-nic-2\/\",\"url\":\"https:\/\/metalco-mobiliar.cz\/en\/prodotti-en\/pic-nic-2\/\",\"name\":\"PIC NIC PICNIC TABLE - Metalco Mobiliar\",\"isPartOf\":{\"@id\":\"https:\/\/metalco-mobiliar.cz\/#website\"},\"primaryImageOfPage\":{\"@id\":\"https:\/\/metalco-mobiliar.cz\/en\/prodotti-en\/pic-nic-2\/#primaryimage\"},\"image\":{\"@id\":\"https:\/\/metalco-mobiliar.cz\/en\/prodotti-en\/pic-nic-2\/#primaryimage\"},\"thumbnailUrl\":\"https:\/\/metalco-mobiliar.cz\/news\/wp-content\/uploads\/2014\/09\/PIC-NIC-I.jpg\",\"datePublished\":\"2014-11-10T07:14:08+00:00\",\"dateModified\":\"2023-05-15T08:25:11+00:00\",\"breadcrumb\":{\"@id\":\"https:\/\/metalco-mobiliar.cz\/en\/prodotti-en\/pic-nic-2\/#breadcrumb\"},\"inLanguage\":\"en-US\",\"potentialAction\":[{\"@type\":\"ReadAction\",\"target\":[\"https:\/\/metalco-mobiliar.cz\/en\/prodotti-en\/pic-nic-2\/\"]}]},{\"@type\":\"ImageObject\",\"inLanguage\":\"en-US\",\"@id\":\"https:\/\/metalco-mobiliar.cz\/en\/prodotti-en\/pic-nic-2\/#primaryimage\",\"url\":\"https:\/\/metalco-mobiliar.cz\/news\/wp-content\/uploads\/2014\/09\/PIC-NIC-I.jpg\",\"contentUrl\":\"https:\/\/metalco-mobiliar.cz\/news\/wp-content\/uploads\/2014\/09\/PIC-NIC-I.jpg\",\"width\":200,\"height\":200},{\"@type\":\"BreadcrumbList\",\"@id\":\"https:\/\/metalco-mobiliar.cz\/en\/prodotti-en\/pic-nic-2\/#breadcrumb\",\"itemListElement\":[{\"@type\":\"ListItem\",\"position\":1,\"name\":\"Home\",\"item\":\"https:\/\/metalco-mobiliar.cz\/en\/\"},{\"@type\":\"ListItem\",\"position\":2,\"name\":\"PIC NIC PICNIC TABLE\"}]},{\"@type\":\"WebSite\",\"@id\":\"https:\/\/metalco-mobiliar.cz\/#website\",\"url\":\"https:\/\/metalco-mobiliar.cz\/\",\"name\":\"Metalco \u2013 m\u011bstsk\u00fd mobili\u00e1\u0159\",\"description\":\"M\u011bstsk\u00fd mobili\u00e1\u0159 Metalco\",\"potentialAction\":[{\"@type\":\"SearchAction\",\"target\":{\"@type\":\"EntryPoint\",\"urlTemplate\":\"https:\/\/metalco-mobiliar.cz\/?s={search_term_string}\"},\"query-input\":\"required name=search_term_string\"}],\"inLanguage\":\"en-US\"}]}<\/script>\n<!-- \/ Yoast SEO plugin. -->","yoast_head_json":{"title":"PIC NIC PICNIC TABLE - Metalco Mobiliar","robots":{"index":"index","follow":"follow","max-snippet":"max-snippet:-1","max-image-preview":"max-image-preview:large","max-video-preview":"max-video-preview:-1"},"canonical":"https:\/\/metalco-mobiliar.cz\/en\/prodotti-en\/pic-nic-2\/","og_locale":"en_US","og_type":"article","og_title":"PIC NIC PICNIC TABLE - Metalco Mobiliar","og_description":"Picnic table with matching seats composed of two supports in steel plate and a wooden top. The benches, without backrest, are composed of two steel plate supports and a wooden seat. Fixing: Pre-drilled for anchors Dimensions and weight: Seats 2000&#215;464 mm H 420 mm Hardwood\u00a0 56&nbsp;kg Larch 44&nbsp;kg Table 2000&#215;621 mm H 710 mm Hardwood [&hellip;]","og_url":"https:\/\/metalco-mobiliar.cz\/en\/prodotti-en\/pic-nic-2\/","og_site_name":"Metalco Mobiliar","article_modified_time":"2023-05-15T08:25:11+00:00","og_image":[{"width":200,"height":200,"url":"https:\/\/metalco-mobiliar.cz\/news\/wp-content\/uploads\/2014\/09\/PIC-NIC-I.jpg","type":"image\/jpeg"}],"schema":{"@context":"https:\/\/schema.org","@graph":[{"@type":"WebPage","@id":"https:\/\/metalco-mobiliar.cz\/en\/prodotti-en\/pic-nic-2\/","url":"https:\/\/metalco-mobiliar.cz\/en\/prodotti-en\/pic-nic-2\/","name":"PIC NIC PICNIC TABLE - Metalco Mobiliar","isPartOf":{"@id":"https:\/\/metalco-mobiliar.cz\/#website"},"primaryImageOfPage":{"@id":"https:\/\/metalco-mobiliar.cz\/en\/prodotti-en\/pic-nic-2\/#primaryimage"},"image":{"@id":"https:\/\/metalco-mobiliar.cz\/en\/prodotti-en\/pic-nic-2\/#primaryimage"},"thumbnailUrl":"https:\/\/metalco-mobiliar.cz\/news\/wp-content\/uploads\/2014\/09\/PIC-NIC-I.jpg","datePublished":"2014-11-10T07:14:08+00:00","dateModified":"2023-05-15T08:25:11+00:00","breadcrumb":{"@id":"https:\/\/metalco-mobiliar.cz\/en\/prodotti-en\/pic-nic-2\/#breadcrumb"},"inLanguage":"en-US","potentialAction":[{"@type":"ReadAction","target":["https:\/\/metalco-mobiliar.cz\/en\/prodotti-en\/pic-nic-2\/"]}]},{"@type":"ImageObject","inLanguage":"en-US","@id":"https:\/\/metalco-mobiliar.cz\/en\/prodotti-en\/pic-nic-2\/#primaryimage","url":"https:\/\/metalco-mobiliar.cz\/news\/wp-content\/uploads\/2014\/09\/PIC-NIC-I.jpg","contentUrl":"https:\/\/metalco-mobiliar.cz\/news\/wp-content\/uploads\/2014\/09\/PIC-NIC-I.jpg","width":200,"height":200},{"@type":"BreadcrumbList","@id":"https:\/\/metalco-mobiliar.cz\/en\/prodotti-en\/pic-nic-2\/#breadcrumb","itemListElement":[{"@type":"ListItem","position":1,"name":"Home","item":"https:\/\/metalco-mobiliar.cz\/en\/"},{"@type":"ListItem","position":2,"name":"PIC NIC PICNIC TABLE"}]},{"@type":"WebSite","@id":"https:\/\/metalco-mobiliar.cz\/#website","url":"https:\/\/metalco-mobiliar.cz\/","name":"Metalco \u2013 m\u011bstsk\u00fd mobili\u00e1\u0159","description":"M\u011bstsk\u00fd mobili\u00e1\u0159 Metalco","potentialAction":[{"@type":"SearchAction","target":{"@type":"EntryPoint","urlTemplate":"https:\/\/metalco-mobiliar.cz\/?s={search_term_string}"},"query-input":"required name=search_term_string"}],"inLanguage":"en-US"}]}},"_links":{"self":[{"href":"https:\/\/metalco-mobiliar.cz\/en\/wp-json\/wp\/v2\/product\/16278"}],"collection":[{"href":"https:\/\/metalco-mobiliar.cz\/en\/wp-json\/wp\/v2\/product"}],"about":[{"href":"https:\/\/metalco-mobiliar.cz\/en\/wp-json\/wp\/v2\/types\/product"}],"replies":[{"embeddable":true,"href":"https:\/\/metalco-mobiliar.cz\/en\/wp-json\/wp\/v2\/comments?post=16278"}],"wp:featuredmedia":[{"embeddable":true,"href":"https:\/\/metalco-mobiliar.cz\/en\/wp-json\/wp\/v2\/media\/14568"}],"wp:attachment":[{"href":"https:\/\/metalco-mobiliar.cz\/en\/wp-json\/wp\/v2\/media?parent=16278"}],"wp:term":[{"taxonomy":"product_cat","embeddable":true,"href":"https:\/\/metalco-mobiliar.cz\/en\/wp-json\/wp\/v2\/product_cat?post=16278"},{"taxonomy":"product_tag","embeddable":true,"href":"https:\/\/metalco-mobiliar.cz\/en\/wp-json\/wp\/v2\/product_tag?post=16278"}],"curies":[{"name":"wp","href":"https:\/\/api.w.org\/{rel}","templated":true}]}}