{"id":16519,"date":"2014-11-10T08:34:32","date_gmt":"2014-11-10T07:34:32","guid":{"rendered":"http:\/\/metalco-mobiliar.cz\/?post_type=product&#038;p=16519"},"modified":"2023-08-23T12:33:38","modified_gmt":"2023-08-23T10:33:38","slug":"joy-j501-altalena","status":"publish","type":"product","link":"https:\/\/metalco-mobiliar.cz\/en\/prodotti-en\/joy-j501-altalena\/","title":{"rendered":"JOY j501, j502 playgrounds Swing"},"content":{"rendered":"<p>Swing with stainless steel structure and seat in HDPE. Structure is customizable with HDPE shapes in various desings and\u00a0 with stainless steel elements plus terminal elements in the shape of a giraffe, zebra or dinosaur.<\/p>\n<p>STAINLESS STEEL + HIGH DENSITY POLYETHYLENE + POWDER COATED ALUMINUM<\/p>\n<p>FIXINGS:\u00a0BELOW GROUND INSTALLATION OR PREDRILLED FOR ANCHORS<\/p>\n","protected":false},"excerpt":{"rendered":"<p>Swing with stainless steel structure and seat in HDPE. Structure is customizable with HDPE shapes in various desings and\u00a0 with stainless steel elements plus terminal elements in the shape of a giraffe, zebra or dinosaur. STAINLESS STEEL + HIGH DENSITY POLYETHYLENE + POWDER COATED ALUMINUM FIXINGS:\u00a0BELOW GROUND INSTALLATION OR PREDRILLED FOR ANCHORS<\/p>\n","protected":false},"featured_media":14107,"comment_status":"closed","ping_status":"closed","template":"","meta":{"_acf_changed":false},"product_cat":[372],"product_tag":[],"class_list":{"0":"post-16519","1":"product","2":"type-product","3":"status-publish","4":"has-post-thumbnail","6":"product_cat-play-equipment","7":"pa_designers-studio-kuadra-en","8":"pa_material-stainless-steel","9":"collezioni-stile-en","10":"catalogo-catalogue-playgrounds-stile","12":"first","13":"instock","14":"shipping-taxable","15":"product-type-simple"},"acf":[],"yoast_head":"<!-- This site is optimized with the Yoast SEO plugin v23.2 - https:\/\/yoast.com\/wordpress\/plugins\/seo\/ -->\n<title>JOY j501, j502 playgrounds Swing - Metalco Mobiliar<\/title>\n<meta name=\"robots\" content=\"index, follow, max-snippet:-1, max-image-preview:large, max-video-preview:-1\" \/>\n<link rel=\"canonical\" href=\"https:\/\/metalco-mobiliar.cz\/en\/prodotti-en\/joy-j501-altalena\/\" \/>\n<meta property=\"og:locale\" content=\"en_US\" \/>\n<meta property=\"og:type\" content=\"article\" \/>\n<meta property=\"og:title\" content=\"JOY j501, j502 playgrounds Swing - Metalco Mobiliar\" \/>\n<meta property=\"og:description\" content=\"Swing with stainless steel structure and seat in HDPE. Structure is customizable with HDPE shapes in various desings and\u00a0 with stainless steel elements plus terminal elements in the shape of a giraffe, zebra or dinosaur. STAINLESS STEEL + HIGH DENSITY POLYETHYLENE + POWDER COATED ALUMINUM FIXINGS:\u00a0BELOW GROUND INSTALLATION OR PREDRILLED FOR ANCHORS\" \/>\n<meta property=\"og:url\" content=\"https:\/\/metalco-mobiliar.cz\/en\/prodotti-en\/joy-j501-altalena\/\" \/>\n<meta property=\"og:site_name\" content=\"Metalco Mobiliar\" \/>\n<meta property=\"article:modified_time\" content=\"2023-08-23T10:33:38+00:00\" \/>\n<meta property=\"og:image\" content=\"https:\/\/metalco-mobiliar.cz\/news\/wp-content\/uploads\/2014\/09\/J501.jpg\" \/>\n\t<meta property=\"og:image:width\" content=\"200\" \/>\n\t<meta property=\"og:image:height\" content=\"200\" \/>\n\t<meta property=\"og:image:type\" content=\"image\/jpeg\" \/>\n<script type=\"application\/ld+json\" class=\"yoast-schema-graph\">{\"@context\":\"https:\/\/schema.org\",\"@graph\":[{\"@type\":\"WebPage\",\"@id\":\"https:\/\/metalco-mobiliar.cz\/en\/prodotti-en\/joy-j501-altalena\/\",\"url\":\"https:\/\/metalco-mobiliar.cz\/en\/prodotti-en\/joy-j501-altalena\/\",\"name\":\"JOY j501, j502 playgrounds Swing - Metalco Mobiliar\",\"isPartOf\":{\"@id\":\"https:\/\/metalco-mobiliar.cz\/#website\"},\"primaryImageOfPage\":{\"@id\":\"https:\/\/metalco-mobiliar.cz\/en\/prodotti-en\/joy-j501-altalena\/#primaryimage\"},\"image\":{\"@id\":\"https:\/\/metalco-mobiliar.cz\/en\/prodotti-en\/joy-j501-altalena\/#primaryimage\"},\"thumbnailUrl\":\"https:\/\/metalco-mobiliar.cz\/news\/wp-content\/uploads\/2014\/09\/J501.jpg\",\"datePublished\":\"2014-11-10T07:34:32+00:00\",\"dateModified\":\"2023-08-23T10:33:38+00:00\",\"breadcrumb\":{\"@id\":\"https:\/\/metalco-mobiliar.cz\/en\/prodotti-en\/joy-j501-altalena\/#breadcrumb\"},\"inLanguage\":\"en-US\",\"potentialAction\":[{\"@type\":\"ReadAction\",\"target\":[\"https:\/\/metalco-mobiliar.cz\/en\/prodotti-en\/joy-j501-altalena\/\"]}]},{\"@type\":\"ImageObject\",\"inLanguage\":\"en-US\",\"@id\":\"https:\/\/metalco-mobiliar.cz\/en\/prodotti-en\/joy-j501-altalena\/#primaryimage\",\"url\":\"https:\/\/metalco-mobiliar.cz\/news\/wp-content\/uploads\/2014\/09\/J501.jpg\",\"contentUrl\":\"https:\/\/metalco-mobiliar.cz\/news\/wp-content\/uploads\/2014\/09\/J501.jpg\",\"width\":200,\"height\":200},{\"@type\":\"BreadcrumbList\",\"@id\":\"https:\/\/metalco-mobiliar.cz\/en\/prodotti-en\/joy-j501-altalena\/#breadcrumb\",\"itemListElement\":[{\"@type\":\"ListItem\",\"position\":1,\"name\":\"Home\",\"item\":\"https:\/\/metalco-mobiliar.cz\/en\/\"},{\"@type\":\"ListItem\",\"position\":2,\"name\":\"JOY j501, j502 playgrounds Swing\"}]},{\"@type\":\"WebSite\",\"@id\":\"https:\/\/metalco-mobiliar.cz\/#website\",\"url\":\"https:\/\/metalco-mobiliar.cz\/\",\"name\":\"Metalco \u2013 m\u011bstsk\u00fd mobili\u00e1\u0159\",\"description\":\"M\u011bstsk\u00fd mobili\u00e1\u0159 Metalco\",\"potentialAction\":[{\"@type\":\"SearchAction\",\"target\":{\"@type\":\"EntryPoint\",\"urlTemplate\":\"https:\/\/metalco-mobiliar.cz\/?s={search_term_string}\"},\"query-input\":\"required name=search_term_string\"}],\"inLanguage\":\"en-US\"}]}<\/script>\n<!-- \/ Yoast SEO plugin. -->","yoast_head_json":{"title":"JOY j501, j502 playgrounds Swing - Metalco Mobiliar","robots":{"index":"index","follow":"follow","max-snippet":"max-snippet:-1","max-image-preview":"max-image-preview:large","max-video-preview":"max-video-preview:-1"},"canonical":"https:\/\/metalco-mobiliar.cz\/en\/prodotti-en\/joy-j501-altalena\/","og_locale":"en_US","og_type":"article","og_title":"JOY j501, j502 playgrounds Swing - Metalco Mobiliar","og_description":"Swing with stainless steel structure and seat in HDPE. Structure is customizable with HDPE shapes in various desings and\u00a0 with stainless steel elements plus terminal elements in the shape of a giraffe, zebra or dinosaur. STAINLESS STEEL + HIGH DENSITY POLYETHYLENE + POWDER COATED ALUMINUM FIXINGS:\u00a0BELOW GROUND INSTALLATION OR PREDRILLED FOR ANCHORS","og_url":"https:\/\/metalco-mobiliar.cz\/en\/prodotti-en\/joy-j501-altalena\/","og_site_name":"Metalco Mobiliar","article_modified_time":"2023-08-23T10:33:38+00:00","og_image":[{"width":200,"height":200,"url":"https:\/\/metalco-mobiliar.cz\/news\/wp-content\/uploads\/2014\/09\/J501.jpg","type":"image\/jpeg"}],"schema":{"@context":"https:\/\/schema.org","@graph":[{"@type":"WebPage","@id":"https:\/\/metalco-mobiliar.cz\/en\/prodotti-en\/joy-j501-altalena\/","url":"https:\/\/metalco-mobiliar.cz\/en\/prodotti-en\/joy-j501-altalena\/","name":"JOY j501, j502 playgrounds Swing - Metalco Mobiliar","isPartOf":{"@id":"https:\/\/metalco-mobiliar.cz\/#website"},"primaryImageOfPage":{"@id":"https:\/\/metalco-mobiliar.cz\/en\/prodotti-en\/joy-j501-altalena\/#primaryimage"},"image":{"@id":"https:\/\/metalco-mobiliar.cz\/en\/prodotti-en\/joy-j501-altalena\/#primaryimage"},"thumbnailUrl":"https:\/\/metalco-mobiliar.cz\/news\/wp-content\/uploads\/2014\/09\/J501.jpg","datePublished":"2014-11-10T07:34:32+00:00","dateModified":"2023-08-23T10:33:38+00:00","breadcrumb":{"@id":"https:\/\/metalco-mobiliar.cz\/en\/prodotti-en\/joy-j501-altalena\/#breadcrumb"},"inLanguage":"en-US","potentialAction":[{"@type":"ReadAction","target":["https:\/\/metalco-mobiliar.cz\/en\/prodotti-en\/joy-j501-altalena\/"]}]},{"@type":"ImageObject","inLanguage":"en-US","@id":"https:\/\/metalco-mobiliar.cz\/en\/prodotti-en\/joy-j501-altalena\/#primaryimage","url":"https:\/\/metalco-mobiliar.cz\/news\/wp-content\/uploads\/2014\/09\/J501.jpg","contentUrl":"https:\/\/metalco-mobiliar.cz\/news\/wp-content\/uploads\/2014\/09\/J501.jpg","width":200,"height":200},{"@type":"BreadcrumbList","@id":"https:\/\/metalco-mobiliar.cz\/en\/prodotti-en\/joy-j501-altalena\/#breadcrumb","itemListElement":[{"@type":"ListItem","position":1,"name":"Home","item":"https:\/\/metalco-mobiliar.cz\/en\/"},{"@type":"ListItem","position":2,"name":"JOY j501, j502 playgrounds Swing"}]},{"@type":"WebSite","@id":"https:\/\/metalco-mobiliar.cz\/#website","url":"https:\/\/metalco-mobiliar.cz\/","name":"Metalco \u2013 m\u011bstsk\u00fd mobili\u00e1\u0159","description":"M\u011bstsk\u00fd mobili\u00e1\u0159 Metalco","potentialAction":[{"@type":"SearchAction","target":{"@type":"EntryPoint","urlTemplate":"https:\/\/metalco-mobiliar.cz\/?s={search_term_string}"},"query-input":"required name=search_term_string"}],"inLanguage":"en-US"}]}},"_links":{"self":[{"href":"https:\/\/metalco-mobiliar.cz\/en\/wp-json\/wp\/v2\/product\/16519"}],"collection":[{"href":"https:\/\/metalco-mobiliar.cz\/en\/wp-json\/wp\/v2\/product"}],"about":[{"href":"https:\/\/metalco-mobiliar.cz\/en\/wp-json\/wp\/v2\/types\/product"}],"replies":[{"embeddable":true,"href":"https:\/\/metalco-mobiliar.cz\/en\/wp-json\/wp\/v2\/comments?post=16519"}],"wp:featuredmedia":[{"embeddable":true,"href":"https:\/\/metalco-mobiliar.cz\/en\/wp-json\/wp\/v2\/media\/14107"}],"wp:attachment":[{"href":"https:\/\/metalco-mobiliar.cz\/en\/wp-json\/wp\/v2\/media?parent=16519"}],"wp:term":[{"taxonomy":"product_cat","embeddable":true,"href":"https:\/\/metalco-mobiliar.cz\/en\/wp-json\/wp\/v2\/product_cat?post=16519"},{"taxonomy":"product_tag","embeddable":true,"href":"https:\/\/metalco-mobiliar.cz\/en\/wp-json\/wp\/v2\/product_tag?post=16519"}],"curies":[{"name":"wp","href":"https:\/\/api.w.org\/{rel}","templated":true}]}}