{"id":16614,"date":"2014-11-10T15:09:46","date_gmt":"2014-11-10T14:09:46","guid":{"rendered":"http:\/\/metalco-mobiliar.cz\/?post_type=product&#038;p=16614"},"modified":"2023-03-22T20:23:36","modified_gmt":"2023-03-22T19:23:36","slug":"sunny-tree-grilles","status":"publish","type":"product","link":"https:\/\/metalco-mobiliar.cz\/en\/prodotti-en\/sunny-tree-grilles\/","title":{"rendered":"SUNNY TREE-GRILLES"},"content":{"rendered":"<p>Treeguard made \u200b\u200bof shaped and decorated steel sheet with suitable reinforcements. It is offered in three square versions, of various sizes. For each version you can request its steel subframe.<\/p>\n<p>POWDER COATED STEEL OR CORTEN STEEL OR STAINLESS STEEL<\/p>\n<p><strong>Dimensions:<\/strong><br \/>\n\u00d8 500 mm L 990 mm H 35 mm<br \/>\n\u00d8 500 mm L 1190 mm H 35 mm<br \/>\n\u00d8 800 mm L 1440 mm H 35 mm<\/p>\n<p>FIXINGS: BELOW GROUND INSTALLATION + FREE STANDING<\/p>\n","protected":false},"excerpt":{"rendered":"<p>Treeguard made \u200b\u200bof shaped and decorated steel sheet with suitable reinforcements. It is offered in three square versions, of various sizes. For each version you can request its steel subframe. POWDER COATED STEEL OR CORTEN STEEL OR STAINLESS STEEL Dimensions: \u00d8 500 mm L 990 mm H 35 mm \u00d8 500 mm L 1190 mm [&hellip;]<\/p>\n","protected":false},"featured_media":14759,"comment_status":"closed","ping_status":"closed","template":"","meta":{"_acf_changed":false},"product_cat":[347],"product_tag":[],"class_list":{"0":"post-16614","1":"product","2":"type-product","3":"status-publish","4":"has-post-thumbnail","6":"product_cat-planters-waterfountains-tree-grilles","7":"pa_designers-raffaele-lazzari-en","8":"pa_material-corten-steel","9":"pa_material-powder-coated-steel","10":"pa_material-stainless-steel","11":"collezioni-stile-en","12":"catalogo-catalogue-stile-2025","14":"first","15":"instock","16":"shipping-taxable","17":"product-type-simple"},"acf":[],"yoast_head":"<!-- This site is optimized with the Yoast SEO plugin v23.2 - https:\/\/yoast.com\/wordpress\/plugins\/seo\/ -->\n<title>SUNNY TREE-GRILLES - Metalco Mobiliar<\/title>\n<meta name=\"robots\" content=\"index, follow, max-snippet:-1, max-image-preview:large, max-video-preview:-1\" \/>\n<link rel=\"canonical\" href=\"https:\/\/metalco-mobiliar.cz\/en\/prodotti-en\/sunny-tree-grilles\/\" \/>\n<meta property=\"og:locale\" content=\"en_US\" \/>\n<meta property=\"og:type\" content=\"article\" \/>\n<meta property=\"og:title\" content=\"SUNNY TREE-GRILLES - Metalco Mobiliar\" \/>\n<meta property=\"og:description\" content=\"Treeguard made \u200b\u200bof shaped and decorated steel sheet with suitable reinforcements. It is offered in three square versions, of various sizes. For each version you can request its steel subframe. POWDER COATED STEEL OR CORTEN STEEL OR STAINLESS STEEL Dimensions: \u00d8 500 mm L 990 mm H 35 mm \u00d8 500 mm L 1190 mm [&hellip;]\" \/>\n<meta property=\"og:url\" content=\"https:\/\/metalco-mobiliar.cz\/en\/prodotti-en\/sunny-tree-grilles\/\" \/>\n<meta property=\"og:site_name\" content=\"Metalco Mobiliar\" \/>\n<meta property=\"article:modified_time\" content=\"2023-03-22T19:23:36+00:00\" \/>\n<meta property=\"og:image\" content=\"https:\/\/metalco-mobiliar.cz\/news\/wp-content\/uploads\/2014\/09\/SUNNY-I.jpg\" \/>\n\t<meta property=\"og:image:width\" content=\"200\" \/>\n\t<meta property=\"og:image:height\" content=\"200\" \/>\n\t<meta property=\"og:image:type\" content=\"image\/jpeg\" \/>\n<script type=\"application\/ld+json\" class=\"yoast-schema-graph\">{\"@context\":\"https:\/\/schema.org\",\"@graph\":[{\"@type\":\"WebPage\",\"@id\":\"https:\/\/metalco-mobiliar.cz\/en\/prodotti-en\/sunny-tree-grilles\/\",\"url\":\"https:\/\/metalco-mobiliar.cz\/en\/prodotti-en\/sunny-tree-grilles\/\",\"name\":\"SUNNY TREE-GRILLES - Metalco Mobiliar\",\"isPartOf\":{\"@id\":\"https:\/\/metalco-mobiliar.cz\/#website\"},\"primaryImageOfPage\":{\"@id\":\"https:\/\/metalco-mobiliar.cz\/en\/prodotti-en\/sunny-tree-grilles\/#primaryimage\"},\"image\":{\"@id\":\"https:\/\/metalco-mobiliar.cz\/en\/prodotti-en\/sunny-tree-grilles\/#primaryimage\"},\"thumbnailUrl\":\"https:\/\/metalco-mobiliar.cz\/news\/wp-content\/uploads\/2014\/09\/SUNNY-I.jpg\",\"datePublished\":\"2014-11-10T14:09:46+00:00\",\"dateModified\":\"2023-03-22T19:23:36+00:00\",\"breadcrumb\":{\"@id\":\"https:\/\/metalco-mobiliar.cz\/en\/prodotti-en\/sunny-tree-grilles\/#breadcrumb\"},\"inLanguage\":\"en-US\",\"potentialAction\":[{\"@type\":\"ReadAction\",\"target\":[\"https:\/\/metalco-mobiliar.cz\/en\/prodotti-en\/sunny-tree-grilles\/\"]}]},{\"@type\":\"ImageObject\",\"inLanguage\":\"en-US\",\"@id\":\"https:\/\/metalco-mobiliar.cz\/en\/prodotti-en\/sunny-tree-grilles\/#primaryimage\",\"url\":\"https:\/\/metalco-mobiliar.cz\/news\/wp-content\/uploads\/2014\/09\/SUNNY-I.jpg\",\"contentUrl\":\"https:\/\/metalco-mobiliar.cz\/news\/wp-content\/uploads\/2014\/09\/SUNNY-I.jpg\",\"width\":200,\"height\":200,\"caption\":\"ochrann\u00e1 m\u0159\u00ed\u017e ke strom\u016fm\"},{\"@type\":\"BreadcrumbList\",\"@id\":\"https:\/\/metalco-mobiliar.cz\/en\/prodotti-en\/sunny-tree-grilles\/#breadcrumb\",\"itemListElement\":[{\"@type\":\"ListItem\",\"position\":1,\"name\":\"Home\",\"item\":\"https:\/\/metalco-mobiliar.cz\/en\/\"},{\"@type\":\"ListItem\",\"position\":2,\"name\":\"SUNNY TREE-GRILLES\"}]},{\"@type\":\"WebSite\",\"@id\":\"https:\/\/metalco-mobiliar.cz\/#website\",\"url\":\"https:\/\/metalco-mobiliar.cz\/\",\"name\":\"Metalco \u2013 m\u011bstsk\u00fd mobili\u00e1\u0159\",\"description\":\"M\u011bstsk\u00fd mobili\u00e1\u0159 Metalco\",\"potentialAction\":[{\"@type\":\"SearchAction\",\"target\":{\"@type\":\"EntryPoint\",\"urlTemplate\":\"https:\/\/metalco-mobiliar.cz\/?s={search_term_string}\"},\"query-input\":\"required name=search_term_string\"}],\"inLanguage\":\"en-US\"}]}<\/script>\n<!-- \/ Yoast SEO plugin. -->","yoast_head_json":{"title":"SUNNY TREE-GRILLES - Metalco Mobiliar","robots":{"index":"index","follow":"follow","max-snippet":"max-snippet:-1","max-image-preview":"max-image-preview:large","max-video-preview":"max-video-preview:-1"},"canonical":"https:\/\/metalco-mobiliar.cz\/en\/prodotti-en\/sunny-tree-grilles\/","og_locale":"en_US","og_type":"article","og_title":"SUNNY TREE-GRILLES - Metalco Mobiliar","og_description":"Treeguard made \u200b\u200bof shaped and decorated steel sheet with suitable reinforcements. It is offered in three square versions, of various sizes. For each version you can request its steel subframe. POWDER COATED STEEL OR CORTEN STEEL OR STAINLESS STEEL Dimensions: \u00d8 500 mm L 990 mm H 35 mm \u00d8 500 mm L 1190 mm [&hellip;]","og_url":"https:\/\/metalco-mobiliar.cz\/en\/prodotti-en\/sunny-tree-grilles\/","og_site_name":"Metalco Mobiliar","article_modified_time":"2023-03-22T19:23:36+00:00","og_image":[{"width":200,"height":200,"url":"https:\/\/metalco-mobiliar.cz\/news\/wp-content\/uploads\/2014\/09\/SUNNY-I.jpg","type":"image\/jpeg"}],"schema":{"@context":"https:\/\/schema.org","@graph":[{"@type":"WebPage","@id":"https:\/\/metalco-mobiliar.cz\/en\/prodotti-en\/sunny-tree-grilles\/","url":"https:\/\/metalco-mobiliar.cz\/en\/prodotti-en\/sunny-tree-grilles\/","name":"SUNNY TREE-GRILLES - Metalco Mobiliar","isPartOf":{"@id":"https:\/\/metalco-mobiliar.cz\/#website"},"primaryImageOfPage":{"@id":"https:\/\/metalco-mobiliar.cz\/en\/prodotti-en\/sunny-tree-grilles\/#primaryimage"},"image":{"@id":"https:\/\/metalco-mobiliar.cz\/en\/prodotti-en\/sunny-tree-grilles\/#primaryimage"},"thumbnailUrl":"https:\/\/metalco-mobiliar.cz\/news\/wp-content\/uploads\/2014\/09\/SUNNY-I.jpg","datePublished":"2014-11-10T14:09:46+00:00","dateModified":"2023-03-22T19:23:36+00:00","breadcrumb":{"@id":"https:\/\/metalco-mobiliar.cz\/en\/prodotti-en\/sunny-tree-grilles\/#breadcrumb"},"inLanguage":"en-US","potentialAction":[{"@type":"ReadAction","target":["https:\/\/metalco-mobiliar.cz\/en\/prodotti-en\/sunny-tree-grilles\/"]}]},{"@type":"ImageObject","inLanguage":"en-US","@id":"https:\/\/metalco-mobiliar.cz\/en\/prodotti-en\/sunny-tree-grilles\/#primaryimage","url":"https:\/\/metalco-mobiliar.cz\/news\/wp-content\/uploads\/2014\/09\/SUNNY-I.jpg","contentUrl":"https:\/\/metalco-mobiliar.cz\/news\/wp-content\/uploads\/2014\/09\/SUNNY-I.jpg","width":200,"height":200,"caption":"ochrann\u00e1 m\u0159\u00ed\u017e ke strom\u016fm"},{"@type":"BreadcrumbList","@id":"https:\/\/metalco-mobiliar.cz\/en\/prodotti-en\/sunny-tree-grilles\/#breadcrumb","itemListElement":[{"@type":"ListItem","position":1,"name":"Home","item":"https:\/\/metalco-mobiliar.cz\/en\/"},{"@type":"ListItem","position":2,"name":"SUNNY TREE-GRILLES"}]},{"@type":"WebSite","@id":"https:\/\/metalco-mobiliar.cz\/#website","url":"https:\/\/metalco-mobiliar.cz\/","name":"Metalco \u2013 m\u011bstsk\u00fd mobili\u00e1\u0159","description":"M\u011bstsk\u00fd mobili\u00e1\u0159 Metalco","potentialAction":[{"@type":"SearchAction","target":{"@type":"EntryPoint","urlTemplate":"https:\/\/metalco-mobiliar.cz\/?s={search_term_string}"},"query-input":"required name=search_term_string"}],"inLanguage":"en-US"}]}},"_links":{"self":[{"href":"https:\/\/metalco-mobiliar.cz\/en\/wp-json\/wp\/v2\/product\/16614"}],"collection":[{"href":"https:\/\/metalco-mobiliar.cz\/en\/wp-json\/wp\/v2\/product"}],"about":[{"href":"https:\/\/metalco-mobiliar.cz\/en\/wp-json\/wp\/v2\/types\/product"}],"replies":[{"embeddable":true,"href":"https:\/\/metalco-mobiliar.cz\/en\/wp-json\/wp\/v2\/comments?post=16614"}],"wp:featuredmedia":[{"embeddable":true,"href":"https:\/\/metalco-mobiliar.cz\/en\/wp-json\/wp\/v2\/media\/14759"}],"wp:attachment":[{"href":"https:\/\/metalco-mobiliar.cz\/en\/wp-json\/wp\/v2\/media?parent=16614"}],"wp:term":[{"taxonomy":"product_cat","embeddable":true,"href":"https:\/\/metalco-mobiliar.cz\/en\/wp-json\/wp\/v2\/product_cat?post=16614"},{"taxonomy":"product_tag","embeddable":true,"href":"https:\/\/metalco-mobiliar.cz\/en\/wp-json\/wp\/v2\/product_tag?post=16614"}],"curies":[{"name":"wp","href":"https:\/\/api.w.org\/{rel}","templated":true}]}}