{"id":16616,"date":"2014-11-10T15:16:23","date_gmt":"2014-11-10T14:16:23","guid":{"rendered":"http:\/\/metalco-mobiliar.cz\/?post_type=product&#038;p=16616"},"modified":"2023-05-19T09:41:05","modified_gmt":"2023-05-19T07:41:05","slug":"twister-tree-grilles","status":"publish","type":"product","link":"https:\/\/metalco-mobiliar.cz\/en\/prodotti-en\/twister-tree-grilles\/","title":{"rendered":"TWISTER TREE-GRILLES"},"content":{"rendered":"<p>Treeguard made \u200b\u200bof shaped and decorated steel sheet with suitable reinforcements. It is offered in three square versions, of various sizes. For each version you can request its steel subframe.<\/p>\n<p>POWDER COATED STEEL OR CORTEN STEEL OR STAINLESS STEEL<\/p>\n<p>FIXINGS:\u00a0BELOW GROUND INSTALLATION + FREE STANDING<\/p>\n<p><strong>Dimensions:<\/strong><br \/>\n\u00d8 500 mm L 990 mm H 35 mm<br \/>\n\u00d8 500 mm L 1190 mm H 35 mm<br \/>\n\u00d8 800 mm L 1440 mm H 35 mm<\/p>\n<p>&nbsp;<\/p>\n","protected":false},"excerpt":{"rendered":"<p>Treeguard made \u200b\u200bof shaped and decorated steel sheet with suitable reinforcements. It is offered in three square versions, of various sizes. For each version you can request its steel subframe. POWDER COATED STEEL OR CORTEN STEEL OR STAINLESS STEEL FIXINGS:\u00a0BELOW GROUND INSTALLATION + FREE STANDING Dimensions: \u00d8 500 mm L 990 mm H 35 mm [&hellip;]<\/p>\n","protected":false},"featured_media":14710,"comment_status":"closed","ping_status":"closed","template":"","meta":{"_acf_changed":false},"product_cat":[347],"product_tag":[],"class_list":{"0":"post-16616","1":"product","2":"type-product","3":"status-publish","4":"has-post-thumbnail","6":"product_cat-planters-waterfountains-tree-grilles","7":"pa_designers-massimo-tasca-en","8":"pa_material-corten-steel","9":"pa_material-powder-coated-steel","10":"pa_material-stainless-steel","11":"collezioni-stile-en","12":"catalogo-catalogue-stile-2025","14":"first","15":"instock","16":"shipping-taxable","17":"product-type-simple"},"acf":[],"yoast_head":"<!-- This site is optimized with the Yoast SEO plugin v23.2 - https:\/\/yoast.com\/wordpress\/plugins\/seo\/ -->\n<title>TWISTER TREE-GRILLES - Metalco Mobiliar<\/title>\n<meta name=\"robots\" content=\"index, follow, max-snippet:-1, max-image-preview:large, max-video-preview:-1\" \/>\n<link rel=\"canonical\" href=\"https:\/\/metalco-mobiliar.cz\/en\/prodotti-en\/twister-tree-grilles\/\" \/>\n<meta property=\"og:locale\" content=\"en_US\" \/>\n<meta property=\"og:type\" content=\"article\" \/>\n<meta property=\"og:title\" content=\"TWISTER TREE-GRILLES - Metalco Mobiliar\" \/>\n<meta property=\"og:description\" content=\"Treeguard made \u200b\u200bof shaped and decorated steel sheet with suitable reinforcements. It is offered in three square versions, of various sizes. For each version you can request its steel subframe. POWDER COATED STEEL OR CORTEN STEEL OR STAINLESS STEEL FIXINGS:\u00a0BELOW GROUND INSTALLATION + FREE STANDING Dimensions: \u00d8 500 mm L 990 mm H 35 mm [&hellip;]\" \/>\n<meta property=\"og:url\" content=\"https:\/\/metalco-mobiliar.cz\/en\/prodotti-en\/twister-tree-grilles\/\" \/>\n<meta property=\"og:site_name\" content=\"Metalco Mobiliar\" \/>\n<meta property=\"article:modified_time\" content=\"2023-05-19T07:41:05+00:00\" \/>\n<meta property=\"og:image\" content=\"https:\/\/metalco-mobiliar.cz\/news\/wp-content\/uploads\/2014\/09\/TWISTER-I.jpg\" \/>\n\t<meta property=\"og:image:width\" content=\"200\" \/>\n\t<meta property=\"og:image:height\" content=\"200\" \/>\n\t<meta property=\"og:image:type\" content=\"image\/jpeg\" \/>\n<script type=\"application\/ld+json\" class=\"yoast-schema-graph\">{\"@context\":\"https:\/\/schema.org\",\"@graph\":[{\"@type\":\"WebPage\",\"@id\":\"https:\/\/metalco-mobiliar.cz\/en\/prodotti-en\/twister-tree-grilles\/\",\"url\":\"https:\/\/metalco-mobiliar.cz\/en\/prodotti-en\/twister-tree-grilles\/\",\"name\":\"TWISTER TREE-GRILLES - Metalco Mobiliar\",\"isPartOf\":{\"@id\":\"https:\/\/metalco-mobiliar.cz\/#website\"},\"primaryImageOfPage\":{\"@id\":\"https:\/\/metalco-mobiliar.cz\/en\/prodotti-en\/twister-tree-grilles\/#primaryimage\"},\"image\":{\"@id\":\"https:\/\/metalco-mobiliar.cz\/en\/prodotti-en\/twister-tree-grilles\/#primaryimage\"},\"thumbnailUrl\":\"https:\/\/metalco-mobiliar.cz\/news\/wp-content\/uploads\/2014\/09\/TWISTER-I.jpg\",\"datePublished\":\"2014-11-10T14:16:23+00:00\",\"dateModified\":\"2023-05-19T07:41:05+00:00\",\"breadcrumb\":{\"@id\":\"https:\/\/metalco-mobiliar.cz\/en\/prodotti-en\/twister-tree-grilles\/#breadcrumb\"},\"inLanguage\":\"en-US\",\"potentialAction\":[{\"@type\":\"ReadAction\",\"target\":[\"https:\/\/metalco-mobiliar.cz\/en\/prodotti-en\/twister-tree-grilles\/\"]}]},{\"@type\":\"ImageObject\",\"inLanguage\":\"en-US\",\"@id\":\"https:\/\/metalco-mobiliar.cz\/en\/prodotti-en\/twister-tree-grilles\/#primaryimage\",\"url\":\"https:\/\/metalco-mobiliar.cz\/news\/wp-content\/uploads\/2014\/09\/TWISTER-I.jpg\",\"contentUrl\":\"https:\/\/metalco-mobiliar.cz\/news\/wp-content\/uploads\/2014\/09\/TWISTER-I.jpg\",\"width\":200,\"height\":200},{\"@type\":\"BreadcrumbList\",\"@id\":\"https:\/\/metalco-mobiliar.cz\/en\/prodotti-en\/twister-tree-grilles\/#breadcrumb\",\"itemListElement\":[{\"@type\":\"ListItem\",\"position\":1,\"name\":\"Home\",\"item\":\"https:\/\/metalco-mobiliar.cz\/en\/\"},{\"@type\":\"ListItem\",\"position\":2,\"name\":\"TWISTER TREE-GRILLES\"}]},{\"@type\":\"WebSite\",\"@id\":\"https:\/\/metalco-mobiliar.cz\/#website\",\"url\":\"https:\/\/metalco-mobiliar.cz\/\",\"name\":\"Metalco \u2013 m\u011bstsk\u00fd mobili\u00e1\u0159\",\"description\":\"M\u011bstsk\u00fd mobili\u00e1\u0159 Metalco\",\"potentialAction\":[{\"@type\":\"SearchAction\",\"target\":{\"@type\":\"EntryPoint\",\"urlTemplate\":\"https:\/\/metalco-mobiliar.cz\/?s={search_term_string}\"},\"query-input\":\"required name=search_term_string\"}],\"inLanguage\":\"en-US\"}]}<\/script>\n<!-- \/ Yoast SEO plugin. -->","yoast_head_json":{"title":"TWISTER TREE-GRILLES - Metalco Mobiliar","robots":{"index":"index","follow":"follow","max-snippet":"max-snippet:-1","max-image-preview":"max-image-preview:large","max-video-preview":"max-video-preview:-1"},"canonical":"https:\/\/metalco-mobiliar.cz\/en\/prodotti-en\/twister-tree-grilles\/","og_locale":"en_US","og_type":"article","og_title":"TWISTER TREE-GRILLES - Metalco Mobiliar","og_description":"Treeguard made \u200b\u200bof shaped and decorated steel sheet with suitable reinforcements. It is offered in three square versions, of various sizes. For each version you can request its steel subframe. POWDER COATED STEEL OR CORTEN STEEL OR STAINLESS STEEL FIXINGS:\u00a0BELOW GROUND INSTALLATION + FREE STANDING Dimensions: \u00d8 500 mm L 990 mm H 35 mm [&hellip;]","og_url":"https:\/\/metalco-mobiliar.cz\/en\/prodotti-en\/twister-tree-grilles\/","og_site_name":"Metalco Mobiliar","article_modified_time":"2023-05-19T07:41:05+00:00","og_image":[{"width":200,"height":200,"url":"https:\/\/metalco-mobiliar.cz\/news\/wp-content\/uploads\/2014\/09\/TWISTER-I.jpg","type":"image\/jpeg"}],"schema":{"@context":"https:\/\/schema.org","@graph":[{"@type":"WebPage","@id":"https:\/\/metalco-mobiliar.cz\/en\/prodotti-en\/twister-tree-grilles\/","url":"https:\/\/metalco-mobiliar.cz\/en\/prodotti-en\/twister-tree-grilles\/","name":"TWISTER TREE-GRILLES - Metalco Mobiliar","isPartOf":{"@id":"https:\/\/metalco-mobiliar.cz\/#website"},"primaryImageOfPage":{"@id":"https:\/\/metalco-mobiliar.cz\/en\/prodotti-en\/twister-tree-grilles\/#primaryimage"},"image":{"@id":"https:\/\/metalco-mobiliar.cz\/en\/prodotti-en\/twister-tree-grilles\/#primaryimage"},"thumbnailUrl":"https:\/\/metalco-mobiliar.cz\/news\/wp-content\/uploads\/2014\/09\/TWISTER-I.jpg","datePublished":"2014-11-10T14:16:23+00:00","dateModified":"2023-05-19T07:41:05+00:00","breadcrumb":{"@id":"https:\/\/metalco-mobiliar.cz\/en\/prodotti-en\/twister-tree-grilles\/#breadcrumb"},"inLanguage":"en-US","potentialAction":[{"@type":"ReadAction","target":["https:\/\/metalco-mobiliar.cz\/en\/prodotti-en\/twister-tree-grilles\/"]}]},{"@type":"ImageObject","inLanguage":"en-US","@id":"https:\/\/metalco-mobiliar.cz\/en\/prodotti-en\/twister-tree-grilles\/#primaryimage","url":"https:\/\/metalco-mobiliar.cz\/news\/wp-content\/uploads\/2014\/09\/TWISTER-I.jpg","contentUrl":"https:\/\/metalco-mobiliar.cz\/news\/wp-content\/uploads\/2014\/09\/TWISTER-I.jpg","width":200,"height":200},{"@type":"BreadcrumbList","@id":"https:\/\/metalco-mobiliar.cz\/en\/prodotti-en\/twister-tree-grilles\/#breadcrumb","itemListElement":[{"@type":"ListItem","position":1,"name":"Home","item":"https:\/\/metalco-mobiliar.cz\/en\/"},{"@type":"ListItem","position":2,"name":"TWISTER TREE-GRILLES"}]},{"@type":"WebSite","@id":"https:\/\/metalco-mobiliar.cz\/#website","url":"https:\/\/metalco-mobiliar.cz\/","name":"Metalco \u2013 m\u011bstsk\u00fd mobili\u00e1\u0159","description":"M\u011bstsk\u00fd mobili\u00e1\u0159 Metalco","potentialAction":[{"@type":"SearchAction","target":{"@type":"EntryPoint","urlTemplate":"https:\/\/metalco-mobiliar.cz\/?s={search_term_string}"},"query-input":"required name=search_term_string"}],"inLanguage":"en-US"}]}},"_links":{"self":[{"href":"https:\/\/metalco-mobiliar.cz\/en\/wp-json\/wp\/v2\/product\/16616"}],"collection":[{"href":"https:\/\/metalco-mobiliar.cz\/en\/wp-json\/wp\/v2\/product"}],"about":[{"href":"https:\/\/metalco-mobiliar.cz\/en\/wp-json\/wp\/v2\/types\/product"}],"replies":[{"embeddable":true,"href":"https:\/\/metalco-mobiliar.cz\/en\/wp-json\/wp\/v2\/comments?post=16616"}],"wp:featuredmedia":[{"embeddable":true,"href":"https:\/\/metalco-mobiliar.cz\/en\/wp-json\/wp\/v2\/media\/14710"}],"wp:attachment":[{"href":"https:\/\/metalco-mobiliar.cz\/en\/wp-json\/wp\/v2\/media?parent=16616"}],"wp:term":[{"taxonomy":"product_cat","embeddable":true,"href":"https:\/\/metalco-mobiliar.cz\/en\/wp-json\/wp\/v2\/product_cat?post=16616"},{"taxonomy":"product_tag","embeddable":true,"href":"https:\/\/metalco-mobiliar.cz\/en\/wp-json\/wp\/v2\/product_tag?post=16616"}],"curies":[{"name":"wp","href":"https:\/\/api.w.org\/{rel}","templated":true}]}}