{"id":20433,"date":"2020-02-27T12:53:50","date_gmt":"2020-02-27T11:53:50","guid":{"rendered":"http:\/\/metalco-mobiliar.cz\/?post_type=product&#038;p=20433"},"modified":"2023-06-20T12:35:31","modified_gmt":"2023-06-20T10:35:31","slug":"c3-litter-bin","status":"publish","type":"product","link":"https:\/\/metalco-mobiliar.cz\/en\/prodotti-en\/c3-litter-bin\/","title":{"rendered":"C3 LITTER BINS FOR INDOOR"},"content":{"rendered":"<p>Set of modular litter bins for indoor, made of a cylindrical trunk, available in different heights with customized and colored lid, simply laid.\u00a0They are in galvanized and powder coated steel and optional accessories are available if you want to attach one to the other.<\/p>\n<p>FREE STANDING (INDOOR ONLY)<\/p>\n<p><strong>Dimensions and weight:<\/strong><br \/>\n\u00d8 330 mm H 500 mm 7&nbsp;kg<br \/>\n\u00d8 330 mm H 606 mm 7,5&nbsp;kg<br \/>\n\u00d8 330 mm H 760 mm 8,5&nbsp;kg<\/p>\n","protected":false},"excerpt":{"rendered":"<p>Set of modular litter bins for indoor, made of a cylindrical trunk, available in different heights with customized and colored lid, simply laid.\u00a0They are in galvanized and powder coated steel and optional accessories are available if you want to attach one to the other. FREE STANDING (INDOOR ONLY) Dimensions and weight: \u00d8 330 mm H [&hellip;]<\/p>\n","protected":false},"featured_media":27639,"comment_status":"closed","ping_status":"closed","template":"","meta":{"_acf_changed":false},"product_cat":[698,388],"product_tag":[557],"class_list":{"0":"post-20433","1":"product","2":"type-product","3":"status-publish","4":"has-post-thumbnail","6":"product_cat-cestini-en","7":"product_cat-litter-bins","8":"product_tag-litter-bin-with-hood","9":"pa_designers-alfredo-tasca-en","10":"pa_material-powder-coated-steel","11":"collezioni-stile-en","12":"catalogo-catalogue-stile-2025","14":"first","15":"instock","16":"shipping-taxable","17":"product-type-simple"},"acf":[],"yoast_head":"<!-- This site is optimized with the Yoast SEO plugin v23.2 - https:\/\/yoast.com\/wordpress\/plugins\/seo\/ -->\n<title>C3 LITTER BINS FOR INDOOR - Metalco Mobiliar<\/title>\n<meta name=\"robots\" content=\"index, follow, max-snippet:-1, max-image-preview:large, max-video-preview:-1\" \/>\n<link rel=\"canonical\" href=\"https:\/\/metalco-mobiliar.cz\/en\/prodotti-en\/c3-litter-bin\/\" \/>\n<meta property=\"og:locale\" content=\"en_US\" \/>\n<meta property=\"og:type\" content=\"article\" \/>\n<meta property=\"og:title\" content=\"C3 LITTER BINS FOR INDOOR - Metalco Mobiliar\" \/>\n<meta property=\"og:description\" content=\"Set of modular litter bins for indoor, made of a cylindrical trunk, available in different heights with customized and colored lid, simply laid.\u00a0They are in galvanized and powder coated steel and optional accessories are available if you want to attach one to the other. FREE STANDING (INDOOR ONLY) Dimensions and weight: \u00d8 330 mm H [&hellip;]\" \/>\n<meta property=\"og:url\" content=\"https:\/\/metalco-mobiliar.cz\/en\/prodotti-en\/c3-litter-bin\/\" \/>\n<meta property=\"og:site_name\" content=\"Metalco Mobiliar\" \/>\n<meta property=\"article:modified_time\" content=\"2023-06-20T10:35:31+00:00\" \/>\n<meta property=\"og:image\" content=\"https:\/\/metalco-mobiliar.cz\/news\/wp-content\/uploads\/2015\/08\/ko\u0161-na-t\u0159\u00edd\u011bn\u00fd-odpad.jpg\" \/>\n\t<meta property=\"og:image:width\" content=\"200\" \/>\n\t<meta property=\"og:image:height\" content=\"200\" \/>\n\t<meta property=\"og:image:type\" content=\"image\/jpeg\" \/>\n<script type=\"application\/ld+json\" class=\"yoast-schema-graph\">{\"@context\":\"https:\/\/schema.org\",\"@graph\":[{\"@type\":\"WebPage\",\"@id\":\"https:\/\/metalco-mobiliar.cz\/en\/prodotti-en\/c3-litter-bin\/\",\"url\":\"https:\/\/metalco-mobiliar.cz\/en\/prodotti-en\/c3-litter-bin\/\",\"name\":\"C3 LITTER BINS FOR INDOOR - Metalco Mobiliar\",\"isPartOf\":{\"@id\":\"https:\/\/metalco-mobiliar.cz\/#website\"},\"primaryImageOfPage\":{\"@id\":\"https:\/\/metalco-mobiliar.cz\/en\/prodotti-en\/c3-litter-bin\/#primaryimage\"},\"image\":{\"@id\":\"https:\/\/metalco-mobiliar.cz\/en\/prodotti-en\/c3-litter-bin\/#primaryimage\"},\"thumbnailUrl\":\"https:\/\/metalco-mobiliar.cz\/news\/wp-content\/uploads\/2015\/08\/ko\u0161-na-t\u0159\u00edd\u011bn\u00fd-odpad.jpg\",\"datePublished\":\"2020-02-27T11:53:50+00:00\",\"dateModified\":\"2023-06-20T10:35:31+00:00\",\"breadcrumb\":{\"@id\":\"https:\/\/metalco-mobiliar.cz\/en\/prodotti-en\/c3-litter-bin\/#breadcrumb\"},\"inLanguage\":\"en-US\",\"potentialAction\":[{\"@type\":\"ReadAction\",\"target\":[\"https:\/\/metalco-mobiliar.cz\/en\/prodotti-en\/c3-litter-bin\/\"]}]},{\"@type\":\"ImageObject\",\"inLanguage\":\"en-US\",\"@id\":\"https:\/\/metalco-mobiliar.cz\/en\/prodotti-en\/c3-litter-bin\/#primaryimage\",\"url\":\"https:\/\/metalco-mobiliar.cz\/news\/wp-content\/uploads\/2015\/08\/ko\u0161-na-t\u0159\u00edd\u011bn\u00fd-odpad.jpg\",\"contentUrl\":\"https:\/\/metalco-mobiliar.cz\/news\/wp-content\/uploads\/2015\/08\/ko\u0161-na-t\u0159\u00edd\u011bn\u00fd-odpad.jpg\",\"width\":200,\"height\":200,\"caption\":\"Ko\u0161 na t\u0159\u00edd\u011bn\u00fd odpad\"},{\"@type\":\"BreadcrumbList\",\"@id\":\"https:\/\/metalco-mobiliar.cz\/en\/prodotti-en\/c3-litter-bin\/#breadcrumb\",\"itemListElement\":[{\"@type\":\"ListItem\",\"position\":1,\"name\":\"Home\",\"item\":\"https:\/\/metalco-mobiliar.cz\/en\/\"},{\"@type\":\"ListItem\",\"position\":2,\"name\":\"C3 LITTER BINS FOR INDOOR\"}]},{\"@type\":\"WebSite\",\"@id\":\"https:\/\/metalco-mobiliar.cz\/#website\",\"url\":\"https:\/\/metalco-mobiliar.cz\/\",\"name\":\"Metalco \u2013 m\u011bstsk\u00fd mobili\u00e1\u0159\",\"description\":\"M\u011bstsk\u00fd mobili\u00e1\u0159 Metalco\",\"potentialAction\":[{\"@type\":\"SearchAction\",\"target\":{\"@type\":\"EntryPoint\",\"urlTemplate\":\"https:\/\/metalco-mobiliar.cz\/?s={search_term_string}\"},\"query-input\":\"required name=search_term_string\"}],\"inLanguage\":\"en-US\"}]}<\/script>\n<!-- \/ Yoast SEO plugin. -->","yoast_head_json":{"title":"C3 LITTER BINS FOR INDOOR - Metalco Mobiliar","robots":{"index":"index","follow":"follow","max-snippet":"max-snippet:-1","max-image-preview":"max-image-preview:large","max-video-preview":"max-video-preview:-1"},"canonical":"https:\/\/metalco-mobiliar.cz\/en\/prodotti-en\/c3-litter-bin\/","og_locale":"en_US","og_type":"article","og_title":"C3 LITTER BINS FOR INDOOR - Metalco Mobiliar","og_description":"Set of modular litter bins for indoor, made of a cylindrical trunk, available in different heights with customized and colored lid, simply laid.\u00a0They are in galvanized and powder coated steel and optional accessories are available if you want to attach one to the other. FREE STANDING (INDOOR ONLY) Dimensions and weight: \u00d8 330 mm H [&hellip;]","og_url":"https:\/\/metalco-mobiliar.cz\/en\/prodotti-en\/c3-litter-bin\/","og_site_name":"Metalco Mobiliar","article_modified_time":"2023-06-20T10:35:31+00:00","og_image":[{"width":200,"height":200,"url":"https:\/\/metalco-mobiliar.cz\/news\/wp-content\/uploads\/2015\/08\/ko\u0161-na-t\u0159\u00edd\u011bn\u00fd-odpad.jpg","type":"image\/jpeg"}],"schema":{"@context":"https:\/\/schema.org","@graph":[{"@type":"WebPage","@id":"https:\/\/metalco-mobiliar.cz\/en\/prodotti-en\/c3-litter-bin\/","url":"https:\/\/metalco-mobiliar.cz\/en\/prodotti-en\/c3-litter-bin\/","name":"C3 LITTER BINS FOR INDOOR - Metalco Mobiliar","isPartOf":{"@id":"https:\/\/metalco-mobiliar.cz\/#website"},"primaryImageOfPage":{"@id":"https:\/\/metalco-mobiliar.cz\/en\/prodotti-en\/c3-litter-bin\/#primaryimage"},"image":{"@id":"https:\/\/metalco-mobiliar.cz\/en\/prodotti-en\/c3-litter-bin\/#primaryimage"},"thumbnailUrl":"https:\/\/metalco-mobiliar.cz\/news\/wp-content\/uploads\/2015\/08\/ko\u0161-na-t\u0159\u00edd\u011bn\u00fd-odpad.jpg","datePublished":"2020-02-27T11:53:50+00:00","dateModified":"2023-06-20T10:35:31+00:00","breadcrumb":{"@id":"https:\/\/metalco-mobiliar.cz\/en\/prodotti-en\/c3-litter-bin\/#breadcrumb"},"inLanguage":"en-US","potentialAction":[{"@type":"ReadAction","target":["https:\/\/metalco-mobiliar.cz\/en\/prodotti-en\/c3-litter-bin\/"]}]},{"@type":"ImageObject","inLanguage":"en-US","@id":"https:\/\/metalco-mobiliar.cz\/en\/prodotti-en\/c3-litter-bin\/#primaryimage","url":"https:\/\/metalco-mobiliar.cz\/news\/wp-content\/uploads\/2015\/08\/ko\u0161-na-t\u0159\u00edd\u011bn\u00fd-odpad.jpg","contentUrl":"https:\/\/metalco-mobiliar.cz\/news\/wp-content\/uploads\/2015\/08\/ko\u0161-na-t\u0159\u00edd\u011bn\u00fd-odpad.jpg","width":200,"height":200,"caption":"Ko\u0161 na t\u0159\u00edd\u011bn\u00fd odpad"},{"@type":"BreadcrumbList","@id":"https:\/\/metalco-mobiliar.cz\/en\/prodotti-en\/c3-litter-bin\/#breadcrumb","itemListElement":[{"@type":"ListItem","position":1,"name":"Home","item":"https:\/\/metalco-mobiliar.cz\/en\/"},{"@type":"ListItem","position":2,"name":"C3 LITTER BINS FOR INDOOR"}]},{"@type":"WebSite","@id":"https:\/\/metalco-mobiliar.cz\/#website","url":"https:\/\/metalco-mobiliar.cz\/","name":"Metalco \u2013 m\u011bstsk\u00fd mobili\u00e1\u0159","description":"M\u011bstsk\u00fd mobili\u00e1\u0159 Metalco","potentialAction":[{"@type":"SearchAction","target":{"@type":"EntryPoint","urlTemplate":"https:\/\/metalco-mobiliar.cz\/?s={search_term_string}"},"query-input":"required name=search_term_string"}],"inLanguage":"en-US"}]}},"_links":{"self":[{"href":"https:\/\/metalco-mobiliar.cz\/en\/wp-json\/wp\/v2\/product\/20433"}],"collection":[{"href":"https:\/\/metalco-mobiliar.cz\/en\/wp-json\/wp\/v2\/product"}],"about":[{"href":"https:\/\/metalco-mobiliar.cz\/en\/wp-json\/wp\/v2\/types\/product"}],"replies":[{"embeddable":true,"href":"https:\/\/metalco-mobiliar.cz\/en\/wp-json\/wp\/v2\/comments?post=20433"}],"wp:featuredmedia":[{"embeddable":true,"href":"https:\/\/metalco-mobiliar.cz\/en\/wp-json\/wp\/v2\/media\/27639"}],"wp:attachment":[{"href":"https:\/\/metalco-mobiliar.cz\/en\/wp-json\/wp\/v2\/media?parent=20433"}],"wp:term":[{"taxonomy":"product_cat","embeddable":true,"href":"https:\/\/metalco-mobiliar.cz\/en\/wp-json\/wp\/v2\/product_cat?post=20433"},{"taxonomy":"product_tag","embeddable":true,"href":"https:\/\/metalco-mobiliar.cz\/en\/wp-json\/wp\/v2\/product_tag?post=20433"}],"curies":[{"name":"wp","href":"https:\/\/api.w.org\/{rel}","templated":true}]}}