{"id":25498,"date":"2016-06-20T09:43:47","date_gmt":"2016-06-20T07:43:47","guid":{"rendered":"http:\/\/metalco-mobiliar.cz\/prodotto\/stone-viceucelove-posezeni\/?lang=en"},"modified":"2024-01-11T13:57:42","modified_gmt":"2024-01-11T12:57:42","slug":"stone-free-shape-seat","status":"publish","type":"product","link":"https:\/\/metalco-mobiliar.cz\/en\/prodotti-en\/stone-free-shape-seat\/","title":{"rendered":"STONE FREE SHAPE SEAT"},"content":{"rendered":"<p>Multi-purpose free-shape seat, lightened inside, available in Ultra High Performance Concrete (UHPC) or High Performance Concrete (HPC), depending on the type of use.<br \/>\nAvailable finishes are ALFA\u00a0 for the Ultra High Performance Concrete (UHPC) and VELVET for High Performance Concrete (HPC).<br \/>\n<strong>Fixings<\/strong>: Free standing with pedestals or\u00a0Installation with threaded bars<br \/>\n<strong>Accessories:<\/strong> Colour painting<\/p>\n<p><strong>Dimensions and weight:<\/strong><br \/>\nSTONE S&nbsp;1100&#215;780 mm H 395 mm 338&nbsp;kg<br \/>\nSTONE M 1570&#215;1185 mm H 470 mm 755&nbsp;kg<br \/>\nSTONE L 1960&#215;1520 mm H 510 mm HPC 1185&nbsp;kg UHPC 430&nbsp;kg<\/p>\n","protected":false},"excerpt":{"rendered":"<p>Multi-purpose free-shape seat, lightened inside, available in Ultra High Performance Concrete (UHPC) or High Performance Concrete (HPC), depending on the type of use. Available finishes are ALFA\u00a0 for the Ultra High Performance Concrete (UHPC) and VELVET for High Performance Concrete (HPC). Fixings: Free standing with pedestals or\u00a0Installation with threaded bars Accessories: Colour painting Dimensions and [&hellip;]<\/p>\n","protected":false},"featured_media":26772,"comment_status":"closed","ping_status":"closed","template":"","meta":{"_acf_changed":false},"product_cat":[345],"product_tag":[],"class_list":{"0":"post-25498","1":"product","2":"type-product","3":"status-publish","4":"has-post-thumbnail","6":"product_cat-seats-benches","7":"pa_designers-raffaele-lazzari","8":"pa_material-hpc","9":"pa_material-uhpc","10":"collezioni-stile-en","11":"catalogo-catalogue-stile-2025","13":"first","14":"instock","15":"shipping-taxable","16":"product-type-simple"},"acf":[],"yoast_head":"<!-- This site is optimized with the Yoast SEO plugin v23.2 - https:\/\/yoast.com\/wordpress\/plugins\/seo\/ -->\n<title>STONE FREE SHAPE SEAT UHPC or HPC - Metalco<\/title>\n<meta name=\"description\" content=\"Multi-purpose free-shape seat, lightened inside, available in Ultra High Performance Concrete (UHPC) or High Performance Concrete.\" \/>\n<meta name=\"robots\" content=\"index, follow, max-snippet:-1, max-image-preview:large, max-video-preview:-1\" \/>\n<link rel=\"canonical\" href=\"https:\/\/metalco-mobiliar.cz\/en\/prodotti-en\/stone-free-shape-seat\/\" \/>\n<meta property=\"og:locale\" content=\"en_US\" \/>\n<meta property=\"og:type\" content=\"article\" \/>\n<meta property=\"og:title\" content=\"STONE FREE SHAPE SEAT UHPC or HPC - Metalco\" \/>\n<meta property=\"og:description\" content=\"Multi-purpose free-shape seat, lightened inside, available in Ultra High Performance Concrete (UHPC) or High Performance Concrete.\" \/>\n<meta property=\"og:url\" content=\"https:\/\/metalco-mobiliar.cz\/en\/prodotti-en\/stone-free-shape-seat\/\" \/>\n<meta property=\"og:site_name\" content=\"Metalco Mobiliar\" \/>\n<meta property=\"article:modified_time\" content=\"2024-01-11T12:57:42+00:00\" \/>\n<meta property=\"og:image\" content=\"https:\/\/metalco-mobiliar.cz\/news\/wp-content\/uploads\/2016\/06\/Stone-I-1.jpg\" \/>\n\t<meta property=\"og:image:width\" content=\"200\" \/>\n\t<meta property=\"og:image:height\" content=\"200\" \/>\n\t<meta property=\"og:image:type\" content=\"image\/jpeg\" \/>\n<script type=\"application\/ld+json\" class=\"yoast-schema-graph\">{\"@context\":\"https:\/\/schema.org\",\"@graph\":[{\"@type\":\"WebPage\",\"@id\":\"https:\/\/metalco-mobiliar.cz\/en\/prodotti-en\/stone-free-shape-seat\/\",\"url\":\"https:\/\/metalco-mobiliar.cz\/en\/prodotti-en\/stone-free-shape-seat\/\",\"name\":\"STONE FREE SHAPE SEAT UHPC or HPC - Metalco\",\"isPartOf\":{\"@id\":\"https:\/\/metalco-mobiliar.cz\/#website\"},\"primaryImageOfPage\":{\"@id\":\"https:\/\/metalco-mobiliar.cz\/en\/prodotti-en\/stone-free-shape-seat\/#primaryimage\"},\"image\":{\"@id\":\"https:\/\/metalco-mobiliar.cz\/en\/prodotti-en\/stone-free-shape-seat\/#primaryimage\"},\"thumbnailUrl\":\"https:\/\/metalco-mobiliar.cz\/news\/wp-content\/uploads\/2016\/06\/Stone-I-1.jpg\",\"datePublished\":\"2016-06-20T07:43:47+00:00\",\"dateModified\":\"2024-01-11T12:57:42+00:00\",\"description\":\"Multi-purpose free-shape seat, lightened inside, available in Ultra High Performance Concrete (UHPC) or High Performance Concrete.\",\"breadcrumb\":{\"@id\":\"https:\/\/metalco-mobiliar.cz\/en\/prodotti-en\/stone-free-shape-seat\/#breadcrumb\"},\"inLanguage\":\"en-US\",\"potentialAction\":[{\"@type\":\"ReadAction\",\"target\":[\"https:\/\/metalco-mobiliar.cz\/en\/prodotti-en\/stone-free-shape-seat\/\"]}]},{\"@type\":\"ImageObject\",\"inLanguage\":\"en-US\",\"@id\":\"https:\/\/metalco-mobiliar.cz\/en\/prodotti-en\/stone-free-shape-seat\/#primaryimage\",\"url\":\"https:\/\/metalco-mobiliar.cz\/news\/wp-content\/uploads\/2016\/06\/Stone-I-1.jpg\",\"contentUrl\":\"https:\/\/metalco-mobiliar.cz\/news\/wp-content\/uploads\/2016\/06\/Stone-I-1.jpg\",\"width\":200,\"height\":200,\"caption\":\"STONE FREE SHAPE SEAT\"},{\"@type\":\"BreadcrumbList\",\"@id\":\"https:\/\/metalco-mobiliar.cz\/en\/prodotti-en\/stone-free-shape-seat\/#breadcrumb\",\"itemListElement\":[{\"@type\":\"ListItem\",\"position\":1,\"name\":\"Home\",\"item\":\"https:\/\/metalco-mobiliar.cz\/en\/\"},{\"@type\":\"ListItem\",\"position\":2,\"name\":\"STONE FREE SHAPE SEAT\"}]},{\"@type\":\"WebSite\",\"@id\":\"https:\/\/metalco-mobiliar.cz\/#website\",\"url\":\"https:\/\/metalco-mobiliar.cz\/\",\"name\":\"Metalco \u2013 m\u011bstsk\u00fd mobili\u00e1\u0159\",\"description\":\"M\u011bstsk\u00fd mobili\u00e1\u0159 Metalco\",\"potentialAction\":[{\"@type\":\"SearchAction\",\"target\":{\"@type\":\"EntryPoint\",\"urlTemplate\":\"https:\/\/metalco-mobiliar.cz\/?s={search_term_string}\"},\"query-input\":\"required name=search_term_string\"}],\"inLanguage\":\"en-US\"}]}<\/script>\n<!-- \/ Yoast SEO plugin. -->","yoast_head_json":{"title":"STONE FREE SHAPE SEAT UHPC or HPC - Metalco","description":"Multi-purpose free-shape seat, lightened inside, available in Ultra High Performance Concrete (UHPC) or High Performance Concrete.","robots":{"index":"index","follow":"follow","max-snippet":"max-snippet:-1","max-image-preview":"max-image-preview:large","max-video-preview":"max-video-preview:-1"},"canonical":"https:\/\/metalco-mobiliar.cz\/en\/prodotti-en\/stone-free-shape-seat\/","og_locale":"en_US","og_type":"article","og_title":"STONE FREE SHAPE SEAT UHPC or HPC - Metalco","og_description":"Multi-purpose free-shape seat, lightened inside, available in Ultra High Performance Concrete (UHPC) or High Performance Concrete.","og_url":"https:\/\/metalco-mobiliar.cz\/en\/prodotti-en\/stone-free-shape-seat\/","og_site_name":"Metalco Mobiliar","article_modified_time":"2024-01-11T12:57:42+00:00","og_image":[{"width":200,"height":200,"url":"https:\/\/metalco-mobiliar.cz\/news\/wp-content\/uploads\/2016\/06\/Stone-I-1.jpg","type":"image\/jpeg"}],"schema":{"@context":"https:\/\/schema.org","@graph":[{"@type":"WebPage","@id":"https:\/\/metalco-mobiliar.cz\/en\/prodotti-en\/stone-free-shape-seat\/","url":"https:\/\/metalco-mobiliar.cz\/en\/prodotti-en\/stone-free-shape-seat\/","name":"STONE FREE SHAPE SEAT UHPC or HPC - Metalco","isPartOf":{"@id":"https:\/\/metalco-mobiliar.cz\/#website"},"primaryImageOfPage":{"@id":"https:\/\/metalco-mobiliar.cz\/en\/prodotti-en\/stone-free-shape-seat\/#primaryimage"},"image":{"@id":"https:\/\/metalco-mobiliar.cz\/en\/prodotti-en\/stone-free-shape-seat\/#primaryimage"},"thumbnailUrl":"https:\/\/metalco-mobiliar.cz\/news\/wp-content\/uploads\/2016\/06\/Stone-I-1.jpg","datePublished":"2016-06-20T07:43:47+00:00","dateModified":"2024-01-11T12:57:42+00:00","description":"Multi-purpose free-shape seat, lightened inside, available in Ultra High Performance Concrete (UHPC) or High Performance Concrete.","breadcrumb":{"@id":"https:\/\/metalco-mobiliar.cz\/en\/prodotti-en\/stone-free-shape-seat\/#breadcrumb"},"inLanguage":"en-US","potentialAction":[{"@type":"ReadAction","target":["https:\/\/metalco-mobiliar.cz\/en\/prodotti-en\/stone-free-shape-seat\/"]}]},{"@type":"ImageObject","inLanguage":"en-US","@id":"https:\/\/metalco-mobiliar.cz\/en\/prodotti-en\/stone-free-shape-seat\/#primaryimage","url":"https:\/\/metalco-mobiliar.cz\/news\/wp-content\/uploads\/2016\/06\/Stone-I-1.jpg","contentUrl":"https:\/\/metalco-mobiliar.cz\/news\/wp-content\/uploads\/2016\/06\/Stone-I-1.jpg","width":200,"height":200,"caption":"STONE FREE SHAPE SEAT"},{"@type":"BreadcrumbList","@id":"https:\/\/metalco-mobiliar.cz\/en\/prodotti-en\/stone-free-shape-seat\/#breadcrumb","itemListElement":[{"@type":"ListItem","position":1,"name":"Home","item":"https:\/\/metalco-mobiliar.cz\/en\/"},{"@type":"ListItem","position":2,"name":"STONE FREE SHAPE SEAT"}]},{"@type":"WebSite","@id":"https:\/\/metalco-mobiliar.cz\/#website","url":"https:\/\/metalco-mobiliar.cz\/","name":"Metalco \u2013 m\u011bstsk\u00fd mobili\u00e1\u0159","description":"M\u011bstsk\u00fd mobili\u00e1\u0159 Metalco","potentialAction":[{"@type":"SearchAction","target":{"@type":"EntryPoint","urlTemplate":"https:\/\/metalco-mobiliar.cz\/?s={search_term_string}"},"query-input":"required name=search_term_string"}],"inLanguage":"en-US"}]}},"_links":{"self":[{"href":"https:\/\/metalco-mobiliar.cz\/en\/wp-json\/wp\/v2\/product\/25498"}],"collection":[{"href":"https:\/\/metalco-mobiliar.cz\/en\/wp-json\/wp\/v2\/product"}],"about":[{"href":"https:\/\/metalco-mobiliar.cz\/en\/wp-json\/wp\/v2\/types\/product"}],"replies":[{"embeddable":true,"href":"https:\/\/metalco-mobiliar.cz\/en\/wp-json\/wp\/v2\/comments?post=25498"}],"wp:featuredmedia":[{"embeddable":true,"href":"https:\/\/metalco-mobiliar.cz\/en\/wp-json\/wp\/v2\/media\/26772"}],"wp:attachment":[{"href":"https:\/\/metalco-mobiliar.cz\/en\/wp-json\/wp\/v2\/media?parent=25498"}],"wp:term":[{"taxonomy":"product_cat","embeddable":true,"href":"https:\/\/metalco-mobiliar.cz\/en\/wp-json\/wp\/v2\/product_cat?post=25498"},{"taxonomy":"product_tag","embeddable":true,"href":"https:\/\/metalco-mobiliar.cz\/en\/wp-json\/wp\/v2\/product_tag?post=25498"}],"curies":[{"name":"wp","href":"https:\/\/api.w.org\/{rel}","templated":true}]}}