{"id":26849,"date":"2018-09-14T11:43:06","date_gmt":"2018-09-14T09:43:06","guid":{"rendered":"http:\/\/metalco-mobiliar.cz\/prodotto\/autobusovy-pristresek-gpdue\/"},"modified":"2021-12-16T09:38:46","modified_gmt":"2021-12-16T08:38:46","slug":"bus-shelter-gpdue","status":"publish","type":"product","link":"https:\/\/metalco-mobiliar.cz\/en\/prodotti-en\/bus-shelter-gpdue\/","title":{"rendered":"GPDUE BUS SHELTER"},"content":{"rendered":"<div class=\"product_description\">\n<p>Bus shelter comprising a series of covers with different heights and sizes, shaped as an inverted pyramid with powder coated steel structure and coated with powder coated steel sheet.<\/p>\n<p>POWDER COATED STEEL<\/p>\n<p>FIXING:\u00a0PLATE WITH ANCHORS<\/p>\n<\/div>\n<div class=\"more_description\">\n<p>See the project:<\/p>\n<p><a href=\"http:\/\/www.metalco.it\/progetti\/bus-shelters\/\">BUS SHELTER \u2013\u00a0<\/a><a href=\"http:\/\/www.metalco.it\/progetti\/bus-shelters\/\">AGENZIA MOBILITA\u2019<\/a><a href=\"http:\/\/www.metalco.it\/progetti\/bus-shelters\/\">\u00a0OF REGGIO EMILIA<\/a><\/p>\n<p><strong>Dimensions:<\/strong><br \/>\n3500&#215;2700 mm<br \/>\nH 2660 mm (+150 mm)<br \/>\nH 3080 mm (+150 mm)<\/p>\n<\/div>\n","protected":false},"excerpt":{"rendered":"<p>Bus shelter comprising a series of covers with different heights and sizes, shaped as an inverted pyramid with powder coated steel structure and coated with powder coated steel sheet. POWDER COATED STEEL FIXING:\u00a0PLATE WITH ANCHORS See the project: BUS SHELTER \u2013\u00a0AGENZIA MOBILITA\u2019\u00a0OF REGGIO EMILIA Dimensions: 3500&#215;2700 mm H 2660 mm (+150 mm) H 3080 mm [&hellip;]<\/p>\n","protected":false},"featured_media":26837,"comment_status":"closed","ping_status":"closed","template":"","meta":{"_acf_changed":false},"product_cat":[348],"product_tag":[],"class_list":{"0":"post-26849","1":"product","2":"type-product","3":"status-publish","4":"has-post-thumbnail","6":"product_cat-bus-shelter-covers","7":"pa_designers-andrea-rinaldi","8":"pa_designers-architetti-associati","9":"pa_designers-roberta-casarini","10":"pa_material-powder-coated-steel","11":"collezioni-stile-en","12":"catalogo-catalogue-stile-2025","14":"first","15":"instock","16":"shipping-taxable","17":"product-type-simple"},"acf":[],"yoast_head":"<!-- This site is optimized with the Yoast SEO plugin v23.2 - https:\/\/yoast.com\/wordpress\/plugins\/seo\/ -->\n<title>GPDUE BUS SHELTER - Metalco Mobiliar<\/title>\n<meta name=\"robots\" content=\"index, follow, max-snippet:-1, max-image-preview:large, max-video-preview:-1\" \/>\n<link rel=\"canonical\" href=\"https:\/\/metalco-mobiliar.cz\/en\/prodotti-en\/bus-shelter-gpdue\/\" \/>\n<meta property=\"og:locale\" content=\"en_US\" \/>\n<meta property=\"og:type\" content=\"article\" \/>\n<meta property=\"og:title\" content=\"GPDUE BUS SHELTER - Metalco Mobiliar\" \/>\n<meta property=\"og:description\" content=\"Bus shelter comprising a series of covers with different heights and sizes, shaped as an inverted pyramid with powder coated steel structure and coated with powder coated steel sheet. POWDER COATED STEEL FIXING:\u00a0PLATE WITH ANCHORS See the project: BUS SHELTER \u2013\u00a0AGENZIA MOBILITA\u2019\u00a0OF REGGIO EMILIA Dimensions: 3500&#215;2700 mm H 2660 mm (+150 mm) H 3080 mm [&hellip;]\" \/>\n<meta property=\"og:url\" content=\"https:\/\/metalco-mobiliar.cz\/en\/prodotti-en\/bus-shelter-gpdue\/\" \/>\n<meta property=\"og:site_name\" content=\"Metalco Mobiliar\" \/>\n<meta property=\"article:modified_time\" content=\"2021-12-16T08:38:46+00:00\" \/>\n<meta property=\"og:image\" content=\"https:\/\/metalco-mobiliar.cz\/news\/wp-content\/uploads\/2018\/09\/GIPIDUE-I.jpg\" \/>\n\t<meta property=\"og:image:width\" content=\"200\" \/>\n\t<meta property=\"og:image:height\" content=\"200\" \/>\n\t<meta property=\"og:image:type\" content=\"image\/jpeg\" \/>\n<script type=\"application\/ld+json\" class=\"yoast-schema-graph\">{\"@context\":\"https:\/\/schema.org\",\"@graph\":[{\"@type\":\"WebPage\",\"@id\":\"https:\/\/metalco-mobiliar.cz\/en\/prodotti-en\/bus-shelter-gpdue\/\",\"url\":\"https:\/\/metalco-mobiliar.cz\/en\/prodotti-en\/bus-shelter-gpdue\/\",\"name\":\"GPDUE BUS SHELTER - Metalco Mobiliar\",\"isPartOf\":{\"@id\":\"https:\/\/metalco-mobiliar.cz\/#website\"},\"primaryImageOfPage\":{\"@id\":\"https:\/\/metalco-mobiliar.cz\/en\/prodotti-en\/bus-shelter-gpdue\/#primaryimage\"},\"image\":{\"@id\":\"https:\/\/metalco-mobiliar.cz\/en\/prodotti-en\/bus-shelter-gpdue\/#primaryimage\"},\"thumbnailUrl\":\"https:\/\/metalco-mobiliar.cz\/news\/wp-content\/uploads\/2018\/09\/GIPIDUE-I.jpg\",\"datePublished\":\"2018-09-14T09:43:06+00:00\",\"dateModified\":\"2021-12-16T08:38:46+00:00\",\"breadcrumb\":{\"@id\":\"https:\/\/metalco-mobiliar.cz\/en\/prodotti-en\/bus-shelter-gpdue\/#breadcrumb\"},\"inLanguage\":\"en-US\",\"potentialAction\":[{\"@type\":\"ReadAction\",\"target\":[\"https:\/\/metalco-mobiliar.cz\/en\/prodotti-en\/bus-shelter-gpdue\/\"]}]},{\"@type\":\"ImageObject\",\"inLanguage\":\"en-US\",\"@id\":\"https:\/\/metalco-mobiliar.cz\/en\/prodotti-en\/bus-shelter-gpdue\/#primaryimage\",\"url\":\"https:\/\/metalco-mobiliar.cz\/news\/wp-content\/uploads\/2018\/09\/GIPIDUE-I.jpg\",\"contentUrl\":\"https:\/\/metalco-mobiliar.cz\/news\/wp-content\/uploads\/2018\/09\/GIPIDUE-I.jpg\",\"width\":200,\"height\":200,\"caption\":\"Autobusov\u00fd p\u0159\u00edst\u0159e\u0161ek\"},{\"@type\":\"BreadcrumbList\",\"@id\":\"https:\/\/metalco-mobiliar.cz\/en\/prodotti-en\/bus-shelter-gpdue\/#breadcrumb\",\"itemListElement\":[{\"@type\":\"ListItem\",\"position\":1,\"name\":\"Home\",\"item\":\"https:\/\/metalco-mobiliar.cz\/en\/\"},{\"@type\":\"ListItem\",\"position\":2,\"name\":\"GPDUE BUS SHELTER\"}]},{\"@type\":\"WebSite\",\"@id\":\"https:\/\/metalco-mobiliar.cz\/#website\",\"url\":\"https:\/\/metalco-mobiliar.cz\/\",\"name\":\"Metalco \u2013 m\u011bstsk\u00fd mobili\u00e1\u0159\",\"description\":\"M\u011bstsk\u00fd mobili\u00e1\u0159 Metalco\",\"potentialAction\":[{\"@type\":\"SearchAction\",\"target\":{\"@type\":\"EntryPoint\",\"urlTemplate\":\"https:\/\/metalco-mobiliar.cz\/?s={search_term_string}\"},\"query-input\":\"required name=search_term_string\"}],\"inLanguage\":\"en-US\"}]}<\/script>\n<!-- \/ Yoast SEO plugin. -->","yoast_head_json":{"title":"GPDUE BUS SHELTER - Metalco Mobiliar","robots":{"index":"index","follow":"follow","max-snippet":"max-snippet:-1","max-image-preview":"max-image-preview:large","max-video-preview":"max-video-preview:-1"},"canonical":"https:\/\/metalco-mobiliar.cz\/en\/prodotti-en\/bus-shelter-gpdue\/","og_locale":"en_US","og_type":"article","og_title":"GPDUE BUS SHELTER - Metalco Mobiliar","og_description":"Bus shelter comprising a series of covers with different heights and sizes, shaped as an inverted pyramid with powder coated steel structure and coated with powder coated steel sheet. POWDER COATED STEEL FIXING:\u00a0PLATE WITH ANCHORS See the project: BUS SHELTER \u2013\u00a0AGENZIA MOBILITA\u2019\u00a0OF REGGIO EMILIA Dimensions: 3500&#215;2700 mm H 2660 mm (+150 mm) H 3080 mm [&hellip;]","og_url":"https:\/\/metalco-mobiliar.cz\/en\/prodotti-en\/bus-shelter-gpdue\/","og_site_name":"Metalco Mobiliar","article_modified_time":"2021-12-16T08:38:46+00:00","og_image":[{"width":200,"height":200,"url":"https:\/\/metalco-mobiliar.cz\/news\/wp-content\/uploads\/2018\/09\/GIPIDUE-I.jpg","type":"image\/jpeg"}],"schema":{"@context":"https:\/\/schema.org","@graph":[{"@type":"WebPage","@id":"https:\/\/metalco-mobiliar.cz\/en\/prodotti-en\/bus-shelter-gpdue\/","url":"https:\/\/metalco-mobiliar.cz\/en\/prodotti-en\/bus-shelter-gpdue\/","name":"GPDUE BUS SHELTER - Metalco Mobiliar","isPartOf":{"@id":"https:\/\/metalco-mobiliar.cz\/#website"},"primaryImageOfPage":{"@id":"https:\/\/metalco-mobiliar.cz\/en\/prodotti-en\/bus-shelter-gpdue\/#primaryimage"},"image":{"@id":"https:\/\/metalco-mobiliar.cz\/en\/prodotti-en\/bus-shelter-gpdue\/#primaryimage"},"thumbnailUrl":"https:\/\/metalco-mobiliar.cz\/news\/wp-content\/uploads\/2018\/09\/GIPIDUE-I.jpg","datePublished":"2018-09-14T09:43:06+00:00","dateModified":"2021-12-16T08:38:46+00:00","breadcrumb":{"@id":"https:\/\/metalco-mobiliar.cz\/en\/prodotti-en\/bus-shelter-gpdue\/#breadcrumb"},"inLanguage":"en-US","potentialAction":[{"@type":"ReadAction","target":["https:\/\/metalco-mobiliar.cz\/en\/prodotti-en\/bus-shelter-gpdue\/"]}]},{"@type":"ImageObject","inLanguage":"en-US","@id":"https:\/\/metalco-mobiliar.cz\/en\/prodotti-en\/bus-shelter-gpdue\/#primaryimage","url":"https:\/\/metalco-mobiliar.cz\/news\/wp-content\/uploads\/2018\/09\/GIPIDUE-I.jpg","contentUrl":"https:\/\/metalco-mobiliar.cz\/news\/wp-content\/uploads\/2018\/09\/GIPIDUE-I.jpg","width":200,"height":200,"caption":"Autobusov\u00fd p\u0159\u00edst\u0159e\u0161ek"},{"@type":"BreadcrumbList","@id":"https:\/\/metalco-mobiliar.cz\/en\/prodotti-en\/bus-shelter-gpdue\/#breadcrumb","itemListElement":[{"@type":"ListItem","position":1,"name":"Home","item":"https:\/\/metalco-mobiliar.cz\/en\/"},{"@type":"ListItem","position":2,"name":"GPDUE BUS SHELTER"}]},{"@type":"WebSite","@id":"https:\/\/metalco-mobiliar.cz\/#website","url":"https:\/\/metalco-mobiliar.cz\/","name":"Metalco \u2013 m\u011bstsk\u00fd mobili\u00e1\u0159","description":"M\u011bstsk\u00fd mobili\u00e1\u0159 Metalco","potentialAction":[{"@type":"SearchAction","target":{"@type":"EntryPoint","urlTemplate":"https:\/\/metalco-mobiliar.cz\/?s={search_term_string}"},"query-input":"required name=search_term_string"}],"inLanguage":"en-US"}]}},"_links":{"self":[{"href":"https:\/\/metalco-mobiliar.cz\/en\/wp-json\/wp\/v2\/product\/26849"}],"collection":[{"href":"https:\/\/metalco-mobiliar.cz\/en\/wp-json\/wp\/v2\/product"}],"about":[{"href":"https:\/\/metalco-mobiliar.cz\/en\/wp-json\/wp\/v2\/types\/product"}],"replies":[{"embeddable":true,"href":"https:\/\/metalco-mobiliar.cz\/en\/wp-json\/wp\/v2\/comments?post=26849"}],"wp:featuredmedia":[{"embeddable":true,"href":"https:\/\/metalco-mobiliar.cz\/en\/wp-json\/wp\/v2\/media\/26837"}],"wp:attachment":[{"href":"https:\/\/metalco-mobiliar.cz\/en\/wp-json\/wp\/v2\/media?parent=26849"}],"wp:term":[{"taxonomy":"product_cat","embeddable":true,"href":"https:\/\/metalco-mobiliar.cz\/en\/wp-json\/wp\/v2\/product_cat?post=26849"},{"taxonomy":"product_tag","embeddable":true,"href":"https:\/\/metalco-mobiliar.cz\/en\/wp-json\/wp\/v2\/product_tag?post=26849"}],"curies":[{"name":"wp","href":"https:\/\/api.w.org\/{rel}","templated":true}]}}