{"id":28534,"date":"2020-07-02T12:24:40","date_gmt":"2020-07-02T10:24:40","guid":{"rendered":"http:\/\/metalco-mobiliar.cz\/prodotto\/stojan-na-dezinfekci-cabral\/"},"modified":"2022-09-01T10:13:59","modified_gmt":"2022-09-01T08:13:59","slug":"sanification-point-cabral","status":"publish","type":"product","link":"https:\/\/metalco-mobiliar.cz\/en\/prodotti-en\/sanification-point-cabral\/","title":{"rendered":"SANIFICATION POINT CABRAL"},"content":{"rendered":"<p>The first dispenser suitable for crowded places, as hotels, beach resorts and wellness centers, available both for indoors and outdoors. Hand sanitization operations in crowded places, such as hotels, beach resorts, parks, wellness centers, can be complicated, due to overcrowding and environmental conditions. For this purpose, CABRAL has been conceived: available in two versions, one for indoors and one for outdoors, thanks to its unique design, it can be installed in every context, providing an essential sanitizer function.<br \/>\nCABRAL is available in 10 standard colours with white or black &#8220;Sanification Point&#8221; pad printing.<br \/>\n*Dispensing spout with chromed finish.<br \/>\nImages are purely indicative, it can vary according to its availability.<br \/>\nDimensions: H=1101, L=350&#215;250 mm Capacity: 10 lt<br \/>\n&#8220;Sanification Point&#8221; pad printing is placed only on one side.<br \/>\nIt is possible to customize the other lateral side with stickers upon request.<br \/>\nIn case of outdoor installation with strong and prolongued sun exposure, it is<br \/>\nrecommended to place CABRAL sheltered from direct sunlight.<br \/>\nIt comes in two versions: one simple for indoors and one for outdoors, with an aluminium internal<br \/>\nprofile and insulating material, to offer a further protection to the sanitizer.<br \/>\nCABRAL is equipped with a base plate: it can either be simply positioned on the floor or,<br \/>\nif securing and stability are needed, the pre-drilled holes on the base allow fixing through dowels.<br \/>\nAn accessory for implantation on soft soils, such as sand, is available.<\/p>\n","protected":false},"excerpt":{"rendered":"<p>The first dispenser suitable for crowded places, as hotels, beach resorts and wellness centers, available both for indoors and outdoors. Hand sanitization operations in crowded places, such as hotels, beach resorts, parks, wellness centers, can be complicated, due to overcrowding and environmental conditions. For this purpose, CABRAL has been conceived: available in two versions, one [&hellip;]<\/p>\n","protected":false},"featured_media":28529,"comment_status":"closed","ping_status":"closed","template":"","meta":{"_acf_changed":false},"product_cat":[388],"product_tag":[],"class_list":{"0":"post-28534","1":"product","2":"type-product","3":"status-publish","4":"has-post-thumbnail","6":"product_cat-litter-bins","8":"first","9":"instock","10":"shipping-taxable","11":"product-type-simple"},"acf":[],"yoast_head":"<!-- This site is optimized with the Yoast SEO plugin v23.2 - https:\/\/yoast.com\/wordpress\/plugins\/seo\/ -->\n<title>SANIFICATION POINT CABRAL - Metalco Mobiliar<\/title>\n<meta name=\"robots\" content=\"index, follow, max-snippet:-1, max-image-preview:large, max-video-preview:-1\" \/>\n<link rel=\"canonical\" href=\"https:\/\/metalco-mobiliar.cz\/en\/prodotti-en\/sanification-point-cabral\/\" \/>\n<meta property=\"og:locale\" content=\"en_US\" \/>\n<meta property=\"og:type\" content=\"article\" \/>\n<meta property=\"og:title\" content=\"SANIFICATION POINT CABRAL - Metalco Mobiliar\" \/>\n<meta property=\"og:description\" content=\"The first dispenser suitable for crowded places, as hotels, beach resorts and wellness centers, available both for indoors and outdoors. Hand sanitization operations in crowded places, such as hotels, beach resorts, parks, wellness centers, can be complicated, due to overcrowding and environmental conditions. For this purpose, CABRAL has been conceived: available in two versions, one [&hellip;]\" \/>\n<meta property=\"og:url\" content=\"https:\/\/metalco-mobiliar.cz\/en\/prodotti-en\/sanification-point-cabral\/\" \/>\n<meta property=\"og:site_name\" content=\"Metalco Mobiliar\" \/>\n<meta property=\"article:modified_time\" content=\"2022-09-01T08:13:59+00:00\" \/>\n<meta property=\"og:image\" content=\"https:\/\/metalco-mobiliar.cz\/news\/wp-content\/uploads\/2020\/07\/stojan-na-dezinfekci.jpg\" \/>\n\t<meta property=\"og:image:width\" content=\"200\" \/>\n\t<meta property=\"og:image:height\" content=\"200\" \/>\n\t<meta property=\"og:image:type\" content=\"image\/jpeg\" \/>\n<meta name=\"twitter:label1\" content=\"Est. reading time\" \/>\n\t<meta name=\"twitter:data1\" content=\"1 minute\" \/>\n<script type=\"application\/ld+json\" class=\"yoast-schema-graph\">{\"@context\":\"https:\/\/schema.org\",\"@graph\":[{\"@type\":\"WebPage\",\"@id\":\"https:\/\/metalco-mobiliar.cz\/en\/prodotti-en\/sanification-point-cabral\/\",\"url\":\"https:\/\/metalco-mobiliar.cz\/en\/prodotti-en\/sanification-point-cabral\/\",\"name\":\"SANIFICATION POINT CABRAL - Metalco Mobiliar\",\"isPartOf\":{\"@id\":\"https:\/\/metalco-mobiliar.cz\/#website\"},\"primaryImageOfPage\":{\"@id\":\"https:\/\/metalco-mobiliar.cz\/en\/prodotti-en\/sanification-point-cabral\/#primaryimage\"},\"image\":{\"@id\":\"https:\/\/metalco-mobiliar.cz\/en\/prodotti-en\/sanification-point-cabral\/#primaryimage\"},\"thumbnailUrl\":\"https:\/\/metalco-mobiliar.cz\/news\/wp-content\/uploads\/2020\/07\/stojan-na-dezinfekci.jpg\",\"datePublished\":\"2020-07-02T10:24:40+00:00\",\"dateModified\":\"2022-09-01T08:13:59+00:00\",\"breadcrumb\":{\"@id\":\"https:\/\/metalco-mobiliar.cz\/en\/prodotti-en\/sanification-point-cabral\/#breadcrumb\"},\"inLanguage\":\"en-US\",\"potentialAction\":[{\"@type\":\"ReadAction\",\"target\":[\"https:\/\/metalco-mobiliar.cz\/en\/prodotti-en\/sanification-point-cabral\/\"]}]},{\"@type\":\"ImageObject\",\"inLanguage\":\"en-US\",\"@id\":\"https:\/\/metalco-mobiliar.cz\/en\/prodotti-en\/sanification-point-cabral\/#primaryimage\",\"url\":\"https:\/\/metalco-mobiliar.cz\/news\/wp-content\/uploads\/2020\/07\/stojan-na-dezinfekci.jpg\",\"contentUrl\":\"https:\/\/metalco-mobiliar.cz\/news\/wp-content\/uploads\/2020\/07\/stojan-na-dezinfekci.jpg\",\"width\":200,\"height\":200,\"caption\":\"stojan na dezinfekci\"},{\"@type\":\"BreadcrumbList\",\"@id\":\"https:\/\/metalco-mobiliar.cz\/en\/prodotti-en\/sanification-point-cabral\/#breadcrumb\",\"itemListElement\":[{\"@type\":\"ListItem\",\"position\":1,\"name\":\"Home\",\"item\":\"https:\/\/metalco-mobiliar.cz\/en\/\"},{\"@type\":\"ListItem\",\"position\":2,\"name\":\"SANIFICATION POINT CABRAL\"}]},{\"@type\":\"WebSite\",\"@id\":\"https:\/\/metalco-mobiliar.cz\/#website\",\"url\":\"https:\/\/metalco-mobiliar.cz\/\",\"name\":\"Metalco \u2013 m\u011bstsk\u00fd mobili\u00e1\u0159\",\"description\":\"M\u011bstsk\u00fd mobili\u00e1\u0159 Metalco\",\"potentialAction\":[{\"@type\":\"SearchAction\",\"target\":{\"@type\":\"EntryPoint\",\"urlTemplate\":\"https:\/\/metalco-mobiliar.cz\/?s={search_term_string}\"},\"query-input\":\"required name=search_term_string\"}],\"inLanguage\":\"en-US\"}]}<\/script>\n<!-- \/ Yoast SEO plugin. -->","yoast_head_json":{"title":"SANIFICATION POINT CABRAL - Metalco Mobiliar","robots":{"index":"index","follow":"follow","max-snippet":"max-snippet:-1","max-image-preview":"max-image-preview:large","max-video-preview":"max-video-preview:-1"},"canonical":"https:\/\/metalco-mobiliar.cz\/en\/prodotti-en\/sanification-point-cabral\/","og_locale":"en_US","og_type":"article","og_title":"SANIFICATION POINT CABRAL - Metalco Mobiliar","og_description":"The first dispenser suitable for crowded places, as hotels, beach resorts and wellness centers, available both for indoors and outdoors. Hand sanitization operations in crowded places, such as hotels, beach resorts, parks, wellness centers, can be complicated, due to overcrowding and environmental conditions. For this purpose, CABRAL has been conceived: available in two versions, one [&hellip;]","og_url":"https:\/\/metalco-mobiliar.cz\/en\/prodotti-en\/sanification-point-cabral\/","og_site_name":"Metalco Mobiliar","article_modified_time":"2022-09-01T08:13:59+00:00","og_image":[{"width":200,"height":200,"url":"https:\/\/metalco-mobiliar.cz\/news\/wp-content\/uploads\/2020\/07\/stojan-na-dezinfekci.jpg","type":"image\/jpeg"}],"twitter_misc":{"Est. reading time":"1 minute"},"schema":{"@context":"https:\/\/schema.org","@graph":[{"@type":"WebPage","@id":"https:\/\/metalco-mobiliar.cz\/en\/prodotti-en\/sanification-point-cabral\/","url":"https:\/\/metalco-mobiliar.cz\/en\/prodotti-en\/sanification-point-cabral\/","name":"SANIFICATION POINT CABRAL - Metalco Mobiliar","isPartOf":{"@id":"https:\/\/metalco-mobiliar.cz\/#website"},"primaryImageOfPage":{"@id":"https:\/\/metalco-mobiliar.cz\/en\/prodotti-en\/sanification-point-cabral\/#primaryimage"},"image":{"@id":"https:\/\/metalco-mobiliar.cz\/en\/prodotti-en\/sanification-point-cabral\/#primaryimage"},"thumbnailUrl":"https:\/\/metalco-mobiliar.cz\/news\/wp-content\/uploads\/2020\/07\/stojan-na-dezinfekci.jpg","datePublished":"2020-07-02T10:24:40+00:00","dateModified":"2022-09-01T08:13:59+00:00","breadcrumb":{"@id":"https:\/\/metalco-mobiliar.cz\/en\/prodotti-en\/sanification-point-cabral\/#breadcrumb"},"inLanguage":"en-US","potentialAction":[{"@type":"ReadAction","target":["https:\/\/metalco-mobiliar.cz\/en\/prodotti-en\/sanification-point-cabral\/"]}]},{"@type":"ImageObject","inLanguage":"en-US","@id":"https:\/\/metalco-mobiliar.cz\/en\/prodotti-en\/sanification-point-cabral\/#primaryimage","url":"https:\/\/metalco-mobiliar.cz\/news\/wp-content\/uploads\/2020\/07\/stojan-na-dezinfekci.jpg","contentUrl":"https:\/\/metalco-mobiliar.cz\/news\/wp-content\/uploads\/2020\/07\/stojan-na-dezinfekci.jpg","width":200,"height":200,"caption":"stojan na dezinfekci"},{"@type":"BreadcrumbList","@id":"https:\/\/metalco-mobiliar.cz\/en\/prodotti-en\/sanification-point-cabral\/#breadcrumb","itemListElement":[{"@type":"ListItem","position":1,"name":"Home","item":"https:\/\/metalco-mobiliar.cz\/en\/"},{"@type":"ListItem","position":2,"name":"SANIFICATION POINT CABRAL"}]},{"@type":"WebSite","@id":"https:\/\/metalco-mobiliar.cz\/#website","url":"https:\/\/metalco-mobiliar.cz\/","name":"Metalco \u2013 m\u011bstsk\u00fd mobili\u00e1\u0159","description":"M\u011bstsk\u00fd mobili\u00e1\u0159 Metalco","potentialAction":[{"@type":"SearchAction","target":{"@type":"EntryPoint","urlTemplate":"https:\/\/metalco-mobiliar.cz\/?s={search_term_string}"},"query-input":"required name=search_term_string"}],"inLanguage":"en-US"}]}},"_links":{"self":[{"href":"https:\/\/metalco-mobiliar.cz\/en\/wp-json\/wp\/v2\/product\/28534"}],"collection":[{"href":"https:\/\/metalco-mobiliar.cz\/en\/wp-json\/wp\/v2\/product"}],"about":[{"href":"https:\/\/metalco-mobiliar.cz\/en\/wp-json\/wp\/v2\/types\/product"}],"replies":[{"embeddable":true,"href":"https:\/\/metalco-mobiliar.cz\/en\/wp-json\/wp\/v2\/comments?post=28534"}],"wp:featuredmedia":[{"embeddable":true,"href":"https:\/\/metalco-mobiliar.cz\/en\/wp-json\/wp\/v2\/media\/28529"}],"wp:attachment":[{"href":"https:\/\/metalco-mobiliar.cz\/en\/wp-json\/wp\/v2\/media?parent=28534"}],"wp:term":[{"taxonomy":"product_cat","embeddable":true,"href":"https:\/\/metalco-mobiliar.cz\/en\/wp-json\/wp\/v2\/product_cat?post=28534"},{"taxonomy":"product_tag","embeddable":true,"href":"https:\/\/metalco-mobiliar.cz\/en\/wp-json\/wp\/v2\/product_tag?post=28534"}],"curies":[{"name":"wp","href":"https:\/\/api.w.org\/{rel}","templated":true}]}}