{"id":30257,"date":"2021-02-26T09:25:16","date_gmt":"2021-02-26T08:25:16","guid":{"rendered":"http:\/\/metalco-mobiliar.cz\/prodotto\/harris-isola-wpc-collection\/"},"modified":"2021-02-26T09:31:12","modified_gmt":"2021-02-26T08:31:12","slug":"harris-isola-wpc-collection","status":"publish","type":"product","link":"https:\/\/metalco-mobiliar.cz\/en\/prodotti-en\/harris-isola-wpc-collection\/","title":{"rendered":"HARRIS ISOLA WPC COLLECTION"},"content":{"rendered":"<p>Collection of modular seats, without backrest, composed of a double perimeter frame and a seat, both made of WPC (Wood Polymer Composite). Four versions are available: two square seats of different sizes; a seat with a central hole for the positioning around trees or plants; a \u201cL\u201d shaped seat, compatible with the Big Harris collection. The seats can be installed individually or in composition.<\/p>\n<p>Fixing: Pre-drilled for anchors<\/p>\n<p><strong>Dimensions and weight:<\/strong><br \/>\nWHIA 1500&nbsp;1500&#215;1500 mm H 420 mm\u00a0 175&nbsp;kg<br \/>\nWHI 1550&nbsp;1550&#215;1410 mm H 420 mm\u00a0 210&nbsp;kg<br \/>\nWHI 2000\u00a0 2050&#215;1915 mm H 420 mm\u00a0 370&nbsp;kg<br \/>\nWH TREE 1550&#215;1410 mm H 420 mm\u00a0 220&nbsp;kg<\/p>\n","protected":false},"excerpt":{"rendered":"<p>Collection of modular seats, without backrest, composed of a double perimeter frame and a seat, both made of WPC (Wood Polymer Composite). Four versions are available: two square seats of different sizes; a seat with a central hole for the positioning around trees or plants; a \u201cL\u201d shaped seat, compatible with the Big Harris collection. [&hellip;]<\/p>\n","protected":false},"featured_media":30248,"comment_status":"closed","ping_status":"closed","template":"","meta":{"_acf_changed":false},"product_cat":[345],"product_tag":[],"class_list":{"0":"post-30257","1":"product","2":"type-product","3":"status-publish","4":"has-post-thumbnail","6":"product_cat-seats-benches","7":"pa_designers-slit","8":"pa_material-wpc-en","9":"pa_material-corten-steel","10":"pa_material-powder-coated-steel","11":"collezioni-stile-en","12":"catalogo-catalogue-stile-2025","14":"first","15":"instock","16":"shipping-taxable","17":"product-type-simple"},"acf":[],"yoast_head":"<!-- This site is optimized with the Yoast SEO plugin v23.2 - https:\/\/yoast.com\/wordpress\/plugins\/seo\/ -->\n<title>HARRIS ISOLA WPC COLLECTION - Metalco Mobiliar<\/title>\n<meta name=\"robots\" content=\"index, follow, max-snippet:-1, max-image-preview:large, max-video-preview:-1\" \/>\n<link rel=\"canonical\" href=\"https:\/\/metalco-mobiliar.cz\/en\/prodotti-en\/harris-isola-wpc-collection\/\" \/>\n<meta property=\"og:locale\" content=\"en_US\" \/>\n<meta property=\"og:type\" content=\"article\" \/>\n<meta property=\"og:title\" content=\"HARRIS ISOLA WPC COLLECTION - Metalco Mobiliar\" \/>\n<meta property=\"og:description\" content=\"Collection of modular seats, without backrest, composed of a double perimeter frame and a seat, both made of WPC (Wood Polymer Composite). Four versions are available: two square seats of different sizes; a seat with a central hole for the positioning around trees or plants; a \u201cL\u201d shaped seat, compatible with the Big Harris collection. [&hellip;]\" \/>\n<meta property=\"og:url\" content=\"https:\/\/metalco-mobiliar.cz\/en\/prodotti-en\/harris-isola-wpc-collection\/\" \/>\n<meta property=\"og:site_name\" content=\"Metalco Mobiliar\" \/>\n<meta property=\"article:modified_time\" content=\"2021-02-26T08:31:12+00:00\" \/>\n<meta property=\"og:image\" content=\"https:\/\/metalco-mobiliar.cz\/news\/wp-content\/uploads\/2021\/02\/HARRIS-ISOLA-WPC-COLLECTION-I.jpg\" \/>\n\t<meta property=\"og:image:width\" content=\"200\" \/>\n\t<meta property=\"og:image:height\" content=\"200\" \/>\n\t<meta property=\"og:image:type\" content=\"image\/jpeg\" \/>\n<script type=\"application\/ld+json\" class=\"yoast-schema-graph\">{\"@context\":\"https:\/\/schema.org\",\"@graph\":[{\"@type\":\"WebPage\",\"@id\":\"https:\/\/metalco-mobiliar.cz\/en\/prodotti-en\/harris-isola-wpc-collection\/\",\"url\":\"https:\/\/metalco-mobiliar.cz\/en\/prodotti-en\/harris-isola-wpc-collection\/\",\"name\":\"HARRIS ISOLA WPC COLLECTION - Metalco Mobiliar\",\"isPartOf\":{\"@id\":\"https:\/\/metalco-mobiliar.cz\/#website\"},\"primaryImageOfPage\":{\"@id\":\"https:\/\/metalco-mobiliar.cz\/en\/prodotti-en\/harris-isola-wpc-collection\/#primaryimage\"},\"image\":{\"@id\":\"https:\/\/metalco-mobiliar.cz\/en\/prodotti-en\/harris-isola-wpc-collection\/#primaryimage\"},\"thumbnailUrl\":\"https:\/\/metalco-mobiliar.cz\/news\/wp-content\/uploads\/2021\/02\/HARRIS-ISOLA-WPC-COLLECTION-I.jpg\",\"datePublished\":\"2021-02-26T08:25:16+00:00\",\"dateModified\":\"2021-02-26T08:31:12+00:00\",\"breadcrumb\":{\"@id\":\"https:\/\/metalco-mobiliar.cz\/en\/prodotti-en\/harris-isola-wpc-collection\/#breadcrumb\"},\"inLanguage\":\"en-US\",\"potentialAction\":[{\"@type\":\"ReadAction\",\"target\":[\"https:\/\/metalco-mobiliar.cz\/en\/prodotti-en\/harris-isola-wpc-collection\/\"]}]},{\"@type\":\"ImageObject\",\"inLanguage\":\"en-US\",\"@id\":\"https:\/\/metalco-mobiliar.cz\/en\/prodotti-en\/harris-isola-wpc-collection\/#primaryimage\",\"url\":\"https:\/\/metalco-mobiliar.cz\/news\/wp-content\/uploads\/2021\/02\/HARRIS-ISOLA-WPC-COLLECTION-I.jpg\",\"contentUrl\":\"https:\/\/metalco-mobiliar.cz\/news\/wp-content\/uploads\/2021\/02\/HARRIS-ISOLA-WPC-COLLECTION-I.jpg\",\"width\":200,\"height\":200,\"caption\":\"parkov\u00e1 lavi\u010dka\"},{\"@type\":\"BreadcrumbList\",\"@id\":\"https:\/\/metalco-mobiliar.cz\/en\/prodotti-en\/harris-isola-wpc-collection\/#breadcrumb\",\"itemListElement\":[{\"@type\":\"ListItem\",\"position\":1,\"name\":\"Home\",\"item\":\"https:\/\/metalco-mobiliar.cz\/en\/\"},{\"@type\":\"ListItem\",\"position\":2,\"name\":\"HARRIS ISOLA WPC COLLECTION\"}]},{\"@type\":\"WebSite\",\"@id\":\"https:\/\/metalco-mobiliar.cz\/#website\",\"url\":\"https:\/\/metalco-mobiliar.cz\/\",\"name\":\"Metalco \u2013 m\u011bstsk\u00fd mobili\u00e1\u0159\",\"description\":\"M\u011bstsk\u00fd mobili\u00e1\u0159 Metalco\",\"potentialAction\":[{\"@type\":\"SearchAction\",\"target\":{\"@type\":\"EntryPoint\",\"urlTemplate\":\"https:\/\/metalco-mobiliar.cz\/?s={search_term_string}\"},\"query-input\":\"required name=search_term_string\"}],\"inLanguage\":\"en-US\"}]}<\/script>\n<!-- \/ Yoast SEO plugin. -->","yoast_head_json":{"title":"HARRIS ISOLA WPC COLLECTION - Metalco Mobiliar","robots":{"index":"index","follow":"follow","max-snippet":"max-snippet:-1","max-image-preview":"max-image-preview:large","max-video-preview":"max-video-preview:-1"},"canonical":"https:\/\/metalco-mobiliar.cz\/en\/prodotti-en\/harris-isola-wpc-collection\/","og_locale":"en_US","og_type":"article","og_title":"HARRIS ISOLA WPC COLLECTION - Metalco Mobiliar","og_description":"Collection of modular seats, without backrest, composed of a double perimeter frame and a seat, both made of WPC (Wood Polymer Composite). Four versions are available: two square seats of different sizes; a seat with a central hole for the positioning around trees or plants; a \u201cL\u201d shaped seat, compatible with the Big Harris collection. [&hellip;]","og_url":"https:\/\/metalco-mobiliar.cz\/en\/prodotti-en\/harris-isola-wpc-collection\/","og_site_name":"Metalco Mobiliar","article_modified_time":"2021-02-26T08:31:12+00:00","og_image":[{"width":200,"height":200,"url":"https:\/\/metalco-mobiliar.cz\/news\/wp-content\/uploads\/2021\/02\/HARRIS-ISOLA-WPC-COLLECTION-I.jpg","type":"image\/jpeg"}],"schema":{"@context":"https:\/\/schema.org","@graph":[{"@type":"WebPage","@id":"https:\/\/metalco-mobiliar.cz\/en\/prodotti-en\/harris-isola-wpc-collection\/","url":"https:\/\/metalco-mobiliar.cz\/en\/prodotti-en\/harris-isola-wpc-collection\/","name":"HARRIS ISOLA WPC COLLECTION - Metalco Mobiliar","isPartOf":{"@id":"https:\/\/metalco-mobiliar.cz\/#website"},"primaryImageOfPage":{"@id":"https:\/\/metalco-mobiliar.cz\/en\/prodotti-en\/harris-isola-wpc-collection\/#primaryimage"},"image":{"@id":"https:\/\/metalco-mobiliar.cz\/en\/prodotti-en\/harris-isola-wpc-collection\/#primaryimage"},"thumbnailUrl":"https:\/\/metalco-mobiliar.cz\/news\/wp-content\/uploads\/2021\/02\/HARRIS-ISOLA-WPC-COLLECTION-I.jpg","datePublished":"2021-02-26T08:25:16+00:00","dateModified":"2021-02-26T08:31:12+00:00","breadcrumb":{"@id":"https:\/\/metalco-mobiliar.cz\/en\/prodotti-en\/harris-isola-wpc-collection\/#breadcrumb"},"inLanguage":"en-US","potentialAction":[{"@type":"ReadAction","target":["https:\/\/metalco-mobiliar.cz\/en\/prodotti-en\/harris-isola-wpc-collection\/"]}]},{"@type":"ImageObject","inLanguage":"en-US","@id":"https:\/\/metalco-mobiliar.cz\/en\/prodotti-en\/harris-isola-wpc-collection\/#primaryimage","url":"https:\/\/metalco-mobiliar.cz\/news\/wp-content\/uploads\/2021\/02\/HARRIS-ISOLA-WPC-COLLECTION-I.jpg","contentUrl":"https:\/\/metalco-mobiliar.cz\/news\/wp-content\/uploads\/2021\/02\/HARRIS-ISOLA-WPC-COLLECTION-I.jpg","width":200,"height":200,"caption":"parkov\u00e1 lavi\u010dka"},{"@type":"BreadcrumbList","@id":"https:\/\/metalco-mobiliar.cz\/en\/prodotti-en\/harris-isola-wpc-collection\/#breadcrumb","itemListElement":[{"@type":"ListItem","position":1,"name":"Home","item":"https:\/\/metalco-mobiliar.cz\/en\/"},{"@type":"ListItem","position":2,"name":"HARRIS ISOLA WPC COLLECTION"}]},{"@type":"WebSite","@id":"https:\/\/metalco-mobiliar.cz\/#website","url":"https:\/\/metalco-mobiliar.cz\/","name":"Metalco \u2013 m\u011bstsk\u00fd mobili\u00e1\u0159","description":"M\u011bstsk\u00fd mobili\u00e1\u0159 Metalco","potentialAction":[{"@type":"SearchAction","target":{"@type":"EntryPoint","urlTemplate":"https:\/\/metalco-mobiliar.cz\/?s={search_term_string}"},"query-input":"required name=search_term_string"}],"inLanguage":"en-US"}]}},"_links":{"self":[{"href":"https:\/\/metalco-mobiliar.cz\/en\/wp-json\/wp\/v2\/product\/30257"}],"collection":[{"href":"https:\/\/metalco-mobiliar.cz\/en\/wp-json\/wp\/v2\/product"}],"about":[{"href":"https:\/\/metalco-mobiliar.cz\/en\/wp-json\/wp\/v2\/types\/product"}],"replies":[{"embeddable":true,"href":"https:\/\/metalco-mobiliar.cz\/en\/wp-json\/wp\/v2\/comments?post=30257"}],"wp:featuredmedia":[{"embeddable":true,"href":"https:\/\/metalco-mobiliar.cz\/en\/wp-json\/wp\/v2\/media\/30248"}],"wp:attachment":[{"href":"https:\/\/metalco-mobiliar.cz\/en\/wp-json\/wp\/v2\/media?parent=30257"}],"wp:term":[{"taxonomy":"product_cat","embeddable":true,"href":"https:\/\/metalco-mobiliar.cz\/en\/wp-json\/wp\/v2\/product_cat?post=30257"},{"taxonomy":"product_tag","embeddable":true,"href":"https:\/\/metalco-mobiliar.cz\/en\/wp-json\/wp\/v2\/product_tag?post=30257"}],"curies":[{"name":"wp","href":"https:\/\/api.w.org\/{rel}","templated":true}]}}