{"id":30278,"date":"2021-02-26T10:09:52","date_gmt":"2021-02-26T09:09:52","guid":{"rendered":"http:\/\/metalco-mobiliar.cz\/prodotto\/harris-wpc-collection-sedute-modulari\/"},"modified":"2021-02-26T10:15:47","modified_gmt":"2021-02-26T09:15:47","slug":"harris-wpc-collection-seats","status":"publish","type":"product","link":"https:\/\/metalco-mobiliar.cz\/en\/prodotti-en\/harris-wpc-collection-seats\/","title":{"rendered":"HARRIS WPC COLLECTION MODULAR SEATS"},"content":{"rendered":"<p>Collection of modular seats composed of steel supports, a perimeter frame, a seat, both made of WPC (Wood Polymer Composite). Two sizes, with or without backrest, are available. The WH 300 version is also available with alternating backrest.<\/p>\n<p><strong>Fixing:<\/strong> Pre-drilled for anchors<\/p>\n<p><strong>Dimensions and weight:<\/strong><br \/>\nWHS 200\u00a0 2050&#215;620 mm H 790 mm h 420 mm 100&nbsp;kg<br \/>\nWHS 300&nbsp;3050&#215;620 mm H 790 mm h 420 mm 155&nbsp;kg<br \/>\nWHSC 300\u00a0 3050&#215;685 mm H 790 mm h 420 mm 160&nbsp;kg<\/p>\n","protected":false},"excerpt":{"rendered":"<p>Collection of modular seats composed of steel supports, a perimeter frame, a seat, both made of WPC (Wood Polymer Composite). Two sizes, with or without backrest, are available. The WH 300 version is also available with alternating backrest. Fixing: Pre-drilled for anchors Dimensions and weight: WHS 200\u00a0 2050&#215;620 mm H 790 mm h 420 mm [&hellip;]<\/p>\n","protected":false},"featured_media":30267,"comment_status":"closed","ping_status":"closed","template":"","meta":{"_acf_changed":false},"product_cat":[345],"product_tag":[],"class_list":{"0":"post-30278","1":"product","2":"type-product","3":"status-publish","4":"has-post-thumbnail","6":"product_cat-seats-benches","7":"pa_designers-slit","8":"pa_material-wpc-en","9":"pa_material-corten-steel","10":"pa_material-powder-coated-steel","11":"collezioni-stile-en","12":"catalogo-catalogue-stile-2025","14":"first","15":"instock","16":"shipping-taxable","17":"product-type-simple"},"acf":[],"yoast_head":"<!-- This site is optimized with the Yoast SEO plugin v23.2 - https:\/\/yoast.com\/wordpress\/plugins\/seo\/ -->\n<title>HARRIS WPC COLLECTION MODULAR SEATS - Metalco Mobiliar<\/title>\n<meta name=\"robots\" content=\"index, follow, max-snippet:-1, max-image-preview:large, max-video-preview:-1\" \/>\n<link rel=\"canonical\" href=\"https:\/\/metalco-mobiliar.cz\/en\/prodotti-en\/harris-wpc-collection-seats\/\" \/>\n<meta property=\"og:locale\" content=\"en_US\" \/>\n<meta property=\"og:type\" content=\"article\" \/>\n<meta property=\"og:title\" content=\"HARRIS WPC COLLECTION MODULAR SEATS - Metalco Mobiliar\" \/>\n<meta property=\"og:description\" content=\"Collection of modular seats composed of steel supports, a perimeter frame, a seat, both made of WPC (Wood Polymer Composite). Two sizes, with or without backrest, are available. The WH 300 version is also available with alternating backrest. Fixing: Pre-drilled for anchors Dimensions and weight: WHS 200\u00a0 2050&#215;620 mm H 790 mm h 420 mm [&hellip;]\" \/>\n<meta property=\"og:url\" content=\"https:\/\/metalco-mobiliar.cz\/en\/prodotti-en\/harris-wpc-collection-seats\/\" \/>\n<meta property=\"og:site_name\" content=\"Metalco Mobiliar\" \/>\n<meta property=\"article:modified_time\" content=\"2021-02-26T09:15:47+00:00\" \/>\n<meta property=\"og:image\" content=\"https:\/\/metalco-mobiliar.cz\/news\/wp-content\/uploads\/2021\/02\/HARRIS-WPC-COLLECTION-I.jpg\" \/>\n\t<meta property=\"og:image:width\" content=\"200\" \/>\n\t<meta property=\"og:image:height\" content=\"200\" \/>\n\t<meta property=\"og:image:type\" content=\"image\/jpeg\" \/>\n<script type=\"application\/ld+json\" class=\"yoast-schema-graph\">{\"@context\":\"https:\/\/schema.org\",\"@graph\":[{\"@type\":\"WebPage\",\"@id\":\"https:\/\/metalco-mobiliar.cz\/en\/prodotti-en\/harris-wpc-collection-seats\/\",\"url\":\"https:\/\/metalco-mobiliar.cz\/en\/prodotti-en\/harris-wpc-collection-seats\/\",\"name\":\"HARRIS WPC COLLECTION MODULAR SEATS - Metalco Mobiliar\",\"isPartOf\":{\"@id\":\"https:\/\/metalco-mobiliar.cz\/#website\"},\"primaryImageOfPage\":{\"@id\":\"https:\/\/metalco-mobiliar.cz\/en\/prodotti-en\/harris-wpc-collection-seats\/#primaryimage\"},\"image\":{\"@id\":\"https:\/\/metalco-mobiliar.cz\/en\/prodotti-en\/harris-wpc-collection-seats\/#primaryimage\"},\"thumbnailUrl\":\"https:\/\/metalco-mobiliar.cz\/news\/wp-content\/uploads\/2021\/02\/HARRIS-WPC-COLLECTION-I.jpg\",\"datePublished\":\"2021-02-26T09:09:52+00:00\",\"dateModified\":\"2021-02-26T09:15:47+00:00\",\"breadcrumb\":{\"@id\":\"https:\/\/metalco-mobiliar.cz\/en\/prodotti-en\/harris-wpc-collection-seats\/#breadcrumb\"},\"inLanguage\":\"en-US\",\"potentialAction\":[{\"@type\":\"ReadAction\",\"target\":[\"https:\/\/metalco-mobiliar.cz\/en\/prodotti-en\/harris-wpc-collection-seats\/\"]}]},{\"@type\":\"ImageObject\",\"inLanguage\":\"en-US\",\"@id\":\"https:\/\/metalco-mobiliar.cz\/en\/prodotti-en\/harris-wpc-collection-seats\/#primaryimage\",\"url\":\"https:\/\/metalco-mobiliar.cz\/news\/wp-content\/uploads\/2021\/02\/HARRIS-WPC-COLLECTION-I.jpg\",\"contentUrl\":\"https:\/\/metalco-mobiliar.cz\/news\/wp-content\/uploads\/2021\/02\/HARRIS-WPC-COLLECTION-I.jpg\",\"width\":200,\"height\":200,\"caption\":\"modul\u00e1rn\u00ed lavi\u010dka\"},{\"@type\":\"BreadcrumbList\",\"@id\":\"https:\/\/metalco-mobiliar.cz\/en\/prodotti-en\/harris-wpc-collection-seats\/#breadcrumb\",\"itemListElement\":[{\"@type\":\"ListItem\",\"position\":1,\"name\":\"Home\",\"item\":\"https:\/\/metalco-mobiliar.cz\/en\/\"},{\"@type\":\"ListItem\",\"position\":2,\"name\":\"HARRIS WPC COLLECTION MODULAR SEATS\"}]},{\"@type\":\"WebSite\",\"@id\":\"https:\/\/metalco-mobiliar.cz\/#website\",\"url\":\"https:\/\/metalco-mobiliar.cz\/\",\"name\":\"Metalco \u2013 m\u011bstsk\u00fd mobili\u00e1\u0159\",\"description\":\"M\u011bstsk\u00fd mobili\u00e1\u0159 Metalco\",\"potentialAction\":[{\"@type\":\"SearchAction\",\"target\":{\"@type\":\"EntryPoint\",\"urlTemplate\":\"https:\/\/metalco-mobiliar.cz\/?s={search_term_string}\"},\"query-input\":\"required name=search_term_string\"}],\"inLanguage\":\"en-US\"}]}<\/script>\n<!-- \/ Yoast SEO plugin. -->","yoast_head_json":{"title":"HARRIS WPC COLLECTION MODULAR SEATS - Metalco Mobiliar","robots":{"index":"index","follow":"follow","max-snippet":"max-snippet:-1","max-image-preview":"max-image-preview:large","max-video-preview":"max-video-preview:-1"},"canonical":"https:\/\/metalco-mobiliar.cz\/en\/prodotti-en\/harris-wpc-collection-seats\/","og_locale":"en_US","og_type":"article","og_title":"HARRIS WPC COLLECTION MODULAR SEATS - Metalco Mobiliar","og_description":"Collection of modular seats composed of steel supports, a perimeter frame, a seat, both made of WPC (Wood Polymer Composite). Two sizes, with or without backrest, are available. The WH 300 version is also available with alternating backrest. Fixing: Pre-drilled for anchors Dimensions and weight: WHS 200\u00a0 2050&#215;620 mm H 790 mm h 420 mm [&hellip;]","og_url":"https:\/\/metalco-mobiliar.cz\/en\/prodotti-en\/harris-wpc-collection-seats\/","og_site_name":"Metalco Mobiliar","article_modified_time":"2021-02-26T09:15:47+00:00","og_image":[{"width":200,"height":200,"url":"https:\/\/metalco-mobiliar.cz\/news\/wp-content\/uploads\/2021\/02\/HARRIS-WPC-COLLECTION-I.jpg","type":"image\/jpeg"}],"schema":{"@context":"https:\/\/schema.org","@graph":[{"@type":"WebPage","@id":"https:\/\/metalco-mobiliar.cz\/en\/prodotti-en\/harris-wpc-collection-seats\/","url":"https:\/\/metalco-mobiliar.cz\/en\/prodotti-en\/harris-wpc-collection-seats\/","name":"HARRIS WPC COLLECTION MODULAR SEATS - Metalco Mobiliar","isPartOf":{"@id":"https:\/\/metalco-mobiliar.cz\/#website"},"primaryImageOfPage":{"@id":"https:\/\/metalco-mobiliar.cz\/en\/prodotti-en\/harris-wpc-collection-seats\/#primaryimage"},"image":{"@id":"https:\/\/metalco-mobiliar.cz\/en\/prodotti-en\/harris-wpc-collection-seats\/#primaryimage"},"thumbnailUrl":"https:\/\/metalco-mobiliar.cz\/news\/wp-content\/uploads\/2021\/02\/HARRIS-WPC-COLLECTION-I.jpg","datePublished":"2021-02-26T09:09:52+00:00","dateModified":"2021-02-26T09:15:47+00:00","breadcrumb":{"@id":"https:\/\/metalco-mobiliar.cz\/en\/prodotti-en\/harris-wpc-collection-seats\/#breadcrumb"},"inLanguage":"en-US","potentialAction":[{"@type":"ReadAction","target":["https:\/\/metalco-mobiliar.cz\/en\/prodotti-en\/harris-wpc-collection-seats\/"]}]},{"@type":"ImageObject","inLanguage":"en-US","@id":"https:\/\/metalco-mobiliar.cz\/en\/prodotti-en\/harris-wpc-collection-seats\/#primaryimage","url":"https:\/\/metalco-mobiliar.cz\/news\/wp-content\/uploads\/2021\/02\/HARRIS-WPC-COLLECTION-I.jpg","contentUrl":"https:\/\/metalco-mobiliar.cz\/news\/wp-content\/uploads\/2021\/02\/HARRIS-WPC-COLLECTION-I.jpg","width":200,"height":200,"caption":"modul\u00e1rn\u00ed lavi\u010dka"},{"@type":"BreadcrumbList","@id":"https:\/\/metalco-mobiliar.cz\/en\/prodotti-en\/harris-wpc-collection-seats\/#breadcrumb","itemListElement":[{"@type":"ListItem","position":1,"name":"Home","item":"https:\/\/metalco-mobiliar.cz\/en\/"},{"@type":"ListItem","position":2,"name":"HARRIS WPC COLLECTION MODULAR SEATS"}]},{"@type":"WebSite","@id":"https:\/\/metalco-mobiliar.cz\/#website","url":"https:\/\/metalco-mobiliar.cz\/","name":"Metalco \u2013 m\u011bstsk\u00fd mobili\u00e1\u0159","description":"M\u011bstsk\u00fd mobili\u00e1\u0159 Metalco","potentialAction":[{"@type":"SearchAction","target":{"@type":"EntryPoint","urlTemplate":"https:\/\/metalco-mobiliar.cz\/?s={search_term_string}"},"query-input":"required name=search_term_string"}],"inLanguage":"en-US"}]}},"_links":{"self":[{"href":"https:\/\/metalco-mobiliar.cz\/en\/wp-json\/wp\/v2\/product\/30278"}],"collection":[{"href":"https:\/\/metalco-mobiliar.cz\/en\/wp-json\/wp\/v2\/product"}],"about":[{"href":"https:\/\/metalco-mobiliar.cz\/en\/wp-json\/wp\/v2\/types\/product"}],"replies":[{"embeddable":true,"href":"https:\/\/metalco-mobiliar.cz\/en\/wp-json\/wp\/v2\/comments?post=30278"}],"wp:featuredmedia":[{"embeddable":true,"href":"https:\/\/metalco-mobiliar.cz\/en\/wp-json\/wp\/v2\/media\/30267"}],"wp:attachment":[{"href":"https:\/\/metalco-mobiliar.cz\/en\/wp-json\/wp\/v2\/media?parent=30278"}],"wp:term":[{"taxonomy":"product_cat","embeddable":true,"href":"https:\/\/metalco-mobiliar.cz\/en\/wp-json\/wp\/v2\/product_cat?post=30278"},{"taxonomy":"product_tag","embeddable":true,"href":"https:\/\/metalco-mobiliar.cz\/en\/wp-json\/wp\/v2\/product_tag?post=30278"}],"curies":[{"name":"wp","href":"https:\/\/api.w.org\/{rel}","templated":true}]}}