{"id":30641,"date":"2021-03-15T10:30:39","date_gmt":"2021-03-15T09:30:39","guid":{"rendered":"http:\/\/metalco-mobiliar.cz\/prodotto\/bailo-w\/"},"modified":"2022-10-21T11:13:27","modified_gmt":"2022-10-21T09:13:27","slug":"bailo-w","status":"publish","type":"product","link":"https:\/\/metalco-mobiliar.cz\/en\/prodotti-en\/bailo-w\/","title":{"rendered":"BAILO W"},"content":{"rendered":"<p>Collection of benches composed of backrest and seat in wood equipped with two supports with armrests in powder coated cast aluminum. The single seat version is also available.<\/p>\n<p><strong>Dimensions and weight:<\/strong><\/p>\n<p>815&#215;645 mm H 810 mm h 434 mm 24&nbsp;kg<br \/>\n1865&#215;645 mm H 810 mm h 434 mm 44&nbsp;kg<\/p>\n","protected":false},"excerpt":{"rendered":"<p>Collection of benches composed of backrest and seat in wood equipped with two supports with armrests in powder coated cast aluminum. The single seat version is also available. Dimensions and weight: 815&#215;645 mm H 810 mm h 434 mm 24&nbsp;kg 1865&#215;645 mm H 810 mm h 434 mm 44&nbsp;kg<\/p>\n","protected":false},"featured_media":30633,"comment_status":"closed","ping_status":"closed","template":"","meta":{"_acf_changed":false},"product_cat":[345],"product_tag":[],"class_list":{"0":"post-30641","1":"product","2":"type-product","3":"status-publish","4":"has-post-thumbnail","6":"product_cat-seats-benches","7":"pa_designers-massimo-tasca","8":"pa_material-powder-coated-aluminum","9":"pa_material-powder-coated-steel","10":"pa_material-wood","11":"collezioni-stile-en","12":"catalogo-catalogue-stile-2025","14":"first","15":"instock","16":"shipping-taxable","17":"product-type-simple"},"acf":[],"yoast_head":"<!-- This site is optimized with the Yoast SEO plugin v23.2 - https:\/\/yoast.com\/wordpress\/plugins\/seo\/ -->\n<title>BAILO W - Metalco Mobiliar<\/title>\n<meta name=\"robots\" content=\"index, follow, max-snippet:-1, max-image-preview:large, max-video-preview:-1\" \/>\n<link rel=\"canonical\" href=\"https:\/\/metalco-mobiliar.cz\/en\/prodotti-en\/bailo-w\/\" \/>\n<meta property=\"og:locale\" content=\"en_US\" \/>\n<meta property=\"og:type\" content=\"article\" \/>\n<meta property=\"og:title\" content=\"BAILO W - Metalco Mobiliar\" \/>\n<meta property=\"og:description\" content=\"Collection of benches composed of backrest and seat in wood equipped with two supports with armrests in powder coated cast aluminum. The single seat version is also available. Dimensions and weight: 815&#215;645 mm H 810 mm h 434 mm 24&nbsp;kg 1865&#215;645 mm H 810 mm h 434 mm 44&nbsp;kg\" \/>\n<meta property=\"og:url\" content=\"https:\/\/metalco-mobiliar.cz\/en\/prodotti-en\/bailo-w\/\" \/>\n<meta property=\"og:site_name\" content=\"Metalco Mobiliar\" \/>\n<meta property=\"article:modified_time\" content=\"2022-10-21T09:13:27+00:00\" \/>\n<meta property=\"og:image\" content=\"https:\/\/metalco-mobiliar.cz\/news\/wp-content\/uploads\/2021\/03\/d\u0159ev\u011bn\u00e1-lavi\u010dka-do-parku-BAILO-1.png\" \/>\n\t<meta property=\"og:image:width\" content=\"600\" \/>\n\t<meta property=\"og:image:height\" content=\"600\" \/>\n\t<meta property=\"og:image:type\" content=\"image\/png\" \/>\n<script type=\"application\/ld+json\" class=\"yoast-schema-graph\">{\"@context\":\"https:\/\/schema.org\",\"@graph\":[{\"@type\":\"WebPage\",\"@id\":\"https:\/\/metalco-mobiliar.cz\/en\/prodotti-en\/bailo-w\/\",\"url\":\"https:\/\/metalco-mobiliar.cz\/en\/prodotti-en\/bailo-w\/\",\"name\":\"BAILO W - Metalco Mobiliar\",\"isPartOf\":{\"@id\":\"https:\/\/metalco-mobiliar.cz\/#website\"},\"primaryImageOfPage\":{\"@id\":\"https:\/\/metalco-mobiliar.cz\/en\/prodotti-en\/bailo-w\/#primaryimage\"},\"image\":{\"@id\":\"https:\/\/metalco-mobiliar.cz\/en\/prodotti-en\/bailo-w\/#primaryimage\"},\"thumbnailUrl\":\"https:\/\/metalco-mobiliar.cz\/news\/wp-content\/uploads\/2021\/03\/d\u0159ev\u011bn\u00e1-lavi\u010dka-do-parku-BAILO-1.png\",\"datePublished\":\"2021-03-15T09:30:39+00:00\",\"dateModified\":\"2022-10-21T09:13:27+00:00\",\"breadcrumb\":{\"@id\":\"https:\/\/metalco-mobiliar.cz\/en\/prodotti-en\/bailo-w\/#breadcrumb\"},\"inLanguage\":\"en-US\",\"potentialAction\":[{\"@type\":\"ReadAction\",\"target\":[\"https:\/\/metalco-mobiliar.cz\/en\/prodotti-en\/bailo-w\/\"]}]},{\"@type\":\"ImageObject\",\"inLanguage\":\"en-US\",\"@id\":\"https:\/\/metalco-mobiliar.cz\/en\/prodotti-en\/bailo-w\/#primaryimage\",\"url\":\"https:\/\/metalco-mobiliar.cz\/news\/wp-content\/uploads\/2021\/03\/d\u0159ev\u011bn\u00e1-lavi\u010dka-do-parku-BAILO-1.png\",\"contentUrl\":\"https:\/\/metalco-mobiliar.cz\/news\/wp-content\/uploads\/2021\/03\/d\u0159ev\u011bn\u00e1-lavi\u010dka-do-parku-BAILO-1.png\",\"width\":600,\"height\":600,\"caption\":\"parkov\u00e1 lavi\u010dka\"},{\"@type\":\"BreadcrumbList\",\"@id\":\"https:\/\/metalco-mobiliar.cz\/en\/prodotti-en\/bailo-w\/#breadcrumb\",\"itemListElement\":[{\"@type\":\"ListItem\",\"position\":1,\"name\":\"Home\",\"item\":\"https:\/\/metalco-mobiliar.cz\/en\/\"},{\"@type\":\"ListItem\",\"position\":2,\"name\":\"BAILO W\"}]},{\"@type\":\"WebSite\",\"@id\":\"https:\/\/metalco-mobiliar.cz\/#website\",\"url\":\"https:\/\/metalco-mobiliar.cz\/\",\"name\":\"Metalco \u2013 m\u011bstsk\u00fd mobili\u00e1\u0159\",\"description\":\"M\u011bstsk\u00fd mobili\u00e1\u0159 Metalco\",\"potentialAction\":[{\"@type\":\"SearchAction\",\"target\":{\"@type\":\"EntryPoint\",\"urlTemplate\":\"https:\/\/metalco-mobiliar.cz\/?s={search_term_string}\"},\"query-input\":\"required name=search_term_string\"}],\"inLanguage\":\"en-US\"}]}<\/script>\n<!-- \/ Yoast SEO plugin. -->","yoast_head_json":{"title":"BAILO W - Metalco Mobiliar","robots":{"index":"index","follow":"follow","max-snippet":"max-snippet:-1","max-image-preview":"max-image-preview:large","max-video-preview":"max-video-preview:-1"},"canonical":"https:\/\/metalco-mobiliar.cz\/en\/prodotti-en\/bailo-w\/","og_locale":"en_US","og_type":"article","og_title":"BAILO W - Metalco Mobiliar","og_description":"Collection of benches composed of backrest and seat in wood equipped with two supports with armrests in powder coated cast aluminum. The single seat version is also available. Dimensions and weight: 815&#215;645 mm H 810 mm h 434 mm 24&nbsp;kg 1865&#215;645 mm H 810 mm h 434 mm 44&nbsp;kg","og_url":"https:\/\/metalco-mobiliar.cz\/en\/prodotti-en\/bailo-w\/","og_site_name":"Metalco Mobiliar","article_modified_time":"2022-10-21T09:13:27+00:00","og_image":[{"width":600,"height":600,"url":"https:\/\/metalco-mobiliar.cz\/news\/wp-content\/uploads\/2021\/03\/d\u0159ev\u011bn\u00e1-lavi\u010dka-do-parku-BAILO-1.png","type":"image\/png"}],"schema":{"@context":"https:\/\/schema.org","@graph":[{"@type":"WebPage","@id":"https:\/\/metalco-mobiliar.cz\/en\/prodotti-en\/bailo-w\/","url":"https:\/\/metalco-mobiliar.cz\/en\/prodotti-en\/bailo-w\/","name":"BAILO W - Metalco Mobiliar","isPartOf":{"@id":"https:\/\/metalco-mobiliar.cz\/#website"},"primaryImageOfPage":{"@id":"https:\/\/metalco-mobiliar.cz\/en\/prodotti-en\/bailo-w\/#primaryimage"},"image":{"@id":"https:\/\/metalco-mobiliar.cz\/en\/prodotti-en\/bailo-w\/#primaryimage"},"thumbnailUrl":"https:\/\/metalco-mobiliar.cz\/news\/wp-content\/uploads\/2021\/03\/d\u0159ev\u011bn\u00e1-lavi\u010dka-do-parku-BAILO-1.png","datePublished":"2021-03-15T09:30:39+00:00","dateModified":"2022-10-21T09:13:27+00:00","breadcrumb":{"@id":"https:\/\/metalco-mobiliar.cz\/en\/prodotti-en\/bailo-w\/#breadcrumb"},"inLanguage":"en-US","potentialAction":[{"@type":"ReadAction","target":["https:\/\/metalco-mobiliar.cz\/en\/prodotti-en\/bailo-w\/"]}]},{"@type":"ImageObject","inLanguage":"en-US","@id":"https:\/\/metalco-mobiliar.cz\/en\/prodotti-en\/bailo-w\/#primaryimage","url":"https:\/\/metalco-mobiliar.cz\/news\/wp-content\/uploads\/2021\/03\/d\u0159ev\u011bn\u00e1-lavi\u010dka-do-parku-BAILO-1.png","contentUrl":"https:\/\/metalco-mobiliar.cz\/news\/wp-content\/uploads\/2021\/03\/d\u0159ev\u011bn\u00e1-lavi\u010dka-do-parku-BAILO-1.png","width":600,"height":600,"caption":"parkov\u00e1 lavi\u010dka"},{"@type":"BreadcrumbList","@id":"https:\/\/metalco-mobiliar.cz\/en\/prodotti-en\/bailo-w\/#breadcrumb","itemListElement":[{"@type":"ListItem","position":1,"name":"Home","item":"https:\/\/metalco-mobiliar.cz\/en\/"},{"@type":"ListItem","position":2,"name":"BAILO W"}]},{"@type":"WebSite","@id":"https:\/\/metalco-mobiliar.cz\/#website","url":"https:\/\/metalco-mobiliar.cz\/","name":"Metalco \u2013 m\u011bstsk\u00fd mobili\u00e1\u0159","description":"M\u011bstsk\u00fd mobili\u00e1\u0159 Metalco","potentialAction":[{"@type":"SearchAction","target":{"@type":"EntryPoint","urlTemplate":"https:\/\/metalco-mobiliar.cz\/?s={search_term_string}"},"query-input":"required name=search_term_string"}],"inLanguage":"en-US"}]}},"_links":{"self":[{"href":"https:\/\/metalco-mobiliar.cz\/en\/wp-json\/wp\/v2\/product\/30641"}],"collection":[{"href":"https:\/\/metalco-mobiliar.cz\/en\/wp-json\/wp\/v2\/product"}],"about":[{"href":"https:\/\/metalco-mobiliar.cz\/en\/wp-json\/wp\/v2\/types\/product"}],"replies":[{"embeddable":true,"href":"https:\/\/metalco-mobiliar.cz\/en\/wp-json\/wp\/v2\/comments?post=30641"}],"wp:featuredmedia":[{"embeddable":true,"href":"https:\/\/metalco-mobiliar.cz\/en\/wp-json\/wp\/v2\/media\/30633"}],"wp:attachment":[{"href":"https:\/\/metalco-mobiliar.cz\/en\/wp-json\/wp\/v2\/media?parent=30641"}],"wp:term":[{"taxonomy":"product_cat","embeddable":true,"href":"https:\/\/metalco-mobiliar.cz\/en\/wp-json\/wp\/v2\/product_cat?post=30641"},{"taxonomy":"product_tag","embeddable":true,"href":"https:\/\/metalco-mobiliar.cz\/en\/wp-json\/wp\/v2\/product_tag?post=30641"}],"curies":[{"name":"wp","href":"https:\/\/api.w.org\/{rel}","templated":true}]}}