{"id":3074,"date":"2013-07-02T16:33:52","date_gmt":"2013-07-02T14:33:52","guid":{"rendered":"http:\/\/metalco-mobiliar.cz\/news\/?post_type=product&#038;p=3074"},"modified":"2023-06-20T12:38:48","modified_gmt":"2023-06-20T10:38:48","slug":"aero-portarifiuti-raccolta-differenziata","status":"publish","type":"product","link":"https:\/\/metalco-mobiliar.cz\/en\/prodotti-en\/aero-portarifiuti-raccolta-differenziata\/","title":{"rendered":"AERO RECYCLING LITTER BIN"},"content":{"rendered":"<p>Collection of litter bins composed of a supporting structure with steel coating, equipped with three or four inner liners for separate collection and aluminum lid with holes provided with conveyors in sheet metal. The inner liners are arranged in line. The cover is equipped with two gas struts to assist opening which are activated with the release of the snap lock. Three versions are available, with three or four conveyors for the insertion of waste and one equipped with compartment for fire extinguisher. Composition in line.<\/p>\n<p><strong>Capacity:<\/strong> A3&nbsp;2\u00d750, 1\u00d765 lt | A4&nbsp;2\u00d750, 2\u00d760 lt | AVF 1\u00d750, 2\u00d760 lt<\/p>\n<p><strong>Dimensions and weight:<\/strong><br \/>\n<strong>A3<\/strong><br \/>\n990x484x800 mm 75&nbsp;kg<br \/>\n<strong>A4 | AVF<\/strong><br \/>\n1170x525x800 mm 98&nbsp;kg<\/p>\n<p><strong>Fixing:<\/strong> Freestanding (indoor only)<\/p>\n<p><strong>Accessories:<\/strong> Custom graphics<\/p>\n<p>&nbsp;<\/p>\n<p>&nbsp;<\/p>\n","protected":false},"excerpt":{"rendered":"<p>Collection of litter bins composed of a supporting structure with steel coating, equipped with three or four inner liners for separate collection and aluminum lid with holes provided with conveyors in sheet metal. The inner liners are arranged in line. The cover is equipped with two gas struts to assist opening which are activated with [&hellip;]<\/p>\n","protected":false},"featured_media":4537,"comment_status":"open","ping_status":"closed","template":"","meta":{"_acf_changed":false},"product_cat":[698,388],"product_tag":[559,557],"class_list":{"0":"post-3074","1":"product","2":"type-product","3":"status-publish","4":"has-post-thumbnail","6":"product_cat-cestini-en","7":"product_cat-litter-bins","8":"product_tag-litter-bin-for-recycling-collection","9":"product_tag-litter-bin-with-hood","10":"pa_designers-alfredo-tasca-en","11":"pa_designers-antonio-amendola-en","12":"pa_designers-elvira-cerratti-en","13":"pa_designers-raffaele-lazzari-en","14":"pa_material-powder-coated-aluminum","15":"pa_material-powder-coated-steel","16":"pa_material-stainless-steel","17":"collezioni-stile-en","18":"catalogo-catalogue-stile-2025","20":"first","21":"instock","22":"shipping-taxable","23":"product-type-simple"},"acf":[],"yoast_head":"<!-- This site is optimized with the Yoast SEO plugin v23.2 - https:\/\/yoast.com\/wordpress\/plugins\/seo\/ -->\n<title>Aero portarifiuti per raccolta differenziata - Metalco<\/title>\n<meta name=\"robots\" content=\"index, follow, max-snippet:-1, max-image-preview:large, max-video-preview:-1\" \/>\n<link rel=\"canonical\" href=\"https:\/\/metalco-mobiliar.cz\/en\/prodotti-en\/aero-portarifiuti-raccolta-differenziata\/\" \/>\n<meta property=\"og:locale\" content=\"en_US\" \/>\n<meta property=\"og:type\" content=\"article\" \/>\n<meta property=\"og:title\" content=\"Aero portarifiuti per raccolta differenziata - Metalco\" \/>\n<meta property=\"og:description\" content=\"Collection of litter bins composed of a supporting structure with steel coating, equipped with three or four inner liners for separate collection and aluminum lid with holes provided with conveyors in sheet metal. The inner liners are arranged in line. The cover is equipped with two gas struts to assist opening which are activated with [&hellip;]\" \/>\n<meta property=\"og:url\" content=\"https:\/\/metalco-mobiliar.cz\/en\/prodotti-en\/aero-portarifiuti-raccolta-differenziata\/\" \/>\n<meta property=\"og:site_name\" content=\"Metalco Mobiliar\" \/>\n<meta property=\"article:modified_time\" content=\"2023-06-20T10:38:48+00:00\" \/>\n<meta property=\"og:image\" content=\"https:\/\/metalco-mobiliar.cz\/news\/wp-content\/uploads\/2013\/07\/AERO.jpg\" \/>\n\t<meta property=\"og:image:width\" content=\"200\" \/>\n\t<meta property=\"og:image:height\" content=\"200\" \/>\n\t<meta property=\"og:image:type\" content=\"image\/jpeg\" \/>\n<meta name=\"twitter:label1\" content=\"Est. reading time\" \/>\n\t<meta name=\"twitter:data1\" content=\"1 minute\" \/>\n<script type=\"application\/ld+json\" class=\"yoast-schema-graph\">{\"@context\":\"https:\/\/schema.org\",\"@graph\":[{\"@type\":\"WebPage\",\"@id\":\"https:\/\/metalco-mobiliar.cz\/en\/prodotti-en\/aero-portarifiuti-raccolta-differenziata\/\",\"url\":\"https:\/\/metalco-mobiliar.cz\/en\/prodotti-en\/aero-portarifiuti-raccolta-differenziata\/\",\"name\":\"Aero portarifiuti per raccolta differenziata - Metalco\",\"isPartOf\":{\"@id\":\"https:\/\/metalco-mobiliar.cz\/#website\"},\"primaryImageOfPage\":{\"@id\":\"https:\/\/metalco-mobiliar.cz\/en\/prodotti-en\/aero-portarifiuti-raccolta-differenziata\/#primaryimage\"},\"image\":{\"@id\":\"https:\/\/metalco-mobiliar.cz\/en\/prodotti-en\/aero-portarifiuti-raccolta-differenziata\/#primaryimage\"},\"thumbnailUrl\":\"https:\/\/metalco-mobiliar.cz\/news\/wp-content\/uploads\/2013\/07\/AERO.jpg\",\"datePublished\":\"2013-07-02T14:33:52+00:00\",\"dateModified\":\"2023-06-20T10:38:48+00:00\",\"breadcrumb\":{\"@id\":\"https:\/\/metalco-mobiliar.cz\/en\/prodotti-en\/aero-portarifiuti-raccolta-differenziata\/#breadcrumb\"},\"inLanguage\":\"en-US\",\"potentialAction\":[{\"@type\":\"ReadAction\",\"target\":[\"https:\/\/metalco-mobiliar.cz\/en\/prodotti-en\/aero-portarifiuti-raccolta-differenziata\/\"]}]},{\"@type\":\"ImageObject\",\"inLanguage\":\"en-US\",\"@id\":\"https:\/\/metalco-mobiliar.cz\/en\/prodotti-en\/aero-portarifiuti-raccolta-differenziata\/#primaryimage\",\"url\":\"https:\/\/metalco-mobiliar.cz\/news\/wp-content\/uploads\/2013\/07\/AERO.jpg\",\"contentUrl\":\"https:\/\/metalco-mobiliar.cz\/news\/wp-content\/uploads\/2013\/07\/AERO.jpg\",\"width\":200,\"height\":200,\"caption\":\"Odpadkov\u00fd ko\u0161 na t\u0159\u00edd\u011bn\u00fd odpad\"},{\"@type\":\"BreadcrumbList\",\"@id\":\"https:\/\/metalco-mobiliar.cz\/en\/prodotti-en\/aero-portarifiuti-raccolta-differenziata\/#breadcrumb\",\"itemListElement\":[{\"@type\":\"ListItem\",\"position\":1,\"name\":\"Home\",\"item\":\"https:\/\/metalco-mobiliar.cz\/en\/\"},{\"@type\":\"ListItem\",\"position\":2,\"name\":\"AERO RECYCLING LITTER BIN\"}]},{\"@type\":\"WebSite\",\"@id\":\"https:\/\/metalco-mobiliar.cz\/#website\",\"url\":\"https:\/\/metalco-mobiliar.cz\/\",\"name\":\"Metalco \u2013 m\u011bstsk\u00fd mobili\u00e1\u0159\",\"description\":\"M\u011bstsk\u00fd mobili\u00e1\u0159 Metalco\",\"potentialAction\":[{\"@type\":\"SearchAction\",\"target\":{\"@type\":\"EntryPoint\",\"urlTemplate\":\"https:\/\/metalco-mobiliar.cz\/?s={search_term_string}\"},\"query-input\":\"required name=search_term_string\"}],\"inLanguage\":\"en-US\"}]}<\/script>\n<!-- \/ Yoast SEO plugin. -->","yoast_head_json":{"title":"Aero portarifiuti per raccolta differenziata - Metalco","robots":{"index":"index","follow":"follow","max-snippet":"max-snippet:-1","max-image-preview":"max-image-preview:large","max-video-preview":"max-video-preview:-1"},"canonical":"https:\/\/metalco-mobiliar.cz\/en\/prodotti-en\/aero-portarifiuti-raccolta-differenziata\/","og_locale":"en_US","og_type":"article","og_title":"Aero portarifiuti per raccolta differenziata - Metalco","og_description":"Collection of litter bins composed of a supporting structure with steel coating, equipped with three or four inner liners for separate collection and aluminum lid with holes provided with conveyors in sheet metal. The inner liners are arranged in line. The cover is equipped with two gas struts to assist opening which are activated with [&hellip;]","og_url":"https:\/\/metalco-mobiliar.cz\/en\/prodotti-en\/aero-portarifiuti-raccolta-differenziata\/","og_site_name":"Metalco Mobiliar","article_modified_time":"2023-06-20T10:38:48+00:00","og_image":[{"width":200,"height":200,"url":"https:\/\/metalco-mobiliar.cz\/news\/wp-content\/uploads\/2013\/07\/AERO.jpg","type":"image\/jpeg"}],"twitter_misc":{"Est. reading time":"1 minute"},"schema":{"@context":"https:\/\/schema.org","@graph":[{"@type":"WebPage","@id":"https:\/\/metalco-mobiliar.cz\/en\/prodotti-en\/aero-portarifiuti-raccolta-differenziata\/","url":"https:\/\/metalco-mobiliar.cz\/en\/prodotti-en\/aero-portarifiuti-raccolta-differenziata\/","name":"Aero portarifiuti per raccolta differenziata - Metalco","isPartOf":{"@id":"https:\/\/metalco-mobiliar.cz\/#website"},"primaryImageOfPage":{"@id":"https:\/\/metalco-mobiliar.cz\/en\/prodotti-en\/aero-portarifiuti-raccolta-differenziata\/#primaryimage"},"image":{"@id":"https:\/\/metalco-mobiliar.cz\/en\/prodotti-en\/aero-portarifiuti-raccolta-differenziata\/#primaryimage"},"thumbnailUrl":"https:\/\/metalco-mobiliar.cz\/news\/wp-content\/uploads\/2013\/07\/AERO.jpg","datePublished":"2013-07-02T14:33:52+00:00","dateModified":"2023-06-20T10:38:48+00:00","breadcrumb":{"@id":"https:\/\/metalco-mobiliar.cz\/en\/prodotti-en\/aero-portarifiuti-raccolta-differenziata\/#breadcrumb"},"inLanguage":"en-US","potentialAction":[{"@type":"ReadAction","target":["https:\/\/metalco-mobiliar.cz\/en\/prodotti-en\/aero-portarifiuti-raccolta-differenziata\/"]}]},{"@type":"ImageObject","inLanguage":"en-US","@id":"https:\/\/metalco-mobiliar.cz\/en\/prodotti-en\/aero-portarifiuti-raccolta-differenziata\/#primaryimage","url":"https:\/\/metalco-mobiliar.cz\/news\/wp-content\/uploads\/2013\/07\/AERO.jpg","contentUrl":"https:\/\/metalco-mobiliar.cz\/news\/wp-content\/uploads\/2013\/07\/AERO.jpg","width":200,"height":200,"caption":"Odpadkov\u00fd ko\u0161 na t\u0159\u00edd\u011bn\u00fd odpad"},{"@type":"BreadcrumbList","@id":"https:\/\/metalco-mobiliar.cz\/en\/prodotti-en\/aero-portarifiuti-raccolta-differenziata\/#breadcrumb","itemListElement":[{"@type":"ListItem","position":1,"name":"Home","item":"https:\/\/metalco-mobiliar.cz\/en\/"},{"@type":"ListItem","position":2,"name":"AERO RECYCLING LITTER BIN"}]},{"@type":"WebSite","@id":"https:\/\/metalco-mobiliar.cz\/#website","url":"https:\/\/metalco-mobiliar.cz\/","name":"Metalco \u2013 m\u011bstsk\u00fd mobili\u00e1\u0159","description":"M\u011bstsk\u00fd mobili\u00e1\u0159 Metalco","potentialAction":[{"@type":"SearchAction","target":{"@type":"EntryPoint","urlTemplate":"https:\/\/metalco-mobiliar.cz\/?s={search_term_string}"},"query-input":"required name=search_term_string"}],"inLanguage":"en-US"}]}},"_links":{"self":[{"href":"https:\/\/metalco-mobiliar.cz\/en\/wp-json\/wp\/v2\/product\/3074"}],"collection":[{"href":"https:\/\/metalco-mobiliar.cz\/en\/wp-json\/wp\/v2\/product"}],"about":[{"href":"https:\/\/metalco-mobiliar.cz\/en\/wp-json\/wp\/v2\/types\/product"}],"replies":[{"embeddable":true,"href":"https:\/\/metalco-mobiliar.cz\/en\/wp-json\/wp\/v2\/comments?post=3074"}],"wp:featuredmedia":[{"embeddable":true,"href":"https:\/\/metalco-mobiliar.cz\/en\/wp-json\/wp\/v2\/media\/4537"}],"wp:attachment":[{"href":"https:\/\/metalco-mobiliar.cz\/en\/wp-json\/wp\/v2\/media?parent=3074"}],"wp:term":[{"taxonomy":"product_cat","embeddable":true,"href":"https:\/\/metalco-mobiliar.cz\/en\/wp-json\/wp\/v2\/product_cat?post=3074"},{"taxonomy":"product_tag","embeddable":true,"href":"https:\/\/metalco-mobiliar.cz\/en\/wp-json\/wp\/v2\/product_tag?post=3074"}],"curies":[{"name":"wp","href":"https:\/\/api.w.org\/{rel}","templated":true}]}}