{"id":30803,"date":"2021-03-23T11:16:46","date_gmt":"2021-03-23T10:16:46","guid":{"rendered":"http:\/\/metalco-mobiliar.cz\/prodotto\/ribbon\/"},"modified":"2023-05-16T08:43:18","modified_gmt":"2023-05-16T06:43:18","slug":"ribbon","status":"publish","type":"product","link":"https:\/\/metalco-mobiliar.cz\/en\/prodotti-en\/ribbon\/","title":{"rendered":"RIBBON"},"content":{"rendered":"<p>Bridge-shaped bench with rounded edges made of UHPC (Ultra High Performance<br \/>\nConcrete). Two models without backrest, in two sizes and a model with wooden<br \/>\nbackrest are available.<\/p>\n<p><strong>Fixing:<\/strong> Installation with threaded bars<\/p>\n<p><strong>Accessories:<\/strong> LED lightning<\/p>\n<p><strong>Dimensions and weight:<\/strong><br \/>\n2820&#215;600 mm H 800 mm h 450 mm<br \/>\n401 | 383&nbsp;kg<br \/>\n1490&#215;600 mm H 450 mm<br \/>\n198&nbsp;kg<\/p>\n","protected":false},"excerpt":{"rendered":"<p>Bridge-shaped bench with rounded edges made of UHPC (Ultra High Performance Concrete). Two models without backrest, in two sizes and a model with wooden backrest are available. Fixing: Installation with threaded bars Accessories: LED lightning Dimensions and weight: 2820&#215;600 mm H 800 mm h 450 mm 401 | 383&nbsp;kg 1490&#215;600 mm H 450 mm 198&nbsp;kg<\/p>\n","protected":false},"featured_media":30795,"comment_status":"closed","ping_status":"closed","template":"","meta":{"_acf_changed":false},"product_cat":[882,345],"product_tag":[],"class_list":{"0":"post-30803","1":"product","2":"type-product","3":"status-publish","4":"has-post-thumbnail","6":"product_cat-molecular-concrete-en","7":"product_cat-seats-benches","8":"pa_designers-metalco-department","9":"pa_material-uhpc","10":"pa_material-wood","11":"collezioni-stile-en","12":"catalogo-catalogue-stile-2025","14":"first","15":"instock","16":"shipping-taxable","17":"product-type-simple"},"acf":[],"yoast_head":"<!-- This site is optimized with the Yoast SEO plugin v23.2 - https:\/\/yoast.com\/wordpress\/plugins\/seo\/ -->\n<title>RIBBON - Metalco Mobiliar<\/title>\n<meta name=\"robots\" content=\"index, follow, max-snippet:-1, max-image-preview:large, max-video-preview:-1\" \/>\n<link rel=\"canonical\" href=\"https:\/\/metalco-mobiliar.cz\/en\/prodotti-en\/ribbon\/\" \/>\n<meta property=\"og:locale\" content=\"en_US\" \/>\n<meta property=\"og:type\" content=\"article\" \/>\n<meta property=\"og:title\" content=\"RIBBON - Metalco Mobiliar\" \/>\n<meta property=\"og:description\" content=\"Bridge-shaped bench with rounded edges made of UHPC (Ultra High Performance Concrete). Two models without backrest, in two sizes and a model with wooden backrest are available. Fixing: Installation with threaded bars Accessories: LED lightning Dimensions and weight: 2820&#215;600 mm H 800 mm h 450 mm 401 | 383&nbsp;kg 1490&#215;600 mm H 450 mm 198&nbsp;kg\" \/>\n<meta property=\"og:url\" content=\"https:\/\/metalco-mobiliar.cz\/en\/prodotti-en\/ribbon\/\" \/>\n<meta property=\"og:site_name\" content=\"Metalco Mobiliar\" \/>\n<meta property=\"article:modified_time\" content=\"2023-05-16T06:43:18+00:00\" \/>\n<meta property=\"og:image\" content=\"https:\/\/metalco-mobiliar.cz\/news\/wp-content\/uploads\/2021\/03\/betonov\u00fd-mobili\u00e1\u0159_lavice_Ribbon.png\" \/>\n\t<meta property=\"og:image:width\" content=\"600\" \/>\n\t<meta property=\"og:image:height\" content=\"600\" \/>\n\t<meta property=\"og:image:type\" content=\"image\/png\" \/>\n<script type=\"application\/ld+json\" class=\"yoast-schema-graph\">{\"@context\":\"https:\/\/schema.org\",\"@graph\":[{\"@type\":\"WebPage\",\"@id\":\"https:\/\/metalco-mobiliar.cz\/en\/prodotti-en\/ribbon\/\",\"url\":\"https:\/\/metalco-mobiliar.cz\/en\/prodotti-en\/ribbon\/\",\"name\":\"RIBBON - Metalco Mobiliar\",\"isPartOf\":{\"@id\":\"https:\/\/metalco-mobiliar.cz\/#website\"},\"primaryImageOfPage\":{\"@id\":\"https:\/\/metalco-mobiliar.cz\/en\/prodotti-en\/ribbon\/#primaryimage\"},\"image\":{\"@id\":\"https:\/\/metalco-mobiliar.cz\/en\/prodotti-en\/ribbon\/#primaryimage\"},\"thumbnailUrl\":\"https:\/\/metalco-mobiliar.cz\/news\/wp-content\/uploads\/2021\/03\/betonov\u00fd-mobili\u00e1\u0159_lavice_Ribbon.png\",\"datePublished\":\"2021-03-23T10:16:46+00:00\",\"dateModified\":\"2023-05-16T06:43:18+00:00\",\"breadcrumb\":{\"@id\":\"https:\/\/metalco-mobiliar.cz\/en\/prodotti-en\/ribbon\/#breadcrumb\"},\"inLanguage\":\"en-US\",\"potentialAction\":[{\"@type\":\"ReadAction\",\"target\":[\"https:\/\/metalco-mobiliar.cz\/en\/prodotti-en\/ribbon\/\"]}]},{\"@type\":\"ImageObject\",\"inLanguage\":\"en-US\",\"@id\":\"https:\/\/metalco-mobiliar.cz\/en\/prodotti-en\/ribbon\/#primaryimage\",\"url\":\"https:\/\/metalco-mobiliar.cz\/news\/wp-content\/uploads\/2021\/03\/betonov\u00fd-mobili\u00e1\u0159_lavice_Ribbon.png\",\"contentUrl\":\"https:\/\/metalco-mobiliar.cz\/news\/wp-content\/uploads\/2021\/03\/betonov\u00fd-mobili\u00e1\u0159_lavice_Ribbon.png\",\"width\":600,\"height\":600,\"caption\":\"betonov\u00e1 lavice\"},{\"@type\":\"BreadcrumbList\",\"@id\":\"https:\/\/metalco-mobiliar.cz\/en\/prodotti-en\/ribbon\/#breadcrumb\",\"itemListElement\":[{\"@type\":\"ListItem\",\"position\":1,\"name\":\"Home\",\"item\":\"https:\/\/metalco-mobiliar.cz\/en\/\"},{\"@type\":\"ListItem\",\"position\":2,\"name\":\"RIBBON\"}]},{\"@type\":\"WebSite\",\"@id\":\"https:\/\/metalco-mobiliar.cz\/#website\",\"url\":\"https:\/\/metalco-mobiliar.cz\/\",\"name\":\"Metalco \u2013 m\u011bstsk\u00fd mobili\u00e1\u0159\",\"description\":\"M\u011bstsk\u00fd mobili\u00e1\u0159 Metalco\",\"potentialAction\":[{\"@type\":\"SearchAction\",\"target\":{\"@type\":\"EntryPoint\",\"urlTemplate\":\"https:\/\/metalco-mobiliar.cz\/?s={search_term_string}\"},\"query-input\":\"required name=search_term_string\"}],\"inLanguage\":\"en-US\"}]}<\/script>\n<!-- \/ Yoast SEO plugin. -->","yoast_head_json":{"title":"RIBBON - Metalco Mobiliar","robots":{"index":"index","follow":"follow","max-snippet":"max-snippet:-1","max-image-preview":"max-image-preview:large","max-video-preview":"max-video-preview:-1"},"canonical":"https:\/\/metalco-mobiliar.cz\/en\/prodotti-en\/ribbon\/","og_locale":"en_US","og_type":"article","og_title":"RIBBON - Metalco Mobiliar","og_description":"Bridge-shaped bench with rounded edges made of UHPC (Ultra High Performance Concrete). Two models without backrest, in two sizes and a model with wooden backrest are available. Fixing: Installation with threaded bars Accessories: LED lightning Dimensions and weight: 2820&#215;600 mm H 800 mm h 450 mm 401 | 383&nbsp;kg 1490&#215;600 mm H 450 mm 198&nbsp;kg","og_url":"https:\/\/metalco-mobiliar.cz\/en\/prodotti-en\/ribbon\/","og_site_name":"Metalco Mobiliar","article_modified_time":"2023-05-16T06:43:18+00:00","og_image":[{"width":600,"height":600,"url":"https:\/\/metalco-mobiliar.cz\/news\/wp-content\/uploads\/2021\/03\/betonov\u00fd-mobili\u00e1\u0159_lavice_Ribbon.png","type":"image\/png"}],"schema":{"@context":"https:\/\/schema.org","@graph":[{"@type":"WebPage","@id":"https:\/\/metalco-mobiliar.cz\/en\/prodotti-en\/ribbon\/","url":"https:\/\/metalco-mobiliar.cz\/en\/prodotti-en\/ribbon\/","name":"RIBBON - Metalco Mobiliar","isPartOf":{"@id":"https:\/\/metalco-mobiliar.cz\/#website"},"primaryImageOfPage":{"@id":"https:\/\/metalco-mobiliar.cz\/en\/prodotti-en\/ribbon\/#primaryimage"},"image":{"@id":"https:\/\/metalco-mobiliar.cz\/en\/prodotti-en\/ribbon\/#primaryimage"},"thumbnailUrl":"https:\/\/metalco-mobiliar.cz\/news\/wp-content\/uploads\/2021\/03\/betonov\u00fd-mobili\u00e1\u0159_lavice_Ribbon.png","datePublished":"2021-03-23T10:16:46+00:00","dateModified":"2023-05-16T06:43:18+00:00","breadcrumb":{"@id":"https:\/\/metalco-mobiliar.cz\/en\/prodotti-en\/ribbon\/#breadcrumb"},"inLanguage":"en-US","potentialAction":[{"@type":"ReadAction","target":["https:\/\/metalco-mobiliar.cz\/en\/prodotti-en\/ribbon\/"]}]},{"@type":"ImageObject","inLanguage":"en-US","@id":"https:\/\/metalco-mobiliar.cz\/en\/prodotti-en\/ribbon\/#primaryimage","url":"https:\/\/metalco-mobiliar.cz\/news\/wp-content\/uploads\/2021\/03\/betonov\u00fd-mobili\u00e1\u0159_lavice_Ribbon.png","contentUrl":"https:\/\/metalco-mobiliar.cz\/news\/wp-content\/uploads\/2021\/03\/betonov\u00fd-mobili\u00e1\u0159_lavice_Ribbon.png","width":600,"height":600,"caption":"betonov\u00e1 lavice"},{"@type":"BreadcrumbList","@id":"https:\/\/metalco-mobiliar.cz\/en\/prodotti-en\/ribbon\/#breadcrumb","itemListElement":[{"@type":"ListItem","position":1,"name":"Home","item":"https:\/\/metalco-mobiliar.cz\/en\/"},{"@type":"ListItem","position":2,"name":"RIBBON"}]},{"@type":"WebSite","@id":"https:\/\/metalco-mobiliar.cz\/#website","url":"https:\/\/metalco-mobiliar.cz\/","name":"Metalco \u2013 m\u011bstsk\u00fd mobili\u00e1\u0159","description":"M\u011bstsk\u00fd mobili\u00e1\u0159 Metalco","potentialAction":[{"@type":"SearchAction","target":{"@type":"EntryPoint","urlTemplate":"https:\/\/metalco-mobiliar.cz\/?s={search_term_string}"},"query-input":"required name=search_term_string"}],"inLanguage":"en-US"}]}},"_links":{"self":[{"href":"https:\/\/metalco-mobiliar.cz\/en\/wp-json\/wp\/v2\/product\/30803"}],"collection":[{"href":"https:\/\/metalco-mobiliar.cz\/en\/wp-json\/wp\/v2\/product"}],"about":[{"href":"https:\/\/metalco-mobiliar.cz\/en\/wp-json\/wp\/v2\/types\/product"}],"replies":[{"embeddable":true,"href":"https:\/\/metalco-mobiliar.cz\/en\/wp-json\/wp\/v2\/comments?post=30803"}],"wp:featuredmedia":[{"embeddable":true,"href":"https:\/\/metalco-mobiliar.cz\/en\/wp-json\/wp\/v2\/media\/30795"}],"wp:attachment":[{"href":"https:\/\/metalco-mobiliar.cz\/en\/wp-json\/wp\/v2\/media?parent=30803"}],"wp:term":[{"taxonomy":"product_cat","embeddable":true,"href":"https:\/\/metalco-mobiliar.cz\/en\/wp-json\/wp\/v2\/product_cat?post=30803"},{"taxonomy":"product_tag","embeddable":true,"href":"https:\/\/metalco-mobiliar.cz\/en\/wp-json\/wp\/v2\/product_tag?post=30803"}],"curies":[{"name":"wp","href":"https:\/\/api.w.org\/{rel}","templated":true}]}}