{"id":30986,"date":"2021-04-01T10:23:38","date_gmt":"2021-04-01T08:23:38","guid":{"rendered":"http:\/\/metalco-mobiliar.cz\/prodotto\/monolight\/"},"modified":"2023-03-25T22:55:13","modified_gmt":"2023-03-25T21:55:13","slug":"monolight","status":"publish","type":"product","link":"https:\/\/metalco-mobiliar.cz\/en\/prodotti-en\/monolight\/","title":{"rendered":"MONOLIGHT"},"content":{"rendered":"<p>A limited edition artistic selection, produced by the Italian artist and designer Lorenzo Maria Monti. The free-form seats are made of HPC (High Performance Concrete) and decorated with four patterns. The colours of the decorations can be customized. During the coating process, the customer can choose one of them to be pigmented with a special substance that reacts to a source of UV rays* and lights up the seats and the surrounding area. Three sizes partially emptied inside are available.<br \/>\n*To see the artistic effect it is necessary to install on-site a lighting system equipped with UV lamps.<\/p>\n<p><strong>Fixing<\/strong>: Freestanding with pedestals or Installation with threaded bars<\/p>\n<p><strong>Dimensions and weight:<\/strong><br \/>\n1960&#215;1520 mm H 510 mm<br \/>\nHPC 1185&nbsp;kg<br \/>\nUHPC 430&nbsp;kg<\/p>\n","protected":false},"excerpt":{"rendered":"<p>A limited edition artistic selection, produced by the Italian artist and designer Lorenzo Maria Monti. The free-form seats are made of HPC (High Performance Concrete) and decorated with four patterns. The colours of the decorations can be customized. During the coating process, the customer can choose one of them to be pigmented with a special [&hellip;]<\/p>\n","protected":false},"featured_media":30972,"comment_status":"closed","ping_status":"closed","template":"","meta":{"_acf_changed":false},"product_cat":[345],"product_tag":[],"class_list":{"0":"post-30986","1":"product","2":"type-product","3":"status-publish","4":"has-post-thumbnail","6":"product_cat-seats-benches","7":"pa_material-hpc","8":"pa_material-uhpc","9":"collezioni-stile-en","10":"catalogo-catalogue-stile-2025","12":"first","13":"instock","14":"shipping-taxable","15":"product-type-simple"},"acf":[],"yoast_head":"<!-- This site is optimized with the Yoast SEO plugin v23.2 - https:\/\/yoast.com\/wordpress\/plugins\/seo\/ -->\n<title>MONOLIGHT - Metalco Mobiliar<\/title>\n<meta name=\"robots\" content=\"index, follow, max-snippet:-1, max-image-preview:large, max-video-preview:-1\" \/>\n<link rel=\"canonical\" href=\"https:\/\/metalco-mobiliar.cz\/en\/prodotti-en\/monolight\/\" \/>\n<meta property=\"og:locale\" content=\"en_US\" \/>\n<meta property=\"og:type\" content=\"article\" \/>\n<meta property=\"og:title\" content=\"MONOLIGHT - Metalco Mobiliar\" \/>\n<meta property=\"og:description\" content=\"A limited edition artistic selection, produced by the Italian artist and designer Lorenzo Maria Monti. The free-form seats are made of HPC (High Performance Concrete) and decorated with four patterns. The colours of the decorations can be customized. During the coating process, the customer can choose one of them to be pigmented with a special [&hellip;]\" \/>\n<meta property=\"og:url\" content=\"https:\/\/metalco-mobiliar.cz\/en\/prodotti-en\/monolight\/\" \/>\n<meta property=\"og:site_name\" content=\"Metalco Mobiliar\" \/>\n<meta property=\"article:modified_time\" content=\"2023-03-25T21:55:13+00:00\" \/>\n<meta property=\"og:image\" content=\"https:\/\/metalco-mobiliar.cz\/news\/wp-content\/uploads\/2021\/04\/sezen\u00ed_ve-tvaru-obl\u00e1zku-MONOLIGHT-5.png\" \/>\n\t<meta property=\"og:image:width\" content=\"600\" \/>\n\t<meta property=\"og:image:height\" content=\"600\" \/>\n\t<meta property=\"og:image:type\" content=\"image\/png\" \/>\n<meta name=\"twitter:label1\" content=\"Est. reading time\" \/>\n\t<meta name=\"twitter:data1\" content=\"1 minute\" \/>\n<script type=\"application\/ld+json\" class=\"yoast-schema-graph\">{\"@context\":\"https:\/\/schema.org\",\"@graph\":[{\"@type\":\"WebPage\",\"@id\":\"https:\/\/metalco-mobiliar.cz\/en\/prodotti-en\/monolight\/\",\"url\":\"https:\/\/metalco-mobiliar.cz\/en\/prodotti-en\/monolight\/\",\"name\":\"MONOLIGHT - Metalco Mobiliar\",\"isPartOf\":{\"@id\":\"https:\/\/metalco-mobiliar.cz\/#website\"},\"primaryImageOfPage\":{\"@id\":\"https:\/\/metalco-mobiliar.cz\/en\/prodotti-en\/monolight\/#primaryimage\"},\"image\":{\"@id\":\"https:\/\/metalco-mobiliar.cz\/en\/prodotti-en\/monolight\/#primaryimage\"},\"thumbnailUrl\":\"https:\/\/metalco-mobiliar.cz\/news\/wp-content\/uploads\/2021\/04\/sezen\u00ed_ve-tvaru-obl\u00e1zku-MONOLIGHT-5.png\",\"datePublished\":\"2021-04-01T08:23:38+00:00\",\"dateModified\":\"2023-03-25T21:55:13+00:00\",\"breadcrumb\":{\"@id\":\"https:\/\/metalco-mobiliar.cz\/en\/prodotti-en\/monolight\/#breadcrumb\"},\"inLanguage\":\"en-US\",\"potentialAction\":[{\"@type\":\"ReadAction\",\"target\":[\"https:\/\/metalco-mobiliar.cz\/en\/prodotti-en\/monolight\/\"]}]},{\"@type\":\"ImageObject\",\"inLanguage\":\"en-US\",\"@id\":\"https:\/\/metalco-mobiliar.cz\/en\/prodotti-en\/monolight\/#primaryimage\",\"url\":\"https:\/\/metalco-mobiliar.cz\/news\/wp-content\/uploads\/2021\/04\/sezen\u00ed_ve-tvaru-obl\u00e1zku-MONOLIGHT-5.png\",\"contentUrl\":\"https:\/\/metalco-mobiliar.cz\/news\/wp-content\/uploads\/2021\/04\/sezen\u00ed_ve-tvaru-obl\u00e1zku-MONOLIGHT-5.png\",\"width\":600,\"height\":600,\"caption\":\"sezen\u00ed obl\u00e1zek\"},{\"@type\":\"BreadcrumbList\",\"@id\":\"https:\/\/metalco-mobiliar.cz\/en\/prodotti-en\/monolight\/#breadcrumb\",\"itemListElement\":[{\"@type\":\"ListItem\",\"position\":1,\"name\":\"Home\",\"item\":\"https:\/\/metalco-mobiliar.cz\/en\/\"},{\"@type\":\"ListItem\",\"position\":2,\"name\":\"MONOLIGHT\"}]},{\"@type\":\"WebSite\",\"@id\":\"https:\/\/metalco-mobiliar.cz\/#website\",\"url\":\"https:\/\/metalco-mobiliar.cz\/\",\"name\":\"Metalco \u2013 m\u011bstsk\u00fd mobili\u00e1\u0159\",\"description\":\"M\u011bstsk\u00fd mobili\u00e1\u0159 Metalco\",\"potentialAction\":[{\"@type\":\"SearchAction\",\"target\":{\"@type\":\"EntryPoint\",\"urlTemplate\":\"https:\/\/metalco-mobiliar.cz\/?s={search_term_string}\"},\"query-input\":\"required name=search_term_string\"}],\"inLanguage\":\"en-US\"}]}<\/script>\n<!-- \/ Yoast SEO plugin. -->","yoast_head_json":{"title":"MONOLIGHT - Metalco Mobiliar","robots":{"index":"index","follow":"follow","max-snippet":"max-snippet:-1","max-image-preview":"max-image-preview:large","max-video-preview":"max-video-preview:-1"},"canonical":"https:\/\/metalco-mobiliar.cz\/en\/prodotti-en\/monolight\/","og_locale":"en_US","og_type":"article","og_title":"MONOLIGHT - Metalco Mobiliar","og_description":"A limited edition artistic selection, produced by the Italian artist and designer Lorenzo Maria Monti. The free-form seats are made of HPC (High Performance Concrete) and decorated with four patterns. The colours of the decorations can be customized. During the coating process, the customer can choose one of them to be pigmented with a special [&hellip;]","og_url":"https:\/\/metalco-mobiliar.cz\/en\/prodotti-en\/monolight\/","og_site_name":"Metalco Mobiliar","article_modified_time":"2023-03-25T21:55:13+00:00","og_image":[{"width":600,"height":600,"url":"https:\/\/metalco-mobiliar.cz\/news\/wp-content\/uploads\/2021\/04\/sezen\u00ed_ve-tvaru-obl\u00e1zku-MONOLIGHT-5.png","type":"image\/png"}],"twitter_misc":{"Est. reading time":"1 minute"},"schema":{"@context":"https:\/\/schema.org","@graph":[{"@type":"WebPage","@id":"https:\/\/metalco-mobiliar.cz\/en\/prodotti-en\/monolight\/","url":"https:\/\/metalco-mobiliar.cz\/en\/prodotti-en\/monolight\/","name":"MONOLIGHT - Metalco Mobiliar","isPartOf":{"@id":"https:\/\/metalco-mobiliar.cz\/#website"},"primaryImageOfPage":{"@id":"https:\/\/metalco-mobiliar.cz\/en\/prodotti-en\/monolight\/#primaryimage"},"image":{"@id":"https:\/\/metalco-mobiliar.cz\/en\/prodotti-en\/monolight\/#primaryimage"},"thumbnailUrl":"https:\/\/metalco-mobiliar.cz\/news\/wp-content\/uploads\/2021\/04\/sezen\u00ed_ve-tvaru-obl\u00e1zku-MONOLIGHT-5.png","datePublished":"2021-04-01T08:23:38+00:00","dateModified":"2023-03-25T21:55:13+00:00","breadcrumb":{"@id":"https:\/\/metalco-mobiliar.cz\/en\/prodotti-en\/monolight\/#breadcrumb"},"inLanguage":"en-US","potentialAction":[{"@type":"ReadAction","target":["https:\/\/metalco-mobiliar.cz\/en\/prodotti-en\/monolight\/"]}]},{"@type":"ImageObject","inLanguage":"en-US","@id":"https:\/\/metalco-mobiliar.cz\/en\/prodotti-en\/monolight\/#primaryimage","url":"https:\/\/metalco-mobiliar.cz\/news\/wp-content\/uploads\/2021\/04\/sezen\u00ed_ve-tvaru-obl\u00e1zku-MONOLIGHT-5.png","contentUrl":"https:\/\/metalco-mobiliar.cz\/news\/wp-content\/uploads\/2021\/04\/sezen\u00ed_ve-tvaru-obl\u00e1zku-MONOLIGHT-5.png","width":600,"height":600,"caption":"sezen\u00ed obl\u00e1zek"},{"@type":"BreadcrumbList","@id":"https:\/\/metalco-mobiliar.cz\/en\/prodotti-en\/monolight\/#breadcrumb","itemListElement":[{"@type":"ListItem","position":1,"name":"Home","item":"https:\/\/metalco-mobiliar.cz\/en\/"},{"@type":"ListItem","position":2,"name":"MONOLIGHT"}]},{"@type":"WebSite","@id":"https:\/\/metalco-mobiliar.cz\/#website","url":"https:\/\/metalco-mobiliar.cz\/","name":"Metalco \u2013 m\u011bstsk\u00fd mobili\u00e1\u0159","description":"M\u011bstsk\u00fd mobili\u00e1\u0159 Metalco","potentialAction":[{"@type":"SearchAction","target":{"@type":"EntryPoint","urlTemplate":"https:\/\/metalco-mobiliar.cz\/?s={search_term_string}"},"query-input":"required name=search_term_string"}],"inLanguage":"en-US"}]}},"_links":{"self":[{"href":"https:\/\/metalco-mobiliar.cz\/en\/wp-json\/wp\/v2\/product\/30986"}],"collection":[{"href":"https:\/\/metalco-mobiliar.cz\/en\/wp-json\/wp\/v2\/product"}],"about":[{"href":"https:\/\/metalco-mobiliar.cz\/en\/wp-json\/wp\/v2\/types\/product"}],"replies":[{"embeddable":true,"href":"https:\/\/metalco-mobiliar.cz\/en\/wp-json\/wp\/v2\/comments?post=30986"}],"wp:featuredmedia":[{"embeddable":true,"href":"https:\/\/metalco-mobiliar.cz\/en\/wp-json\/wp\/v2\/media\/30972"}],"wp:attachment":[{"href":"https:\/\/metalco-mobiliar.cz\/en\/wp-json\/wp\/v2\/media?parent=30986"}],"wp:term":[{"taxonomy":"product_cat","embeddable":true,"href":"https:\/\/metalco-mobiliar.cz\/en\/wp-json\/wp\/v2\/product_cat?post=30986"},{"taxonomy":"product_tag","embeddable":true,"href":"https:\/\/metalco-mobiliar.cz\/en\/wp-json\/wp\/v2\/product_tag?post=30986"}],"curies":[{"name":"wp","href":"https:\/\/api.w.org\/{rel}","templated":true}]}}