{"id":31033,"date":"2021-04-01T11:44:26","date_gmt":"2021-04-01T09:44:26","guid":{"rendered":"http:\/\/metalco-mobiliar.cz\/prodotto\/city-of-sion\/"},"modified":"2023-06-30T10:20:37","modified_gmt":"2023-06-30T08:20:37","slug":"city-of-sion","status":"publish","type":"product","link":"https:\/\/metalco-mobiliar.cz\/en\/prodotti-en\/city-of-sion\/","title":{"rendered":"CITY OF SION"},"content":{"rendered":"<p><strong>CITY OF SION EH | EH + S<\/strong><\/p>\n<p>Modular concave planters made of sheet steel and equipped with wooden seat. Two<br \/>\nmodels, with or without backrest, are available. They can be installed in composition<br \/>\nwith all the other elements of the City of Sion collection.<br \/>\n<strong>Fixing:<\/strong> Freestanding<br \/>\n<strong>Dimensions and weight:<\/strong><br \/>\n<strong>EH<\/strong> 3990&#215;1570 mm h 550 mm<br \/>\nHardwood 433&nbsp;kg | Larch 422&nbsp;kg<br \/>\n<strong>EH + S<\/strong> 3990&#215;1570 mm H 955 mm h 550 mm<br \/>\nHardwood 471&nbsp;kg |\u00a0 Larch\u00a0451&nbsp;kg<\/p>\n<p><strong>CITY OF SION DH | DH + S<\/strong><\/p>\n<p>Modular convex planters made of sheet steel and equipped with wooden seat.<br \/>\nThey can be installed in composition with all the other elements of the City of Sion<br \/>\ncollection.<br \/>\n<strong>Fixing:<\/strong> Freestanding<br \/>\n<strong>Dimensions and weight:<\/strong><br \/>\n<strong>DH<\/strong> 3990&#215;1570 mm H 550 mm<br \/>\nHardwood 418&nbsp;kg |\u00a0 Larch\u00a0407&nbsp;kg<br \/>\n<strong>DH + S<\/strong> 3990&#215;1570 mm H 955 mm h 550 mm<br \/>\nHardwood 456&nbsp;kg |\u00a0 Larch\u00a0436&nbsp;kg<\/p>\n<p><strong>CITY OF SION DW | EW<\/strong><\/p>\n<p>Modular wooden seats composed of a supporting structure in steel sheet and<br \/>\nequipped with central planter in steel. Available two models: one concave, the other<br \/>\nconvex. They can be installed in composition with all the other elements of the City<br \/>\nof Sion collection.<br \/>\n<strong>Fixing:<\/strong> Freestanding<br \/>\n<strong>Dimensions and weight:<\/strong><br \/>\n<strong>DW<\/strong> 3990&#215;1570 mm H 550 mm<br \/>\nHardwood 423&nbsp;kg |\u00a0 Larch\u00a0391&nbsp;kg<br \/>\n<strong>EW <\/strong>3990&#215;1570 mm H 550 mm<br \/>\nHardwood 437&nbsp;kg |\u00a0 Larch\u00a0407&nbsp;kg<\/p>\n<p><strong>CITY OF SION D | E<\/strong><\/p>\n<p>Modular planters made of sheet steel, available in two models: one concave, the<br \/>\nother convex. They can be installed in composition with all the other elements of the<br \/>\nCity of Sion collection.<br \/>\n<strong>Fixing: Freestanding<br \/>\nDimensions and weight:<br \/>\n<\/strong>3990&#215;1570 mm H 515 mm<br \/>\nD 323&nbsp;kg<br \/>\nE 340&nbsp;kg<\/p>\n<p>&nbsp;<\/p>\n","protected":false},"excerpt":{"rendered":"<p>CITY OF SION EH | EH + S&nbsp;Modular concave planters made of sheet steel and equipped with wooden seat. Two models, with or without backrest, are available. They can be installed in composition with all the other elements of the City of Sion collection. Fixing: Freestanding Dimensions and weight: EH 3990&#215;1570 mm h 550 [&hellip;]<\/p>\n","protected":false},"featured_media":31016,"comment_status":"closed","ping_status":"closed","template":"","meta":{"_acf_changed":false},"product_cat":[958,345],"product_tag":[],"class_list":{"0":"post-31033","1":"product","2":"type-product","3":"status-publish","4":"has-post-thumbnail","6":"product_cat-our-collection-en","7":"product_cat-seats-benches","8":"collezioni-stile-en","9":"catalogo-catalogue-stile-2025","11":"first","12":"instock","13":"shipping-taxable","14":"product-type-simple"},"acf":[],"yoast_head":"<!-- This site is optimized with the Yoast SEO plugin v23.2 - https:\/\/yoast.com\/wordpress\/plugins\/seo\/ -->\n<title>CITY OF SION - Metalco Mobiliar<\/title>\n<meta name=\"robots\" content=\"index, follow, max-snippet:-1, max-image-preview:large, max-video-preview:-1\" \/>\n<link rel=\"canonical\" href=\"https:\/\/metalco-mobiliar.cz\/en\/prodotti-en\/city-of-sion\/\" \/>\n<meta property=\"og:locale\" content=\"en_US\" \/>\n<meta property=\"og:type\" content=\"article\" \/>\n<meta property=\"og:title\" content=\"CITY OF SION - Metalco Mobiliar\" \/>\n<meta property=\"og:description\" content=\"CITY OF SION EH | EH + S Modular concave planters made of sheet steel and equipped with wooden seat. Two models, with or without backrest, are available. They can be installed in composition with all the other elements of the City of Sion collection. Fixing: Freestanding Dimensions and weight: EH 3990&#215;1570 mm h 550 [&hellip;]\" \/>\n<meta property=\"og:url\" content=\"https:\/\/metalco-mobiliar.cz\/en\/prodotti-en\/city-of-sion\/\" \/>\n<meta property=\"og:site_name\" content=\"Metalco Mobiliar\" \/>\n<meta property=\"article:modified_time\" content=\"2023-06-30T08:20:37+00:00\" \/>\n<meta property=\"og:image\" content=\"https:\/\/metalco-mobiliar.cz\/news\/wp-content\/uploads\/2021\/04\/CITY-OF-SION_ICONA.jpg\" \/>\n\t<meta property=\"og:image:width\" content=\"441\" \/>\n\t<meta property=\"og:image:height\" content=\"441\" \/>\n\t<meta property=\"og:image:type\" content=\"image\/jpeg\" \/>\n<meta name=\"twitter:label1\" content=\"Est. reading time\" \/>\n\t<meta name=\"twitter:data1\" content=\"1 minute\" \/>\n<script type=\"application\/ld+json\" class=\"yoast-schema-graph\">{\"@context\":\"https:\/\/schema.org\",\"@graph\":[{\"@type\":\"WebPage\",\"@id\":\"https:\/\/metalco-mobiliar.cz\/en\/prodotti-en\/city-of-sion\/\",\"url\":\"https:\/\/metalco-mobiliar.cz\/en\/prodotti-en\/city-of-sion\/\",\"name\":\"CITY OF SION - Metalco Mobiliar\",\"isPartOf\":{\"@id\":\"https:\/\/metalco-mobiliar.cz\/#website\"},\"primaryImageOfPage\":{\"@id\":\"https:\/\/metalco-mobiliar.cz\/en\/prodotti-en\/city-of-sion\/#primaryimage\"},\"image\":{\"@id\":\"https:\/\/metalco-mobiliar.cz\/en\/prodotti-en\/city-of-sion\/#primaryimage\"},\"thumbnailUrl\":\"https:\/\/metalco-mobiliar.cz\/news\/wp-content\/uploads\/2021\/04\/CITY-OF-SION_ICONA.jpg\",\"datePublished\":\"2021-04-01T09:44:26+00:00\",\"dateModified\":\"2023-06-30T08:20:37+00:00\",\"breadcrumb\":{\"@id\":\"https:\/\/metalco-mobiliar.cz\/en\/prodotti-en\/city-of-sion\/#breadcrumb\"},\"inLanguage\":\"en-US\",\"potentialAction\":[{\"@type\":\"ReadAction\",\"target\":[\"https:\/\/metalco-mobiliar.cz\/en\/prodotti-en\/city-of-sion\/\"]}]},{\"@type\":\"ImageObject\",\"inLanguage\":\"en-US\",\"@id\":\"https:\/\/metalco-mobiliar.cz\/en\/prodotti-en\/city-of-sion\/#primaryimage\",\"url\":\"https:\/\/metalco-mobiliar.cz\/news\/wp-content\/uploads\/2021\/04\/CITY-OF-SION_ICONA.jpg\",\"contentUrl\":\"https:\/\/metalco-mobiliar.cz\/news\/wp-content\/uploads\/2021\/04\/CITY-OF-SION_ICONA.jpg\",\"width\":441,\"height\":441,\"caption\":\"kv\u011btin\u00e1\u010de s lavi\u010dkou\"},{\"@type\":\"BreadcrumbList\",\"@id\":\"https:\/\/metalco-mobiliar.cz\/en\/prodotti-en\/city-of-sion\/#breadcrumb\",\"itemListElement\":[{\"@type\":\"ListItem\",\"position\":1,\"name\":\"Home\",\"item\":\"https:\/\/metalco-mobiliar.cz\/en\/\"},{\"@type\":\"ListItem\",\"position\":2,\"name\":\"CITY OF SION\"}]},{\"@type\":\"WebSite\",\"@id\":\"https:\/\/metalco-mobiliar.cz\/#website\",\"url\":\"https:\/\/metalco-mobiliar.cz\/\",\"name\":\"Metalco \u2013 m\u011bstsk\u00fd mobili\u00e1\u0159\",\"description\":\"M\u011bstsk\u00fd mobili\u00e1\u0159 Metalco\",\"potentialAction\":[{\"@type\":\"SearchAction\",\"target\":{\"@type\":\"EntryPoint\",\"urlTemplate\":\"https:\/\/metalco-mobiliar.cz\/?s={search_term_string}\"},\"query-input\":\"required name=search_term_string\"}],\"inLanguage\":\"en-US\"}]}<\/script>\n<!-- \/ Yoast SEO plugin. -->","yoast_head_json":{"title":"CITY OF SION - Metalco Mobiliar","robots":{"index":"index","follow":"follow","max-snippet":"max-snippet:-1","max-image-preview":"max-image-preview:large","max-video-preview":"max-video-preview:-1"},"canonical":"https:\/\/metalco-mobiliar.cz\/en\/prodotti-en\/city-of-sion\/","og_locale":"en_US","og_type":"article","og_title":"CITY OF SION - Metalco Mobiliar","og_description":"CITY OF SION EH | EH + S Modular concave planters made of sheet steel and equipped with wooden seat. Two models, with or without backrest, are available. They can be installed in composition with all the other elements of the City of Sion collection. Fixing: Freestanding Dimensions and weight: EH 3990&#215;1570 mm h 550 [&hellip;]","og_url":"https:\/\/metalco-mobiliar.cz\/en\/prodotti-en\/city-of-sion\/","og_site_name":"Metalco Mobiliar","article_modified_time":"2023-06-30T08:20:37+00:00","og_image":[{"width":441,"height":441,"url":"https:\/\/metalco-mobiliar.cz\/news\/wp-content\/uploads\/2021\/04\/CITY-OF-SION_ICONA.jpg","type":"image\/jpeg"}],"twitter_misc":{"Est. reading time":"1 minute"},"schema":{"@context":"https:\/\/schema.org","@graph":[{"@type":"WebPage","@id":"https:\/\/metalco-mobiliar.cz\/en\/prodotti-en\/city-of-sion\/","url":"https:\/\/metalco-mobiliar.cz\/en\/prodotti-en\/city-of-sion\/","name":"CITY OF SION - Metalco Mobiliar","isPartOf":{"@id":"https:\/\/metalco-mobiliar.cz\/#website"},"primaryImageOfPage":{"@id":"https:\/\/metalco-mobiliar.cz\/en\/prodotti-en\/city-of-sion\/#primaryimage"},"image":{"@id":"https:\/\/metalco-mobiliar.cz\/en\/prodotti-en\/city-of-sion\/#primaryimage"},"thumbnailUrl":"https:\/\/metalco-mobiliar.cz\/news\/wp-content\/uploads\/2021\/04\/CITY-OF-SION_ICONA.jpg","datePublished":"2021-04-01T09:44:26+00:00","dateModified":"2023-06-30T08:20:37+00:00","breadcrumb":{"@id":"https:\/\/metalco-mobiliar.cz\/en\/prodotti-en\/city-of-sion\/#breadcrumb"},"inLanguage":"en-US","potentialAction":[{"@type":"ReadAction","target":["https:\/\/metalco-mobiliar.cz\/en\/prodotti-en\/city-of-sion\/"]}]},{"@type":"ImageObject","inLanguage":"en-US","@id":"https:\/\/metalco-mobiliar.cz\/en\/prodotti-en\/city-of-sion\/#primaryimage","url":"https:\/\/metalco-mobiliar.cz\/news\/wp-content\/uploads\/2021\/04\/CITY-OF-SION_ICONA.jpg","contentUrl":"https:\/\/metalco-mobiliar.cz\/news\/wp-content\/uploads\/2021\/04\/CITY-OF-SION_ICONA.jpg","width":441,"height":441,"caption":"kv\u011btin\u00e1\u010de s lavi\u010dkou"},{"@type":"BreadcrumbList","@id":"https:\/\/metalco-mobiliar.cz\/en\/prodotti-en\/city-of-sion\/#breadcrumb","itemListElement":[{"@type":"ListItem","position":1,"name":"Home","item":"https:\/\/metalco-mobiliar.cz\/en\/"},{"@type":"ListItem","position":2,"name":"CITY OF SION"}]},{"@type":"WebSite","@id":"https:\/\/metalco-mobiliar.cz\/#website","url":"https:\/\/metalco-mobiliar.cz\/","name":"Metalco \u2013 m\u011bstsk\u00fd mobili\u00e1\u0159","description":"M\u011bstsk\u00fd mobili\u00e1\u0159 Metalco","potentialAction":[{"@type":"SearchAction","target":{"@type":"EntryPoint","urlTemplate":"https:\/\/metalco-mobiliar.cz\/?s={search_term_string}"},"query-input":"required name=search_term_string"}],"inLanguage":"en-US"}]}},"_links":{"self":[{"href":"https:\/\/metalco-mobiliar.cz\/en\/wp-json\/wp\/v2\/product\/31033"}],"collection":[{"href":"https:\/\/metalco-mobiliar.cz\/en\/wp-json\/wp\/v2\/product"}],"about":[{"href":"https:\/\/metalco-mobiliar.cz\/en\/wp-json\/wp\/v2\/types\/product"}],"replies":[{"embeddable":true,"href":"https:\/\/metalco-mobiliar.cz\/en\/wp-json\/wp\/v2\/comments?post=31033"}],"wp:featuredmedia":[{"embeddable":true,"href":"https:\/\/metalco-mobiliar.cz\/en\/wp-json\/wp\/v2\/media\/31016"}],"wp:attachment":[{"href":"https:\/\/metalco-mobiliar.cz\/en\/wp-json\/wp\/v2\/media?parent=31033"}],"wp:term":[{"taxonomy":"product_cat","embeddable":true,"href":"https:\/\/metalco-mobiliar.cz\/en\/wp-json\/wp\/v2\/product_cat?post=31033"},{"taxonomy":"product_tag","embeddable":true,"href":"https:\/\/metalco-mobiliar.cz\/en\/wp-json\/wp\/v2\/product_tag?post=31033"}],"curies":[{"name":"wp","href":"https:\/\/api.w.org\/{rel}","templated":true}]}}