{"id":31198,"date":"2021-04-13T09:23:42","date_gmt":"2021-04-13T07:23:42","guid":{"rendered":"http:\/\/metalco-mobiliar.cz\/prodotto\/norse\/"},"modified":"2023-05-11T12:24:21","modified_gmt":"2023-05-11T10:24:21","slug":"norse","status":"publish","type":"product","link":"https:\/\/metalco-mobiliar.cz\/en\/prodotti-en\/norse\/","title":{"rendered":"NORSE"},"content":{"rendered":"<p><strong>NORSE LW | L2W<\/strong><br \/>\nCollection of modular benches, without backrest, composed of a monolithic structure, made of Corten steel, equipped with two supports. Two models are available: one with the plane covered by a seat in WPC (Wood Polymer Composite), the other with two single seats in WPC (Wood Polymer Composite).<br \/>\n<strong>Fixing:<\/strong> Pre-drilled for anchors<br \/>\n<strong>Dimensions and weight:<\/strong><br \/>\n<strong>LW<\/strong><br \/>\n2300&#215;635 mm H 453 mm<br \/>\nseat 1750&#215;462 mm<br \/>\n136&nbsp;kg<br \/>\n<strong>L2W<\/strong><br \/>\n2300&#215;635 mm H 453 mm<br \/>\nseat 750&#215;462 mm<br \/>\n131&nbsp;kg<\/p>\n<p><strong>NORSE LWS | L2WS<\/strong><br \/>\nCollection of modular benches, with backrest, composed of a monolithic structure, made of Corten steel, equipped with two supports. Two models are available: one with a plane covered by a seat in WPC (Wood Polymer Composite), the other with two single seats in WPC (Wood Polymer Composite).<br \/>\n<strong>Fixing:<\/strong> Pre-drilled for anchors<br \/>\n<strong>Dimensions and weight:<br \/>\nLWS<br \/>\n<\/strong>2300&#215;635 mm H 605 mm h 453 mm<br \/>\nseat 1750&#215;587 mm<br \/>\n165&nbsp;kg<strong><br \/>\nL2WS<br \/>\n<\/strong>2300&#215;635 mm H 605 mm h 453 mm<br \/>\nseat 750&#215;587 mm<br \/>\n157&nbsp;kg<\/p>\n<p><strong>NORSE AE | AI<\/strong><br \/>\nCollection of modular benches, without backrest, composed of a \u201cL\u201d shape monolithic structure, made of Corten steel, with three supports. The plane is covered by two single seats in WPC (Wood Polymer Composite). Two models are available: one with seats on the outside, the other with seats on the inside.<br \/>\n<strong>Fixing:<\/strong> Pre-drilled for anchors<br \/>\n<strong>Dimensions and weight:<\/strong><br \/>\n<strong>AE<\/strong><br \/>\n1933&#215;1933 mm H 453 mm<br \/>\nseat 750&#215;462 mm<br \/>\n173&nbsp;kg<br \/>\n<strong>AI<\/strong><br \/>\n1900&#215;1900 mm H 453 mm<br \/>\nseat 750&#215;462 mm<br \/>\n173&nbsp;kg<\/p>\n<p><strong>NORSE A2I | NORSE A2E<\/strong><br \/>\nCollection of modular benches composed of a \u201cL\u201d shape monolithic structure, made of Corten steel, with three supports. The plane is covered by two single seats in WPC (Wood Polymer Composite). Two models are available: one with seats on the outside, the other with seats on the inside.<br \/>\n<strong>NORSE L | NORSE A<\/strong><br \/>\nCollection of modular benches, without backrest, composed of a monolithic structure, made of Corten steel, equipped with two or three supports. Two models are available: one linear, the other \u201cL\u201d shaped.<br \/>\n<strong>Fixing:<\/strong> Pre-drilled for anchors<br \/>\n<strong>Dimensions and weight:<\/strong><br \/>\n<strong>A2I &#8211; A2E<\/strong><br \/>\n1900&#215;1900 mm H 906 mm h 453 mm<br \/>\nseat 750&#215;587 mm<br \/>\n200&nbsp;kg<br \/>\n<strong>L<\/strong><br \/>\n2300&#215;600 mm H 420 mm<br \/>\n98&nbsp;kg<br \/>\n<strong>A<\/strong><br \/>\n1900&#215;1900 mm H 420 mm<br \/>\n140&nbsp;kg<\/p>\n","protected":false},"excerpt":{"rendered":"<p>NORSE LW | L2W Collection of modular benches, without backrest, composed of a monolithic structure, made of Corten steel, equipped with two supports. Two models are available: one with the plane covered by a seat in WPC (Wood Polymer Composite), the other with two single seats in WPC (Wood Polymer Composite). Fixing: Pre-drilled for anchors [&hellip;]<\/p>\n","protected":false},"featured_media":31178,"comment_status":"closed","ping_status":"closed","template":"","meta":{"_acf_changed":false},"product_cat":[345],"product_tag":[],"class_list":{"0":"post-31198","1":"product","2":"type-product","3":"status-publish","4":"has-post-thumbnail","6":"product_cat-seats-benches","7":"pa_designers-massimo-tasca","8":"pa_material-corten-steel","9":"pa_material-wood","10":"collezioni-stile-en","11":"catalogo-catalogue-stile-2025","13":"first","14":"instock","15":"shipping-taxable","16":"product-type-simple"},"acf":[],"yoast_head":"<!-- This site is optimized with the Yoast SEO plugin v23.2 - https:\/\/yoast.com\/wordpress\/plugins\/seo\/ -->\n<title>NORSE - Metalco Mobiliar<\/title>\n<meta name=\"robots\" content=\"index, follow, max-snippet:-1, max-image-preview:large, max-video-preview:-1\" \/>\n<link rel=\"canonical\" href=\"https:\/\/metalco-mobiliar.cz\/en\/prodotti-en\/norse\/\" \/>\n<meta property=\"og:locale\" content=\"en_US\" \/>\n<meta property=\"og:type\" content=\"article\" \/>\n<meta property=\"og:title\" content=\"NORSE - Metalco Mobiliar\" \/>\n<meta property=\"og:description\" content=\"NORSE LW | L2W Collection of modular benches, without backrest, composed of a monolithic structure, made of Corten steel, equipped with two supports. Two models are available: one with the plane covered by a seat in WPC (Wood Polymer Composite), the other with two single seats in WPC (Wood Polymer Composite). Fixing: Pre-drilled for anchors [&hellip;]\" \/>\n<meta property=\"og:url\" content=\"https:\/\/metalco-mobiliar.cz\/en\/prodotti-en\/norse\/\" \/>\n<meta property=\"og:site_name\" content=\"Metalco Mobiliar\" \/>\n<meta property=\"article:modified_time\" content=\"2023-05-11T10:24:21+00:00\" \/>\n<meta property=\"og:image\" content=\"https:\/\/metalco-mobiliar.cz\/news\/wp-content\/uploads\/2021\/04\/parkov\u00e1-lavi\u010dka-NORSE.jpg\" \/>\n\t<meta property=\"og:image:width\" content=\"450\" \/>\n\t<meta property=\"og:image:height\" content=\"450\" \/>\n\t<meta property=\"og:image:type\" content=\"image\/jpeg\" \/>\n<meta name=\"twitter:label1\" content=\"Est. reading time\" \/>\n\t<meta name=\"twitter:data1\" content=\"2 minutes\" \/>\n<script type=\"application\/ld+json\" class=\"yoast-schema-graph\">{\"@context\":\"https:\/\/schema.org\",\"@graph\":[{\"@type\":\"WebPage\",\"@id\":\"https:\/\/metalco-mobiliar.cz\/en\/prodotti-en\/norse\/\",\"url\":\"https:\/\/metalco-mobiliar.cz\/en\/prodotti-en\/norse\/\",\"name\":\"NORSE - Metalco Mobiliar\",\"isPartOf\":{\"@id\":\"https:\/\/metalco-mobiliar.cz\/#website\"},\"primaryImageOfPage\":{\"@id\":\"https:\/\/metalco-mobiliar.cz\/en\/prodotti-en\/norse\/#primaryimage\"},\"image\":{\"@id\":\"https:\/\/metalco-mobiliar.cz\/en\/prodotti-en\/norse\/#primaryimage\"},\"thumbnailUrl\":\"https:\/\/metalco-mobiliar.cz\/news\/wp-content\/uploads\/2021\/04\/parkov\u00e1-lavi\u010dka-NORSE.jpg\",\"datePublished\":\"2021-04-13T07:23:42+00:00\",\"dateModified\":\"2023-05-11T10:24:21+00:00\",\"breadcrumb\":{\"@id\":\"https:\/\/metalco-mobiliar.cz\/en\/prodotti-en\/norse\/#breadcrumb\"},\"inLanguage\":\"en-US\",\"potentialAction\":[{\"@type\":\"ReadAction\",\"target\":[\"https:\/\/metalco-mobiliar.cz\/en\/prodotti-en\/norse\/\"]}]},{\"@type\":\"ImageObject\",\"inLanguage\":\"en-US\",\"@id\":\"https:\/\/metalco-mobiliar.cz\/en\/prodotti-en\/norse\/#primaryimage\",\"url\":\"https:\/\/metalco-mobiliar.cz\/news\/wp-content\/uploads\/2021\/04\/parkov\u00e1-lavi\u010dka-NORSE.jpg\",\"contentUrl\":\"https:\/\/metalco-mobiliar.cz\/news\/wp-content\/uploads\/2021\/04\/parkov\u00e1-lavi\u010dka-NORSE.jpg\",\"width\":450,\"height\":450,\"caption\":\"Parkov\u00e1 lavi\u010dka\"},{\"@type\":\"BreadcrumbList\",\"@id\":\"https:\/\/metalco-mobiliar.cz\/en\/prodotti-en\/norse\/#breadcrumb\",\"itemListElement\":[{\"@type\":\"ListItem\",\"position\":1,\"name\":\"Home\",\"item\":\"https:\/\/metalco-mobiliar.cz\/en\/\"},{\"@type\":\"ListItem\",\"position\":2,\"name\":\"NORSE\"}]},{\"@type\":\"WebSite\",\"@id\":\"https:\/\/metalco-mobiliar.cz\/#website\",\"url\":\"https:\/\/metalco-mobiliar.cz\/\",\"name\":\"Metalco \u2013 m\u011bstsk\u00fd mobili\u00e1\u0159\",\"description\":\"M\u011bstsk\u00fd mobili\u00e1\u0159 Metalco\",\"potentialAction\":[{\"@type\":\"SearchAction\",\"target\":{\"@type\":\"EntryPoint\",\"urlTemplate\":\"https:\/\/metalco-mobiliar.cz\/?s={search_term_string}\"},\"query-input\":\"required name=search_term_string\"}],\"inLanguage\":\"en-US\"}]}<\/script>\n<!-- \/ Yoast SEO plugin. -->","yoast_head_json":{"title":"NORSE - Metalco Mobiliar","robots":{"index":"index","follow":"follow","max-snippet":"max-snippet:-1","max-image-preview":"max-image-preview:large","max-video-preview":"max-video-preview:-1"},"canonical":"https:\/\/metalco-mobiliar.cz\/en\/prodotti-en\/norse\/","og_locale":"en_US","og_type":"article","og_title":"NORSE - Metalco Mobiliar","og_description":"NORSE LW | L2W Collection of modular benches, without backrest, composed of a monolithic structure, made of Corten steel, equipped with two supports. Two models are available: one with the plane covered by a seat in WPC (Wood Polymer Composite), the other with two single seats in WPC (Wood Polymer Composite). Fixing: Pre-drilled for anchors [&hellip;]","og_url":"https:\/\/metalco-mobiliar.cz\/en\/prodotti-en\/norse\/","og_site_name":"Metalco Mobiliar","article_modified_time":"2023-05-11T10:24:21+00:00","og_image":[{"width":450,"height":450,"url":"https:\/\/metalco-mobiliar.cz\/news\/wp-content\/uploads\/2021\/04\/parkov\u00e1-lavi\u010dka-NORSE.jpg","type":"image\/jpeg"}],"twitter_misc":{"Est. reading time":"2 minutes"},"schema":{"@context":"https:\/\/schema.org","@graph":[{"@type":"WebPage","@id":"https:\/\/metalco-mobiliar.cz\/en\/prodotti-en\/norse\/","url":"https:\/\/metalco-mobiliar.cz\/en\/prodotti-en\/norse\/","name":"NORSE - Metalco Mobiliar","isPartOf":{"@id":"https:\/\/metalco-mobiliar.cz\/#website"},"primaryImageOfPage":{"@id":"https:\/\/metalco-mobiliar.cz\/en\/prodotti-en\/norse\/#primaryimage"},"image":{"@id":"https:\/\/metalco-mobiliar.cz\/en\/prodotti-en\/norse\/#primaryimage"},"thumbnailUrl":"https:\/\/metalco-mobiliar.cz\/news\/wp-content\/uploads\/2021\/04\/parkov\u00e1-lavi\u010dka-NORSE.jpg","datePublished":"2021-04-13T07:23:42+00:00","dateModified":"2023-05-11T10:24:21+00:00","breadcrumb":{"@id":"https:\/\/metalco-mobiliar.cz\/en\/prodotti-en\/norse\/#breadcrumb"},"inLanguage":"en-US","potentialAction":[{"@type":"ReadAction","target":["https:\/\/metalco-mobiliar.cz\/en\/prodotti-en\/norse\/"]}]},{"@type":"ImageObject","inLanguage":"en-US","@id":"https:\/\/metalco-mobiliar.cz\/en\/prodotti-en\/norse\/#primaryimage","url":"https:\/\/metalco-mobiliar.cz\/news\/wp-content\/uploads\/2021\/04\/parkov\u00e1-lavi\u010dka-NORSE.jpg","contentUrl":"https:\/\/metalco-mobiliar.cz\/news\/wp-content\/uploads\/2021\/04\/parkov\u00e1-lavi\u010dka-NORSE.jpg","width":450,"height":450,"caption":"Parkov\u00e1 lavi\u010dka"},{"@type":"BreadcrumbList","@id":"https:\/\/metalco-mobiliar.cz\/en\/prodotti-en\/norse\/#breadcrumb","itemListElement":[{"@type":"ListItem","position":1,"name":"Home","item":"https:\/\/metalco-mobiliar.cz\/en\/"},{"@type":"ListItem","position":2,"name":"NORSE"}]},{"@type":"WebSite","@id":"https:\/\/metalco-mobiliar.cz\/#website","url":"https:\/\/metalco-mobiliar.cz\/","name":"Metalco \u2013 m\u011bstsk\u00fd mobili\u00e1\u0159","description":"M\u011bstsk\u00fd mobili\u00e1\u0159 Metalco","potentialAction":[{"@type":"SearchAction","target":{"@type":"EntryPoint","urlTemplate":"https:\/\/metalco-mobiliar.cz\/?s={search_term_string}"},"query-input":"required name=search_term_string"}],"inLanguage":"en-US"}]}},"_links":{"self":[{"href":"https:\/\/metalco-mobiliar.cz\/en\/wp-json\/wp\/v2\/product\/31198"}],"collection":[{"href":"https:\/\/metalco-mobiliar.cz\/en\/wp-json\/wp\/v2\/product"}],"about":[{"href":"https:\/\/metalco-mobiliar.cz\/en\/wp-json\/wp\/v2\/types\/product"}],"replies":[{"embeddable":true,"href":"https:\/\/metalco-mobiliar.cz\/en\/wp-json\/wp\/v2\/comments?post=31198"}],"wp:featuredmedia":[{"embeddable":true,"href":"https:\/\/metalco-mobiliar.cz\/en\/wp-json\/wp\/v2\/media\/31178"}],"wp:attachment":[{"href":"https:\/\/metalco-mobiliar.cz\/en\/wp-json\/wp\/v2\/media?parent=31198"}],"wp:term":[{"taxonomy":"product_cat","embeddable":true,"href":"https:\/\/metalco-mobiliar.cz\/en\/wp-json\/wp\/v2\/product_cat?post=31198"},{"taxonomy":"product_tag","embeddable":true,"href":"https:\/\/metalco-mobiliar.cz\/en\/wp-json\/wp\/v2\/product_tag?post=31198"}],"curies":[{"name":"wp","href":"https:\/\/api.w.org\/{rel}","templated":true}]}}