{"id":31366,"date":"2021-04-16T09:30:31","date_gmt":"2021-04-16T07:30:31","guid":{"rendered":"http:\/\/metalco-mobiliar.cz\/prodotto\/norman\/"},"modified":"2024-01-11T13:52:37","modified_gmt":"2024-01-11T12:52:37","slug":"norman","status":"publish","type":"product","link":"https:\/\/metalco-mobiliar.cz\/en\/prodotti-en\/norman\/","title":{"rendered":"NORMAN"},"content":{"rendered":"<p>Collection of modular seats, shaped as circular pouf made of HPC (High Performance Concrete), partially emptied inside. Two versions are available, with or without backrest in HPC (High Performance Concrete).<\/p>\n<p><strong>Fixing:<\/strong> Freestanding<\/p>\n<p><strong>Accessories:<\/strong> LED lighting<\/p>\n<p><strong>Dimension and weight:<\/strong><br \/>\n\u00d8 1200 mm H 845 mm h 470 mm<br \/>\nwith backrest\u00a0773&nbsp;kg<br \/>\nwithout backrest 686&nbsp;kg<\/p>\n","protected":false},"excerpt":{"rendered":"<p>Collection of modular seats, shaped as circular pouf made of HPC (High Performance Concrete), partially emptied inside. Two versions are available, with or without backrest in HPC (High Performance Concrete). Fixing: Freestanding Accessories: LED lighting Dimension and weight: \u00d8 1200 mm H 845 mm h 470 mm with backrest\u00a0773&nbsp;kg without backrest 686&nbsp;kg<\/p>\n","protected":false},"featured_media":31352,"comment_status":"closed","ping_status":"closed","template":"","meta":{"_acf_changed":false},"product_cat":[882,345],"product_tag":[],"class_list":{"0":"post-31366","1":"product","2":"type-product","3":"status-publish","4":"has-post-thumbnail","6":"product_cat-molecular-concrete-en","7":"product_cat-seats-benches","8":"pa_designers-massimo-tasca","9":"pa_material-hpc","10":"collezioni-stile-en","11":"catalogo-catalogue-stile-2025","13":"first","14":"instock","15":"shipping-taxable","16":"product-type-simple"},"acf":[],"yoast_head":"<!-- This site is optimized with the Yoast SEO plugin v23.2 - https:\/\/yoast.com\/wordpress\/plugins\/seo\/ -->\n<title>NORMAN - Metalco Mobiliar<\/title>\n<meta name=\"robots\" content=\"index, follow, max-snippet:-1, max-image-preview:large, max-video-preview:-1\" \/>\n<link rel=\"canonical\" href=\"https:\/\/metalco-mobiliar.cz\/en\/prodotti-en\/norman\/\" \/>\n<meta property=\"og:locale\" content=\"en_US\" \/>\n<meta property=\"og:type\" content=\"article\" \/>\n<meta property=\"og:title\" content=\"NORMAN - Metalco Mobiliar\" \/>\n<meta property=\"og:description\" content=\"Collection of modular seats, shaped as circular pouf made of HPC (High Performance Concrete), partially emptied inside. Two versions are available, with or without backrest in HPC (High Performance Concrete). Fixing: Freestanding Accessories: LED lighting Dimension and weight: \u00d8 1200 mm H 845 mm h 470 mm with backrest\u00a0773&nbsp;kg without backrest 686&nbsp;kg\" \/>\n<meta property=\"og:url\" content=\"https:\/\/metalco-mobiliar.cz\/en\/prodotti-en\/norman\/\" \/>\n<meta property=\"og:site_name\" content=\"Metalco Mobiliar\" \/>\n<meta property=\"article:modified_time\" content=\"2024-01-11T12:52:37+00:00\" \/>\n<meta property=\"og:image\" content=\"https:\/\/metalco-mobiliar.cz\/news\/wp-content\/uploads\/2021\/04\/sezen\u00ed-mobili\u00e1\u0159-Norman.png\" \/>\n\t<meta property=\"og:image:width\" content=\"600\" \/>\n\t<meta property=\"og:image:height\" content=\"600\" \/>\n\t<meta property=\"og:image:type\" content=\"image\/png\" \/>\n<script type=\"application\/ld+json\" class=\"yoast-schema-graph\">{\"@context\":\"https:\/\/schema.org\",\"@graph\":[{\"@type\":\"WebPage\",\"@id\":\"https:\/\/metalco-mobiliar.cz\/en\/prodotti-en\/norman\/\",\"url\":\"https:\/\/metalco-mobiliar.cz\/en\/prodotti-en\/norman\/\",\"name\":\"NORMAN - Metalco Mobiliar\",\"isPartOf\":{\"@id\":\"https:\/\/metalco-mobiliar.cz\/#website\"},\"primaryImageOfPage\":{\"@id\":\"https:\/\/metalco-mobiliar.cz\/en\/prodotti-en\/norman\/#primaryimage\"},\"image\":{\"@id\":\"https:\/\/metalco-mobiliar.cz\/en\/prodotti-en\/norman\/#primaryimage\"},\"thumbnailUrl\":\"https:\/\/metalco-mobiliar.cz\/news\/wp-content\/uploads\/2021\/04\/sezen\u00ed-mobili\u00e1\u0159-Norman.png\",\"datePublished\":\"2021-04-16T07:30:31+00:00\",\"dateModified\":\"2024-01-11T12:52:37+00:00\",\"breadcrumb\":{\"@id\":\"https:\/\/metalco-mobiliar.cz\/en\/prodotti-en\/norman\/#breadcrumb\"},\"inLanguage\":\"en-US\",\"potentialAction\":[{\"@type\":\"ReadAction\",\"target\":[\"https:\/\/metalco-mobiliar.cz\/en\/prodotti-en\/norman\/\"]}]},{\"@type\":\"ImageObject\",\"inLanguage\":\"en-US\",\"@id\":\"https:\/\/metalco-mobiliar.cz\/en\/prodotti-en\/norman\/#primaryimage\",\"url\":\"https:\/\/metalco-mobiliar.cz\/news\/wp-content\/uploads\/2021\/04\/sezen\u00ed-mobili\u00e1\u0159-Norman.png\",\"contentUrl\":\"https:\/\/metalco-mobiliar.cz\/news\/wp-content\/uploads\/2021\/04\/sezen\u00ed-mobili\u00e1\u0159-Norman.png\",\"width\":600,\"height\":600,\"caption\":\"Kruhov\u00fd sed\u00e1k\"},{\"@type\":\"BreadcrumbList\",\"@id\":\"https:\/\/metalco-mobiliar.cz\/en\/prodotti-en\/norman\/#breadcrumb\",\"itemListElement\":[{\"@type\":\"ListItem\",\"position\":1,\"name\":\"Home\",\"item\":\"https:\/\/metalco-mobiliar.cz\/en\/\"},{\"@type\":\"ListItem\",\"position\":2,\"name\":\"NORMAN\"}]},{\"@type\":\"WebSite\",\"@id\":\"https:\/\/metalco-mobiliar.cz\/#website\",\"url\":\"https:\/\/metalco-mobiliar.cz\/\",\"name\":\"Metalco \u2013 m\u011bstsk\u00fd mobili\u00e1\u0159\",\"description\":\"M\u011bstsk\u00fd mobili\u00e1\u0159 Metalco\",\"potentialAction\":[{\"@type\":\"SearchAction\",\"target\":{\"@type\":\"EntryPoint\",\"urlTemplate\":\"https:\/\/metalco-mobiliar.cz\/?s={search_term_string}\"},\"query-input\":\"required name=search_term_string\"}],\"inLanguage\":\"en-US\"}]}<\/script>\n<!-- \/ Yoast SEO plugin. -->","yoast_head_json":{"title":"NORMAN - Metalco Mobiliar","robots":{"index":"index","follow":"follow","max-snippet":"max-snippet:-1","max-image-preview":"max-image-preview:large","max-video-preview":"max-video-preview:-1"},"canonical":"https:\/\/metalco-mobiliar.cz\/en\/prodotti-en\/norman\/","og_locale":"en_US","og_type":"article","og_title":"NORMAN - Metalco Mobiliar","og_description":"Collection of modular seats, shaped as circular pouf made of HPC (High Performance Concrete), partially emptied inside. Two versions are available, with or without backrest in HPC (High Performance Concrete). Fixing: Freestanding Accessories: LED lighting Dimension and weight: \u00d8 1200 mm H 845 mm h 470 mm with backrest\u00a0773&nbsp;kg without backrest 686&nbsp;kg","og_url":"https:\/\/metalco-mobiliar.cz\/en\/prodotti-en\/norman\/","og_site_name":"Metalco Mobiliar","article_modified_time":"2024-01-11T12:52:37+00:00","og_image":[{"width":600,"height":600,"url":"https:\/\/metalco-mobiliar.cz\/news\/wp-content\/uploads\/2021\/04\/sezen\u00ed-mobili\u00e1\u0159-Norman.png","type":"image\/png"}],"schema":{"@context":"https:\/\/schema.org","@graph":[{"@type":"WebPage","@id":"https:\/\/metalco-mobiliar.cz\/en\/prodotti-en\/norman\/","url":"https:\/\/metalco-mobiliar.cz\/en\/prodotti-en\/norman\/","name":"NORMAN - Metalco Mobiliar","isPartOf":{"@id":"https:\/\/metalco-mobiliar.cz\/#website"},"primaryImageOfPage":{"@id":"https:\/\/metalco-mobiliar.cz\/en\/prodotti-en\/norman\/#primaryimage"},"image":{"@id":"https:\/\/metalco-mobiliar.cz\/en\/prodotti-en\/norman\/#primaryimage"},"thumbnailUrl":"https:\/\/metalco-mobiliar.cz\/news\/wp-content\/uploads\/2021\/04\/sezen\u00ed-mobili\u00e1\u0159-Norman.png","datePublished":"2021-04-16T07:30:31+00:00","dateModified":"2024-01-11T12:52:37+00:00","breadcrumb":{"@id":"https:\/\/metalco-mobiliar.cz\/en\/prodotti-en\/norman\/#breadcrumb"},"inLanguage":"en-US","potentialAction":[{"@type":"ReadAction","target":["https:\/\/metalco-mobiliar.cz\/en\/prodotti-en\/norman\/"]}]},{"@type":"ImageObject","inLanguage":"en-US","@id":"https:\/\/metalco-mobiliar.cz\/en\/prodotti-en\/norman\/#primaryimage","url":"https:\/\/metalco-mobiliar.cz\/news\/wp-content\/uploads\/2021\/04\/sezen\u00ed-mobili\u00e1\u0159-Norman.png","contentUrl":"https:\/\/metalco-mobiliar.cz\/news\/wp-content\/uploads\/2021\/04\/sezen\u00ed-mobili\u00e1\u0159-Norman.png","width":600,"height":600,"caption":"Kruhov\u00fd sed\u00e1k"},{"@type":"BreadcrumbList","@id":"https:\/\/metalco-mobiliar.cz\/en\/prodotti-en\/norman\/#breadcrumb","itemListElement":[{"@type":"ListItem","position":1,"name":"Home","item":"https:\/\/metalco-mobiliar.cz\/en\/"},{"@type":"ListItem","position":2,"name":"NORMAN"}]},{"@type":"WebSite","@id":"https:\/\/metalco-mobiliar.cz\/#website","url":"https:\/\/metalco-mobiliar.cz\/","name":"Metalco \u2013 m\u011bstsk\u00fd mobili\u00e1\u0159","description":"M\u011bstsk\u00fd mobili\u00e1\u0159 Metalco","potentialAction":[{"@type":"SearchAction","target":{"@type":"EntryPoint","urlTemplate":"https:\/\/metalco-mobiliar.cz\/?s={search_term_string}"},"query-input":"required name=search_term_string"}],"inLanguage":"en-US"}]}},"_links":{"self":[{"href":"https:\/\/metalco-mobiliar.cz\/en\/wp-json\/wp\/v2\/product\/31366"}],"collection":[{"href":"https:\/\/metalco-mobiliar.cz\/en\/wp-json\/wp\/v2\/product"}],"about":[{"href":"https:\/\/metalco-mobiliar.cz\/en\/wp-json\/wp\/v2\/types\/product"}],"replies":[{"embeddable":true,"href":"https:\/\/metalco-mobiliar.cz\/en\/wp-json\/wp\/v2\/comments?post=31366"}],"wp:featuredmedia":[{"embeddable":true,"href":"https:\/\/metalco-mobiliar.cz\/en\/wp-json\/wp\/v2\/media\/31352"}],"wp:attachment":[{"href":"https:\/\/metalco-mobiliar.cz\/en\/wp-json\/wp\/v2\/media?parent=31366"}],"wp:term":[{"taxonomy":"product_cat","embeddable":true,"href":"https:\/\/metalco-mobiliar.cz\/en\/wp-json\/wp\/v2\/product_cat?post=31366"},{"taxonomy":"product_tag","embeddable":true,"href":"https:\/\/metalco-mobiliar.cz\/en\/wp-json\/wp\/v2\/product_tag?post=31366"}],"curies":[{"name":"wp","href":"https:\/\/api.w.org\/{rel}","templated":true}]}}