{"id":31545,"date":"2021-04-21T11:23:29","date_gmt":"2021-04-21T09:23:29","guid":{"rendered":"http:\/\/metalco-mobiliar.cz\/prodotto\/air-circle\/"},"modified":"2022-05-02T09:09:07","modified_gmt":"2022-05-02T07:09:07","slug":"air-circle","status":"publish","type":"product","link":"https:\/\/metalco-mobiliar.cz\/en\/prodotti-en\/air-circle\/","title":{"rendered":"AIR \u2013 CIRCLE"},"content":{"rendered":"<p>Collection of round tables with integrated stools, made of HPL (High Pressure Laminate), composed of a supporting structure in thick steel sheet, with proper tube connections for the seats and the table. Two versions are available: four-seater with two height-adjustable stools and six-seater with three height-adjustable stools.<\/p>\n<p><strong>Fixing:<\/strong> Pre-drilled for anchors<\/p>\n<p><strong>Dimensions and weight:<\/strong><br \/>\n<strong>4<\/strong><br \/>\n1660&#215;1660 mm 53&nbsp;kg<br \/>\n<strong>6<\/strong><br \/>\n1860&#215;1860&nbsp;84&nbsp;kg<br \/>\nH 730 mm (table)<br \/>\nh 434 mm (seat)<\/p>\n","protected":false},"excerpt":{"rendered":"<p>Collection of round tables with integrated stools, made of HPL (High Pressure Laminate), composed of a supporting structure in thick steel sheet, with proper tube connections for the seats and the table. Two versions are available: four-seater with two height-adjustable stools and six-seater with three height-adjustable stools. Fixing: Pre-drilled for anchors Dimensions and weight: 4 [&hellip;]<\/p>\n","protected":false},"featured_media":35175,"comment_status":"closed","ping_status":"closed","template":"","meta":{"_acf_changed":false},"product_cat":[725,345],"product_tag":[],"class_list":{"0":"post-31545","1":"product","2":"type-product","3":"status-publish","4":"has-post-thumbnail","6":"product_cat-pic-nic-area","7":"product_cat-seats-benches","8":"pa_designers-massimo-tasca","9":"pa_material-hpl-it","10":"pa_material-powder-coated-steel","11":"collezioni-stile-en","12":"catalogo-catalogue-stile-2025","14":"first","15":"instock","16":"shipping-taxable","17":"product-type-simple"},"acf":[],"yoast_head":"<!-- This site is optimized with the Yoast SEO plugin v23.2 - https:\/\/yoast.com\/wordpress\/plugins\/seo\/ -->\n<title>AIR \u2013 CIRCLE - Metalco Mobiliar<\/title>\n<meta name=\"robots\" content=\"index, follow, max-snippet:-1, max-image-preview:large, max-video-preview:-1\" \/>\n<link rel=\"canonical\" href=\"https:\/\/metalco-mobiliar.cz\/en\/prodotti-en\/air-circle\/\" \/>\n<meta property=\"og:locale\" content=\"en_US\" \/>\n<meta property=\"og:type\" content=\"article\" \/>\n<meta property=\"og:title\" content=\"AIR \u2013 CIRCLE - Metalco Mobiliar\" \/>\n<meta property=\"og:description\" content=\"Collection of round tables with integrated stools, made of HPL (High Pressure Laminate), composed of a supporting structure in thick steel sheet, with proper tube connections for the seats and the table. Two versions are available: four-seater with two height-adjustable stools and six-seater with three height-adjustable stools. Fixing: Pre-drilled for anchors Dimensions and weight: 4 [&hellip;]\" \/>\n<meta property=\"og:url\" content=\"https:\/\/metalco-mobiliar.cz\/en\/prodotti-en\/air-circle\/\" \/>\n<meta property=\"og:site_name\" content=\"Metalco Mobiliar\" \/>\n<meta property=\"article:modified_time\" content=\"2022-05-02T07:09:07+00:00\" \/>\n<meta property=\"og:image\" content=\"https:\/\/metalco-mobiliar.cz\/news\/wp-content\/uploads\/2021\/04\/Parkov\u00fd-st\u016fl_AIR-CIRCLE-RED-DOT-2022.jpg\" \/>\n\t<meta property=\"og:image:width\" content=\"200\" \/>\n\t<meta property=\"og:image:height\" content=\"200\" \/>\n\t<meta property=\"og:image:type\" content=\"image\/jpeg\" \/>\n<script type=\"application\/ld+json\" class=\"yoast-schema-graph\">{\"@context\":\"https:\/\/schema.org\",\"@graph\":[{\"@type\":\"WebPage\",\"@id\":\"https:\/\/metalco-mobiliar.cz\/en\/prodotti-en\/air-circle\/\",\"url\":\"https:\/\/metalco-mobiliar.cz\/en\/prodotti-en\/air-circle\/\",\"name\":\"AIR \u2013 CIRCLE - Metalco Mobiliar\",\"isPartOf\":{\"@id\":\"https:\/\/metalco-mobiliar.cz\/#website\"},\"primaryImageOfPage\":{\"@id\":\"https:\/\/metalco-mobiliar.cz\/en\/prodotti-en\/air-circle\/#primaryimage\"},\"image\":{\"@id\":\"https:\/\/metalco-mobiliar.cz\/en\/prodotti-en\/air-circle\/#primaryimage\"},\"thumbnailUrl\":\"https:\/\/metalco-mobiliar.cz\/news\/wp-content\/uploads\/2021\/04\/Parkov\u00fd-st\u016fl_AIR-CIRCLE-RED-DOT-2022.jpg\",\"datePublished\":\"2021-04-21T09:23:29+00:00\",\"dateModified\":\"2022-05-02T07:09:07+00:00\",\"breadcrumb\":{\"@id\":\"https:\/\/metalco-mobiliar.cz\/en\/prodotti-en\/air-circle\/#breadcrumb\"},\"inLanguage\":\"en-US\",\"potentialAction\":[{\"@type\":\"ReadAction\",\"target\":[\"https:\/\/metalco-mobiliar.cz\/en\/prodotti-en\/air-circle\/\"]}]},{\"@type\":\"ImageObject\",\"inLanguage\":\"en-US\",\"@id\":\"https:\/\/metalco-mobiliar.cz\/en\/prodotti-en\/air-circle\/#primaryimage\",\"url\":\"https:\/\/metalco-mobiliar.cz\/news\/wp-content\/uploads\/2021\/04\/Parkov\u00fd-st\u016fl_AIR-CIRCLE-RED-DOT-2022.jpg\",\"contentUrl\":\"https:\/\/metalco-mobiliar.cz\/news\/wp-content\/uploads\/2021\/04\/Parkov\u00fd-st\u016fl_AIR-CIRCLE-RED-DOT-2022.jpg\",\"width\":200,\"height\":200},{\"@type\":\"BreadcrumbList\",\"@id\":\"https:\/\/metalco-mobiliar.cz\/en\/prodotti-en\/air-circle\/#breadcrumb\",\"itemListElement\":[{\"@type\":\"ListItem\",\"position\":1,\"name\":\"Home\",\"item\":\"https:\/\/metalco-mobiliar.cz\/en\/\"},{\"@type\":\"ListItem\",\"position\":2,\"name\":\"AIR \u2013 CIRCLE\"}]},{\"@type\":\"WebSite\",\"@id\":\"https:\/\/metalco-mobiliar.cz\/#website\",\"url\":\"https:\/\/metalco-mobiliar.cz\/\",\"name\":\"Metalco \u2013 m\u011bstsk\u00fd mobili\u00e1\u0159\",\"description\":\"M\u011bstsk\u00fd mobili\u00e1\u0159 Metalco\",\"potentialAction\":[{\"@type\":\"SearchAction\",\"target\":{\"@type\":\"EntryPoint\",\"urlTemplate\":\"https:\/\/metalco-mobiliar.cz\/?s={search_term_string}\"},\"query-input\":\"required name=search_term_string\"}],\"inLanguage\":\"en-US\"}]}<\/script>\n<!-- \/ Yoast SEO plugin. -->","yoast_head_json":{"title":"AIR \u2013 CIRCLE - Metalco Mobiliar","robots":{"index":"index","follow":"follow","max-snippet":"max-snippet:-1","max-image-preview":"max-image-preview:large","max-video-preview":"max-video-preview:-1"},"canonical":"https:\/\/metalco-mobiliar.cz\/en\/prodotti-en\/air-circle\/","og_locale":"en_US","og_type":"article","og_title":"AIR \u2013 CIRCLE - Metalco Mobiliar","og_description":"Collection of round tables with integrated stools, made of HPL (High Pressure Laminate), composed of a supporting structure in thick steel sheet, with proper tube connections for the seats and the table. Two versions are available: four-seater with two height-adjustable stools and six-seater with three height-adjustable stools. Fixing: Pre-drilled for anchors Dimensions and weight: 4 [&hellip;]","og_url":"https:\/\/metalco-mobiliar.cz\/en\/prodotti-en\/air-circle\/","og_site_name":"Metalco Mobiliar","article_modified_time":"2022-05-02T07:09:07+00:00","og_image":[{"width":200,"height":200,"url":"https:\/\/metalco-mobiliar.cz\/news\/wp-content\/uploads\/2021\/04\/Parkov\u00fd-st\u016fl_AIR-CIRCLE-RED-DOT-2022.jpg","type":"image\/jpeg"}],"schema":{"@context":"https:\/\/schema.org","@graph":[{"@type":"WebPage","@id":"https:\/\/metalco-mobiliar.cz\/en\/prodotti-en\/air-circle\/","url":"https:\/\/metalco-mobiliar.cz\/en\/prodotti-en\/air-circle\/","name":"AIR \u2013 CIRCLE - Metalco Mobiliar","isPartOf":{"@id":"https:\/\/metalco-mobiliar.cz\/#website"},"primaryImageOfPage":{"@id":"https:\/\/metalco-mobiliar.cz\/en\/prodotti-en\/air-circle\/#primaryimage"},"image":{"@id":"https:\/\/metalco-mobiliar.cz\/en\/prodotti-en\/air-circle\/#primaryimage"},"thumbnailUrl":"https:\/\/metalco-mobiliar.cz\/news\/wp-content\/uploads\/2021\/04\/Parkov\u00fd-st\u016fl_AIR-CIRCLE-RED-DOT-2022.jpg","datePublished":"2021-04-21T09:23:29+00:00","dateModified":"2022-05-02T07:09:07+00:00","breadcrumb":{"@id":"https:\/\/metalco-mobiliar.cz\/en\/prodotti-en\/air-circle\/#breadcrumb"},"inLanguage":"en-US","potentialAction":[{"@type":"ReadAction","target":["https:\/\/metalco-mobiliar.cz\/en\/prodotti-en\/air-circle\/"]}]},{"@type":"ImageObject","inLanguage":"en-US","@id":"https:\/\/metalco-mobiliar.cz\/en\/prodotti-en\/air-circle\/#primaryimage","url":"https:\/\/metalco-mobiliar.cz\/news\/wp-content\/uploads\/2021\/04\/Parkov\u00fd-st\u016fl_AIR-CIRCLE-RED-DOT-2022.jpg","contentUrl":"https:\/\/metalco-mobiliar.cz\/news\/wp-content\/uploads\/2021\/04\/Parkov\u00fd-st\u016fl_AIR-CIRCLE-RED-DOT-2022.jpg","width":200,"height":200},{"@type":"BreadcrumbList","@id":"https:\/\/metalco-mobiliar.cz\/en\/prodotti-en\/air-circle\/#breadcrumb","itemListElement":[{"@type":"ListItem","position":1,"name":"Home","item":"https:\/\/metalco-mobiliar.cz\/en\/"},{"@type":"ListItem","position":2,"name":"AIR \u2013 CIRCLE"}]},{"@type":"WebSite","@id":"https:\/\/metalco-mobiliar.cz\/#website","url":"https:\/\/metalco-mobiliar.cz\/","name":"Metalco \u2013 m\u011bstsk\u00fd mobili\u00e1\u0159","description":"M\u011bstsk\u00fd mobili\u00e1\u0159 Metalco","potentialAction":[{"@type":"SearchAction","target":{"@type":"EntryPoint","urlTemplate":"https:\/\/metalco-mobiliar.cz\/?s={search_term_string}"},"query-input":"required name=search_term_string"}],"inLanguage":"en-US"}]}},"_links":{"self":[{"href":"https:\/\/metalco-mobiliar.cz\/en\/wp-json\/wp\/v2\/product\/31545"}],"collection":[{"href":"https:\/\/metalco-mobiliar.cz\/en\/wp-json\/wp\/v2\/product"}],"about":[{"href":"https:\/\/metalco-mobiliar.cz\/en\/wp-json\/wp\/v2\/types\/product"}],"replies":[{"embeddable":true,"href":"https:\/\/metalco-mobiliar.cz\/en\/wp-json\/wp\/v2\/comments?post=31545"}],"wp:featuredmedia":[{"embeddable":true,"href":"https:\/\/metalco-mobiliar.cz\/en\/wp-json\/wp\/v2\/media\/35175"}],"wp:attachment":[{"href":"https:\/\/metalco-mobiliar.cz\/en\/wp-json\/wp\/v2\/media?parent=31545"}],"wp:term":[{"taxonomy":"product_cat","embeddable":true,"href":"https:\/\/metalco-mobiliar.cz\/en\/wp-json\/wp\/v2\/product_cat?post=31545"},{"taxonomy":"product_tag","embeddable":true,"href":"https:\/\/metalco-mobiliar.cz\/en\/wp-json\/wp\/v2\/product_tag?post=31545"}],"curies":[{"name":"wp","href":"https:\/\/api.w.org\/{rel}","templated":true}]}}