{"id":31635,"date":"2021-05-03T10:26:32","date_gmt":"2021-05-03T08:26:32","guid":{"rendered":"http:\/\/metalco-mobiliar.cz\/prodotto\/bund-2\/"},"modified":"2021-05-03T11:48:23","modified_gmt":"2021-05-03T09:48:23","slug":"bund-2","status":"publish","type":"product","link":"https:\/\/metalco-mobiliar.cz\/en\/prodotti-en\/bund-2\/","title":{"rendered":"BUND"},"content":{"rendered":"<p>Rectangular litter bin composed of a thick steel sheet supporting structure, closed by steel sheet panel at the rear and by three doors with snap lock at the front. It is equipped with rain cover, three conveyors for the insertion of waste and three bag holder rings for separate collection.<\/p>\n<p><b>Fixing:<\/b>Installation with threaded bars<\/p>\n<p><strong>Accessories:<\/strong> Ashtray Fuma, Custom graphics<\/p>\n<p><strong>Dimensions and weight:<br \/>\n<\/strong>1055&#215;400 mm H 1000 mm 111&nbsp;kg<\/p>\n<p><strong>Capacity:<\/strong><br \/>\n3&#215;80 lt Bag holder<br \/>\n3&#215;45 lt Inner liner<\/p>\n","protected":false},"excerpt":{"rendered":"<p>Rectangular litter bin composed of a thick steel sheet supporting structure, closed by steel sheet panel at the rear and by three doors with snap lock at the front. It is equipped with rain cover, three conveyors for the insertion of waste and three bag holder rings for separate collection. Fixing:Installation with threaded bars Accessories: [&hellip;]<\/p>\n","protected":false},"featured_media":31630,"comment_status":"closed","ping_status":"closed","template":"","meta":{"_acf_changed":false},"product_cat":[698,388],"product_tag":[],"class_list":{"0":"post-31635","1":"product","2":"type-product","3":"status-publish","4":"has-post-thumbnail","6":"product_cat-cestini-en","7":"product_cat-litter-bins","8":"pa_designers-massimo-tasca-cs","9":"pa_material-powder-coated-steel","10":"collezioni-stile-en","11":"catalogo-catalogue-stile-2025","13":"first","14":"instock","15":"shipping-taxable","16":"product-type-simple"},"acf":[],"yoast_head":"<!-- This site is optimized with the Yoast SEO plugin v23.2 - https:\/\/yoast.com\/wordpress\/plugins\/seo\/ -->\n<title>BUND - Metalco Mobiliar<\/title>\n<meta name=\"robots\" content=\"index, follow, max-snippet:-1, max-image-preview:large, max-video-preview:-1\" \/>\n<link rel=\"canonical\" href=\"https:\/\/metalco-mobiliar.cz\/en\/prodotti-en\/bund-2\/\" \/>\n<meta property=\"og:locale\" content=\"en_US\" \/>\n<meta property=\"og:type\" content=\"article\" \/>\n<meta property=\"og:title\" content=\"BUND - Metalco Mobiliar\" \/>\n<meta property=\"og:description\" content=\"Rectangular litter bin composed of a thick steel sheet supporting structure, closed by steel sheet panel at the rear and by three doors with snap lock at the front. It is equipped with rain cover, three conveyors for the insertion of waste and three bag holder rings for separate collection. Fixing:Installation with threaded bars Accessories: [&hellip;]\" \/>\n<meta property=\"og:url\" content=\"https:\/\/metalco-mobiliar.cz\/en\/prodotti-en\/bund-2\/\" \/>\n<meta property=\"og:site_name\" content=\"Metalco Mobiliar\" \/>\n<meta property=\"article:modified_time\" content=\"2021-05-03T09:48:23+00:00\" \/>\n<meta property=\"og:image\" content=\"https:\/\/metalco-mobiliar.cz\/news\/wp-content\/uploads\/2021\/05\/ko\u0161-na-t\u0159\u00edd\u011bn\u00fd-odpad-pro-ve\u0159ejnost-BUND.jpg\" \/>\n\t<meta property=\"og:image:width\" content=\"450\" \/>\n\t<meta property=\"og:image:height\" content=\"450\" \/>\n\t<meta property=\"og:image:type\" content=\"image\/jpeg\" \/>\n<script type=\"application\/ld+json\" class=\"yoast-schema-graph\">{\"@context\":\"https:\/\/schema.org\",\"@graph\":[{\"@type\":\"WebPage\",\"@id\":\"https:\/\/metalco-mobiliar.cz\/en\/prodotti-en\/bund-2\/\",\"url\":\"https:\/\/metalco-mobiliar.cz\/en\/prodotti-en\/bund-2\/\",\"name\":\"BUND - Metalco Mobiliar\",\"isPartOf\":{\"@id\":\"https:\/\/metalco-mobiliar.cz\/#website\"},\"primaryImageOfPage\":{\"@id\":\"https:\/\/metalco-mobiliar.cz\/en\/prodotti-en\/bund-2\/#primaryimage\"},\"image\":{\"@id\":\"https:\/\/metalco-mobiliar.cz\/en\/prodotti-en\/bund-2\/#primaryimage\"},\"thumbnailUrl\":\"https:\/\/metalco-mobiliar.cz\/news\/wp-content\/uploads\/2021\/05\/ko\u0161-na-t\u0159\u00edd\u011bn\u00fd-odpad-pro-ve\u0159ejnost-BUND.jpg\",\"datePublished\":\"2021-05-03T08:26:32+00:00\",\"dateModified\":\"2021-05-03T09:48:23+00:00\",\"breadcrumb\":{\"@id\":\"https:\/\/metalco-mobiliar.cz\/en\/prodotti-en\/bund-2\/#breadcrumb\"},\"inLanguage\":\"en-US\",\"potentialAction\":[{\"@type\":\"ReadAction\",\"target\":[\"https:\/\/metalco-mobiliar.cz\/en\/prodotti-en\/bund-2\/\"]}]},{\"@type\":\"ImageObject\",\"inLanguage\":\"en-US\",\"@id\":\"https:\/\/metalco-mobiliar.cz\/en\/prodotti-en\/bund-2\/#primaryimage\",\"url\":\"https:\/\/metalco-mobiliar.cz\/news\/wp-content\/uploads\/2021\/05\/ko\u0161-na-t\u0159\u00edd\u011bn\u00fd-odpad-pro-ve\u0159ejnost-BUND.jpg\",\"contentUrl\":\"https:\/\/metalco-mobiliar.cz\/news\/wp-content\/uploads\/2021\/05\/ko\u0161-na-t\u0159\u00edd\u011bn\u00fd-odpad-pro-ve\u0159ejnost-BUND.jpg\",\"width\":450,\"height\":450,\"caption\":\"Odpadkov\u00fd ko\u0161 na t\u0159\u00edd\u011bn\u00fd odpad\"},{\"@type\":\"BreadcrumbList\",\"@id\":\"https:\/\/metalco-mobiliar.cz\/en\/prodotti-en\/bund-2\/#breadcrumb\",\"itemListElement\":[{\"@type\":\"ListItem\",\"position\":1,\"name\":\"Home\",\"item\":\"https:\/\/metalco-mobiliar.cz\/en\/\"},{\"@type\":\"ListItem\",\"position\":2,\"name\":\"BUND\"}]},{\"@type\":\"WebSite\",\"@id\":\"https:\/\/metalco-mobiliar.cz\/#website\",\"url\":\"https:\/\/metalco-mobiliar.cz\/\",\"name\":\"Metalco \u2013 m\u011bstsk\u00fd mobili\u00e1\u0159\",\"description\":\"M\u011bstsk\u00fd mobili\u00e1\u0159 Metalco\",\"potentialAction\":[{\"@type\":\"SearchAction\",\"target\":{\"@type\":\"EntryPoint\",\"urlTemplate\":\"https:\/\/metalco-mobiliar.cz\/?s={search_term_string}\"},\"query-input\":\"required name=search_term_string\"}],\"inLanguage\":\"en-US\"}]}<\/script>\n<!-- \/ Yoast SEO plugin. -->","yoast_head_json":{"title":"BUND - Metalco Mobiliar","robots":{"index":"index","follow":"follow","max-snippet":"max-snippet:-1","max-image-preview":"max-image-preview:large","max-video-preview":"max-video-preview:-1"},"canonical":"https:\/\/metalco-mobiliar.cz\/en\/prodotti-en\/bund-2\/","og_locale":"en_US","og_type":"article","og_title":"BUND - Metalco Mobiliar","og_description":"Rectangular litter bin composed of a thick steel sheet supporting structure, closed by steel sheet panel at the rear and by three doors with snap lock at the front. It is equipped with rain cover, three conveyors for the insertion of waste and three bag holder rings for separate collection. Fixing:Installation with threaded bars Accessories: [&hellip;]","og_url":"https:\/\/metalco-mobiliar.cz\/en\/prodotti-en\/bund-2\/","og_site_name":"Metalco Mobiliar","article_modified_time":"2021-05-03T09:48:23+00:00","og_image":[{"width":450,"height":450,"url":"https:\/\/metalco-mobiliar.cz\/news\/wp-content\/uploads\/2021\/05\/ko\u0161-na-t\u0159\u00edd\u011bn\u00fd-odpad-pro-ve\u0159ejnost-BUND.jpg","type":"image\/jpeg"}],"schema":{"@context":"https:\/\/schema.org","@graph":[{"@type":"WebPage","@id":"https:\/\/metalco-mobiliar.cz\/en\/prodotti-en\/bund-2\/","url":"https:\/\/metalco-mobiliar.cz\/en\/prodotti-en\/bund-2\/","name":"BUND - Metalco Mobiliar","isPartOf":{"@id":"https:\/\/metalco-mobiliar.cz\/#website"},"primaryImageOfPage":{"@id":"https:\/\/metalco-mobiliar.cz\/en\/prodotti-en\/bund-2\/#primaryimage"},"image":{"@id":"https:\/\/metalco-mobiliar.cz\/en\/prodotti-en\/bund-2\/#primaryimage"},"thumbnailUrl":"https:\/\/metalco-mobiliar.cz\/news\/wp-content\/uploads\/2021\/05\/ko\u0161-na-t\u0159\u00edd\u011bn\u00fd-odpad-pro-ve\u0159ejnost-BUND.jpg","datePublished":"2021-05-03T08:26:32+00:00","dateModified":"2021-05-03T09:48:23+00:00","breadcrumb":{"@id":"https:\/\/metalco-mobiliar.cz\/en\/prodotti-en\/bund-2\/#breadcrumb"},"inLanguage":"en-US","potentialAction":[{"@type":"ReadAction","target":["https:\/\/metalco-mobiliar.cz\/en\/prodotti-en\/bund-2\/"]}]},{"@type":"ImageObject","inLanguage":"en-US","@id":"https:\/\/metalco-mobiliar.cz\/en\/prodotti-en\/bund-2\/#primaryimage","url":"https:\/\/metalco-mobiliar.cz\/news\/wp-content\/uploads\/2021\/05\/ko\u0161-na-t\u0159\u00edd\u011bn\u00fd-odpad-pro-ve\u0159ejnost-BUND.jpg","contentUrl":"https:\/\/metalco-mobiliar.cz\/news\/wp-content\/uploads\/2021\/05\/ko\u0161-na-t\u0159\u00edd\u011bn\u00fd-odpad-pro-ve\u0159ejnost-BUND.jpg","width":450,"height":450,"caption":"Odpadkov\u00fd ko\u0161 na t\u0159\u00edd\u011bn\u00fd odpad"},{"@type":"BreadcrumbList","@id":"https:\/\/metalco-mobiliar.cz\/en\/prodotti-en\/bund-2\/#breadcrumb","itemListElement":[{"@type":"ListItem","position":1,"name":"Home","item":"https:\/\/metalco-mobiliar.cz\/en\/"},{"@type":"ListItem","position":2,"name":"BUND"}]},{"@type":"WebSite","@id":"https:\/\/metalco-mobiliar.cz\/#website","url":"https:\/\/metalco-mobiliar.cz\/","name":"Metalco \u2013 m\u011bstsk\u00fd mobili\u00e1\u0159","description":"M\u011bstsk\u00fd mobili\u00e1\u0159 Metalco","potentialAction":[{"@type":"SearchAction","target":{"@type":"EntryPoint","urlTemplate":"https:\/\/metalco-mobiliar.cz\/?s={search_term_string}"},"query-input":"required name=search_term_string"}],"inLanguage":"en-US"}]}},"_links":{"self":[{"href":"https:\/\/metalco-mobiliar.cz\/en\/wp-json\/wp\/v2\/product\/31635"}],"collection":[{"href":"https:\/\/metalco-mobiliar.cz\/en\/wp-json\/wp\/v2\/product"}],"about":[{"href":"https:\/\/metalco-mobiliar.cz\/en\/wp-json\/wp\/v2\/types\/product"}],"replies":[{"embeddable":true,"href":"https:\/\/metalco-mobiliar.cz\/en\/wp-json\/wp\/v2\/comments?post=31635"}],"wp:featuredmedia":[{"embeddable":true,"href":"https:\/\/metalco-mobiliar.cz\/en\/wp-json\/wp\/v2\/media\/31630"}],"wp:attachment":[{"href":"https:\/\/metalco-mobiliar.cz\/en\/wp-json\/wp\/v2\/media?parent=31635"}],"wp:term":[{"taxonomy":"product_cat","embeddable":true,"href":"https:\/\/metalco-mobiliar.cz\/en\/wp-json\/wp\/v2\/product_cat?post=31635"},{"taxonomy":"product_tag","embeddable":true,"href":"https:\/\/metalco-mobiliar.cz\/en\/wp-json\/wp\/v2\/product_tag?post=31635"}],"curies":[{"name":"wp","href":"https:\/\/api.w.org\/{rel}","templated":true}]}}