{"id":31684,"date":"2021-05-07T10:36:32","date_gmt":"2021-05-07T08:36:32","guid":{"rendered":"http:\/\/metalco-mobiliar.cz\/prodotto\/gemini\/"},"modified":"2023-04-28T10:30:51","modified_gmt":"2023-04-28T08:30:51","slug":"gemini","status":"publish","type":"product","link":"https:\/\/metalco-mobiliar.cz\/en\/prodotti-en\/gemini\/","title":{"rendered":"GEMINI"},"content":{"rendered":"<p>Collection of litter bins composed of a thick steel sheet structure, a tube support and<br \/>\ntwo panels, one is fixed and one which opens with snap lock and equipped with a hole for the introduction of waste. The litter bin is equipped with a bag holder ring with<br \/>\nelastic. Two sizes are available.<\/p>\n<p><strong>Capacity: <\/strong>30 lt \/ 90 lt<\/p>\n<p><strong>Fixing:<\/strong> Pre-drilled for anchors<\/p>\n<p><strong>Accessories:<\/strong> Custom graphics<\/p>\n<p><strong>Dimensions and weight:<\/strong><br \/>\n360&#215;250 mm H 1085 mm 37&nbsp;kg<br \/>\n510&#215;360 mm H 1085 mm 58&nbsp;kg<\/p>\n<p>&nbsp;<\/p>\n","protected":false},"excerpt":{"rendered":"<p>Collection of litter bins composed of a thick steel sheet structure, a tube support and two panels, one is fixed and one which opens with snap lock and equipped with a hole for the introduction of waste. The litter bin is equipped with a bag holder ring with elastic. Two sizes are available. Capacity: 30 [&hellip;]<\/p>\n","protected":false},"featured_media":31679,"comment_status":"closed","ping_status":"closed","template":"","meta":{"_acf_changed":false},"product_cat":[698,388],"product_tag":[],"class_list":{"0":"post-31684","1":"product","2":"type-product","3":"status-publish","4":"has-post-thumbnail","6":"product_cat-cestini-en","7":"product_cat-litter-bins","8":"pa_designers-massimo-tasca-en","9":"pa_designers-mattia-li-pomi-2","10":"pa_material-powder-coated-steel","11":"collezioni-stile-en","12":"catalogo-catalogue-stile-2025","14":"first","15":"instock","16":"shipping-taxable","17":"product-type-simple"},"acf":[],"yoast_head":"<!-- This site is optimized with the Yoast SEO plugin v23.2 - https:\/\/yoast.com\/wordpress\/plugins\/seo\/ -->\n<title>GEMINI - Metalco Mobiliar<\/title>\n<meta name=\"robots\" content=\"index, follow, max-snippet:-1, max-image-preview:large, max-video-preview:-1\" \/>\n<link rel=\"canonical\" href=\"https:\/\/metalco-mobiliar.cz\/en\/prodotti-en\/gemini\/\" \/>\n<meta property=\"og:locale\" content=\"en_US\" \/>\n<meta property=\"og:type\" content=\"article\" \/>\n<meta property=\"og:title\" content=\"GEMINI - Metalco Mobiliar\" \/>\n<meta property=\"og:description\" content=\"Collection of litter bins composed of a thick steel sheet structure, a tube support and two panels, one is fixed and one which opens with snap lock and equipped with a hole for the introduction of waste. The litter bin is equipped with a bag holder ring with elastic. Two sizes are available. Capacity: 30 [&hellip;]\" \/>\n<meta property=\"og:url\" content=\"https:\/\/metalco-mobiliar.cz\/en\/prodotti-en\/gemini\/\" \/>\n<meta property=\"og:site_name\" content=\"Metalco Mobiliar\" \/>\n<meta property=\"article:modified_time\" content=\"2023-04-28T08:30:51+00:00\" \/>\n<meta property=\"og:image\" content=\"https:\/\/metalco-mobiliar.cz\/news\/wp-content\/uploads\/2021\/05\/odpadkov\u00fd-ko\u0161-mobili\u00e1\u0159-gemini.jpg\" \/>\n\t<meta property=\"og:image:width\" content=\"450\" \/>\n\t<meta property=\"og:image:height\" content=\"450\" \/>\n\t<meta property=\"og:image:type\" content=\"image\/jpeg\" \/>\n<script type=\"application\/ld+json\" class=\"yoast-schema-graph\">{\"@context\":\"https:\/\/schema.org\",\"@graph\":[{\"@type\":\"WebPage\",\"@id\":\"https:\/\/metalco-mobiliar.cz\/en\/prodotti-en\/gemini\/\",\"url\":\"https:\/\/metalco-mobiliar.cz\/en\/prodotti-en\/gemini\/\",\"name\":\"GEMINI - Metalco Mobiliar\",\"isPartOf\":{\"@id\":\"https:\/\/metalco-mobiliar.cz\/#website\"},\"primaryImageOfPage\":{\"@id\":\"https:\/\/metalco-mobiliar.cz\/en\/prodotti-en\/gemini\/#primaryimage\"},\"image\":{\"@id\":\"https:\/\/metalco-mobiliar.cz\/en\/prodotti-en\/gemini\/#primaryimage\"},\"thumbnailUrl\":\"https:\/\/metalco-mobiliar.cz\/news\/wp-content\/uploads\/2021\/05\/odpadkov\u00fd-ko\u0161-mobili\u00e1\u0159-gemini.jpg\",\"datePublished\":\"2021-05-07T08:36:32+00:00\",\"dateModified\":\"2023-04-28T08:30:51+00:00\",\"breadcrumb\":{\"@id\":\"https:\/\/metalco-mobiliar.cz\/en\/prodotti-en\/gemini\/#breadcrumb\"},\"inLanguage\":\"en-US\",\"potentialAction\":[{\"@type\":\"ReadAction\",\"target\":[\"https:\/\/metalco-mobiliar.cz\/en\/prodotti-en\/gemini\/\"]}]},{\"@type\":\"ImageObject\",\"inLanguage\":\"en-US\",\"@id\":\"https:\/\/metalco-mobiliar.cz\/en\/prodotti-en\/gemini\/#primaryimage\",\"url\":\"https:\/\/metalco-mobiliar.cz\/news\/wp-content\/uploads\/2021\/05\/odpadkov\u00fd-ko\u0161-mobili\u00e1\u0159-gemini.jpg\",\"contentUrl\":\"https:\/\/metalco-mobiliar.cz\/news\/wp-content\/uploads\/2021\/05\/odpadkov\u00fd-ko\u0161-mobili\u00e1\u0159-gemini.jpg\",\"width\":450,\"height\":450,\"caption\":\"Odpadkov\u00fd ko\u0161 mobili\u00e1\u0159\"},{\"@type\":\"BreadcrumbList\",\"@id\":\"https:\/\/metalco-mobiliar.cz\/en\/prodotti-en\/gemini\/#breadcrumb\",\"itemListElement\":[{\"@type\":\"ListItem\",\"position\":1,\"name\":\"Home\",\"item\":\"https:\/\/metalco-mobiliar.cz\/en\/\"},{\"@type\":\"ListItem\",\"position\":2,\"name\":\"GEMINI\"}]},{\"@type\":\"WebSite\",\"@id\":\"https:\/\/metalco-mobiliar.cz\/#website\",\"url\":\"https:\/\/metalco-mobiliar.cz\/\",\"name\":\"Metalco \u2013 m\u011bstsk\u00fd mobili\u00e1\u0159\",\"description\":\"M\u011bstsk\u00fd mobili\u00e1\u0159 Metalco\",\"potentialAction\":[{\"@type\":\"SearchAction\",\"target\":{\"@type\":\"EntryPoint\",\"urlTemplate\":\"https:\/\/metalco-mobiliar.cz\/?s={search_term_string}\"},\"query-input\":\"required name=search_term_string\"}],\"inLanguage\":\"en-US\"}]}<\/script>\n<!-- \/ Yoast SEO plugin. -->","yoast_head_json":{"title":"GEMINI - Metalco Mobiliar","robots":{"index":"index","follow":"follow","max-snippet":"max-snippet:-1","max-image-preview":"max-image-preview:large","max-video-preview":"max-video-preview:-1"},"canonical":"https:\/\/metalco-mobiliar.cz\/en\/prodotti-en\/gemini\/","og_locale":"en_US","og_type":"article","og_title":"GEMINI - Metalco Mobiliar","og_description":"Collection of litter bins composed of a thick steel sheet structure, a tube support and two panels, one is fixed and one which opens with snap lock and equipped with a hole for the introduction of waste. The litter bin is equipped with a bag holder ring with elastic. Two sizes are available. Capacity: 30 [&hellip;]","og_url":"https:\/\/metalco-mobiliar.cz\/en\/prodotti-en\/gemini\/","og_site_name":"Metalco Mobiliar","article_modified_time":"2023-04-28T08:30:51+00:00","og_image":[{"width":450,"height":450,"url":"https:\/\/metalco-mobiliar.cz\/news\/wp-content\/uploads\/2021\/05\/odpadkov\u00fd-ko\u0161-mobili\u00e1\u0159-gemini.jpg","type":"image\/jpeg"}],"schema":{"@context":"https:\/\/schema.org","@graph":[{"@type":"WebPage","@id":"https:\/\/metalco-mobiliar.cz\/en\/prodotti-en\/gemini\/","url":"https:\/\/metalco-mobiliar.cz\/en\/prodotti-en\/gemini\/","name":"GEMINI - Metalco Mobiliar","isPartOf":{"@id":"https:\/\/metalco-mobiliar.cz\/#website"},"primaryImageOfPage":{"@id":"https:\/\/metalco-mobiliar.cz\/en\/prodotti-en\/gemini\/#primaryimage"},"image":{"@id":"https:\/\/metalco-mobiliar.cz\/en\/prodotti-en\/gemini\/#primaryimage"},"thumbnailUrl":"https:\/\/metalco-mobiliar.cz\/news\/wp-content\/uploads\/2021\/05\/odpadkov\u00fd-ko\u0161-mobili\u00e1\u0159-gemini.jpg","datePublished":"2021-05-07T08:36:32+00:00","dateModified":"2023-04-28T08:30:51+00:00","breadcrumb":{"@id":"https:\/\/metalco-mobiliar.cz\/en\/prodotti-en\/gemini\/#breadcrumb"},"inLanguage":"en-US","potentialAction":[{"@type":"ReadAction","target":["https:\/\/metalco-mobiliar.cz\/en\/prodotti-en\/gemini\/"]}]},{"@type":"ImageObject","inLanguage":"en-US","@id":"https:\/\/metalco-mobiliar.cz\/en\/prodotti-en\/gemini\/#primaryimage","url":"https:\/\/metalco-mobiliar.cz\/news\/wp-content\/uploads\/2021\/05\/odpadkov\u00fd-ko\u0161-mobili\u00e1\u0159-gemini.jpg","contentUrl":"https:\/\/metalco-mobiliar.cz\/news\/wp-content\/uploads\/2021\/05\/odpadkov\u00fd-ko\u0161-mobili\u00e1\u0159-gemini.jpg","width":450,"height":450,"caption":"Odpadkov\u00fd ko\u0161 mobili\u00e1\u0159"},{"@type":"BreadcrumbList","@id":"https:\/\/metalco-mobiliar.cz\/en\/prodotti-en\/gemini\/#breadcrumb","itemListElement":[{"@type":"ListItem","position":1,"name":"Home","item":"https:\/\/metalco-mobiliar.cz\/en\/"},{"@type":"ListItem","position":2,"name":"GEMINI"}]},{"@type":"WebSite","@id":"https:\/\/metalco-mobiliar.cz\/#website","url":"https:\/\/metalco-mobiliar.cz\/","name":"Metalco \u2013 m\u011bstsk\u00fd mobili\u00e1\u0159","description":"M\u011bstsk\u00fd mobili\u00e1\u0159 Metalco","potentialAction":[{"@type":"SearchAction","target":{"@type":"EntryPoint","urlTemplate":"https:\/\/metalco-mobiliar.cz\/?s={search_term_string}"},"query-input":"required name=search_term_string"}],"inLanguage":"en-US"}]}},"_links":{"self":[{"href":"https:\/\/metalco-mobiliar.cz\/en\/wp-json\/wp\/v2\/product\/31684"}],"collection":[{"href":"https:\/\/metalco-mobiliar.cz\/en\/wp-json\/wp\/v2\/product"}],"about":[{"href":"https:\/\/metalco-mobiliar.cz\/en\/wp-json\/wp\/v2\/types\/product"}],"replies":[{"embeddable":true,"href":"https:\/\/metalco-mobiliar.cz\/en\/wp-json\/wp\/v2\/comments?post=31684"}],"wp:featuredmedia":[{"embeddable":true,"href":"https:\/\/metalco-mobiliar.cz\/en\/wp-json\/wp\/v2\/media\/31679"}],"wp:attachment":[{"href":"https:\/\/metalco-mobiliar.cz\/en\/wp-json\/wp\/v2\/media?parent=31684"}],"wp:term":[{"taxonomy":"product_cat","embeddable":true,"href":"https:\/\/metalco-mobiliar.cz\/en\/wp-json\/wp\/v2\/product_cat?post=31684"},{"taxonomy":"product_tag","embeddable":true,"href":"https:\/\/metalco-mobiliar.cz\/en\/wp-json\/wp\/v2\/product_tag?post=31684"}],"curies":[{"name":"wp","href":"https:\/\/api.w.org\/{rel}","templated":true}]}}