{"id":31844,"date":"2021-05-14T10:29:26","date_gmt":"2021-05-14T08:29:26","guid":{"rendered":"http:\/\/metalco-mobiliar.cz\/prodotto\/olpe\/"},"modified":"2021-05-14T10:34:16","modified_gmt":"2021-05-14T08:34:16","slug":"olpe","status":"publish","type":"product","link":"https:\/\/metalco-mobiliar.cz\/en\/prodotti-en\/olpe\/","title":{"rendered":"OLPE"},"content":{"rendered":"<p>Litter bin in steel composed of a supporting structure in steel rod, a metal sheet base and a bag holder ring. The litter bin is equipped with a stainless steel plate for the extinguishing of cigarettes.<\/p>\n<p><strong>Fixing:<\/strong><br \/>\nPre-drilled for anchors<\/p>\n<p><strong>Capacity:<\/strong> 100 lt<\/p>\n<p><strong>Dimensions and weight:<\/strong><br \/>\n\u00d8 565 mm H 900 mm 16&nbsp;kg<\/p>\n","protected":false},"excerpt":{"rendered":"<p>Litter bin in steel composed of a supporting structure in steel rod, a metal sheet base and a bag holder ring. The litter bin is equipped with a stainless steel plate for the extinguishing of cigarettes. Fixing: Pre-drilled for anchors Capacity: 100 lt Dimensions and weight: \u00d8 565 mm H 900 mm 16&nbsp;kg<\/p>\n","protected":false},"featured_media":31836,"comment_status":"closed","ping_status":"closed","template":"","meta":{"_acf_changed":false},"product_cat":[698,388],"product_tag":[],"class_list":{"0":"post-31844","1":"product","2":"type-product","3":"status-publish","4":"has-post-thumbnail","6":"product_cat-cestini-en","7":"product_cat-litter-bins","8":"pa_designers-massimo-tasca-en","9":"pa_material-powder-coated-steel","10":"collezioni-stile-en","11":"catalogo-catalogue-stile-2025","13":"first","14":"instock","15":"shipping-taxable","16":"product-type-simple"},"acf":[],"yoast_head":"<!-- This site is optimized with the Yoast SEO plugin v23.2 - https:\/\/yoast.com\/wordpress\/plugins\/seo\/ -->\n<title>OLPE - Metalco Mobiliar<\/title>\n<meta name=\"robots\" content=\"index, follow, max-snippet:-1, max-image-preview:large, max-video-preview:-1\" \/>\n<link rel=\"canonical\" href=\"https:\/\/metalco-mobiliar.cz\/en\/prodotti-en\/olpe\/\" \/>\n<meta property=\"og:locale\" content=\"en_US\" \/>\n<meta property=\"og:type\" content=\"article\" \/>\n<meta property=\"og:title\" content=\"OLPE - Metalco Mobiliar\" \/>\n<meta property=\"og:description\" content=\"Litter bin in steel composed of a supporting structure in steel rod, a metal sheet base and a bag holder ring. The litter bin is equipped with a stainless steel plate for the extinguishing of cigarettes. Fixing: Pre-drilled for anchors Capacity: 100 lt Dimensions and weight: \u00d8 565 mm H 900 mm 16&nbsp;kg\" \/>\n<meta property=\"og:url\" content=\"https:\/\/metalco-mobiliar.cz\/en\/prodotti-en\/olpe\/\" \/>\n<meta property=\"og:site_name\" content=\"Metalco Mobiliar\" \/>\n<meta property=\"article:modified_time\" content=\"2021-05-14T08:34:16+00:00\" \/>\n<meta property=\"og:image\" content=\"https:\/\/metalco-mobiliar.cz\/news\/wp-content\/uploads\/2021\/05\/ko\u0161-m\u011bstsk\u00fd-OLPE.jpg\" \/>\n\t<meta property=\"og:image:width\" content=\"441\" \/>\n\t<meta property=\"og:image:height\" content=\"441\" \/>\n\t<meta property=\"og:image:type\" content=\"image\/jpeg\" \/>\n<script type=\"application\/ld+json\" class=\"yoast-schema-graph\">{\"@context\":\"https:\/\/schema.org\",\"@graph\":[{\"@type\":\"WebPage\",\"@id\":\"https:\/\/metalco-mobiliar.cz\/en\/prodotti-en\/olpe\/\",\"url\":\"https:\/\/metalco-mobiliar.cz\/en\/prodotti-en\/olpe\/\",\"name\":\"OLPE - Metalco Mobiliar\",\"isPartOf\":{\"@id\":\"https:\/\/metalco-mobiliar.cz\/#website\"},\"primaryImageOfPage\":{\"@id\":\"https:\/\/metalco-mobiliar.cz\/en\/prodotti-en\/olpe\/#primaryimage\"},\"image\":{\"@id\":\"https:\/\/metalco-mobiliar.cz\/en\/prodotti-en\/olpe\/#primaryimage\"},\"thumbnailUrl\":\"https:\/\/metalco-mobiliar.cz\/news\/wp-content\/uploads\/2021\/05\/ko\u0161-m\u011bstsk\u00fd-OLPE.jpg\",\"datePublished\":\"2021-05-14T08:29:26+00:00\",\"dateModified\":\"2021-05-14T08:34:16+00:00\",\"breadcrumb\":{\"@id\":\"https:\/\/metalco-mobiliar.cz\/en\/prodotti-en\/olpe\/#breadcrumb\"},\"inLanguage\":\"en-US\",\"potentialAction\":[{\"@type\":\"ReadAction\",\"target\":[\"https:\/\/metalco-mobiliar.cz\/en\/prodotti-en\/olpe\/\"]}]},{\"@type\":\"ImageObject\",\"inLanguage\":\"en-US\",\"@id\":\"https:\/\/metalco-mobiliar.cz\/en\/prodotti-en\/olpe\/#primaryimage\",\"url\":\"https:\/\/metalco-mobiliar.cz\/news\/wp-content\/uploads\/2021\/05\/ko\u0161-m\u011bstsk\u00fd-OLPE.jpg\",\"contentUrl\":\"https:\/\/metalco-mobiliar.cz\/news\/wp-content\/uploads\/2021\/05\/ko\u0161-m\u011bstsk\u00fd-OLPE.jpg\",\"width\":441,\"height\":441,\"caption\":\"Ko\u0161 m\u011bstsk\u00fd\"},{\"@type\":\"BreadcrumbList\",\"@id\":\"https:\/\/metalco-mobiliar.cz\/en\/prodotti-en\/olpe\/#breadcrumb\",\"itemListElement\":[{\"@type\":\"ListItem\",\"position\":1,\"name\":\"Home\",\"item\":\"https:\/\/metalco-mobiliar.cz\/en\/\"},{\"@type\":\"ListItem\",\"position\":2,\"name\":\"OLPE\"}]},{\"@type\":\"WebSite\",\"@id\":\"https:\/\/metalco-mobiliar.cz\/#website\",\"url\":\"https:\/\/metalco-mobiliar.cz\/\",\"name\":\"Metalco \u2013 m\u011bstsk\u00fd mobili\u00e1\u0159\",\"description\":\"M\u011bstsk\u00fd mobili\u00e1\u0159 Metalco\",\"potentialAction\":[{\"@type\":\"SearchAction\",\"target\":{\"@type\":\"EntryPoint\",\"urlTemplate\":\"https:\/\/metalco-mobiliar.cz\/?s={search_term_string}\"},\"query-input\":\"required name=search_term_string\"}],\"inLanguage\":\"en-US\"}]}<\/script>\n<!-- \/ Yoast SEO plugin. -->","yoast_head_json":{"title":"OLPE - Metalco Mobiliar","robots":{"index":"index","follow":"follow","max-snippet":"max-snippet:-1","max-image-preview":"max-image-preview:large","max-video-preview":"max-video-preview:-1"},"canonical":"https:\/\/metalco-mobiliar.cz\/en\/prodotti-en\/olpe\/","og_locale":"en_US","og_type":"article","og_title":"OLPE - Metalco Mobiliar","og_description":"Litter bin in steel composed of a supporting structure in steel rod, a metal sheet base and a bag holder ring. The litter bin is equipped with a stainless steel plate for the extinguishing of cigarettes. Fixing: Pre-drilled for anchors Capacity: 100 lt Dimensions and weight: \u00d8 565 mm H 900 mm 16&nbsp;kg","og_url":"https:\/\/metalco-mobiliar.cz\/en\/prodotti-en\/olpe\/","og_site_name":"Metalco Mobiliar","article_modified_time":"2021-05-14T08:34:16+00:00","og_image":[{"width":441,"height":441,"url":"https:\/\/metalco-mobiliar.cz\/news\/wp-content\/uploads\/2021\/05\/ko\u0161-m\u011bstsk\u00fd-OLPE.jpg","type":"image\/jpeg"}],"schema":{"@context":"https:\/\/schema.org","@graph":[{"@type":"WebPage","@id":"https:\/\/metalco-mobiliar.cz\/en\/prodotti-en\/olpe\/","url":"https:\/\/metalco-mobiliar.cz\/en\/prodotti-en\/olpe\/","name":"OLPE - Metalco Mobiliar","isPartOf":{"@id":"https:\/\/metalco-mobiliar.cz\/#website"},"primaryImageOfPage":{"@id":"https:\/\/metalco-mobiliar.cz\/en\/prodotti-en\/olpe\/#primaryimage"},"image":{"@id":"https:\/\/metalco-mobiliar.cz\/en\/prodotti-en\/olpe\/#primaryimage"},"thumbnailUrl":"https:\/\/metalco-mobiliar.cz\/news\/wp-content\/uploads\/2021\/05\/ko\u0161-m\u011bstsk\u00fd-OLPE.jpg","datePublished":"2021-05-14T08:29:26+00:00","dateModified":"2021-05-14T08:34:16+00:00","breadcrumb":{"@id":"https:\/\/metalco-mobiliar.cz\/en\/prodotti-en\/olpe\/#breadcrumb"},"inLanguage":"en-US","potentialAction":[{"@type":"ReadAction","target":["https:\/\/metalco-mobiliar.cz\/en\/prodotti-en\/olpe\/"]}]},{"@type":"ImageObject","inLanguage":"en-US","@id":"https:\/\/metalco-mobiliar.cz\/en\/prodotti-en\/olpe\/#primaryimage","url":"https:\/\/metalco-mobiliar.cz\/news\/wp-content\/uploads\/2021\/05\/ko\u0161-m\u011bstsk\u00fd-OLPE.jpg","contentUrl":"https:\/\/metalco-mobiliar.cz\/news\/wp-content\/uploads\/2021\/05\/ko\u0161-m\u011bstsk\u00fd-OLPE.jpg","width":441,"height":441,"caption":"Ko\u0161 m\u011bstsk\u00fd"},{"@type":"BreadcrumbList","@id":"https:\/\/metalco-mobiliar.cz\/en\/prodotti-en\/olpe\/#breadcrumb","itemListElement":[{"@type":"ListItem","position":1,"name":"Home","item":"https:\/\/metalco-mobiliar.cz\/en\/"},{"@type":"ListItem","position":2,"name":"OLPE"}]},{"@type":"WebSite","@id":"https:\/\/metalco-mobiliar.cz\/#website","url":"https:\/\/metalco-mobiliar.cz\/","name":"Metalco \u2013 m\u011bstsk\u00fd mobili\u00e1\u0159","description":"M\u011bstsk\u00fd mobili\u00e1\u0159 Metalco","potentialAction":[{"@type":"SearchAction","target":{"@type":"EntryPoint","urlTemplate":"https:\/\/metalco-mobiliar.cz\/?s={search_term_string}"},"query-input":"required name=search_term_string"}],"inLanguage":"en-US"}]}},"_links":{"self":[{"href":"https:\/\/metalco-mobiliar.cz\/en\/wp-json\/wp\/v2\/product\/31844"}],"collection":[{"href":"https:\/\/metalco-mobiliar.cz\/en\/wp-json\/wp\/v2\/product"}],"about":[{"href":"https:\/\/metalco-mobiliar.cz\/en\/wp-json\/wp\/v2\/types\/product"}],"replies":[{"embeddable":true,"href":"https:\/\/metalco-mobiliar.cz\/en\/wp-json\/wp\/v2\/comments?post=31844"}],"wp:featuredmedia":[{"embeddable":true,"href":"https:\/\/metalco-mobiliar.cz\/en\/wp-json\/wp\/v2\/media\/31836"}],"wp:attachment":[{"href":"https:\/\/metalco-mobiliar.cz\/en\/wp-json\/wp\/v2\/media?parent=31844"}],"wp:term":[{"taxonomy":"product_cat","embeddable":true,"href":"https:\/\/metalco-mobiliar.cz\/en\/wp-json\/wp\/v2\/product_cat?post=31844"},{"taxonomy":"product_tag","embeddable":true,"href":"https:\/\/metalco-mobiliar.cz\/en\/wp-json\/wp\/v2\/product_tag?post=31844"}],"curies":[{"name":"wp","href":"https:\/\/api.w.org\/{rel}","templated":true}]}}