{"id":31936,"date":"2021-05-18T11:07:44","date_gmt":"2021-05-18T09:07:44","guid":{"rendered":"http:\/\/metalco-mobiliar.cz\/prodotto\/bravo-dog\/"},"modified":"2021-05-18T11:31:42","modified_gmt":"2021-05-18T09:31:42","slug":"bravo-dog","status":"publish","type":"product","link":"https:\/\/metalco-mobiliar.cz\/en\/prodotti-en\/bravo-dog\/","title":{"rendered":"BRAVO DOG"},"content":{"rendered":"<p>Cylindrical litter bin composed of steel sheet structure and bag holder ring with snap closure. An external container for dog waste bag dispenser can be separately provided. Both the litter bin and the external container are to be fixed to an existing pole.<\/p>\n<p><strong>Capacity:<\/strong> 35 lt<\/p>\n<p><strong>Fixing:<\/strong> On pre-existing pole<\/p>\n<p><strong>Accessories:<\/strong> Custom graphics<br \/>\nPouch dispenser<\/p>\n<p><strong>Dimensions and weight:<\/strong><br \/>\n330&#215;460 mm H 958 mm 11&nbsp;kg<\/p>\n","protected":false},"excerpt":{"rendered":"<p>Cylindrical litter bin composed of steel sheet structure and bag holder ring with snap closure. An external container for dog waste bag dispenser can be separately provided. Both the litter bin and the external container are to be fixed to an existing pole. Capacity: 35 lt Fixing: On pre-existing pole Accessories: Custom graphics Pouch dispenser [&hellip;]<\/p>\n","protected":false},"featured_media":31931,"comment_status":"closed","ping_status":"closed","template":"","meta":{"_acf_changed":false},"product_cat":[698,388],"product_tag":[],"class_list":{"0":"post-31936","1":"product","2":"type-product","3":"status-publish","4":"has-post-thumbnail","6":"product_cat-cestini-en","7":"product_cat-litter-bins","8":"pa_designers-metalco-department","9":"pa_material-powder-coated-steel","10":"pa_material-stainless-steel","11":"collezioni-stile-en","12":"catalogo-catalogue-stile-2025","14":"first","15":"instock","16":"shipping-taxable","17":"product-type-simple"},"acf":[],"yoast_head":"<!-- This site is optimized with the Yoast SEO plugin v23.2 - https:\/\/yoast.com\/wordpress\/plugins\/seo\/ -->\n<title>BRAVO DOG - Metalco Mobiliar<\/title>\n<meta name=\"robots\" content=\"index, follow, max-snippet:-1, max-image-preview:large, max-video-preview:-1\" \/>\n<link rel=\"canonical\" href=\"https:\/\/metalco-mobiliar.cz\/en\/prodotti-en\/bravo-dog\/\" \/>\n<meta property=\"og:locale\" content=\"en_US\" \/>\n<meta property=\"og:type\" content=\"article\" \/>\n<meta property=\"og:title\" content=\"BRAVO DOG - Metalco Mobiliar\" \/>\n<meta property=\"og:description\" content=\"Cylindrical litter bin composed of steel sheet structure and bag holder ring with snap closure. An external container for dog waste bag dispenser can be separately provided. Both the litter bin and the external container are to be fixed to an existing pole. Capacity: 35 lt Fixing: On pre-existing pole Accessories: Custom graphics Pouch dispenser [&hellip;]\" \/>\n<meta property=\"og:url\" content=\"https:\/\/metalco-mobiliar.cz\/en\/prodotti-en\/bravo-dog\/\" \/>\n<meta property=\"og:site_name\" content=\"Metalco Mobiliar\" \/>\n<meta property=\"article:modified_time\" content=\"2021-05-18T09:31:42+00:00\" \/>\n<meta property=\"og:image\" content=\"https:\/\/metalco-mobiliar.cz\/news\/wp-content\/uploads\/2021\/05\/Odpadkov\u00fd-ko\u0161-na-ps\u00ed-exkrementy-BRAVO-DOG.jpg\" \/>\n\t<meta property=\"og:image:width\" content=\"450\" \/>\n\t<meta property=\"og:image:height\" content=\"450\" \/>\n\t<meta property=\"og:image:type\" content=\"image\/jpeg\" \/>\n<script type=\"application\/ld+json\" class=\"yoast-schema-graph\">{\"@context\":\"https:\/\/schema.org\",\"@graph\":[{\"@type\":\"WebPage\",\"@id\":\"https:\/\/metalco-mobiliar.cz\/en\/prodotti-en\/bravo-dog\/\",\"url\":\"https:\/\/metalco-mobiliar.cz\/en\/prodotti-en\/bravo-dog\/\",\"name\":\"BRAVO DOG - Metalco Mobiliar\",\"isPartOf\":{\"@id\":\"https:\/\/metalco-mobiliar.cz\/#website\"},\"primaryImageOfPage\":{\"@id\":\"https:\/\/metalco-mobiliar.cz\/en\/prodotti-en\/bravo-dog\/#primaryimage\"},\"image\":{\"@id\":\"https:\/\/metalco-mobiliar.cz\/en\/prodotti-en\/bravo-dog\/#primaryimage\"},\"thumbnailUrl\":\"https:\/\/metalco-mobiliar.cz\/news\/wp-content\/uploads\/2021\/05\/Odpadkov\u00fd-ko\u0161-na-ps\u00ed-exkrementy-BRAVO-DOG.jpg\",\"datePublished\":\"2021-05-18T09:07:44+00:00\",\"dateModified\":\"2021-05-18T09:31:42+00:00\",\"breadcrumb\":{\"@id\":\"https:\/\/metalco-mobiliar.cz\/en\/prodotti-en\/bravo-dog\/#breadcrumb\"},\"inLanguage\":\"en-US\",\"potentialAction\":[{\"@type\":\"ReadAction\",\"target\":[\"https:\/\/metalco-mobiliar.cz\/en\/prodotti-en\/bravo-dog\/\"]}]},{\"@type\":\"ImageObject\",\"inLanguage\":\"en-US\",\"@id\":\"https:\/\/metalco-mobiliar.cz\/en\/prodotti-en\/bravo-dog\/#primaryimage\",\"url\":\"https:\/\/metalco-mobiliar.cz\/news\/wp-content\/uploads\/2021\/05\/Odpadkov\u00fd-ko\u0161-na-ps\u00ed-exkrementy-BRAVO-DOG.jpg\",\"contentUrl\":\"https:\/\/metalco-mobiliar.cz\/news\/wp-content\/uploads\/2021\/05\/Odpadkov\u00fd-ko\u0161-na-ps\u00ed-exkrementy-BRAVO-DOG.jpg\",\"width\":450,\"height\":450,\"caption\":\"Odpadkov\u00fd ko\u0161 na ps\u00ed exkrementy\"},{\"@type\":\"BreadcrumbList\",\"@id\":\"https:\/\/metalco-mobiliar.cz\/en\/prodotti-en\/bravo-dog\/#breadcrumb\",\"itemListElement\":[{\"@type\":\"ListItem\",\"position\":1,\"name\":\"Home\",\"item\":\"https:\/\/metalco-mobiliar.cz\/en\/\"},{\"@type\":\"ListItem\",\"position\":2,\"name\":\"BRAVO DOG\"}]},{\"@type\":\"WebSite\",\"@id\":\"https:\/\/metalco-mobiliar.cz\/#website\",\"url\":\"https:\/\/metalco-mobiliar.cz\/\",\"name\":\"Metalco \u2013 m\u011bstsk\u00fd mobili\u00e1\u0159\",\"description\":\"M\u011bstsk\u00fd mobili\u00e1\u0159 Metalco\",\"potentialAction\":[{\"@type\":\"SearchAction\",\"target\":{\"@type\":\"EntryPoint\",\"urlTemplate\":\"https:\/\/metalco-mobiliar.cz\/?s={search_term_string}\"},\"query-input\":\"required name=search_term_string\"}],\"inLanguage\":\"en-US\"}]}<\/script>\n<!-- \/ Yoast SEO plugin. -->","yoast_head_json":{"title":"BRAVO DOG - Metalco Mobiliar","robots":{"index":"index","follow":"follow","max-snippet":"max-snippet:-1","max-image-preview":"max-image-preview:large","max-video-preview":"max-video-preview:-1"},"canonical":"https:\/\/metalco-mobiliar.cz\/en\/prodotti-en\/bravo-dog\/","og_locale":"en_US","og_type":"article","og_title":"BRAVO DOG - Metalco Mobiliar","og_description":"Cylindrical litter bin composed of steel sheet structure and bag holder ring with snap closure. An external container for dog waste bag dispenser can be separately provided. Both the litter bin and the external container are to be fixed to an existing pole. Capacity: 35 lt Fixing: On pre-existing pole Accessories: Custom graphics Pouch dispenser [&hellip;]","og_url":"https:\/\/metalco-mobiliar.cz\/en\/prodotti-en\/bravo-dog\/","og_site_name":"Metalco Mobiliar","article_modified_time":"2021-05-18T09:31:42+00:00","og_image":[{"width":450,"height":450,"url":"https:\/\/metalco-mobiliar.cz\/news\/wp-content\/uploads\/2021\/05\/Odpadkov\u00fd-ko\u0161-na-ps\u00ed-exkrementy-BRAVO-DOG.jpg","type":"image\/jpeg"}],"schema":{"@context":"https:\/\/schema.org","@graph":[{"@type":"WebPage","@id":"https:\/\/metalco-mobiliar.cz\/en\/prodotti-en\/bravo-dog\/","url":"https:\/\/metalco-mobiliar.cz\/en\/prodotti-en\/bravo-dog\/","name":"BRAVO DOG - Metalco Mobiliar","isPartOf":{"@id":"https:\/\/metalco-mobiliar.cz\/#website"},"primaryImageOfPage":{"@id":"https:\/\/metalco-mobiliar.cz\/en\/prodotti-en\/bravo-dog\/#primaryimage"},"image":{"@id":"https:\/\/metalco-mobiliar.cz\/en\/prodotti-en\/bravo-dog\/#primaryimage"},"thumbnailUrl":"https:\/\/metalco-mobiliar.cz\/news\/wp-content\/uploads\/2021\/05\/Odpadkov\u00fd-ko\u0161-na-ps\u00ed-exkrementy-BRAVO-DOG.jpg","datePublished":"2021-05-18T09:07:44+00:00","dateModified":"2021-05-18T09:31:42+00:00","breadcrumb":{"@id":"https:\/\/metalco-mobiliar.cz\/en\/prodotti-en\/bravo-dog\/#breadcrumb"},"inLanguage":"en-US","potentialAction":[{"@type":"ReadAction","target":["https:\/\/metalco-mobiliar.cz\/en\/prodotti-en\/bravo-dog\/"]}]},{"@type":"ImageObject","inLanguage":"en-US","@id":"https:\/\/metalco-mobiliar.cz\/en\/prodotti-en\/bravo-dog\/#primaryimage","url":"https:\/\/metalco-mobiliar.cz\/news\/wp-content\/uploads\/2021\/05\/Odpadkov\u00fd-ko\u0161-na-ps\u00ed-exkrementy-BRAVO-DOG.jpg","contentUrl":"https:\/\/metalco-mobiliar.cz\/news\/wp-content\/uploads\/2021\/05\/Odpadkov\u00fd-ko\u0161-na-ps\u00ed-exkrementy-BRAVO-DOG.jpg","width":450,"height":450,"caption":"Odpadkov\u00fd ko\u0161 na ps\u00ed exkrementy"},{"@type":"BreadcrumbList","@id":"https:\/\/metalco-mobiliar.cz\/en\/prodotti-en\/bravo-dog\/#breadcrumb","itemListElement":[{"@type":"ListItem","position":1,"name":"Home","item":"https:\/\/metalco-mobiliar.cz\/en\/"},{"@type":"ListItem","position":2,"name":"BRAVO DOG"}]},{"@type":"WebSite","@id":"https:\/\/metalco-mobiliar.cz\/#website","url":"https:\/\/metalco-mobiliar.cz\/","name":"Metalco \u2013 m\u011bstsk\u00fd mobili\u00e1\u0159","description":"M\u011bstsk\u00fd mobili\u00e1\u0159 Metalco","potentialAction":[{"@type":"SearchAction","target":{"@type":"EntryPoint","urlTemplate":"https:\/\/metalco-mobiliar.cz\/?s={search_term_string}"},"query-input":"required name=search_term_string"}],"inLanguage":"en-US"}]}},"_links":{"self":[{"href":"https:\/\/metalco-mobiliar.cz\/en\/wp-json\/wp\/v2\/product\/31936"}],"collection":[{"href":"https:\/\/metalco-mobiliar.cz\/en\/wp-json\/wp\/v2\/product"}],"about":[{"href":"https:\/\/metalco-mobiliar.cz\/en\/wp-json\/wp\/v2\/types\/product"}],"replies":[{"embeddable":true,"href":"https:\/\/metalco-mobiliar.cz\/en\/wp-json\/wp\/v2\/comments?post=31936"}],"wp:featuredmedia":[{"embeddable":true,"href":"https:\/\/metalco-mobiliar.cz\/en\/wp-json\/wp\/v2\/media\/31931"}],"wp:attachment":[{"href":"https:\/\/metalco-mobiliar.cz\/en\/wp-json\/wp\/v2\/media?parent=31936"}],"wp:term":[{"taxonomy":"product_cat","embeddable":true,"href":"https:\/\/metalco-mobiliar.cz\/en\/wp-json\/wp\/v2\/product_cat?post=31936"},{"taxonomy":"product_tag","embeddable":true,"href":"https:\/\/metalco-mobiliar.cz\/en\/wp-json\/wp\/v2\/product_tag?post=31936"}],"curies":[{"name":"wp","href":"https:\/\/api.w.org\/{rel}","templated":true}]}}