{"id":32201,"date":"2021-06-03T11:28:25","date_gmt":"2021-06-03T09:28:25","guid":{"rendered":"http:\/\/metalco-mobiliar.cz\/prodotto\/rough\/"},"modified":"2021-06-03T11:32:45","modified_gmt":"2021-06-03T09:32:45","slug":"rough","status":"publish","type":"product","link":"https:\/\/metalco-mobiliar.cz\/en\/prodotti-en\/rough\/","title":{"rendered":"ROUGH"},"content":{"rendered":"<p>Collection of modular barriers composed of vertical supports in Corten steel tube equipped with stainless steel joints for the insertion of horizontal currents, mechanically fixed to avoid their release. It is available in four versions that differ in the number and position of joints.<\/p>\n<p><strong>Fixing:<\/strong> Below ground installation<\/p>\n<p><strong>Dimensions and weight:<\/strong><br \/>\n2RD<br \/>\n1950&#215;180 mm H 1010 mm 11&nbsp;kg | ml<br \/>\n2R<br \/>\n1950&#215;180 mm H 1010 mm 1&nbsp;kg | ml<br \/>\n3R<br \/>\n1950&#215;180 mm H 1010 mm 16&nbsp;kg | ml<br \/>\n4R<br \/>\n1950&#215;180 mm H 1010 mm 20&nbsp;kg | ml<\/p>\n<p>&nbsp;<\/p>\n","protected":false},"excerpt":{"rendered":"<p>Collection of modular barriers composed of vertical supports in Corten steel tube equipped with stainless steel joints for the insertion of horizontal currents, mechanically fixed to avoid their release. It is available in four versions that differ in the number and position of joints. Fixing: Below ground installation Dimensions and weight: 2RD 1950&#215;180 mm H [&hellip;]<\/p>\n","protected":false},"featured_media":32193,"comment_status":"closed","ping_status":"closed","template":"","meta":{"_acf_changed":false},"product_cat":[390],"product_tag":[],"class_list":{"0":"post-32201","1":"product","2":"type-product","3":"status-publish","4":"has-post-thumbnail","6":"product_cat-bollards-barriers","7":"pa_designers-alfredo-tasca","8":"pa_material-corten-steel","9":"collezioni-stile-en","10":"catalogo-catalogue-stile-2025","12":"first","13":"instock","14":"shipping-taxable","15":"product-type-simple"},"acf":[],"yoast_head":"<!-- This site is optimized with the Yoast SEO plugin v23.2 - https:\/\/yoast.com\/wordpress\/plugins\/seo\/ -->\n<title>ROUGH - Metalco Mobiliar<\/title>\n<meta name=\"robots\" content=\"index, follow, max-snippet:-1, max-image-preview:large, max-video-preview:-1\" \/>\n<link rel=\"canonical\" href=\"https:\/\/metalco-mobiliar.cz\/en\/prodotti-en\/rough\/\" \/>\n<meta property=\"og:locale\" content=\"en_US\" \/>\n<meta property=\"og:type\" content=\"article\" \/>\n<meta property=\"og:title\" content=\"ROUGH - Metalco Mobiliar\" \/>\n<meta property=\"og:description\" content=\"Collection of modular barriers composed of vertical supports in Corten steel tube equipped with stainless steel joints for the insertion of horizontal currents, mechanically fixed to avoid their release. It is available in four versions that differ in the number and position of joints. Fixing: Below ground installation Dimensions and weight: 2RD 1950&#215;180 mm H [&hellip;]\" \/>\n<meta property=\"og:url\" content=\"https:\/\/metalco-mobiliar.cz\/en\/prodotti-en\/rough\/\" \/>\n<meta property=\"og:site_name\" content=\"Metalco Mobiliar\" \/>\n<meta property=\"article:modified_time\" content=\"2021-06-03T09:32:45+00:00\" \/>\n<meta property=\"og:image\" content=\"https:\/\/metalco-mobiliar.cz\/news\/wp-content\/uploads\/2021\/06\/zabradl\u00ed-m\u011bstsk\u00e9-mobili\u00e1\u0159.jpg\" \/>\n\t<meta property=\"og:image:width\" content=\"441\" \/>\n\t<meta property=\"og:image:height\" content=\"441\" \/>\n\t<meta property=\"og:image:type\" content=\"image\/jpeg\" \/>\n<script type=\"application\/ld+json\" class=\"yoast-schema-graph\">{\"@context\":\"https:\/\/schema.org\",\"@graph\":[{\"@type\":\"WebPage\",\"@id\":\"https:\/\/metalco-mobiliar.cz\/en\/prodotti-en\/rough\/\",\"url\":\"https:\/\/metalco-mobiliar.cz\/en\/prodotti-en\/rough\/\",\"name\":\"ROUGH - Metalco Mobiliar\",\"isPartOf\":{\"@id\":\"https:\/\/metalco-mobiliar.cz\/#website\"},\"primaryImageOfPage\":{\"@id\":\"https:\/\/metalco-mobiliar.cz\/en\/prodotti-en\/rough\/#primaryimage\"},\"image\":{\"@id\":\"https:\/\/metalco-mobiliar.cz\/en\/prodotti-en\/rough\/#primaryimage\"},\"thumbnailUrl\":\"https:\/\/metalco-mobiliar.cz\/news\/wp-content\/uploads\/2021\/06\/zabradl\u00ed-m\u011bstsk\u00e9-mobili\u00e1\u0159.jpg\",\"datePublished\":\"2021-06-03T09:28:25+00:00\",\"dateModified\":\"2021-06-03T09:32:45+00:00\",\"breadcrumb\":{\"@id\":\"https:\/\/metalco-mobiliar.cz\/en\/prodotti-en\/rough\/#breadcrumb\"},\"inLanguage\":\"en-US\",\"potentialAction\":[{\"@type\":\"ReadAction\",\"target\":[\"https:\/\/metalco-mobiliar.cz\/en\/prodotti-en\/rough\/\"]}]},{\"@type\":\"ImageObject\",\"inLanguage\":\"en-US\",\"@id\":\"https:\/\/metalco-mobiliar.cz\/en\/prodotti-en\/rough\/#primaryimage\",\"url\":\"https:\/\/metalco-mobiliar.cz\/news\/wp-content\/uploads\/2021\/06\/zabradl\u00ed-m\u011bstsk\u00e9-mobili\u00e1\u0159.jpg\",\"contentUrl\":\"https:\/\/metalco-mobiliar.cz\/news\/wp-content\/uploads\/2021\/06\/zabradl\u00ed-m\u011bstsk\u00e9-mobili\u00e1\u0159.jpg\",\"width\":441,\"height\":441,\"caption\":\"m\u011bstsk\u00e9 z\u00e1bradl\u00ed\"},{\"@type\":\"BreadcrumbList\",\"@id\":\"https:\/\/metalco-mobiliar.cz\/en\/prodotti-en\/rough\/#breadcrumb\",\"itemListElement\":[{\"@type\":\"ListItem\",\"position\":1,\"name\":\"Home\",\"item\":\"https:\/\/metalco-mobiliar.cz\/en\/\"},{\"@type\":\"ListItem\",\"position\":2,\"name\":\"ROUGH\"}]},{\"@type\":\"WebSite\",\"@id\":\"https:\/\/metalco-mobiliar.cz\/#website\",\"url\":\"https:\/\/metalco-mobiliar.cz\/\",\"name\":\"Metalco \u2013 m\u011bstsk\u00fd mobili\u00e1\u0159\",\"description\":\"M\u011bstsk\u00fd mobili\u00e1\u0159 Metalco\",\"potentialAction\":[{\"@type\":\"SearchAction\",\"target\":{\"@type\":\"EntryPoint\",\"urlTemplate\":\"https:\/\/metalco-mobiliar.cz\/?s={search_term_string}\"},\"query-input\":\"required name=search_term_string\"}],\"inLanguage\":\"en-US\"}]}<\/script>\n<!-- \/ Yoast SEO plugin. -->","yoast_head_json":{"title":"ROUGH - Metalco Mobiliar","robots":{"index":"index","follow":"follow","max-snippet":"max-snippet:-1","max-image-preview":"max-image-preview:large","max-video-preview":"max-video-preview:-1"},"canonical":"https:\/\/metalco-mobiliar.cz\/en\/prodotti-en\/rough\/","og_locale":"en_US","og_type":"article","og_title":"ROUGH - Metalco Mobiliar","og_description":"Collection of modular barriers composed of vertical supports in Corten steel tube equipped with stainless steel joints for the insertion of horizontal currents, mechanically fixed to avoid their release. It is available in four versions that differ in the number and position of joints. Fixing: Below ground installation Dimensions and weight: 2RD 1950&#215;180 mm H [&hellip;]","og_url":"https:\/\/metalco-mobiliar.cz\/en\/prodotti-en\/rough\/","og_site_name":"Metalco Mobiliar","article_modified_time":"2021-06-03T09:32:45+00:00","og_image":[{"width":441,"height":441,"url":"https:\/\/metalco-mobiliar.cz\/news\/wp-content\/uploads\/2021\/06\/zabradl\u00ed-m\u011bstsk\u00e9-mobili\u00e1\u0159.jpg","type":"image\/jpeg"}],"schema":{"@context":"https:\/\/schema.org","@graph":[{"@type":"WebPage","@id":"https:\/\/metalco-mobiliar.cz\/en\/prodotti-en\/rough\/","url":"https:\/\/metalco-mobiliar.cz\/en\/prodotti-en\/rough\/","name":"ROUGH - Metalco Mobiliar","isPartOf":{"@id":"https:\/\/metalco-mobiliar.cz\/#website"},"primaryImageOfPage":{"@id":"https:\/\/metalco-mobiliar.cz\/en\/prodotti-en\/rough\/#primaryimage"},"image":{"@id":"https:\/\/metalco-mobiliar.cz\/en\/prodotti-en\/rough\/#primaryimage"},"thumbnailUrl":"https:\/\/metalco-mobiliar.cz\/news\/wp-content\/uploads\/2021\/06\/zabradl\u00ed-m\u011bstsk\u00e9-mobili\u00e1\u0159.jpg","datePublished":"2021-06-03T09:28:25+00:00","dateModified":"2021-06-03T09:32:45+00:00","breadcrumb":{"@id":"https:\/\/metalco-mobiliar.cz\/en\/prodotti-en\/rough\/#breadcrumb"},"inLanguage":"en-US","potentialAction":[{"@type":"ReadAction","target":["https:\/\/metalco-mobiliar.cz\/en\/prodotti-en\/rough\/"]}]},{"@type":"ImageObject","inLanguage":"en-US","@id":"https:\/\/metalco-mobiliar.cz\/en\/prodotti-en\/rough\/#primaryimage","url":"https:\/\/metalco-mobiliar.cz\/news\/wp-content\/uploads\/2021\/06\/zabradl\u00ed-m\u011bstsk\u00e9-mobili\u00e1\u0159.jpg","contentUrl":"https:\/\/metalco-mobiliar.cz\/news\/wp-content\/uploads\/2021\/06\/zabradl\u00ed-m\u011bstsk\u00e9-mobili\u00e1\u0159.jpg","width":441,"height":441,"caption":"m\u011bstsk\u00e9 z\u00e1bradl\u00ed"},{"@type":"BreadcrumbList","@id":"https:\/\/metalco-mobiliar.cz\/en\/prodotti-en\/rough\/#breadcrumb","itemListElement":[{"@type":"ListItem","position":1,"name":"Home","item":"https:\/\/metalco-mobiliar.cz\/en\/"},{"@type":"ListItem","position":2,"name":"ROUGH"}]},{"@type":"WebSite","@id":"https:\/\/metalco-mobiliar.cz\/#website","url":"https:\/\/metalco-mobiliar.cz\/","name":"Metalco \u2013 m\u011bstsk\u00fd mobili\u00e1\u0159","description":"M\u011bstsk\u00fd mobili\u00e1\u0159 Metalco","potentialAction":[{"@type":"SearchAction","target":{"@type":"EntryPoint","urlTemplate":"https:\/\/metalco-mobiliar.cz\/?s={search_term_string}"},"query-input":"required name=search_term_string"}],"inLanguage":"en-US"}]}},"_links":{"self":[{"href":"https:\/\/metalco-mobiliar.cz\/en\/wp-json\/wp\/v2\/product\/32201"}],"collection":[{"href":"https:\/\/metalco-mobiliar.cz\/en\/wp-json\/wp\/v2\/product"}],"about":[{"href":"https:\/\/metalco-mobiliar.cz\/en\/wp-json\/wp\/v2\/types\/product"}],"replies":[{"embeddable":true,"href":"https:\/\/metalco-mobiliar.cz\/en\/wp-json\/wp\/v2\/comments?post=32201"}],"wp:featuredmedia":[{"embeddable":true,"href":"https:\/\/metalco-mobiliar.cz\/en\/wp-json\/wp\/v2\/media\/32193"}],"wp:attachment":[{"href":"https:\/\/metalco-mobiliar.cz\/en\/wp-json\/wp\/v2\/media?parent=32201"}],"wp:term":[{"taxonomy":"product_cat","embeddable":true,"href":"https:\/\/metalco-mobiliar.cz\/en\/wp-json\/wp\/v2\/product_cat?post=32201"},{"taxonomy":"product_tag","embeddable":true,"href":"https:\/\/metalco-mobiliar.cz\/en\/wp-json\/wp\/v2\/product_tag?post=32201"}],"curies":[{"name":"wp","href":"https:\/\/api.w.org\/{rel}","templated":true}]}}