{"id":32234,"date":"2021-06-04T09:15:43","date_gmt":"2021-06-04T07:15:43","guid":{"rendered":"http:\/\/metalco-mobiliar.cz\/prodotto\/urban-screen\/"},"modified":"2021-06-04T09:23:54","modified_gmt":"2021-06-04T07:23:54","slug":"urban-screen","status":"publish","type":"product","link":"https:\/\/metalco-mobiliar.cz\/en\/prodotti-en\/urban-screen\/","title":{"rendered":"URBAN SCREEN"},"content":{"rendered":"<p>Modular steel system composed of a tube and laser perforated and decorated sheet<br \/>\nmetal panels and support base. Two sizes are available.<\/p>\n<p><strong>Fixing:<\/strong> Pre-drilled for anchors or Below ground installation<\/p>\n<p><strong>Dimensions and weight:<\/strong><br \/>\n1600&#215;140 mm H 1535 mm (+ 200 mm) 33&nbsp;kg<br \/>\n1400&#215;140 mm H 1765 mm (+ 200 mm) 33&nbsp;kg<\/p>\n<p>&nbsp;<\/p>\n","protected":false},"excerpt":{"rendered":"<p>Modular steel system composed of a tube and laser perforated and decorated sheet metal panels and support base. Two sizes are available. Fixing: Pre-drilled for anchors or Below ground installation Dimensions and weight: 1600&#215;140 mm H 1535 mm (+ 200 mm) 33&nbsp;kg 1400&#215;140 mm H 1765 mm (+ 200 mm) 33&nbsp;kg &nbsp;<\/p>\n","protected":false},"featured_media":32229,"comment_status":"closed","ping_status":"closed","template":"","meta":{"_acf_changed":false},"product_cat":[390],"product_tag":[],"class_list":{"0":"post-32234","1":"product","2":"type-product","3":"status-publish","4":"has-post-thumbnail","6":"product_cat-bollards-barriers","7":"pa_designers-uwe-kuckertz-en","8":"pa_material-powder-coated-steel","9":"collezioni-stile-en","10":"catalogo-catalogue-stile-2025","12":"first","13":"instock","14":"shipping-taxable","15":"product-type-simple"},"acf":[],"yoast_head":"<!-- This site is optimized with the Yoast SEO plugin v23.2 - https:\/\/yoast.com\/wordpress\/plugins\/seo\/ -->\n<title>URBAN SCREEN - Metalco Mobiliar<\/title>\n<meta name=\"robots\" content=\"index, follow, max-snippet:-1, max-image-preview:large, max-video-preview:-1\" \/>\n<link rel=\"canonical\" href=\"https:\/\/metalco-mobiliar.cz\/en\/prodotti-en\/urban-screen\/\" \/>\n<meta property=\"og:locale\" content=\"en_US\" \/>\n<meta property=\"og:type\" content=\"article\" \/>\n<meta property=\"og:title\" content=\"URBAN SCREEN - Metalco Mobiliar\" \/>\n<meta property=\"og:description\" content=\"Modular steel system composed of a tube and laser perforated and decorated sheet metal panels and support base. Two sizes are available. Fixing: Pre-drilled for anchors or Below ground installation Dimensions and weight: 1600&#215;140 mm H 1535 mm (+ 200 mm) 33&nbsp;kg 1400&#215;140 mm H 1765 mm (+ 200 mm) 33&nbsp;kg &nbsp;\" \/>\n<meta property=\"og:url\" content=\"https:\/\/metalco-mobiliar.cz\/en\/prodotti-en\/urban-screen\/\" \/>\n<meta property=\"og:site_name\" content=\"Metalco Mobiliar\" \/>\n<meta property=\"article:modified_time\" content=\"2021-06-04T07:23:54+00:00\" \/>\n<meta property=\"og:image\" content=\"https:\/\/metalco-mobiliar.cz\/news\/wp-content\/uploads\/2021\/06\/modularn\u00ed-z\u00e1st\u011bna-bariera-mobili\u00e1\u0159.png\" \/>\n\t<meta property=\"og:image:width\" content=\"600\" \/>\n\t<meta property=\"og:image:height\" content=\"600\" \/>\n\t<meta property=\"og:image:type\" content=\"image\/png\" \/>\n<script type=\"application\/ld+json\" class=\"yoast-schema-graph\">{\"@context\":\"https:\/\/schema.org\",\"@graph\":[{\"@type\":\"WebPage\",\"@id\":\"https:\/\/metalco-mobiliar.cz\/en\/prodotti-en\/urban-screen\/\",\"url\":\"https:\/\/metalco-mobiliar.cz\/en\/prodotti-en\/urban-screen\/\",\"name\":\"URBAN SCREEN - Metalco Mobiliar\",\"isPartOf\":{\"@id\":\"https:\/\/metalco-mobiliar.cz\/#website\"},\"primaryImageOfPage\":{\"@id\":\"https:\/\/metalco-mobiliar.cz\/en\/prodotti-en\/urban-screen\/#primaryimage\"},\"image\":{\"@id\":\"https:\/\/metalco-mobiliar.cz\/en\/prodotti-en\/urban-screen\/#primaryimage\"},\"thumbnailUrl\":\"https:\/\/metalco-mobiliar.cz\/news\/wp-content\/uploads\/2021\/06\/modularn\u00ed-z\u00e1st\u011bna-bariera-mobili\u00e1\u0159.png\",\"datePublished\":\"2021-06-04T07:15:43+00:00\",\"dateModified\":\"2021-06-04T07:23:54+00:00\",\"breadcrumb\":{\"@id\":\"https:\/\/metalco-mobiliar.cz\/en\/prodotti-en\/urban-screen\/#breadcrumb\"},\"inLanguage\":\"en-US\",\"potentialAction\":[{\"@type\":\"ReadAction\",\"target\":[\"https:\/\/metalco-mobiliar.cz\/en\/prodotti-en\/urban-screen\/\"]}]},{\"@type\":\"ImageObject\",\"inLanguage\":\"en-US\",\"@id\":\"https:\/\/metalco-mobiliar.cz\/en\/prodotti-en\/urban-screen\/#primaryimage\",\"url\":\"https:\/\/metalco-mobiliar.cz\/news\/wp-content\/uploads\/2021\/06\/modularn\u00ed-z\u00e1st\u011bna-bariera-mobili\u00e1\u0159.png\",\"contentUrl\":\"https:\/\/metalco-mobiliar.cz\/news\/wp-content\/uploads\/2021\/06\/modularn\u00ed-z\u00e1st\u011bna-bariera-mobili\u00e1\u0159.png\",\"width\":600,\"height\":600,\"caption\":\"Modul\u00e1rn\u00ed bari\u00e9ra\"},{\"@type\":\"BreadcrumbList\",\"@id\":\"https:\/\/metalco-mobiliar.cz\/en\/prodotti-en\/urban-screen\/#breadcrumb\",\"itemListElement\":[{\"@type\":\"ListItem\",\"position\":1,\"name\":\"Home\",\"item\":\"https:\/\/metalco-mobiliar.cz\/en\/\"},{\"@type\":\"ListItem\",\"position\":2,\"name\":\"URBAN SCREEN\"}]},{\"@type\":\"WebSite\",\"@id\":\"https:\/\/metalco-mobiliar.cz\/#website\",\"url\":\"https:\/\/metalco-mobiliar.cz\/\",\"name\":\"Metalco \u2013 m\u011bstsk\u00fd mobili\u00e1\u0159\",\"description\":\"M\u011bstsk\u00fd mobili\u00e1\u0159 Metalco\",\"potentialAction\":[{\"@type\":\"SearchAction\",\"target\":{\"@type\":\"EntryPoint\",\"urlTemplate\":\"https:\/\/metalco-mobiliar.cz\/?s={search_term_string}\"},\"query-input\":\"required name=search_term_string\"}],\"inLanguage\":\"en-US\"}]}<\/script>\n<!-- \/ Yoast SEO plugin. -->","yoast_head_json":{"title":"URBAN SCREEN - Metalco Mobiliar","robots":{"index":"index","follow":"follow","max-snippet":"max-snippet:-1","max-image-preview":"max-image-preview:large","max-video-preview":"max-video-preview:-1"},"canonical":"https:\/\/metalco-mobiliar.cz\/en\/prodotti-en\/urban-screen\/","og_locale":"en_US","og_type":"article","og_title":"URBAN SCREEN - Metalco Mobiliar","og_description":"Modular steel system composed of a tube and laser perforated and decorated sheet metal panels and support base. Two sizes are available. Fixing: Pre-drilled for anchors or Below ground installation Dimensions and weight: 1600&#215;140 mm H 1535 mm (+ 200 mm) 33&nbsp;kg 1400&#215;140 mm H 1765 mm (+ 200 mm) 33&nbsp;kg &nbsp;","og_url":"https:\/\/metalco-mobiliar.cz\/en\/prodotti-en\/urban-screen\/","og_site_name":"Metalco Mobiliar","article_modified_time":"2021-06-04T07:23:54+00:00","og_image":[{"width":600,"height":600,"url":"https:\/\/metalco-mobiliar.cz\/news\/wp-content\/uploads\/2021\/06\/modularn\u00ed-z\u00e1st\u011bna-bariera-mobili\u00e1\u0159.png","type":"image\/png"}],"schema":{"@context":"https:\/\/schema.org","@graph":[{"@type":"WebPage","@id":"https:\/\/metalco-mobiliar.cz\/en\/prodotti-en\/urban-screen\/","url":"https:\/\/metalco-mobiliar.cz\/en\/prodotti-en\/urban-screen\/","name":"URBAN SCREEN - Metalco Mobiliar","isPartOf":{"@id":"https:\/\/metalco-mobiliar.cz\/#website"},"primaryImageOfPage":{"@id":"https:\/\/metalco-mobiliar.cz\/en\/prodotti-en\/urban-screen\/#primaryimage"},"image":{"@id":"https:\/\/metalco-mobiliar.cz\/en\/prodotti-en\/urban-screen\/#primaryimage"},"thumbnailUrl":"https:\/\/metalco-mobiliar.cz\/news\/wp-content\/uploads\/2021\/06\/modularn\u00ed-z\u00e1st\u011bna-bariera-mobili\u00e1\u0159.png","datePublished":"2021-06-04T07:15:43+00:00","dateModified":"2021-06-04T07:23:54+00:00","breadcrumb":{"@id":"https:\/\/metalco-mobiliar.cz\/en\/prodotti-en\/urban-screen\/#breadcrumb"},"inLanguage":"en-US","potentialAction":[{"@type":"ReadAction","target":["https:\/\/metalco-mobiliar.cz\/en\/prodotti-en\/urban-screen\/"]}]},{"@type":"ImageObject","inLanguage":"en-US","@id":"https:\/\/metalco-mobiliar.cz\/en\/prodotti-en\/urban-screen\/#primaryimage","url":"https:\/\/metalco-mobiliar.cz\/news\/wp-content\/uploads\/2021\/06\/modularn\u00ed-z\u00e1st\u011bna-bariera-mobili\u00e1\u0159.png","contentUrl":"https:\/\/metalco-mobiliar.cz\/news\/wp-content\/uploads\/2021\/06\/modularn\u00ed-z\u00e1st\u011bna-bariera-mobili\u00e1\u0159.png","width":600,"height":600,"caption":"Modul\u00e1rn\u00ed bari\u00e9ra"},{"@type":"BreadcrumbList","@id":"https:\/\/metalco-mobiliar.cz\/en\/prodotti-en\/urban-screen\/#breadcrumb","itemListElement":[{"@type":"ListItem","position":1,"name":"Home","item":"https:\/\/metalco-mobiliar.cz\/en\/"},{"@type":"ListItem","position":2,"name":"URBAN SCREEN"}]},{"@type":"WebSite","@id":"https:\/\/metalco-mobiliar.cz\/#website","url":"https:\/\/metalco-mobiliar.cz\/","name":"Metalco \u2013 m\u011bstsk\u00fd mobili\u00e1\u0159","description":"M\u011bstsk\u00fd mobili\u00e1\u0159 Metalco","potentialAction":[{"@type":"SearchAction","target":{"@type":"EntryPoint","urlTemplate":"https:\/\/metalco-mobiliar.cz\/?s={search_term_string}"},"query-input":"required name=search_term_string"}],"inLanguage":"en-US"}]}},"_links":{"self":[{"href":"https:\/\/metalco-mobiliar.cz\/en\/wp-json\/wp\/v2\/product\/32234"}],"collection":[{"href":"https:\/\/metalco-mobiliar.cz\/en\/wp-json\/wp\/v2\/product"}],"about":[{"href":"https:\/\/metalco-mobiliar.cz\/en\/wp-json\/wp\/v2\/types\/product"}],"replies":[{"embeddable":true,"href":"https:\/\/metalco-mobiliar.cz\/en\/wp-json\/wp\/v2\/comments?post=32234"}],"wp:featuredmedia":[{"embeddable":true,"href":"https:\/\/metalco-mobiliar.cz\/en\/wp-json\/wp\/v2\/media\/32229"}],"wp:attachment":[{"href":"https:\/\/metalco-mobiliar.cz\/en\/wp-json\/wp\/v2\/media?parent=32234"}],"wp:term":[{"taxonomy":"product_cat","embeddable":true,"href":"https:\/\/metalco-mobiliar.cz\/en\/wp-json\/wp\/v2\/product_cat?post=32234"},{"taxonomy":"product_tag","embeddable":true,"href":"https:\/\/metalco-mobiliar.cz\/en\/wp-json\/wp\/v2\/product_tag?post=32234"}],"curies":[{"name":"wp","href":"https:\/\/api.w.org\/{rel}","templated":true}]}}