{"id":32310,"date":"2021-06-04T13:48:16","date_gmt":"2021-06-04T11:48:16","guid":{"rendered":"http:\/\/metalco-mobiliar.cz\/prodotto\/pitti-m\/"},"modified":"2021-06-04T13:50:12","modified_gmt":"2021-06-04T11:50:12","slug":"pitti-m","status":"publish","type":"product","link":"https:\/\/metalco-mobiliar.cz\/en\/prodotti-en\/pitti-m\/","title":{"rendered":"PITTI M"},"content":{"rendered":"<p>Modular steel bike rack composed of two horizontal tubes to which supports for bikes<br \/>\nare welded, equipped with wheel supports, positioned at two different alternate<br \/>\nheights. Two lenghts are available, both single-sided.<\/p>\n<p><strong>Fixing<\/strong>: Installation with threaded bars<\/p>\n<p><strong>Dimensions and weight:<\/strong><br \/>\n1920&#215;875 mm H 830 mm 38&nbsp;kg<br \/>\n960&#215;875 mm H 830 mm 20&nbsp;kg<\/p>\n<p>&nbsp;<\/p>\n","protected":false},"excerpt":{"rendered":"<p>Modular steel bike rack composed of two horizontal tubes to which supports for bikes are welded, equipped with wheel supports, positioned at two different alternate heights. Two lenghts are available, both single-sided. Fixing: Installation with threaded bars Dimensions and weight: 1920&#215;875 mm H 830 mm 38&nbsp;kg 960&#215;875 mm H 830 mm 20&nbsp;kg &nbsp;<\/p>\n","protected":false},"featured_media":32302,"comment_status":"closed","ping_status":"closed","template":"","meta":{"_acf_changed":false},"product_cat":[346],"product_tag":[],"class_list":{"0":"post-32310","1":"product","2":"type-product","3":"status-publish","4":"has-post-thumbnail","6":"product_cat-bike-racks","7":"pa_designers-massimo-tasca","8":"pa_material-powder-coated-steel","9":"pa_material-stainless-steel","10":"catalogo-catalogue-stile-2025","12":"first","13":"instock","14":"shipping-taxable","15":"product-type-simple"},"acf":[],"yoast_head":"<!-- This site is optimized with the Yoast SEO plugin v23.2 - https:\/\/yoast.com\/wordpress\/plugins\/seo\/ -->\n<title>PITTI M - Metalco Mobiliar<\/title>\n<meta name=\"robots\" content=\"index, follow, max-snippet:-1, max-image-preview:large, max-video-preview:-1\" \/>\n<link rel=\"canonical\" href=\"https:\/\/metalco-mobiliar.cz\/en\/prodotti-en\/pitti-m\/\" \/>\n<meta property=\"og:locale\" content=\"en_US\" \/>\n<meta property=\"og:type\" content=\"article\" \/>\n<meta property=\"og:title\" content=\"PITTI M - Metalco Mobiliar\" \/>\n<meta property=\"og:description\" content=\"Modular steel bike rack composed of two horizontal tubes to which supports for bikes are welded, equipped with wheel supports, positioned at two different alternate heights. Two lenghts are available, both single-sided. Fixing: Installation with threaded bars Dimensions and weight: 1920&#215;875 mm H 830 mm 38&nbsp;kg 960&#215;875 mm H 830 mm 20&nbsp;kg &nbsp;\" \/>\n<meta property=\"og:url\" content=\"https:\/\/metalco-mobiliar.cz\/en\/prodotti-en\/pitti-m\/\" \/>\n<meta property=\"og:site_name\" content=\"Metalco Mobiliar\" \/>\n<meta property=\"article:modified_time\" content=\"2021-06-04T11:50:12+00:00\" \/>\n<meta property=\"og:image\" content=\"https:\/\/metalco-mobiliar.cz\/news\/wp-content\/uploads\/2021\/06\/stojan-na-j\u00edzdn\u00ed-kola.png\" \/>\n\t<meta property=\"og:image:width\" content=\"600\" \/>\n\t<meta property=\"og:image:height\" content=\"600\" \/>\n\t<meta property=\"og:image:type\" content=\"image\/png\" \/>\n<script type=\"application\/ld+json\" class=\"yoast-schema-graph\">{\"@context\":\"https:\/\/schema.org\",\"@graph\":[{\"@type\":\"WebPage\",\"@id\":\"https:\/\/metalco-mobiliar.cz\/en\/prodotti-en\/pitti-m\/\",\"url\":\"https:\/\/metalco-mobiliar.cz\/en\/prodotti-en\/pitti-m\/\",\"name\":\"PITTI M - Metalco Mobiliar\",\"isPartOf\":{\"@id\":\"https:\/\/metalco-mobiliar.cz\/#website\"},\"primaryImageOfPage\":{\"@id\":\"https:\/\/metalco-mobiliar.cz\/en\/prodotti-en\/pitti-m\/#primaryimage\"},\"image\":{\"@id\":\"https:\/\/metalco-mobiliar.cz\/en\/prodotti-en\/pitti-m\/#primaryimage\"},\"thumbnailUrl\":\"https:\/\/metalco-mobiliar.cz\/news\/wp-content\/uploads\/2021\/06\/stojan-na-j\u00edzdn\u00ed-kola.png\",\"datePublished\":\"2021-06-04T11:48:16+00:00\",\"dateModified\":\"2021-06-04T11:50:12+00:00\",\"breadcrumb\":{\"@id\":\"https:\/\/metalco-mobiliar.cz\/en\/prodotti-en\/pitti-m\/#breadcrumb\"},\"inLanguage\":\"en-US\",\"potentialAction\":[{\"@type\":\"ReadAction\",\"target\":[\"https:\/\/metalco-mobiliar.cz\/en\/prodotti-en\/pitti-m\/\"]}]},{\"@type\":\"ImageObject\",\"inLanguage\":\"en-US\",\"@id\":\"https:\/\/metalco-mobiliar.cz\/en\/prodotti-en\/pitti-m\/#primaryimage\",\"url\":\"https:\/\/metalco-mobiliar.cz\/news\/wp-content\/uploads\/2021\/06\/stojan-na-j\u00edzdn\u00ed-kola.png\",\"contentUrl\":\"https:\/\/metalco-mobiliar.cz\/news\/wp-content\/uploads\/2021\/06\/stojan-na-j\u00edzdn\u00ed-kola.png\",\"width\":600,\"height\":600,\"caption\":\"Stojan na j\u00edzdn\u00ed kola\"},{\"@type\":\"BreadcrumbList\",\"@id\":\"https:\/\/metalco-mobiliar.cz\/en\/prodotti-en\/pitti-m\/#breadcrumb\",\"itemListElement\":[{\"@type\":\"ListItem\",\"position\":1,\"name\":\"Home\",\"item\":\"https:\/\/metalco-mobiliar.cz\/en\/\"},{\"@type\":\"ListItem\",\"position\":2,\"name\":\"PITTI M\"}]},{\"@type\":\"WebSite\",\"@id\":\"https:\/\/metalco-mobiliar.cz\/#website\",\"url\":\"https:\/\/metalco-mobiliar.cz\/\",\"name\":\"Metalco \u2013 m\u011bstsk\u00fd mobili\u00e1\u0159\",\"description\":\"M\u011bstsk\u00fd mobili\u00e1\u0159 Metalco\",\"potentialAction\":[{\"@type\":\"SearchAction\",\"target\":{\"@type\":\"EntryPoint\",\"urlTemplate\":\"https:\/\/metalco-mobiliar.cz\/?s={search_term_string}\"},\"query-input\":\"required name=search_term_string\"}],\"inLanguage\":\"en-US\"}]}<\/script>\n<!-- \/ Yoast SEO plugin. -->","yoast_head_json":{"title":"PITTI M - Metalco Mobiliar","robots":{"index":"index","follow":"follow","max-snippet":"max-snippet:-1","max-image-preview":"max-image-preview:large","max-video-preview":"max-video-preview:-1"},"canonical":"https:\/\/metalco-mobiliar.cz\/en\/prodotti-en\/pitti-m\/","og_locale":"en_US","og_type":"article","og_title":"PITTI M - Metalco Mobiliar","og_description":"Modular steel bike rack composed of two horizontal tubes to which supports for bikes are welded, equipped with wheel supports, positioned at two different alternate heights. Two lenghts are available, both single-sided. Fixing: Installation with threaded bars Dimensions and weight: 1920&#215;875 mm H 830 mm 38&nbsp;kg 960&#215;875 mm H 830 mm 20&nbsp;kg &nbsp;","og_url":"https:\/\/metalco-mobiliar.cz\/en\/prodotti-en\/pitti-m\/","og_site_name":"Metalco Mobiliar","article_modified_time":"2021-06-04T11:50:12+00:00","og_image":[{"width":600,"height":600,"url":"https:\/\/metalco-mobiliar.cz\/news\/wp-content\/uploads\/2021\/06\/stojan-na-j\u00edzdn\u00ed-kola.png","type":"image\/png"}],"schema":{"@context":"https:\/\/schema.org","@graph":[{"@type":"WebPage","@id":"https:\/\/metalco-mobiliar.cz\/en\/prodotti-en\/pitti-m\/","url":"https:\/\/metalco-mobiliar.cz\/en\/prodotti-en\/pitti-m\/","name":"PITTI M - Metalco Mobiliar","isPartOf":{"@id":"https:\/\/metalco-mobiliar.cz\/#website"},"primaryImageOfPage":{"@id":"https:\/\/metalco-mobiliar.cz\/en\/prodotti-en\/pitti-m\/#primaryimage"},"image":{"@id":"https:\/\/metalco-mobiliar.cz\/en\/prodotti-en\/pitti-m\/#primaryimage"},"thumbnailUrl":"https:\/\/metalco-mobiliar.cz\/news\/wp-content\/uploads\/2021\/06\/stojan-na-j\u00edzdn\u00ed-kola.png","datePublished":"2021-06-04T11:48:16+00:00","dateModified":"2021-06-04T11:50:12+00:00","breadcrumb":{"@id":"https:\/\/metalco-mobiliar.cz\/en\/prodotti-en\/pitti-m\/#breadcrumb"},"inLanguage":"en-US","potentialAction":[{"@type":"ReadAction","target":["https:\/\/metalco-mobiliar.cz\/en\/prodotti-en\/pitti-m\/"]}]},{"@type":"ImageObject","inLanguage":"en-US","@id":"https:\/\/metalco-mobiliar.cz\/en\/prodotti-en\/pitti-m\/#primaryimage","url":"https:\/\/metalco-mobiliar.cz\/news\/wp-content\/uploads\/2021\/06\/stojan-na-j\u00edzdn\u00ed-kola.png","contentUrl":"https:\/\/metalco-mobiliar.cz\/news\/wp-content\/uploads\/2021\/06\/stojan-na-j\u00edzdn\u00ed-kola.png","width":600,"height":600,"caption":"Stojan na j\u00edzdn\u00ed kola"},{"@type":"BreadcrumbList","@id":"https:\/\/metalco-mobiliar.cz\/en\/prodotti-en\/pitti-m\/#breadcrumb","itemListElement":[{"@type":"ListItem","position":1,"name":"Home","item":"https:\/\/metalco-mobiliar.cz\/en\/"},{"@type":"ListItem","position":2,"name":"PITTI M"}]},{"@type":"WebSite","@id":"https:\/\/metalco-mobiliar.cz\/#website","url":"https:\/\/metalco-mobiliar.cz\/","name":"Metalco \u2013 m\u011bstsk\u00fd mobili\u00e1\u0159","description":"M\u011bstsk\u00fd mobili\u00e1\u0159 Metalco","potentialAction":[{"@type":"SearchAction","target":{"@type":"EntryPoint","urlTemplate":"https:\/\/metalco-mobiliar.cz\/?s={search_term_string}"},"query-input":"required name=search_term_string"}],"inLanguage":"en-US"}]}},"_links":{"self":[{"href":"https:\/\/metalco-mobiliar.cz\/en\/wp-json\/wp\/v2\/product\/32310"}],"collection":[{"href":"https:\/\/metalco-mobiliar.cz\/en\/wp-json\/wp\/v2\/product"}],"about":[{"href":"https:\/\/metalco-mobiliar.cz\/en\/wp-json\/wp\/v2\/types\/product"}],"replies":[{"embeddable":true,"href":"https:\/\/metalco-mobiliar.cz\/en\/wp-json\/wp\/v2\/comments?post=32310"}],"wp:featuredmedia":[{"embeddable":true,"href":"https:\/\/metalco-mobiliar.cz\/en\/wp-json\/wp\/v2\/media\/32302"}],"wp:attachment":[{"href":"https:\/\/metalco-mobiliar.cz\/en\/wp-json\/wp\/v2\/media?parent=32310"}],"wp:term":[{"taxonomy":"product_cat","embeddable":true,"href":"https:\/\/metalco-mobiliar.cz\/en\/wp-json\/wp\/v2\/product_cat?post=32310"},{"taxonomy":"product_tag","embeddable":true,"href":"https:\/\/metalco-mobiliar.cz\/en\/wp-json\/wp\/v2\/product_tag?post=32310"}],"curies":[{"name":"wp","href":"https:\/\/api.w.org\/{rel}","templated":true}]}}