{"id":32600,"date":"2021-06-17T09:32:54","date_gmt":"2021-06-17T07:32:54","guid":{"rendered":"http:\/\/metalco-mobiliar.cz\/prodotto\/ombra-in-citta-petals\/"},"modified":"2023-05-15T08:56:03","modified_gmt":"2023-05-15T06:56:03","slug":"ombra-in-citta-petals","status":"publish","type":"product","link":"https:\/\/metalco-mobiliar.cz\/en\/prodotti-en\/ombra-in-citta-petals\/","title":{"rendered":"OMBRA IN CITT\u00c0: PETALS"},"content":{"rendered":"<p><strong>The range of action that integrates shadow in urban spaces<\/strong><br \/>\nThe shading system designed by Makio Hasuike &amp; Co. for Metalco is the result of a careful analysis of the typical factors characterising the urban climate, a highly complex phenomenon, linked to a mix of different problems. Excessive concreting, cramped spaces, an alternation of streets and squares and the massive presence of apartment blocks and industrial buildings that prevent the creation of naturally shady places, inevitably leading the climate to overheat, with a negative effect on the quality of life. Now more than ever, a city that really wants to take care of its inhabitants must provide artificial shaded areas able to restore some balance and help to create microclimates that contribute to the wellbeing of its citizens.<\/p>\n<p><strong>OMBRA IN CITT\u00c0: PETALS<\/strong><br \/>\nShading structure composed of a supporting column with three circular steel frames, arranged at different heights and equipped with aluminum profiles.<\/p>\n<p><strong>Fixing<\/strong>: Plate with anchors<\/p>\n<p><strong>Dimensions and weight:<\/strong><br \/>\n\u00d8 4100 mm \u00d8 4725 mm<br \/>\nH 2855 mm H 3055 mm H 3255 mm<br \/>\n490&nbsp;kg<\/p>\n","protected":false},"excerpt":{"rendered":"<p>The range of action that integrates shadow in urban spaces The shading system designed by Makio Hasuike &amp; Co. for Metalco is the result of a careful analysis of the typical factors characterising the urban climate, a highly complex phenomenon, linked to a mix of different problems. Excessive concreting, cramped spaces, an alternation of streets [&hellip;]<\/p>\n","protected":false},"featured_media":32586,"comment_status":"closed","ping_status":"closed","template":"","meta":{"_acf_changed":false},"product_cat":[958],"product_tag":[],"class_list":{"0":"post-32600","1":"product","2":"type-product","3":"status-publish","4":"has-post-thumbnail","6":"product_cat-our-collection-en","7":"pa_designers-makio-hasuike-en","8":"pa_material-powder-coated-aluminum","9":"pa_material-powder-coated-steel","10":"collezioni-stile-en","11":"catalogo-catalogue-stile-2025","13":"first","14":"instock","15":"shipping-taxable","16":"product-type-simple"},"acf":[],"yoast_head":"<!-- This site is optimized with the Yoast SEO plugin v23.2 - https:\/\/yoast.com\/wordpress\/plugins\/seo\/ -->\n<title>OMBRA IN CITT\u00c0: PETALS - Metalco Mobiliar<\/title>\n<meta name=\"robots\" content=\"index, follow, max-snippet:-1, max-image-preview:large, max-video-preview:-1\" \/>\n<link rel=\"canonical\" href=\"https:\/\/metalco-mobiliar.cz\/en\/prodotti-en\/ombra-in-citta-petals\/\" \/>\n<meta property=\"og:locale\" content=\"en_US\" \/>\n<meta property=\"og:type\" content=\"article\" \/>\n<meta property=\"og:title\" content=\"OMBRA IN CITT\u00c0: PETALS - Metalco Mobiliar\" \/>\n<meta property=\"og:description\" content=\"The range of action that integrates shadow in urban spaces The shading system designed by Makio Hasuike &amp; Co. for Metalco is the result of a careful analysis of the typical factors characterising the urban climate, a highly complex phenomenon, linked to a mix of different problems. Excessive concreting, cramped spaces, an alternation of streets [&hellip;]\" \/>\n<meta property=\"og:url\" content=\"https:\/\/metalco-mobiliar.cz\/en\/prodotti-en\/ombra-in-citta-petals\/\" \/>\n<meta property=\"og:site_name\" content=\"Metalco Mobiliar\" \/>\n<meta property=\"article:modified_time\" content=\"2023-05-15T06:56:03+00:00\" \/>\n<meta property=\"og:image\" content=\"https:\/\/metalco-mobiliar.cz\/news\/wp-content\/uploads\/2021\/06\/modul\u00e1rn\u00ed-st\u00edn\u011bn\u00ed.jpg\" \/>\n\t<meta property=\"og:image:width\" content=\"600\" \/>\n\t<meta property=\"og:image:height\" content=\"600\" \/>\n\t<meta property=\"og:image:type\" content=\"image\/jpeg\" \/>\n<meta name=\"twitter:label1\" content=\"Est. reading time\" \/>\n\t<meta name=\"twitter:data1\" content=\"1 minute\" \/>\n<script type=\"application\/ld+json\" class=\"yoast-schema-graph\">{\"@context\":\"https:\/\/schema.org\",\"@graph\":[{\"@type\":\"WebPage\",\"@id\":\"https:\/\/metalco-mobiliar.cz\/en\/prodotti-en\/ombra-in-citta-petals\/\",\"url\":\"https:\/\/metalco-mobiliar.cz\/en\/prodotti-en\/ombra-in-citta-petals\/\",\"name\":\"OMBRA IN CITT\u00c0: PETALS - Metalco Mobiliar\",\"isPartOf\":{\"@id\":\"https:\/\/metalco-mobiliar.cz\/#website\"},\"primaryImageOfPage\":{\"@id\":\"https:\/\/metalco-mobiliar.cz\/en\/prodotti-en\/ombra-in-citta-petals\/#primaryimage\"},\"image\":{\"@id\":\"https:\/\/metalco-mobiliar.cz\/en\/prodotti-en\/ombra-in-citta-petals\/#primaryimage\"},\"thumbnailUrl\":\"https:\/\/metalco-mobiliar.cz\/news\/wp-content\/uploads\/2021\/06\/modul\u00e1rn\u00ed-st\u00edn\u011bn\u00ed.jpg\",\"datePublished\":\"2021-06-17T07:32:54+00:00\",\"dateModified\":\"2023-05-15T06:56:03+00:00\",\"breadcrumb\":{\"@id\":\"https:\/\/metalco-mobiliar.cz\/en\/prodotti-en\/ombra-in-citta-petals\/#breadcrumb\"},\"inLanguage\":\"en-US\",\"potentialAction\":[{\"@type\":\"ReadAction\",\"target\":[\"https:\/\/metalco-mobiliar.cz\/en\/prodotti-en\/ombra-in-citta-petals\/\"]}]},{\"@type\":\"ImageObject\",\"inLanguage\":\"en-US\",\"@id\":\"https:\/\/metalco-mobiliar.cz\/en\/prodotti-en\/ombra-in-citta-petals\/#primaryimage\",\"url\":\"https:\/\/metalco-mobiliar.cz\/news\/wp-content\/uploads\/2021\/06\/modul\u00e1rn\u00ed-st\u00edn\u011bn\u00ed.jpg\",\"contentUrl\":\"https:\/\/metalco-mobiliar.cz\/news\/wp-content\/uploads\/2021\/06\/modul\u00e1rn\u00ed-st\u00edn\u011bn\u00ed.jpg\",\"width\":600,\"height\":600,\"caption\":\"St\u00edn\u00edc\u00ed syst\u00e9m\"},{\"@type\":\"BreadcrumbList\",\"@id\":\"https:\/\/metalco-mobiliar.cz\/en\/prodotti-en\/ombra-in-citta-petals\/#breadcrumb\",\"itemListElement\":[{\"@type\":\"ListItem\",\"position\":1,\"name\":\"Home\",\"item\":\"https:\/\/metalco-mobiliar.cz\/en\/\"},{\"@type\":\"ListItem\",\"position\":2,\"name\":\"OMBRA IN CITT\u00c0: PETALS\"}]},{\"@type\":\"WebSite\",\"@id\":\"https:\/\/metalco-mobiliar.cz\/#website\",\"url\":\"https:\/\/metalco-mobiliar.cz\/\",\"name\":\"Metalco \u2013 m\u011bstsk\u00fd mobili\u00e1\u0159\",\"description\":\"M\u011bstsk\u00fd mobili\u00e1\u0159 Metalco\",\"potentialAction\":[{\"@type\":\"SearchAction\",\"target\":{\"@type\":\"EntryPoint\",\"urlTemplate\":\"https:\/\/metalco-mobiliar.cz\/?s={search_term_string}\"},\"query-input\":\"required name=search_term_string\"}],\"inLanguage\":\"en-US\"}]}<\/script>\n<!-- \/ Yoast SEO plugin. -->","yoast_head_json":{"title":"OMBRA IN CITT\u00c0: PETALS - Metalco Mobiliar","robots":{"index":"index","follow":"follow","max-snippet":"max-snippet:-1","max-image-preview":"max-image-preview:large","max-video-preview":"max-video-preview:-1"},"canonical":"https:\/\/metalco-mobiliar.cz\/en\/prodotti-en\/ombra-in-citta-petals\/","og_locale":"en_US","og_type":"article","og_title":"OMBRA IN CITT\u00c0: PETALS - Metalco Mobiliar","og_description":"The range of action that integrates shadow in urban spaces The shading system designed by Makio Hasuike &amp; Co. for Metalco is the result of a careful analysis of the typical factors characterising the urban climate, a highly complex phenomenon, linked to a mix of different problems. Excessive concreting, cramped spaces, an alternation of streets [&hellip;]","og_url":"https:\/\/metalco-mobiliar.cz\/en\/prodotti-en\/ombra-in-citta-petals\/","og_site_name":"Metalco Mobiliar","article_modified_time":"2023-05-15T06:56:03+00:00","og_image":[{"width":600,"height":600,"url":"https:\/\/metalco-mobiliar.cz\/news\/wp-content\/uploads\/2021\/06\/modul\u00e1rn\u00ed-st\u00edn\u011bn\u00ed.jpg","type":"image\/jpeg"}],"twitter_misc":{"Est. reading time":"1 minute"},"schema":{"@context":"https:\/\/schema.org","@graph":[{"@type":"WebPage","@id":"https:\/\/metalco-mobiliar.cz\/en\/prodotti-en\/ombra-in-citta-petals\/","url":"https:\/\/metalco-mobiliar.cz\/en\/prodotti-en\/ombra-in-citta-petals\/","name":"OMBRA IN CITT\u00c0: PETALS - Metalco Mobiliar","isPartOf":{"@id":"https:\/\/metalco-mobiliar.cz\/#website"},"primaryImageOfPage":{"@id":"https:\/\/metalco-mobiliar.cz\/en\/prodotti-en\/ombra-in-citta-petals\/#primaryimage"},"image":{"@id":"https:\/\/metalco-mobiliar.cz\/en\/prodotti-en\/ombra-in-citta-petals\/#primaryimage"},"thumbnailUrl":"https:\/\/metalco-mobiliar.cz\/news\/wp-content\/uploads\/2021\/06\/modul\u00e1rn\u00ed-st\u00edn\u011bn\u00ed.jpg","datePublished":"2021-06-17T07:32:54+00:00","dateModified":"2023-05-15T06:56:03+00:00","breadcrumb":{"@id":"https:\/\/metalco-mobiliar.cz\/en\/prodotti-en\/ombra-in-citta-petals\/#breadcrumb"},"inLanguage":"en-US","potentialAction":[{"@type":"ReadAction","target":["https:\/\/metalco-mobiliar.cz\/en\/prodotti-en\/ombra-in-citta-petals\/"]}]},{"@type":"ImageObject","inLanguage":"en-US","@id":"https:\/\/metalco-mobiliar.cz\/en\/prodotti-en\/ombra-in-citta-petals\/#primaryimage","url":"https:\/\/metalco-mobiliar.cz\/news\/wp-content\/uploads\/2021\/06\/modul\u00e1rn\u00ed-st\u00edn\u011bn\u00ed.jpg","contentUrl":"https:\/\/metalco-mobiliar.cz\/news\/wp-content\/uploads\/2021\/06\/modul\u00e1rn\u00ed-st\u00edn\u011bn\u00ed.jpg","width":600,"height":600,"caption":"St\u00edn\u00edc\u00ed syst\u00e9m"},{"@type":"BreadcrumbList","@id":"https:\/\/metalco-mobiliar.cz\/en\/prodotti-en\/ombra-in-citta-petals\/#breadcrumb","itemListElement":[{"@type":"ListItem","position":1,"name":"Home","item":"https:\/\/metalco-mobiliar.cz\/en\/"},{"@type":"ListItem","position":2,"name":"OMBRA IN CITT\u00c0: PETALS"}]},{"@type":"WebSite","@id":"https:\/\/metalco-mobiliar.cz\/#website","url":"https:\/\/metalco-mobiliar.cz\/","name":"Metalco \u2013 m\u011bstsk\u00fd mobili\u00e1\u0159","description":"M\u011bstsk\u00fd mobili\u00e1\u0159 Metalco","potentialAction":[{"@type":"SearchAction","target":{"@type":"EntryPoint","urlTemplate":"https:\/\/metalco-mobiliar.cz\/?s={search_term_string}"},"query-input":"required name=search_term_string"}],"inLanguage":"en-US"}]}},"_links":{"self":[{"href":"https:\/\/metalco-mobiliar.cz\/en\/wp-json\/wp\/v2\/product\/32600"}],"collection":[{"href":"https:\/\/metalco-mobiliar.cz\/en\/wp-json\/wp\/v2\/product"}],"about":[{"href":"https:\/\/metalco-mobiliar.cz\/en\/wp-json\/wp\/v2\/types\/product"}],"replies":[{"embeddable":true,"href":"https:\/\/metalco-mobiliar.cz\/en\/wp-json\/wp\/v2\/comments?post=32600"}],"wp:featuredmedia":[{"embeddable":true,"href":"https:\/\/metalco-mobiliar.cz\/en\/wp-json\/wp\/v2\/media\/32586"}],"wp:attachment":[{"href":"https:\/\/metalco-mobiliar.cz\/en\/wp-json\/wp\/v2\/media?parent=32600"}],"wp:term":[{"taxonomy":"product_cat","embeddable":true,"href":"https:\/\/metalco-mobiliar.cz\/en\/wp-json\/wp\/v2\/product_cat?post=32600"},{"taxonomy":"product_tag","embeddable":true,"href":"https:\/\/metalco-mobiliar.cz\/en\/wp-json\/wp\/v2\/product_tag?post=32600"}],"curies":[{"name":"wp","href":"https:\/\/api.w.org\/{rel}","templated":true}]}}