{"id":32620,"date":"2021-06-17T10:55:05","date_gmt":"2021-06-17T08:55:05","guid":{"rendered":"http:\/\/metalco-mobiliar.cz\/prodotto\/ombra-in-citta-tile\/"},"modified":"2021-06-17T14:13:46","modified_gmt":"2021-06-17T12:13:46","slug":"ombra-in-citta-tile","status":"publish","type":"product","link":"https:\/\/metalco-mobiliar.cz\/en\/prodotti-en\/ombra-in-citta-tile\/","title":{"rendered":"OMBRA IN CITT\u00c0: TILE"},"content":{"rendered":"<p><strong>The range of action that integrates shadow in urban spaces<br \/>\n<\/strong>The shading system designed by Makio Hasuike &amp; Co. for Metalco is the result of a careful analysis of the typical factors characterising the urban climate, a highly complex phenomenon, linked to a mix of different problems. Excessive concreting, cramped spaces, an alternation of streets and squares and the massive presence of apartment blocks and industrial buildings that prevent the creation of naturally shady places, inevitably leading the climate to overheat, with a negative effect on the quality of life. Now more than ever, a city that really wants to take care of its inhabitants must<br \/>\nprovide artificial shaded areas able to restore some balance and help to create microclimates that contribute to the wellbeing of its citizens.<\/p>\n<p><strong>OMBRA IN CITT\u00c0: TILE<br \/>\n<\/strong>Modular shading structure composed of supporting columns equipped with trapezoidal steel frames, with aluminum profiles. The frames are joined together by steel plates. Two configurations are available: one linear to create pedestrian paths, one as \u201cisland\u201d. They can be installed individually or in composition.<\/p>\n<p><strong>Fixing:<\/strong> Installation with threaded bars<\/p>\n<p><strong>Dimensions and weight:<\/strong><br \/>\n10950&#215;2980 mm H 2900 mm 850&nbsp;kg<br \/>\n6195&#215;4180 mm H 2900 mm 470&nbsp;kg<\/p>\n<p><strong>\u00a0<\/strong><\/p>\n","protected":false},"excerpt":{"rendered":"<p>The range of action that integrates shadow in urban spaces The shading system designed by Makio Hasuike &amp; Co. for Metalco is the result of a careful analysis of the typical factors characterising the urban climate, a highly complex phenomenon, linked to a mix of different problems. Excessive concreting, cramped spaces, an alternation of streets [&hellip;]<\/p>\n","protected":false},"featured_media":32609,"comment_status":"closed","ping_status":"closed","template":"","meta":{"_acf_changed":false},"product_cat":[958],"product_tag":[],"class_list":{"0":"post-32620","1":"product","2":"type-product","3":"status-publish","4":"has-post-thumbnail","6":"product_cat-our-collection-en","7":"pa_designers-makio-hasuike-en","8":"pa_material-powder-coated-aluminum","9":"pa_material-powder-coated-steel","10":"collezioni-stile-en","11":"catalogo-catalogue-stile-2025","13":"first","14":"instock","15":"shipping-taxable","16":"product-type-simple"},"acf":[],"yoast_head":"<!-- This site is optimized with the Yoast SEO plugin v23.2 - https:\/\/yoast.com\/wordpress\/plugins\/seo\/ -->\n<title>OMBRA IN CITT\u00c0: TILE - Metalco Mobiliar<\/title>\n<meta name=\"robots\" content=\"index, follow, max-snippet:-1, max-image-preview:large, max-video-preview:-1\" \/>\n<link rel=\"canonical\" href=\"https:\/\/metalco-mobiliar.cz\/en\/prodotti-en\/ombra-in-citta-tile\/\" \/>\n<meta property=\"og:locale\" content=\"en_US\" \/>\n<meta property=\"og:type\" content=\"article\" \/>\n<meta property=\"og:title\" content=\"OMBRA IN CITT\u00c0: TILE - Metalco Mobiliar\" \/>\n<meta property=\"og:description\" content=\"The range of action that integrates shadow in urban spaces The shading system designed by Makio Hasuike &amp; Co. for Metalco is the result of a careful analysis of the typical factors characterising the urban climate, a highly complex phenomenon, linked to a mix of different problems. Excessive concreting, cramped spaces, an alternation of streets [&hellip;]\" \/>\n<meta property=\"og:url\" content=\"https:\/\/metalco-mobiliar.cz\/en\/prodotti-en\/ombra-in-citta-tile\/\" \/>\n<meta property=\"og:site_name\" content=\"Metalco Mobiliar\" \/>\n<meta property=\"article:modified_time\" content=\"2021-06-17T12:13:46+00:00\" \/>\n<meta property=\"og:image\" content=\"https:\/\/metalco-mobiliar.cz\/news\/wp-content\/uploads\/2021\/06\/zast\u0159e\u0161en\u00ed-do-ve\u0159ejn\u00fdch-prostor-st\u00edn\u00edc\u00ed-TILE.jpg\" \/>\n\t<meta property=\"og:image:width\" content=\"600\" \/>\n\t<meta property=\"og:image:height\" content=\"600\" \/>\n\t<meta property=\"og:image:type\" content=\"image\/jpeg\" \/>\n<meta name=\"twitter:label1\" content=\"Est. reading time\" \/>\n\t<meta name=\"twitter:data1\" content=\"1 minute\" \/>\n<script type=\"application\/ld+json\" class=\"yoast-schema-graph\">{\"@context\":\"https:\/\/schema.org\",\"@graph\":[{\"@type\":\"WebPage\",\"@id\":\"https:\/\/metalco-mobiliar.cz\/en\/prodotti-en\/ombra-in-citta-tile\/\",\"url\":\"https:\/\/metalco-mobiliar.cz\/en\/prodotti-en\/ombra-in-citta-tile\/\",\"name\":\"OMBRA IN CITT\u00c0: TILE - Metalco Mobiliar\",\"isPartOf\":{\"@id\":\"https:\/\/metalco-mobiliar.cz\/#website\"},\"primaryImageOfPage\":{\"@id\":\"https:\/\/metalco-mobiliar.cz\/en\/prodotti-en\/ombra-in-citta-tile\/#primaryimage\"},\"image\":{\"@id\":\"https:\/\/metalco-mobiliar.cz\/en\/prodotti-en\/ombra-in-citta-tile\/#primaryimage\"},\"thumbnailUrl\":\"https:\/\/metalco-mobiliar.cz\/news\/wp-content\/uploads\/2021\/06\/zast\u0159e\u0161en\u00ed-do-ve\u0159ejn\u00fdch-prostor-st\u00edn\u00edc\u00ed-TILE.jpg\",\"datePublished\":\"2021-06-17T08:55:05+00:00\",\"dateModified\":\"2021-06-17T12:13:46+00:00\",\"breadcrumb\":{\"@id\":\"https:\/\/metalco-mobiliar.cz\/en\/prodotti-en\/ombra-in-citta-tile\/#breadcrumb\"},\"inLanguage\":\"en-US\",\"potentialAction\":[{\"@type\":\"ReadAction\",\"target\":[\"https:\/\/metalco-mobiliar.cz\/en\/prodotti-en\/ombra-in-citta-tile\/\"]}]},{\"@type\":\"ImageObject\",\"inLanguage\":\"en-US\",\"@id\":\"https:\/\/metalco-mobiliar.cz\/en\/prodotti-en\/ombra-in-citta-tile\/#primaryimage\",\"url\":\"https:\/\/metalco-mobiliar.cz\/news\/wp-content\/uploads\/2021\/06\/zast\u0159e\u0161en\u00ed-do-ve\u0159ejn\u00fdch-prostor-st\u00edn\u00edc\u00ed-TILE.jpg\",\"contentUrl\":\"https:\/\/metalco-mobiliar.cz\/news\/wp-content\/uploads\/2021\/06\/zast\u0159e\u0161en\u00ed-do-ve\u0159ejn\u00fdch-prostor-st\u00edn\u00edc\u00ed-TILE.jpg\",\"width\":600,\"height\":600,\"caption\":\"St\u00edn\u00edc\u00ed syst\u00e9m\"},{\"@type\":\"BreadcrumbList\",\"@id\":\"https:\/\/metalco-mobiliar.cz\/en\/prodotti-en\/ombra-in-citta-tile\/#breadcrumb\",\"itemListElement\":[{\"@type\":\"ListItem\",\"position\":1,\"name\":\"Home\",\"item\":\"https:\/\/metalco-mobiliar.cz\/en\/\"},{\"@type\":\"ListItem\",\"position\":2,\"name\":\"OMBRA IN CITT\u00c0: TILE\"}]},{\"@type\":\"WebSite\",\"@id\":\"https:\/\/metalco-mobiliar.cz\/#website\",\"url\":\"https:\/\/metalco-mobiliar.cz\/\",\"name\":\"Metalco \u2013 m\u011bstsk\u00fd mobili\u00e1\u0159\",\"description\":\"M\u011bstsk\u00fd mobili\u00e1\u0159 Metalco\",\"potentialAction\":[{\"@type\":\"SearchAction\",\"target\":{\"@type\":\"EntryPoint\",\"urlTemplate\":\"https:\/\/metalco-mobiliar.cz\/?s={search_term_string}\"},\"query-input\":\"required name=search_term_string\"}],\"inLanguage\":\"en-US\"}]}<\/script>\n<!-- \/ Yoast SEO plugin. -->","yoast_head_json":{"title":"OMBRA IN CITT\u00c0: TILE - Metalco Mobiliar","robots":{"index":"index","follow":"follow","max-snippet":"max-snippet:-1","max-image-preview":"max-image-preview:large","max-video-preview":"max-video-preview:-1"},"canonical":"https:\/\/metalco-mobiliar.cz\/en\/prodotti-en\/ombra-in-citta-tile\/","og_locale":"en_US","og_type":"article","og_title":"OMBRA IN CITT\u00c0: TILE - Metalco Mobiliar","og_description":"The range of action that integrates shadow in urban spaces The shading system designed by Makio Hasuike &amp; Co. for Metalco is the result of a careful analysis of the typical factors characterising the urban climate, a highly complex phenomenon, linked to a mix of different problems. Excessive concreting, cramped spaces, an alternation of streets [&hellip;]","og_url":"https:\/\/metalco-mobiliar.cz\/en\/prodotti-en\/ombra-in-citta-tile\/","og_site_name":"Metalco Mobiliar","article_modified_time":"2021-06-17T12:13:46+00:00","og_image":[{"width":600,"height":600,"url":"https:\/\/metalco-mobiliar.cz\/news\/wp-content\/uploads\/2021\/06\/zast\u0159e\u0161en\u00ed-do-ve\u0159ejn\u00fdch-prostor-st\u00edn\u00edc\u00ed-TILE.jpg","type":"image\/jpeg"}],"twitter_misc":{"Est. reading time":"1 minute"},"schema":{"@context":"https:\/\/schema.org","@graph":[{"@type":"WebPage","@id":"https:\/\/metalco-mobiliar.cz\/en\/prodotti-en\/ombra-in-citta-tile\/","url":"https:\/\/metalco-mobiliar.cz\/en\/prodotti-en\/ombra-in-citta-tile\/","name":"OMBRA IN CITT\u00c0: TILE - Metalco Mobiliar","isPartOf":{"@id":"https:\/\/metalco-mobiliar.cz\/#website"},"primaryImageOfPage":{"@id":"https:\/\/metalco-mobiliar.cz\/en\/prodotti-en\/ombra-in-citta-tile\/#primaryimage"},"image":{"@id":"https:\/\/metalco-mobiliar.cz\/en\/prodotti-en\/ombra-in-citta-tile\/#primaryimage"},"thumbnailUrl":"https:\/\/metalco-mobiliar.cz\/news\/wp-content\/uploads\/2021\/06\/zast\u0159e\u0161en\u00ed-do-ve\u0159ejn\u00fdch-prostor-st\u00edn\u00edc\u00ed-TILE.jpg","datePublished":"2021-06-17T08:55:05+00:00","dateModified":"2021-06-17T12:13:46+00:00","breadcrumb":{"@id":"https:\/\/metalco-mobiliar.cz\/en\/prodotti-en\/ombra-in-citta-tile\/#breadcrumb"},"inLanguage":"en-US","potentialAction":[{"@type":"ReadAction","target":["https:\/\/metalco-mobiliar.cz\/en\/prodotti-en\/ombra-in-citta-tile\/"]}]},{"@type":"ImageObject","inLanguage":"en-US","@id":"https:\/\/metalco-mobiliar.cz\/en\/prodotti-en\/ombra-in-citta-tile\/#primaryimage","url":"https:\/\/metalco-mobiliar.cz\/news\/wp-content\/uploads\/2021\/06\/zast\u0159e\u0161en\u00ed-do-ve\u0159ejn\u00fdch-prostor-st\u00edn\u00edc\u00ed-TILE.jpg","contentUrl":"https:\/\/metalco-mobiliar.cz\/news\/wp-content\/uploads\/2021\/06\/zast\u0159e\u0161en\u00ed-do-ve\u0159ejn\u00fdch-prostor-st\u00edn\u00edc\u00ed-TILE.jpg","width":600,"height":600,"caption":"St\u00edn\u00edc\u00ed syst\u00e9m"},{"@type":"BreadcrumbList","@id":"https:\/\/metalco-mobiliar.cz\/en\/prodotti-en\/ombra-in-citta-tile\/#breadcrumb","itemListElement":[{"@type":"ListItem","position":1,"name":"Home","item":"https:\/\/metalco-mobiliar.cz\/en\/"},{"@type":"ListItem","position":2,"name":"OMBRA IN CITT\u00c0: TILE"}]},{"@type":"WebSite","@id":"https:\/\/metalco-mobiliar.cz\/#website","url":"https:\/\/metalco-mobiliar.cz\/","name":"Metalco \u2013 m\u011bstsk\u00fd mobili\u00e1\u0159","description":"M\u011bstsk\u00fd mobili\u00e1\u0159 Metalco","potentialAction":[{"@type":"SearchAction","target":{"@type":"EntryPoint","urlTemplate":"https:\/\/metalco-mobiliar.cz\/?s={search_term_string}"},"query-input":"required name=search_term_string"}],"inLanguage":"en-US"}]}},"_links":{"self":[{"href":"https:\/\/metalco-mobiliar.cz\/en\/wp-json\/wp\/v2\/product\/32620"}],"collection":[{"href":"https:\/\/metalco-mobiliar.cz\/en\/wp-json\/wp\/v2\/product"}],"about":[{"href":"https:\/\/metalco-mobiliar.cz\/en\/wp-json\/wp\/v2\/types\/product"}],"replies":[{"embeddable":true,"href":"https:\/\/metalco-mobiliar.cz\/en\/wp-json\/wp\/v2\/comments?post=32620"}],"wp:featuredmedia":[{"embeddable":true,"href":"https:\/\/metalco-mobiliar.cz\/en\/wp-json\/wp\/v2\/media\/32609"}],"wp:attachment":[{"href":"https:\/\/metalco-mobiliar.cz\/en\/wp-json\/wp\/v2\/media?parent=32620"}],"wp:term":[{"taxonomy":"product_cat","embeddable":true,"href":"https:\/\/metalco-mobiliar.cz\/en\/wp-json\/wp\/v2\/product_cat?post=32620"},{"taxonomy":"product_tag","embeddable":true,"href":"https:\/\/metalco-mobiliar.cz\/en\/wp-json\/wp\/v2\/product_tag?post=32620"}],"curies":[{"name":"wp","href":"https:\/\/api.w.org\/{rel}","templated":true}]}}