{"id":32714,"date":"2021-06-22T09:35:34","date_gmt":"2021-06-22T07:35:34","guid":{"rendered":"http:\/\/metalco-mobiliar.cz\/prodotto\/urban-mirror\/"},"modified":"2024-11-25T14:32:01","modified_gmt":"2024-11-25T13:32:01","slug":"urban-mirror","status":"publish","type":"product","link":"https:\/\/metalco-mobiliar.cz\/en\/prodotti-en\/urban-mirror\/","title":{"rendered":"URBAN MIRROR"},"content":{"rendered":"<p><strong>From \u201caccessory\u201d to meeting point<\/strong><br \/>\nDesigned for Metalco by Davide Anzalone and Alberto Mattiello, Urban Mirror is much more than a collection of street furniture. It is a tribute to the \u201cselfie generation\u201d and as much as to all those who practice mindfulness and want to look inside themselves to see beyond. It proves that everything we do is a self-portrait and every moment is a diary. It embodies the ability of reflective surfaces to create innovative social languages and makes the mirror &#8211; that has always been a fundamental indoor design object &#8211; a \u201ckey\u201d element for outdoor environments. Urban Mirror is designed not only to amplify the architectural or natural beauty of the surrounding places, but also to bring new energy and promote interaction and freedom of expression, transforming traditional places into meeting points and making the urban space a \u201cstage\u201d for street artists, local events and sports workouts. The entire collection has been created to integrate elements and accessories: from bike racks to benches inspired by the \u201cframe\u201d, everything is designed to initiate a dialogue, to inspire movement and to give as many people as possible a reason to spend their time outdoor.<\/p>\n<p><strong>URBAN MIRROR L | XL<\/strong><br \/>\nMirror module of the Urban Mirror collection, available in two versions, composed of two or three monolithic elements made of HPC (High Performance Concrete) and a steel sheet structure that serves as a frame for a stainless steel panel with a mirror finish. It can be installed individually or in composition with the other elements of the Urban Mirror collection (excluding the F module).<br \/>\n<strong>Fixing:<\/strong> Installation with threaded bars<\/p>\n<p><strong>URBAN MIRROR BC<\/strong><br \/>\nBench module of the Urban Mirror collection composed of a monolithic element in HPC (High Performance Concrete) with steel sheet structure, that serves as a cover, and a seat top with backrest in WPC (Wood Polymer Composite). It can be installed individually or in composition with the F module of the the Urban Mirror collection.<br \/>\n<strong>Fixing:<\/strong> Installation with threaded bars<\/p>\n<p><strong>URBAN MIRROR B | BB<\/strong><br \/>\nBench module of the Urban Mirror collection, available in two versions, composed of a monolithic element in HPC (High Performance Concrete) with steel sheet seat top with backrest in WPC (Wood Polymer Composite). The BB model can be installed individually or in composition with the other elements of the Urban Mirror collection (excluding the F module). The model B can be installed individually or in composition with the module F of the Urban Mirror collection.<br \/>\n<strong>Fixing:<\/strong> Freestanding or Installation with threaded bars<\/p>\n<p><strong>Dimensions and weight:<br \/>\nL<\/strong><br \/>\n4600&#215;700 mm H 2740 mm 2350&nbsp;kg<\/p>\n<p><strong>XL<\/strong><br \/>\n6545&#215;700 mm H 2740 mm 3300&nbsp;kg<\/p>\n<p><strong>BC<\/strong><br \/>\n2950X700 mm H 2040 mm 1860&nbsp;kg<\/p>\n<p><strong>B<\/strong><br \/>\n2950&#215;700 mm H 890&nbsp;1700&nbsp;kg<\/p>\n<p><strong>BB<\/strong><br \/>\n2700&#215;700 mm H 890 mm 1120&nbsp;kg<\/p>\n","protected":false},"excerpt":{"rendered":"<p>From \u201caccessory\u201d to meeting point Designed for Metalco by Davide Anzalone and Alberto Mattiello, Urban Mirror is much more than a collection of street furniture. It is a tribute to the \u201cselfie generation\u201d and as much as to all those who practice mindfulness and want to look inside themselves to see beyond. It proves that [&hellip;]<\/p>\n","protected":false},"featured_media":37005,"comment_status":"closed","ping_status":"closed","template":"","meta":{"_acf_changed":false},"product_cat":[958],"product_tag":[],"class_list":{"0":"post-32714","1":"product","2":"type-product","3":"status-publish","4":"has-post-thumbnail","6":"product_cat-our-collection-en","7":"pa_designers-davide-anzalone-alberto-mattiello-en","8":"pa_material-wpc-en","9":"pa_material-hpc","10":"pa_material-powder-coated-steel","11":"collezioni-stile-en","12":"catalogo-catalogue-stile-2025","14":"first","15":"instock","16":"shipping-taxable","17":"product-type-simple"},"acf":[],"yoast_head":"<!-- This site is optimized with the Yoast SEO plugin v23.2 - https:\/\/yoast.com\/wordpress\/plugins\/seo\/ -->\n<title>URBAN MIRROR - Metalco Mobiliar<\/title>\n<meta name=\"robots\" content=\"index, follow, max-snippet:-1, max-image-preview:large, max-video-preview:-1\" \/>\n<link rel=\"canonical\" href=\"https:\/\/metalco-mobiliar.cz\/en\/prodotti-en\/urban-mirror\/\" \/>\n<meta property=\"og:locale\" content=\"en_US\" \/>\n<meta property=\"og:type\" content=\"article\" \/>\n<meta property=\"og:title\" content=\"URBAN MIRROR - Metalco Mobiliar\" \/>\n<meta property=\"og:description\" content=\"From \u201caccessory\u201d to meeting point Designed for Metalco by Davide Anzalone and Alberto Mattiello, Urban Mirror is much more than a collection of street furniture. It is a tribute to the \u201cselfie generation\u201d and as much as to all those who practice mindfulness and want to look inside themselves to see beyond. It proves that [&hellip;]\" \/>\n<meta property=\"og:url\" content=\"https:\/\/metalco-mobiliar.cz\/en\/prodotti-en\/urban-mirror\/\" \/>\n<meta property=\"og:site_name\" content=\"Metalco Mobiliar\" \/>\n<meta property=\"article:modified_time\" content=\"2024-11-25T13:32:01+00:00\" \/>\n<meta property=\"og:image\" content=\"https:\/\/metalco-mobiliar.cz\/news\/wp-content\/uploads\/2021\/06\/mobili\u00e1\u0159_urban_mirror.jpg\" \/>\n\t<meta property=\"og:image:width\" content=\"200\" \/>\n\t<meta property=\"og:image:height\" content=\"200\" \/>\n\t<meta property=\"og:image:type\" content=\"image\/jpeg\" \/>\n<meta name=\"twitter:label1\" content=\"Est. reading time\" \/>\n\t<meta name=\"twitter:data1\" content=\"3 minutes\" \/>\n<script type=\"application\/ld+json\" class=\"yoast-schema-graph\">{\"@context\":\"https:\/\/schema.org\",\"@graph\":[{\"@type\":\"WebPage\",\"@id\":\"https:\/\/metalco-mobiliar.cz\/en\/prodotti-en\/urban-mirror\/\",\"url\":\"https:\/\/metalco-mobiliar.cz\/en\/prodotti-en\/urban-mirror\/\",\"name\":\"URBAN MIRROR - Metalco Mobiliar\",\"isPartOf\":{\"@id\":\"https:\/\/metalco-mobiliar.cz\/#website\"},\"primaryImageOfPage\":{\"@id\":\"https:\/\/metalco-mobiliar.cz\/en\/prodotti-en\/urban-mirror\/#primaryimage\"},\"image\":{\"@id\":\"https:\/\/metalco-mobiliar.cz\/en\/prodotti-en\/urban-mirror\/#primaryimage\"},\"thumbnailUrl\":\"https:\/\/metalco-mobiliar.cz\/news\/wp-content\/uploads\/2021\/06\/mobili\u00e1\u0159_urban_mirror.jpg\",\"datePublished\":\"2021-06-22T07:35:34+00:00\",\"dateModified\":\"2024-11-25T13:32:01+00:00\",\"breadcrumb\":{\"@id\":\"https:\/\/metalco-mobiliar.cz\/en\/prodotti-en\/urban-mirror\/#breadcrumb\"},\"inLanguage\":\"en-US\",\"potentialAction\":[{\"@type\":\"ReadAction\",\"target\":[\"https:\/\/metalco-mobiliar.cz\/en\/prodotti-en\/urban-mirror\/\"]}]},{\"@type\":\"ImageObject\",\"inLanguage\":\"en-US\",\"@id\":\"https:\/\/metalco-mobiliar.cz\/en\/prodotti-en\/urban-mirror\/#primaryimage\",\"url\":\"https:\/\/metalco-mobiliar.cz\/news\/wp-content\/uploads\/2021\/06\/mobili\u00e1\u0159_urban_mirror.jpg\",\"contentUrl\":\"https:\/\/metalco-mobiliar.cz\/news\/wp-content\/uploads\/2021\/06\/mobili\u00e1\u0159_urban_mirror.jpg\",\"width\":200,\"height\":200,\"caption\":\"mobili\u00e1\u0159 urban mirror\"},{\"@type\":\"BreadcrumbList\",\"@id\":\"https:\/\/metalco-mobiliar.cz\/en\/prodotti-en\/urban-mirror\/#breadcrumb\",\"itemListElement\":[{\"@type\":\"ListItem\",\"position\":1,\"name\":\"Home\",\"item\":\"https:\/\/metalco-mobiliar.cz\/en\/\"},{\"@type\":\"ListItem\",\"position\":2,\"name\":\"URBAN MIRROR\"}]},{\"@type\":\"WebSite\",\"@id\":\"https:\/\/metalco-mobiliar.cz\/#website\",\"url\":\"https:\/\/metalco-mobiliar.cz\/\",\"name\":\"Metalco \u2013 m\u011bstsk\u00fd mobili\u00e1\u0159\",\"description\":\"M\u011bstsk\u00fd mobili\u00e1\u0159 Metalco\",\"potentialAction\":[{\"@type\":\"SearchAction\",\"target\":{\"@type\":\"EntryPoint\",\"urlTemplate\":\"https:\/\/metalco-mobiliar.cz\/?s={search_term_string}\"},\"query-input\":\"required name=search_term_string\"}],\"inLanguage\":\"en-US\"}]}<\/script>\n<!-- \/ Yoast SEO plugin. -->","yoast_head_json":{"title":"URBAN MIRROR - Metalco Mobiliar","robots":{"index":"index","follow":"follow","max-snippet":"max-snippet:-1","max-image-preview":"max-image-preview:large","max-video-preview":"max-video-preview:-1"},"canonical":"https:\/\/metalco-mobiliar.cz\/en\/prodotti-en\/urban-mirror\/","og_locale":"en_US","og_type":"article","og_title":"URBAN MIRROR - Metalco Mobiliar","og_description":"From \u201caccessory\u201d to meeting point Designed for Metalco by Davide Anzalone and Alberto Mattiello, Urban Mirror is much more than a collection of street furniture. It is a tribute to the \u201cselfie generation\u201d and as much as to all those who practice mindfulness and want to look inside themselves to see beyond. It proves that [&hellip;]","og_url":"https:\/\/metalco-mobiliar.cz\/en\/prodotti-en\/urban-mirror\/","og_site_name":"Metalco Mobiliar","article_modified_time":"2024-11-25T13:32:01+00:00","og_image":[{"width":200,"height":200,"url":"https:\/\/metalco-mobiliar.cz\/news\/wp-content\/uploads\/2021\/06\/mobili\u00e1\u0159_urban_mirror.jpg","type":"image\/jpeg"}],"twitter_misc":{"Est. reading time":"3 minutes"},"schema":{"@context":"https:\/\/schema.org","@graph":[{"@type":"WebPage","@id":"https:\/\/metalco-mobiliar.cz\/en\/prodotti-en\/urban-mirror\/","url":"https:\/\/metalco-mobiliar.cz\/en\/prodotti-en\/urban-mirror\/","name":"URBAN MIRROR - Metalco Mobiliar","isPartOf":{"@id":"https:\/\/metalco-mobiliar.cz\/#website"},"primaryImageOfPage":{"@id":"https:\/\/metalco-mobiliar.cz\/en\/prodotti-en\/urban-mirror\/#primaryimage"},"image":{"@id":"https:\/\/metalco-mobiliar.cz\/en\/prodotti-en\/urban-mirror\/#primaryimage"},"thumbnailUrl":"https:\/\/metalco-mobiliar.cz\/news\/wp-content\/uploads\/2021\/06\/mobili\u00e1\u0159_urban_mirror.jpg","datePublished":"2021-06-22T07:35:34+00:00","dateModified":"2024-11-25T13:32:01+00:00","breadcrumb":{"@id":"https:\/\/metalco-mobiliar.cz\/en\/prodotti-en\/urban-mirror\/#breadcrumb"},"inLanguage":"en-US","potentialAction":[{"@type":"ReadAction","target":["https:\/\/metalco-mobiliar.cz\/en\/prodotti-en\/urban-mirror\/"]}]},{"@type":"ImageObject","inLanguage":"en-US","@id":"https:\/\/metalco-mobiliar.cz\/en\/prodotti-en\/urban-mirror\/#primaryimage","url":"https:\/\/metalco-mobiliar.cz\/news\/wp-content\/uploads\/2021\/06\/mobili\u00e1\u0159_urban_mirror.jpg","contentUrl":"https:\/\/metalco-mobiliar.cz\/news\/wp-content\/uploads\/2021\/06\/mobili\u00e1\u0159_urban_mirror.jpg","width":200,"height":200,"caption":"mobili\u00e1\u0159 urban mirror"},{"@type":"BreadcrumbList","@id":"https:\/\/metalco-mobiliar.cz\/en\/prodotti-en\/urban-mirror\/#breadcrumb","itemListElement":[{"@type":"ListItem","position":1,"name":"Home","item":"https:\/\/metalco-mobiliar.cz\/en\/"},{"@type":"ListItem","position":2,"name":"URBAN MIRROR"}]},{"@type":"WebSite","@id":"https:\/\/metalco-mobiliar.cz\/#website","url":"https:\/\/metalco-mobiliar.cz\/","name":"Metalco \u2013 m\u011bstsk\u00fd mobili\u00e1\u0159","description":"M\u011bstsk\u00fd mobili\u00e1\u0159 Metalco","potentialAction":[{"@type":"SearchAction","target":{"@type":"EntryPoint","urlTemplate":"https:\/\/metalco-mobiliar.cz\/?s={search_term_string}"},"query-input":"required name=search_term_string"}],"inLanguage":"en-US"}]}},"_links":{"self":[{"href":"https:\/\/metalco-mobiliar.cz\/en\/wp-json\/wp\/v2\/product\/32714"}],"collection":[{"href":"https:\/\/metalco-mobiliar.cz\/en\/wp-json\/wp\/v2\/product"}],"about":[{"href":"https:\/\/metalco-mobiliar.cz\/en\/wp-json\/wp\/v2\/types\/product"}],"replies":[{"embeddable":true,"href":"https:\/\/metalco-mobiliar.cz\/en\/wp-json\/wp\/v2\/comments?post=32714"}],"wp:featuredmedia":[{"embeddable":true,"href":"https:\/\/metalco-mobiliar.cz\/en\/wp-json\/wp\/v2\/media\/37005"}],"wp:attachment":[{"href":"https:\/\/metalco-mobiliar.cz\/en\/wp-json\/wp\/v2\/media?parent=32714"}],"wp:term":[{"taxonomy":"product_cat","embeddable":true,"href":"https:\/\/metalco-mobiliar.cz\/en\/wp-json\/wp\/v2\/product_cat?post=32714"},{"taxonomy":"product_tag","embeddable":true,"href":"https:\/\/metalco-mobiliar.cz\/en\/wp-json\/wp\/v2\/product_tag?post=32714"}],"curies":[{"name":"wp","href":"https:\/\/api.w.org\/{rel}","templated":true}]}}