{"id":32963,"date":"2021-06-25T10:05:41","date_gmt":"2021-06-25T08:05:41","guid":{"rendered":"http:\/\/metalco-mobiliar.cz\/prodotto\/aero-q\/"},"modified":"2023-06-20T11:41:51","modified_gmt":"2023-06-20T09:41:51","slug":"aero-q","status":"publish","type":"product","link":"https:\/\/metalco-mobiliar.cz\/en\/prodotti-en\/aero-q\/","title":{"rendered":"AERO Q"},"content":{"rendered":"<p>Litter bin composed of a supporting structure with steel coating, equipped with four inner liners for separate collection and aluminum lid with holes provided with conveyors in sheet metal. The inner liners are arranged in square composition. The cover is equipped with two gas struts to assist opening which are activated with the release of the snap lock.<\/p>\n<p><strong>Fixing:<\/strong> Freestanding (indoor only)<br \/>\n<strong>Accessories:<\/strong> Custom graphics<br \/>\n<strong>Capacity:<\/strong> 4 x 32 lt<br \/>\n<strong>Dimensions and weight:<\/strong><br \/>\n600x600x805 mm 58&nbsp;kg<\/p>\n","protected":false},"excerpt":{"rendered":"<p>Litter bin composed of a supporting structure with steel coating, equipped with four inner liners for separate collection and aluminum lid with holes provided with conveyors in sheet metal. The inner liners are arranged in square composition. The cover is equipped with two gas struts to assist opening which are activated with the release of [&hellip;]<\/p>\n","protected":false},"featured_media":32955,"comment_status":"closed","ping_status":"closed","template":"","meta":{"_acf_changed":false},"product_cat":[698,388],"product_tag":[],"class_list":{"0":"post-32963","1":"product","2":"type-product","3":"status-publish","4":"has-post-thumbnail","6":"product_cat-cestini-en","7":"product_cat-litter-bins","8":"pa_designers-niccolo-barea","9":"pa_material-powder-coated-steel","10":"pa_material-stainless-steel","11":"collezioni-stile-en","12":"catalogo-catalogue-stile-2025","14":"first","15":"instock","16":"shipping-taxable","17":"product-type-simple"},"acf":[],"yoast_head":"<!-- This site is optimized with the Yoast SEO plugin v23.2 - https:\/\/yoast.com\/wordpress\/plugins\/seo\/ -->\n<title>AERO Q - Metalco Mobiliar<\/title>\n<meta name=\"robots\" content=\"index, follow, max-snippet:-1, max-image-preview:large, max-video-preview:-1\" \/>\n<link rel=\"canonical\" href=\"https:\/\/metalco-mobiliar.cz\/en\/prodotti-en\/aero-q\/\" \/>\n<meta property=\"og:locale\" content=\"en_US\" \/>\n<meta property=\"og:type\" content=\"article\" \/>\n<meta property=\"og:title\" content=\"AERO Q - Metalco Mobiliar\" \/>\n<meta property=\"og:description\" content=\"Litter bin composed of a supporting structure with steel coating, equipped with four inner liners for separate collection and aluminum lid with holes provided with conveyors in sheet metal. The inner liners are arranged in square composition. The cover is equipped with two gas struts to assist opening which are activated with the release of [&hellip;]\" \/>\n<meta property=\"og:url\" content=\"https:\/\/metalco-mobiliar.cz\/en\/prodotti-en\/aero-q\/\" \/>\n<meta property=\"og:site_name\" content=\"Metalco Mobiliar\" \/>\n<meta property=\"article:modified_time\" content=\"2023-06-20T09:41:51+00:00\" \/>\n<meta property=\"og:image\" content=\"https:\/\/metalco-mobiliar.cz\/news\/wp-content\/uploads\/2021\/06\/m\u011bstsk\u00fd-ko\u0161-na-t\u0159\u00edd\u011bn\u00fd-odpad.jpg\" \/>\n\t<meta property=\"og:image:width\" content=\"450\" \/>\n\t<meta property=\"og:image:height\" content=\"450\" \/>\n\t<meta property=\"og:image:type\" content=\"image\/jpeg\" \/>\n<script type=\"application\/ld+json\" class=\"yoast-schema-graph\">{\"@context\":\"https:\/\/schema.org\",\"@graph\":[{\"@type\":\"WebPage\",\"@id\":\"https:\/\/metalco-mobiliar.cz\/en\/prodotti-en\/aero-q\/\",\"url\":\"https:\/\/metalco-mobiliar.cz\/en\/prodotti-en\/aero-q\/\",\"name\":\"AERO Q - Metalco Mobiliar\",\"isPartOf\":{\"@id\":\"https:\/\/metalco-mobiliar.cz\/#website\"},\"primaryImageOfPage\":{\"@id\":\"https:\/\/metalco-mobiliar.cz\/en\/prodotti-en\/aero-q\/#primaryimage\"},\"image\":{\"@id\":\"https:\/\/metalco-mobiliar.cz\/en\/prodotti-en\/aero-q\/#primaryimage\"},\"thumbnailUrl\":\"https:\/\/metalco-mobiliar.cz\/news\/wp-content\/uploads\/2021\/06\/m\u011bstsk\u00fd-ko\u0161-na-t\u0159\u00edd\u011bn\u00fd-odpad.jpg\",\"datePublished\":\"2021-06-25T08:05:41+00:00\",\"dateModified\":\"2023-06-20T09:41:51+00:00\",\"breadcrumb\":{\"@id\":\"https:\/\/metalco-mobiliar.cz\/en\/prodotti-en\/aero-q\/#breadcrumb\"},\"inLanguage\":\"en-US\",\"potentialAction\":[{\"@type\":\"ReadAction\",\"target\":[\"https:\/\/metalco-mobiliar.cz\/en\/prodotti-en\/aero-q\/\"]}]},{\"@type\":\"ImageObject\",\"inLanguage\":\"en-US\",\"@id\":\"https:\/\/metalco-mobiliar.cz\/en\/prodotti-en\/aero-q\/#primaryimage\",\"url\":\"https:\/\/metalco-mobiliar.cz\/news\/wp-content\/uploads\/2021\/06\/m\u011bstsk\u00fd-ko\u0161-na-t\u0159\u00edd\u011bn\u00fd-odpad.jpg\",\"contentUrl\":\"https:\/\/metalco-mobiliar.cz\/news\/wp-content\/uploads\/2021\/06\/m\u011bstsk\u00fd-ko\u0161-na-t\u0159\u00edd\u011bn\u00fd-odpad.jpg\",\"width\":450,\"height\":450,\"caption\":\"Odpadkov\u00fd ko\u0161 na t\u0159\u00edd\u011bn\u00fd odpad\"},{\"@type\":\"BreadcrumbList\",\"@id\":\"https:\/\/metalco-mobiliar.cz\/en\/prodotti-en\/aero-q\/#breadcrumb\",\"itemListElement\":[{\"@type\":\"ListItem\",\"position\":1,\"name\":\"Home\",\"item\":\"https:\/\/metalco-mobiliar.cz\/en\/\"},{\"@type\":\"ListItem\",\"position\":2,\"name\":\"AERO Q\"}]},{\"@type\":\"WebSite\",\"@id\":\"https:\/\/metalco-mobiliar.cz\/#website\",\"url\":\"https:\/\/metalco-mobiliar.cz\/\",\"name\":\"Metalco \u2013 m\u011bstsk\u00fd mobili\u00e1\u0159\",\"description\":\"M\u011bstsk\u00fd mobili\u00e1\u0159 Metalco\",\"potentialAction\":[{\"@type\":\"SearchAction\",\"target\":{\"@type\":\"EntryPoint\",\"urlTemplate\":\"https:\/\/metalco-mobiliar.cz\/?s={search_term_string}\"},\"query-input\":\"required name=search_term_string\"}],\"inLanguage\":\"en-US\"}]}<\/script>\n<!-- \/ Yoast SEO plugin. -->","yoast_head_json":{"title":"AERO Q - Metalco Mobiliar","robots":{"index":"index","follow":"follow","max-snippet":"max-snippet:-1","max-image-preview":"max-image-preview:large","max-video-preview":"max-video-preview:-1"},"canonical":"https:\/\/metalco-mobiliar.cz\/en\/prodotti-en\/aero-q\/","og_locale":"en_US","og_type":"article","og_title":"AERO Q - Metalco Mobiliar","og_description":"Litter bin composed of a supporting structure with steel coating, equipped with four inner liners for separate collection and aluminum lid with holes provided with conveyors in sheet metal. The inner liners are arranged in square composition. The cover is equipped with two gas struts to assist opening which are activated with the release of [&hellip;]","og_url":"https:\/\/metalco-mobiliar.cz\/en\/prodotti-en\/aero-q\/","og_site_name":"Metalco Mobiliar","article_modified_time":"2023-06-20T09:41:51+00:00","og_image":[{"width":450,"height":450,"url":"https:\/\/metalco-mobiliar.cz\/news\/wp-content\/uploads\/2021\/06\/m\u011bstsk\u00fd-ko\u0161-na-t\u0159\u00edd\u011bn\u00fd-odpad.jpg","type":"image\/jpeg"}],"schema":{"@context":"https:\/\/schema.org","@graph":[{"@type":"WebPage","@id":"https:\/\/metalco-mobiliar.cz\/en\/prodotti-en\/aero-q\/","url":"https:\/\/metalco-mobiliar.cz\/en\/prodotti-en\/aero-q\/","name":"AERO Q - Metalco Mobiliar","isPartOf":{"@id":"https:\/\/metalco-mobiliar.cz\/#website"},"primaryImageOfPage":{"@id":"https:\/\/metalco-mobiliar.cz\/en\/prodotti-en\/aero-q\/#primaryimage"},"image":{"@id":"https:\/\/metalco-mobiliar.cz\/en\/prodotti-en\/aero-q\/#primaryimage"},"thumbnailUrl":"https:\/\/metalco-mobiliar.cz\/news\/wp-content\/uploads\/2021\/06\/m\u011bstsk\u00fd-ko\u0161-na-t\u0159\u00edd\u011bn\u00fd-odpad.jpg","datePublished":"2021-06-25T08:05:41+00:00","dateModified":"2023-06-20T09:41:51+00:00","breadcrumb":{"@id":"https:\/\/metalco-mobiliar.cz\/en\/prodotti-en\/aero-q\/#breadcrumb"},"inLanguage":"en-US","potentialAction":[{"@type":"ReadAction","target":["https:\/\/metalco-mobiliar.cz\/en\/prodotti-en\/aero-q\/"]}]},{"@type":"ImageObject","inLanguage":"en-US","@id":"https:\/\/metalco-mobiliar.cz\/en\/prodotti-en\/aero-q\/#primaryimage","url":"https:\/\/metalco-mobiliar.cz\/news\/wp-content\/uploads\/2021\/06\/m\u011bstsk\u00fd-ko\u0161-na-t\u0159\u00edd\u011bn\u00fd-odpad.jpg","contentUrl":"https:\/\/metalco-mobiliar.cz\/news\/wp-content\/uploads\/2021\/06\/m\u011bstsk\u00fd-ko\u0161-na-t\u0159\u00edd\u011bn\u00fd-odpad.jpg","width":450,"height":450,"caption":"Odpadkov\u00fd ko\u0161 na t\u0159\u00edd\u011bn\u00fd odpad"},{"@type":"BreadcrumbList","@id":"https:\/\/metalco-mobiliar.cz\/en\/prodotti-en\/aero-q\/#breadcrumb","itemListElement":[{"@type":"ListItem","position":1,"name":"Home","item":"https:\/\/metalco-mobiliar.cz\/en\/"},{"@type":"ListItem","position":2,"name":"AERO Q"}]},{"@type":"WebSite","@id":"https:\/\/metalco-mobiliar.cz\/#website","url":"https:\/\/metalco-mobiliar.cz\/","name":"Metalco \u2013 m\u011bstsk\u00fd mobili\u00e1\u0159","description":"M\u011bstsk\u00fd mobili\u00e1\u0159 Metalco","potentialAction":[{"@type":"SearchAction","target":{"@type":"EntryPoint","urlTemplate":"https:\/\/metalco-mobiliar.cz\/?s={search_term_string}"},"query-input":"required name=search_term_string"}],"inLanguage":"en-US"}]}},"_links":{"self":[{"href":"https:\/\/metalco-mobiliar.cz\/en\/wp-json\/wp\/v2\/product\/32963"}],"collection":[{"href":"https:\/\/metalco-mobiliar.cz\/en\/wp-json\/wp\/v2\/product"}],"about":[{"href":"https:\/\/metalco-mobiliar.cz\/en\/wp-json\/wp\/v2\/types\/product"}],"replies":[{"embeddable":true,"href":"https:\/\/metalco-mobiliar.cz\/en\/wp-json\/wp\/v2\/comments?post=32963"}],"wp:featuredmedia":[{"embeddable":true,"href":"https:\/\/metalco-mobiliar.cz\/en\/wp-json\/wp\/v2\/media\/32955"}],"wp:attachment":[{"href":"https:\/\/metalco-mobiliar.cz\/en\/wp-json\/wp\/v2\/media?parent=32963"}],"wp:term":[{"taxonomy":"product_cat","embeddable":true,"href":"https:\/\/metalco-mobiliar.cz\/en\/wp-json\/wp\/v2\/product_cat?post=32963"},{"taxonomy":"product_tag","embeddable":true,"href":"https:\/\/metalco-mobiliar.cz\/en\/wp-json\/wp\/v2\/product_tag?post=32963"}],"curies":[{"name":"wp","href":"https:\/\/api.w.org\/{rel}","templated":true}]}}