{"id":33574,"date":"2021-11-26T11:04:08","date_gmt":"2021-11-26T10:04:08","guid":{"rendered":"http:\/\/metalco-mobiliar.cz\/prodotto\/alterego-sedute-e-fioriere\/"},"modified":"2023-06-30T10:18:54","modified_gmt":"2023-06-30T08:18:54","slug":"alterego-seat-planters","status":"publish","type":"product","link":"https:\/\/metalco-mobiliar.cz\/en\/prodotti-en\/alterego-seat-planters\/","title":{"rendered":"ALTEREGO SEATS &amp; PLANTERS"},"content":{"rendered":"<p><strong>ALTEREGO 1D | 4V<\/strong><br \/>\nModules of the Alterego collection composed of monolithic seats made of HPC (High Performance Concrete), partially emptied inside and available in two sizes. They can be installed individually or in compositions.<\/p>\n<p><strong>ALTEREGO 4V + SP 750 | 4V + SP 1750<\/strong><br \/>\nModules of the Alterego collection composed of monolithic seats made of HPC (High Performance Concrete), partially emptied inside. The 4V+SP model is equipped with wooden seat, without backrest, available in two sizes. Each model can be installed individually or in compositions.<\/p>\n<p><strong>ALTEREGO 4V + SS 750 | 4V + SS 1750<\/strong><br \/>\nModules of the Alterego collection composed of seats made of HPC (High Performance Concrete), partially emptied inside. The 4V+SS model is equipped with a wooden seat, with backrest, available in two sizes. They can be installed individually or in compositions.<\/p>\n<p><strong>ALTEREGO 4V + DE | 4V + TA<\/strong><br \/>\nModules of the Alterego collection made of HPC (High Performance Concrete), partially emptied inside, available in two versions. The 4V+DE model is equipped with single wooden seat with backrest and armrests. The 4V+TA model is equipped with a wooden table. They can be installed individually or in compositions.<\/p>\n<p><strong>ALTEREGO FP | FS | FG<\/strong><br \/>\nModules of the Alterego collection composed of planters made of steel sheet, available in two sizes. They can be installed individually or in compositions with the other elements of the Alterego collection. The FP and FG models can be combined with the Alterego OM shading structure.<\/p>\n<p><strong>ALTEREGO 4VC | 1VC<\/strong><br \/>\nModules of the Alterego collection composed of monolithic seats made of steel sheet, available in two sizes. They can be installed individually or in composition with the other elements of the collection.<\/p>\n<p><strong>ALTEREGO OM<\/strong><br \/>\nModule of the Alterego collection composed of seat in HPC (High Performance Concrete), equipped with shading structure in powder coated steel composed of two tubes and a frame with steel slats. Two versions are available, with or without stainless steel cables.<\/p>\n<p><strong>ALTEREGO OM<\/strong><br \/>\nModule of the Alterego collection composed of seat in HPC (High Performance Concrete), equipped with shading structure in powder coated steel composed of two tubes and a frame with steel slats. Two versions are available, with or without stainless steel cables.<\/p>\n<p>Fixing: Freestanding or Pre-drilled for anchors | Installation with threaded bars<\/p>\n<p>Accessories: LED lighting<\/p>\n","protected":false},"excerpt":{"rendered":"<p>ALTEREGO 1D | 4V Modules of the Alterego collection composed of monolithic seats made of HPC (High Performance Concrete), partially emptied inside and available in two sizes. They can be installed individually or in compositions. ALTEREGO 4V + SP 750 | 4V + SP 1750 Modules of the Alterego collection composed of monolithic seats made [&hellip;]<\/p>\n","protected":false},"featured_media":33570,"comment_status":"closed","ping_status":"closed","template":"","meta":{"_acf_changed":false},"product_cat":[882,958,345],"product_tag":[],"class_list":{"0":"post-33574","1":"product","2":"type-product","3":"status-publish","4":"has-post-thumbnail","6":"product_cat-molecular-concrete-en","7":"product_cat-our-collection-en","8":"product_cat-seats-benches","9":"pa_designers-massimo-tasca","10":"pa_designers-mattia-li-pomi","11":"pa_material-corten-steel","12":"pa_material-hpc","13":"pa_material-powder-coated-steel","14":"pa_material-wood","15":"collezioni-stile-en","16":"catalogo-catalogue-stile-2025","18":"first","19":"instock","20":"shipping-taxable","21":"product-type-simple"},"acf":[],"yoast_head":"<!-- This site is optimized with the Yoast SEO plugin v23.2 - https:\/\/yoast.com\/wordpress\/plugins\/seo\/ -->\n<title>ALTEREGO SEATS &amp; PLANTERS - Metalco Mobiliar<\/title>\n<meta name=\"robots\" content=\"index, follow, max-snippet:-1, max-image-preview:large, max-video-preview:-1\" \/>\n<link rel=\"canonical\" href=\"https:\/\/metalco-mobiliar.cz\/en\/prodotti-en\/alterego-seat-planters\/\" \/>\n<meta property=\"og:locale\" content=\"en_US\" \/>\n<meta property=\"og:type\" content=\"article\" \/>\n<meta property=\"og:title\" content=\"ALTEREGO SEATS &amp; PLANTERS - Metalco Mobiliar\" \/>\n<meta property=\"og:description\" content=\"ALTEREGO 1D | 4V Modules of the Alterego collection composed of monolithic seats made of HPC (High Performance Concrete), partially emptied inside and available in two sizes. They can be installed individually or in compositions. ALTEREGO 4V + SP 750 | 4V + SP 1750 Modules of the Alterego collection composed of monolithic seats made [&hellip;]\" \/>\n<meta property=\"og:url\" content=\"https:\/\/metalco-mobiliar.cz\/en\/prodotti-en\/alterego-seat-planters\/\" \/>\n<meta property=\"og:site_name\" content=\"Metalco Mobiliar\" \/>\n<meta property=\"article:modified_time\" content=\"2023-06-30T08:18:54+00:00\" \/>\n<meta property=\"og:image\" content=\"https:\/\/metalco-mobiliar.cz\/news\/wp-content\/uploads\/2021\/11\/ALTEREGO-I.jpg\" \/>\n\t<meta property=\"og:image:width\" content=\"200\" \/>\n\t<meta property=\"og:image:height\" content=\"200\" \/>\n\t<meta property=\"og:image:type\" content=\"image\/jpeg\" \/>\n<meta name=\"twitter:label1\" content=\"Est. reading time\" \/>\n\t<meta name=\"twitter:data1\" content=\"2 minutes\" \/>\n<script type=\"application\/ld+json\" class=\"yoast-schema-graph\">{\"@context\":\"https:\/\/schema.org\",\"@graph\":[{\"@type\":\"WebPage\",\"@id\":\"https:\/\/metalco-mobiliar.cz\/en\/prodotti-en\/alterego-seat-planters\/\",\"url\":\"https:\/\/metalco-mobiliar.cz\/en\/prodotti-en\/alterego-seat-planters\/\",\"name\":\"ALTEREGO SEATS &amp; PLANTERS - Metalco Mobiliar\",\"isPartOf\":{\"@id\":\"https:\/\/metalco-mobiliar.cz\/#website\"},\"primaryImageOfPage\":{\"@id\":\"https:\/\/metalco-mobiliar.cz\/en\/prodotti-en\/alterego-seat-planters\/#primaryimage\"},\"image\":{\"@id\":\"https:\/\/metalco-mobiliar.cz\/en\/prodotti-en\/alterego-seat-planters\/#primaryimage\"},\"thumbnailUrl\":\"https:\/\/metalco-mobiliar.cz\/news\/wp-content\/uploads\/2021\/11\/ALTEREGO-I.jpg\",\"datePublished\":\"2021-11-26T10:04:08+00:00\",\"dateModified\":\"2023-06-30T08:18:54+00:00\",\"breadcrumb\":{\"@id\":\"https:\/\/metalco-mobiliar.cz\/en\/prodotti-en\/alterego-seat-planters\/#breadcrumb\"},\"inLanguage\":\"en-US\",\"potentialAction\":[{\"@type\":\"ReadAction\",\"target\":[\"https:\/\/metalco-mobiliar.cz\/en\/prodotti-en\/alterego-seat-planters\/\"]}]},{\"@type\":\"ImageObject\",\"inLanguage\":\"en-US\",\"@id\":\"https:\/\/metalco-mobiliar.cz\/en\/prodotti-en\/alterego-seat-planters\/#primaryimage\",\"url\":\"https:\/\/metalco-mobiliar.cz\/news\/wp-content\/uploads\/2021\/11\/ALTEREGO-I.jpg\",\"contentUrl\":\"https:\/\/metalco-mobiliar.cz\/news\/wp-content\/uploads\/2021\/11\/ALTEREGO-I.jpg\",\"width\":200,\"height\":200},{\"@type\":\"BreadcrumbList\",\"@id\":\"https:\/\/metalco-mobiliar.cz\/en\/prodotti-en\/alterego-seat-planters\/#breadcrumb\",\"itemListElement\":[{\"@type\":\"ListItem\",\"position\":1,\"name\":\"Home\",\"item\":\"https:\/\/metalco-mobiliar.cz\/en\/\"},{\"@type\":\"ListItem\",\"position\":2,\"name\":\"ALTEREGO SEATS &amp; PLANTERS\"}]},{\"@type\":\"WebSite\",\"@id\":\"https:\/\/metalco-mobiliar.cz\/#website\",\"url\":\"https:\/\/metalco-mobiliar.cz\/\",\"name\":\"Metalco \u2013 m\u011bstsk\u00fd mobili\u00e1\u0159\",\"description\":\"M\u011bstsk\u00fd mobili\u00e1\u0159 Metalco\",\"potentialAction\":[{\"@type\":\"SearchAction\",\"target\":{\"@type\":\"EntryPoint\",\"urlTemplate\":\"https:\/\/metalco-mobiliar.cz\/?s={search_term_string}\"},\"query-input\":\"required name=search_term_string\"}],\"inLanguage\":\"en-US\"}]}<\/script>\n<!-- \/ Yoast SEO plugin. -->","yoast_head_json":{"title":"ALTEREGO SEATS &amp; PLANTERS - Metalco Mobiliar","robots":{"index":"index","follow":"follow","max-snippet":"max-snippet:-1","max-image-preview":"max-image-preview:large","max-video-preview":"max-video-preview:-1"},"canonical":"https:\/\/metalco-mobiliar.cz\/en\/prodotti-en\/alterego-seat-planters\/","og_locale":"en_US","og_type":"article","og_title":"ALTEREGO SEATS &amp; PLANTERS - Metalco Mobiliar","og_description":"ALTEREGO 1D | 4V Modules of the Alterego collection composed of monolithic seats made of HPC (High Performance Concrete), partially emptied inside and available in two sizes. They can be installed individually or in compositions. ALTEREGO 4V + SP 750 | 4V + SP 1750 Modules of the Alterego collection composed of monolithic seats made [&hellip;]","og_url":"https:\/\/metalco-mobiliar.cz\/en\/prodotti-en\/alterego-seat-planters\/","og_site_name":"Metalco Mobiliar","article_modified_time":"2023-06-30T08:18:54+00:00","og_image":[{"width":200,"height":200,"url":"https:\/\/metalco-mobiliar.cz\/news\/wp-content\/uploads\/2021\/11\/ALTEREGO-I.jpg","type":"image\/jpeg"}],"twitter_misc":{"Est. reading time":"2 minutes"},"schema":{"@context":"https:\/\/schema.org","@graph":[{"@type":"WebPage","@id":"https:\/\/metalco-mobiliar.cz\/en\/prodotti-en\/alterego-seat-planters\/","url":"https:\/\/metalco-mobiliar.cz\/en\/prodotti-en\/alterego-seat-planters\/","name":"ALTEREGO SEATS &amp; PLANTERS - Metalco Mobiliar","isPartOf":{"@id":"https:\/\/metalco-mobiliar.cz\/#website"},"primaryImageOfPage":{"@id":"https:\/\/metalco-mobiliar.cz\/en\/prodotti-en\/alterego-seat-planters\/#primaryimage"},"image":{"@id":"https:\/\/metalco-mobiliar.cz\/en\/prodotti-en\/alterego-seat-planters\/#primaryimage"},"thumbnailUrl":"https:\/\/metalco-mobiliar.cz\/news\/wp-content\/uploads\/2021\/11\/ALTEREGO-I.jpg","datePublished":"2021-11-26T10:04:08+00:00","dateModified":"2023-06-30T08:18:54+00:00","breadcrumb":{"@id":"https:\/\/metalco-mobiliar.cz\/en\/prodotti-en\/alterego-seat-planters\/#breadcrumb"},"inLanguage":"en-US","potentialAction":[{"@type":"ReadAction","target":["https:\/\/metalco-mobiliar.cz\/en\/prodotti-en\/alterego-seat-planters\/"]}]},{"@type":"ImageObject","inLanguage":"en-US","@id":"https:\/\/metalco-mobiliar.cz\/en\/prodotti-en\/alterego-seat-planters\/#primaryimage","url":"https:\/\/metalco-mobiliar.cz\/news\/wp-content\/uploads\/2021\/11\/ALTEREGO-I.jpg","contentUrl":"https:\/\/metalco-mobiliar.cz\/news\/wp-content\/uploads\/2021\/11\/ALTEREGO-I.jpg","width":200,"height":200},{"@type":"BreadcrumbList","@id":"https:\/\/metalco-mobiliar.cz\/en\/prodotti-en\/alterego-seat-planters\/#breadcrumb","itemListElement":[{"@type":"ListItem","position":1,"name":"Home","item":"https:\/\/metalco-mobiliar.cz\/en\/"},{"@type":"ListItem","position":2,"name":"ALTEREGO SEATS &amp; PLANTERS"}]},{"@type":"WebSite","@id":"https:\/\/metalco-mobiliar.cz\/#website","url":"https:\/\/metalco-mobiliar.cz\/","name":"Metalco \u2013 m\u011bstsk\u00fd mobili\u00e1\u0159","description":"M\u011bstsk\u00fd mobili\u00e1\u0159 Metalco","potentialAction":[{"@type":"SearchAction","target":{"@type":"EntryPoint","urlTemplate":"https:\/\/metalco-mobiliar.cz\/?s={search_term_string}"},"query-input":"required name=search_term_string"}],"inLanguage":"en-US"}]}},"_links":{"self":[{"href":"https:\/\/metalco-mobiliar.cz\/en\/wp-json\/wp\/v2\/product\/33574"}],"collection":[{"href":"https:\/\/metalco-mobiliar.cz\/en\/wp-json\/wp\/v2\/product"}],"about":[{"href":"https:\/\/metalco-mobiliar.cz\/en\/wp-json\/wp\/v2\/types\/product"}],"replies":[{"embeddable":true,"href":"https:\/\/metalco-mobiliar.cz\/en\/wp-json\/wp\/v2\/comments?post=33574"}],"wp:featuredmedia":[{"embeddable":true,"href":"https:\/\/metalco-mobiliar.cz\/en\/wp-json\/wp\/v2\/media\/33570"}],"wp:attachment":[{"href":"https:\/\/metalco-mobiliar.cz\/en\/wp-json\/wp\/v2\/media?parent=33574"}],"wp:term":[{"taxonomy":"product_cat","embeddable":true,"href":"https:\/\/metalco-mobiliar.cz\/en\/wp-json\/wp\/v2\/product_cat?post=33574"},{"taxonomy":"product_tag","embeddable":true,"href":"https:\/\/metalco-mobiliar.cz\/en\/wp-json\/wp\/v2\/product_tag?post=33574"}],"curies":[{"name":"wp","href":"https:\/\/api.w.org\/{rel}","templated":true}]}}