{"id":33603,"date":"2017-12-20T15:25:24","date_gmt":"2017-12-20T14:25:24","guid":{"rendered":"http:\/\/metalco-mobiliar.cz\/prodotto\/cobra-lavicka-kvetinac\/"},"modified":"2023-04-13T13:11:57","modified_gmt":"2023-04-13T11:11:57","slug":"cobra","status":"publish","type":"product","link":"https:\/\/metalco-mobiliar.cz\/en\/prodotti-en\/cobra\/","title":{"rendered":"COBRA"},"content":{"rendered":"<p><strong>COBRA CA1 | CA2<\/strong><br \/>\nModules of the Cobra collection consisiting of \u201cL\u201d benches, with wooden seat, composed of a supporting structure and supports in plate or steel sheet. Two versions are available: with horizontal or transversal wooden slats, with or without armrests. They can be installed in composition with the other elements of the collection.<br \/>\n<strong>Dimensions and weight:<\/strong><br \/>\n1093&#215;1093 mm H 453 mm<br \/>\nHardwood 57&nbsp;kg<br \/>\nLarch\u00a0 44&nbsp;kg<br \/>\n*only seat without supports<\/p>\n<p><strong>COBRA CV | CO | CVS<\/strong><br \/>\nModules of the Cobra collection consisting of benches, with or without backrest, composed of a wooden seat, a supporting structure and supports in plate or steel sheet. Two versions are available: with horizontal or transversal wooden slats, with or without armrests. They can be installed in composition with the other elements of the collection.<br \/>\n<strong>Dimensions and weight:<\/strong><br \/>\n<strong>CV<\/strong><br \/>\n2193&#215;493 mm H 453 mm<br \/>\nHardwood 70 kg*<br \/>\nLarch 54 kg*<br \/>\n<strong>CO<\/strong><br \/>\n1093&#215;493 mm H 453 mm<br \/>\nHardwood 39 kg*<br \/>\nLarch 31 kg*<br \/>\n<strong>CVS<\/strong><br \/>\n2193&#215;493 mm H 792 mm h 453 mm<br \/>\nL 500 mm (backrest)<br \/>\nHardwood 103 kg*<br \/>\nLarch 84 kg*<br \/>\n*only seat without supports<\/p>\n<p><strong>COBRA CR | CRS<\/strong><br \/>\nModules of the Cobra collection consisting of curved benches, with or without backrest, composed of a wooden seat, a supporting structure and supports in plate or steel sheet. They are available with or without armrests. They can be installed in composition with the other elements of the collection.<br \/>\nDimensions and weight:<br \/>\n<strong>CR<\/strong><br \/>\n1832&#215;638 mm Ri 1925 mm<br \/>\nh 453 mm H 792 mm<br \/>\nHardwood 52 kg*<br \/>\nLarch 41 kg*<br \/>\n<strong>CRS<\/strong><br \/>\n1832&#215;638 mm Ri 1925 mm<br \/>\nh 453 mm H 792 mm<br \/>\nHardwood 59 kg*<br \/>\nLarch 47 kg*<br \/>\n*only seat without supports<\/p>\n<p><strong>COBRA SUPPORTI SV | SP<\/strong><br \/>\nThe whole Cobra collection can be equipped with two different types of support: SP made of steel sheet or SV in steel plate. The CA1-CA2-CV-CO-CVS versions are equipped with a fixing system with a technopolymer U-shaped element.<br \/>\nDimensions and weight:<br \/>\n<strong>SV<\/strong><br \/>\n306&#215;195 mm H 370&nbsp;7&nbsp;kg<br \/>\n<strong>SP<\/strong><br \/>\n398&#215;195 mm H 370 mm 9&nbsp;kg<\/p>\n<p><strong>Fixing:<\/strong> Pre-drilled for anchors or Below ground installation<\/p>\n<p><strong>Accessories<\/strong>: Armrests<\/p>\n","protected":false},"excerpt":{"rendered":"<p>COBRA CA1 | CA2 Modules of the Cobra collection consisiting of \u201cL\u201d benches, with wooden seat, composed of a supporting structure and supports in plate or steel sheet. Two versions are available: with horizontal or transversal wooden slats, with or without armrests. They can be installed in composition with the other elements of the collection. [&hellip;]<\/p>\n","protected":false},"featured_media":33605,"comment_status":"closed","ping_status":"closed","template":"","meta":{"_acf_changed":false},"product_cat":[958,345],"product_tag":[],"class_list":{"0":"post-33603","1":"product","2":"type-product","3":"status-publish","4":"has-post-thumbnail","6":"product_cat-our-collection-en","7":"product_cat-seats-benches","8":"pa_designers-massimo-tasca","9":"pa_material-corten-steel","10":"pa_material-powder-coated-steel","11":"pa_material-wood","12":"collezioni-stile-en","13":"catalogo-catalogue-stile-2025","15":"first","16":"instock","17":"shipping-taxable","18":"product-type-simple"},"acf":[],"yoast_head":"<!-- This site is optimized with the Yoast SEO plugin v23.2 - https:\/\/yoast.com\/wordpress\/plugins\/seo\/ -->\n<title>COBRA - Metalco Mobiliar<\/title>\n<meta name=\"robots\" content=\"index, follow, max-snippet:-1, max-image-preview:large, max-video-preview:-1\" \/>\n<link rel=\"canonical\" href=\"https:\/\/metalco-mobiliar.cz\/en\/prodotti-en\/cobra\/\" \/>\n<meta property=\"og:locale\" content=\"en_US\" \/>\n<meta property=\"og:type\" content=\"article\" \/>\n<meta property=\"og:title\" content=\"COBRA - Metalco Mobiliar\" \/>\n<meta property=\"og:description\" content=\"COBRA CA1 | CA2 Modules of the Cobra collection consisiting of \u201cL\u201d benches, with wooden seat, composed of a supporting structure and supports in plate or steel sheet. Two versions are available: with horizontal or transversal wooden slats, with or without armrests. They can be installed in composition with the other elements of the collection. [&hellip;]\" \/>\n<meta property=\"og:url\" content=\"https:\/\/metalco-mobiliar.cz\/en\/prodotti-en\/cobra\/\" \/>\n<meta property=\"og:site_name\" content=\"Metalco Mobiliar\" \/>\n<meta property=\"article:modified_time\" content=\"2023-04-13T11:11:57+00:00\" \/>\n<meta property=\"og:image\" content=\"https:\/\/metalco-mobiliar.cz\/news\/wp-content\/uploads\/2017\/12\/COBRA-11.jpg\" \/>\n\t<meta property=\"og:image:width\" content=\"200\" \/>\n\t<meta property=\"og:image:height\" content=\"200\" \/>\n\t<meta property=\"og:image:type\" content=\"image\/jpeg\" \/>\n<meta name=\"twitter:label1\" content=\"Est. reading time\" \/>\n\t<meta name=\"twitter:data1\" content=\"2 minutes\" \/>\n<script type=\"application\/ld+json\" class=\"yoast-schema-graph\">{\"@context\":\"https:\/\/schema.org\",\"@graph\":[{\"@type\":\"WebPage\",\"@id\":\"https:\/\/metalco-mobiliar.cz\/en\/prodotti-en\/cobra\/\",\"url\":\"https:\/\/metalco-mobiliar.cz\/en\/prodotti-en\/cobra\/\",\"name\":\"COBRA - Metalco Mobiliar\",\"isPartOf\":{\"@id\":\"https:\/\/metalco-mobiliar.cz\/#website\"},\"primaryImageOfPage\":{\"@id\":\"https:\/\/metalco-mobiliar.cz\/en\/prodotti-en\/cobra\/#primaryimage\"},\"image\":{\"@id\":\"https:\/\/metalco-mobiliar.cz\/en\/prodotti-en\/cobra\/#primaryimage\"},\"thumbnailUrl\":\"https:\/\/metalco-mobiliar.cz\/news\/wp-content\/uploads\/2017\/12\/COBRA-11.jpg\",\"datePublished\":\"2017-12-20T14:25:24+00:00\",\"dateModified\":\"2023-04-13T11:11:57+00:00\",\"breadcrumb\":{\"@id\":\"https:\/\/metalco-mobiliar.cz\/en\/prodotti-en\/cobra\/#breadcrumb\"},\"inLanguage\":\"en-US\",\"potentialAction\":[{\"@type\":\"ReadAction\",\"target\":[\"https:\/\/metalco-mobiliar.cz\/en\/prodotti-en\/cobra\/\"]}]},{\"@type\":\"ImageObject\",\"inLanguage\":\"en-US\",\"@id\":\"https:\/\/metalco-mobiliar.cz\/en\/prodotti-en\/cobra\/#primaryimage\",\"url\":\"https:\/\/metalco-mobiliar.cz\/news\/wp-content\/uploads\/2017\/12\/COBRA-11.jpg\",\"contentUrl\":\"https:\/\/metalco-mobiliar.cz\/news\/wp-content\/uploads\/2017\/12\/COBRA-11.jpg\",\"width\":200,\"height\":200,\"caption\":\"lavi\u010dka Cobra\"},{\"@type\":\"BreadcrumbList\",\"@id\":\"https:\/\/metalco-mobiliar.cz\/en\/prodotti-en\/cobra\/#breadcrumb\",\"itemListElement\":[{\"@type\":\"ListItem\",\"position\":1,\"name\":\"Home\",\"item\":\"https:\/\/metalco-mobiliar.cz\/en\/\"},{\"@type\":\"ListItem\",\"position\":2,\"name\":\"COBRA\"}]},{\"@type\":\"WebSite\",\"@id\":\"https:\/\/metalco-mobiliar.cz\/#website\",\"url\":\"https:\/\/metalco-mobiliar.cz\/\",\"name\":\"Metalco \u2013 m\u011bstsk\u00fd mobili\u00e1\u0159\",\"description\":\"M\u011bstsk\u00fd mobili\u00e1\u0159 Metalco\",\"potentialAction\":[{\"@type\":\"SearchAction\",\"target\":{\"@type\":\"EntryPoint\",\"urlTemplate\":\"https:\/\/metalco-mobiliar.cz\/?s={search_term_string}\"},\"query-input\":\"required name=search_term_string\"}],\"inLanguage\":\"en-US\"}]}<\/script>\n<!-- \/ Yoast SEO plugin. -->","yoast_head_json":{"title":"COBRA - Metalco Mobiliar","robots":{"index":"index","follow":"follow","max-snippet":"max-snippet:-1","max-image-preview":"max-image-preview:large","max-video-preview":"max-video-preview:-1"},"canonical":"https:\/\/metalco-mobiliar.cz\/en\/prodotti-en\/cobra\/","og_locale":"en_US","og_type":"article","og_title":"COBRA - Metalco Mobiliar","og_description":"COBRA CA1 | CA2 Modules of the Cobra collection consisiting of \u201cL\u201d benches, with wooden seat, composed of a supporting structure and supports in plate or steel sheet. Two versions are available: with horizontal or transversal wooden slats, with or without armrests. They can be installed in composition with the other elements of the collection. [&hellip;]","og_url":"https:\/\/metalco-mobiliar.cz\/en\/prodotti-en\/cobra\/","og_site_name":"Metalco Mobiliar","article_modified_time":"2023-04-13T11:11:57+00:00","og_image":[{"width":200,"height":200,"url":"https:\/\/metalco-mobiliar.cz\/news\/wp-content\/uploads\/2017\/12\/COBRA-11.jpg","type":"image\/jpeg"}],"twitter_misc":{"Est. reading time":"2 minutes"},"schema":{"@context":"https:\/\/schema.org","@graph":[{"@type":"WebPage","@id":"https:\/\/metalco-mobiliar.cz\/en\/prodotti-en\/cobra\/","url":"https:\/\/metalco-mobiliar.cz\/en\/prodotti-en\/cobra\/","name":"COBRA - Metalco Mobiliar","isPartOf":{"@id":"https:\/\/metalco-mobiliar.cz\/#website"},"primaryImageOfPage":{"@id":"https:\/\/metalco-mobiliar.cz\/en\/prodotti-en\/cobra\/#primaryimage"},"image":{"@id":"https:\/\/metalco-mobiliar.cz\/en\/prodotti-en\/cobra\/#primaryimage"},"thumbnailUrl":"https:\/\/metalco-mobiliar.cz\/news\/wp-content\/uploads\/2017\/12\/COBRA-11.jpg","datePublished":"2017-12-20T14:25:24+00:00","dateModified":"2023-04-13T11:11:57+00:00","breadcrumb":{"@id":"https:\/\/metalco-mobiliar.cz\/en\/prodotti-en\/cobra\/#breadcrumb"},"inLanguage":"en-US","potentialAction":[{"@type":"ReadAction","target":["https:\/\/metalco-mobiliar.cz\/en\/prodotti-en\/cobra\/"]}]},{"@type":"ImageObject","inLanguage":"en-US","@id":"https:\/\/metalco-mobiliar.cz\/en\/prodotti-en\/cobra\/#primaryimage","url":"https:\/\/metalco-mobiliar.cz\/news\/wp-content\/uploads\/2017\/12\/COBRA-11.jpg","contentUrl":"https:\/\/metalco-mobiliar.cz\/news\/wp-content\/uploads\/2017\/12\/COBRA-11.jpg","width":200,"height":200,"caption":"lavi\u010dka Cobra"},{"@type":"BreadcrumbList","@id":"https:\/\/metalco-mobiliar.cz\/en\/prodotti-en\/cobra\/#breadcrumb","itemListElement":[{"@type":"ListItem","position":1,"name":"Home","item":"https:\/\/metalco-mobiliar.cz\/en\/"},{"@type":"ListItem","position":2,"name":"COBRA"}]},{"@type":"WebSite","@id":"https:\/\/metalco-mobiliar.cz\/#website","url":"https:\/\/metalco-mobiliar.cz\/","name":"Metalco \u2013 m\u011bstsk\u00fd mobili\u00e1\u0159","description":"M\u011bstsk\u00fd mobili\u00e1\u0159 Metalco","potentialAction":[{"@type":"SearchAction","target":{"@type":"EntryPoint","urlTemplate":"https:\/\/metalco-mobiliar.cz\/?s={search_term_string}"},"query-input":"required name=search_term_string"}],"inLanguage":"en-US"}]}},"_links":{"self":[{"href":"https:\/\/metalco-mobiliar.cz\/en\/wp-json\/wp\/v2\/product\/33603"}],"collection":[{"href":"https:\/\/metalco-mobiliar.cz\/en\/wp-json\/wp\/v2\/product"}],"about":[{"href":"https:\/\/metalco-mobiliar.cz\/en\/wp-json\/wp\/v2\/types\/product"}],"replies":[{"embeddable":true,"href":"https:\/\/metalco-mobiliar.cz\/en\/wp-json\/wp\/v2\/comments?post=33603"}],"wp:featuredmedia":[{"embeddable":true,"href":"https:\/\/metalco-mobiliar.cz\/en\/wp-json\/wp\/v2\/media\/33605"}],"wp:attachment":[{"href":"https:\/\/metalco-mobiliar.cz\/en\/wp-json\/wp\/v2\/media?parent=33603"}],"wp:term":[{"taxonomy":"product_cat","embeddable":true,"href":"https:\/\/metalco-mobiliar.cz\/en\/wp-json\/wp\/v2\/product_cat?post=33603"},{"taxonomy":"product_tag","embeddable":true,"href":"https:\/\/metalco-mobiliar.cz\/en\/wp-json\/wp\/v2\/product_tag?post=33603"}],"curies":[{"name":"wp","href":"https:\/\/api.w.org\/{rel}","templated":true}]}}