{"id":33649,"date":"2018-01-08T15:04:35","date_gmt":"2018-01-08T14:04:35","guid":{"rendered":"http:\/\/metalco-mobiliar.cz\/prodotto\/krajinny-prvek-grandifioriere\/"},"modified":"2021-12-01T09:30:32","modified_gmt":"2021-12-01T08:30:32","slug":"grandifioriere-collection","status":"publish","type":"product","link":"https:\/\/metalco-mobiliar.cz\/en\/prodotti-en\/grandifioriere-collection\/","title":{"rendered":"GRANDIFIORIERE SEDUTE E FIORIERE"},"content":{"rendered":"<p><strong>GRANDIFIORIERE GSO | GSV<\/strong><br \/>\nModular linear element of the Grandifioriere collection, composed of a Corten steel structure, with horizontal or transversal integrated wooden seat. It can be combined with the other modules of the collection, to build a soil containment system with integrated seats.<\/p>\n<p><strong>GRANDIFIORIERE GSA1 | GSA2<\/strong><br \/>\nModular corner element of the Grandifioriere collection, composed of a Corten steel structure, with concave or convex integrated wooden seat. It can be combined with the other modules of the collection, to build a soil containment system with integrated seats.<\/p>\n<p><strong>GRANDIFIORIERE GSR<\/strong><br \/>\nModular circular element of the Grandifioriere collection, composed of a Corten steel structure, with integrated wooden seat. It can be combined with the other modules of the collection, to build a soil containment system with integrated seats.<\/p>\n<p><strong>GRANDIFIORIERE GBO | GBV<\/strong><br \/>\nModular linear element of the Grandifioriere collection, available in three heights and two lenghts. It can be combined with the other modules of the collection, to build a soil containment system.<\/p>\n<p><strong>GRANDIFIORIERE GBA I | GBA E<\/strong><br \/>\nModular corner element of the Grandifioriere collection, concave or convex, available in three heights. It can be combined with the other modules of the collection, to build a soil containment system with integrated seats.<\/p>\n<p><strong>GRANDIFIORIERE GBR<\/strong><br \/>\nModular circular element of the Grandifioriere collection, available in three heights. It can be combined with the other modules of the collection, to build a soil containment system.<\/p>\n<p>Fixing: Pre-drilled for anchors or Below ground installation<\/p>\n","protected":false},"excerpt":{"rendered":"<p>GRANDIFIORIERE GSO | GSV Modular linear element of the Grandifioriere collection, composed of a Corten steel structure, with horizontal or transversal integrated wooden seat. It can be combined with the other modules of the collection, to build a soil containment system with integrated seats. GRANDIFIORIERE GSA1 | GSA2 Modular corner element of the Grandifioriere collection, [&hellip;]<\/p>\n","protected":false},"featured_media":33651,"comment_status":"closed","ping_status":"closed","template":"","meta":{"_acf_changed":false},"product_cat":[958,345],"product_tag":[],"class_list":{"0":"post-33649","1":"product","2":"type-product","3":"status-publish","4":"has-post-thumbnail","6":"product_cat-our-collection-en","7":"product_cat-seats-benches","8":"pa_designers-massimo-tasca","9":"pa_material-corten-steel","10":"pa_material-wood","11":"collezioni-stile-en","12":"catalogo-catalogue-stile-2025","14":"first","15":"instock","16":"shipping-taxable","17":"product-type-simple"},"acf":[],"yoast_head":"<!-- This site is optimized with the Yoast SEO plugin v23.2 - https:\/\/yoast.com\/wordpress\/plugins\/seo\/ -->\n<title>GRANDIFIORIERE SEDUTE E FIORIERE - Metalco Mobiliar<\/title>\n<meta name=\"robots\" content=\"index, follow, max-snippet:-1, max-image-preview:large, max-video-preview:-1\" \/>\n<link rel=\"canonical\" href=\"https:\/\/metalco-mobiliar.cz\/en\/prodotti-en\/grandifioriere-collection\/\" \/>\n<meta property=\"og:locale\" content=\"en_US\" \/>\n<meta property=\"og:type\" content=\"article\" \/>\n<meta property=\"og:title\" content=\"GRANDIFIORIERE SEDUTE E FIORIERE - Metalco Mobiliar\" \/>\n<meta property=\"og:description\" content=\"GRANDIFIORIERE GSO | GSV Modular linear element of the Grandifioriere collection, composed of a Corten steel structure, with horizontal or transversal integrated wooden seat. It can be combined with the other modules of the collection, to build a soil containment system with integrated seats. GRANDIFIORIERE GSA1 | GSA2 Modular corner element of the Grandifioriere collection, [&hellip;]\" \/>\n<meta property=\"og:url\" content=\"https:\/\/metalco-mobiliar.cz\/en\/prodotti-en\/grandifioriere-collection\/\" \/>\n<meta property=\"og:site_name\" content=\"Metalco Mobiliar\" \/>\n<meta property=\"article:modified_time\" content=\"2021-12-01T08:30:32+00:00\" \/>\n<meta property=\"og:image\" content=\"https:\/\/metalco-mobiliar.cz\/news\/wp-content\/uploads\/2018\/01\/GRANDIFIORIERE-I.jpg\" \/>\n\t<meta property=\"og:image:width\" content=\"200\" \/>\n\t<meta property=\"og:image:height\" content=\"200\" \/>\n\t<meta property=\"og:image:type\" content=\"image\/jpeg\" \/>\n<meta name=\"twitter:label1\" content=\"Est. reading time\" \/>\n\t<meta name=\"twitter:data1\" content=\"1 minute\" \/>\n<script type=\"application\/ld+json\" class=\"yoast-schema-graph\">{\"@context\":\"https:\/\/schema.org\",\"@graph\":[{\"@type\":\"WebPage\",\"@id\":\"https:\/\/metalco-mobiliar.cz\/en\/prodotti-en\/grandifioriere-collection\/\",\"url\":\"https:\/\/metalco-mobiliar.cz\/en\/prodotti-en\/grandifioriere-collection\/\",\"name\":\"GRANDIFIORIERE SEDUTE E FIORIERE - Metalco Mobiliar\",\"isPartOf\":{\"@id\":\"https:\/\/metalco-mobiliar.cz\/#website\"},\"primaryImageOfPage\":{\"@id\":\"https:\/\/metalco-mobiliar.cz\/en\/prodotti-en\/grandifioriere-collection\/#primaryimage\"},\"image\":{\"@id\":\"https:\/\/metalco-mobiliar.cz\/en\/prodotti-en\/grandifioriere-collection\/#primaryimage\"},\"thumbnailUrl\":\"https:\/\/metalco-mobiliar.cz\/news\/wp-content\/uploads\/2018\/01\/GRANDIFIORIERE-I.jpg\",\"datePublished\":\"2018-01-08T14:04:35+00:00\",\"dateModified\":\"2021-12-01T08:30:32+00:00\",\"breadcrumb\":{\"@id\":\"https:\/\/metalco-mobiliar.cz\/en\/prodotti-en\/grandifioriere-collection\/#breadcrumb\"},\"inLanguage\":\"en-US\",\"potentialAction\":[{\"@type\":\"ReadAction\",\"target\":[\"https:\/\/metalco-mobiliar.cz\/en\/prodotti-en\/grandifioriere-collection\/\"]}]},{\"@type\":\"ImageObject\",\"inLanguage\":\"en-US\",\"@id\":\"https:\/\/metalco-mobiliar.cz\/en\/prodotti-en\/grandifioriere-collection\/#primaryimage\",\"url\":\"https:\/\/metalco-mobiliar.cz\/news\/wp-content\/uploads\/2018\/01\/GRANDIFIORIERE-I.jpg\",\"contentUrl\":\"https:\/\/metalco-mobiliar.cz\/news\/wp-content\/uploads\/2018\/01\/GRANDIFIORIERE-I.jpg\",\"width\":200,\"height\":200,\"caption\":\"krajinn\u00fd prvek\"},{\"@type\":\"BreadcrumbList\",\"@id\":\"https:\/\/metalco-mobiliar.cz\/en\/prodotti-en\/grandifioriere-collection\/#breadcrumb\",\"itemListElement\":[{\"@type\":\"ListItem\",\"position\":1,\"name\":\"Home\",\"item\":\"https:\/\/metalco-mobiliar.cz\/en\/\"},{\"@type\":\"ListItem\",\"position\":2,\"name\":\"GRANDIFIORIERE SEDUTE E FIORIERE\"}]},{\"@type\":\"WebSite\",\"@id\":\"https:\/\/metalco-mobiliar.cz\/#website\",\"url\":\"https:\/\/metalco-mobiliar.cz\/\",\"name\":\"Metalco \u2013 m\u011bstsk\u00fd mobili\u00e1\u0159\",\"description\":\"M\u011bstsk\u00fd mobili\u00e1\u0159 Metalco\",\"potentialAction\":[{\"@type\":\"SearchAction\",\"target\":{\"@type\":\"EntryPoint\",\"urlTemplate\":\"https:\/\/metalco-mobiliar.cz\/?s={search_term_string}\"},\"query-input\":\"required name=search_term_string\"}],\"inLanguage\":\"en-US\"}]}<\/script>\n<!-- \/ Yoast SEO plugin. -->","yoast_head_json":{"title":"GRANDIFIORIERE SEDUTE E FIORIERE - Metalco Mobiliar","robots":{"index":"index","follow":"follow","max-snippet":"max-snippet:-1","max-image-preview":"max-image-preview:large","max-video-preview":"max-video-preview:-1"},"canonical":"https:\/\/metalco-mobiliar.cz\/en\/prodotti-en\/grandifioriere-collection\/","og_locale":"en_US","og_type":"article","og_title":"GRANDIFIORIERE SEDUTE E FIORIERE - Metalco Mobiliar","og_description":"GRANDIFIORIERE GSO | GSV Modular linear element of the Grandifioriere collection, composed of a Corten steel structure, with horizontal or transversal integrated wooden seat. It can be combined with the other modules of the collection, to build a soil containment system with integrated seats. GRANDIFIORIERE GSA1 | GSA2 Modular corner element of the Grandifioriere collection, [&hellip;]","og_url":"https:\/\/metalco-mobiliar.cz\/en\/prodotti-en\/grandifioriere-collection\/","og_site_name":"Metalco Mobiliar","article_modified_time":"2021-12-01T08:30:32+00:00","og_image":[{"width":200,"height":200,"url":"https:\/\/metalco-mobiliar.cz\/news\/wp-content\/uploads\/2018\/01\/GRANDIFIORIERE-I.jpg","type":"image\/jpeg"}],"twitter_misc":{"Est. reading time":"1 minute"},"schema":{"@context":"https:\/\/schema.org","@graph":[{"@type":"WebPage","@id":"https:\/\/metalco-mobiliar.cz\/en\/prodotti-en\/grandifioriere-collection\/","url":"https:\/\/metalco-mobiliar.cz\/en\/prodotti-en\/grandifioriere-collection\/","name":"GRANDIFIORIERE SEDUTE E FIORIERE - Metalco Mobiliar","isPartOf":{"@id":"https:\/\/metalco-mobiliar.cz\/#website"},"primaryImageOfPage":{"@id":"https:\/\/metalco-mobiliar.cz\/en\/prodotti-en\/grandifioriere-collection\/#primaryimage"},"image":{"@id":"https:\/\/metalco-mobiliar.cz\/en\/prodotti-en\/grandifioriere-collection\/#primaryimage"},"thumbnailUrl":"https:\/\/metalco-mobiliar.cz\/news\/wp-content\/uploads\/2018\/01\/GRANDIFIORIERE-I.jpg","datePublished":"2018-01-08T14:04:35+00:00","dateModified":"2021-12-01T08:30:32+00:00","breadcrumb":{"@id":"https:\/\/metalco-mobiliar.cz\/en\/prodotti-en\/grandifioriere-collection\/#breadcrumb"},"inLanguage":"en-US","potentialAction":[{"@type":"ReadAction","target":["https:\/\/metalco-mobiliar.cz\/en\/prodotti-en\/grandifioriere-collection\/"]}]},{"@type":"ImageObject","inLanguage":"en-US","@id":"https:\/\/metalco-mobiliar.cz\/en\/prodotti-en\/grandifioriere-collection\/#primaryimage","url":"https:\/\/metalco-mobiliar.cz\/news\/wp-content\/uploads\/2018\/01\/GRANDIFIORIERE-I.jpg","contentUrl":"https:\/\/metalco-mobiliar.cz\/news\/wp-content\/uploads\/2018\/01\/GRANDIFIORIERE-I.jpg","width":200,"height":200,"caption":"krajinn\u00fd prvek"},{"@type":"BreadcrumbList","@id":"https:\/\/metalco-mobiliar.cz\/en\/prodotti-en\/grandifioriere-collection\/#breadcrumb","itemListElement":[{"@type":"ListItem","position":1,"name":"Home","item":"https:\/\/metalco-mobiliar.cz\/en\/"},{"@type":"ListItem","position":2,"name":"GRANDIFIORIERE SEDUTE E FIORIERE"}]},{"@type":"WebSite","@id":"https:\/\/metalco-mobiliar.cz\/#website","url":"https:\/\/metalco-mobiliar.cz\/","name":"Metalco \u2013 m\u011bstsk\u00fd mobili\u00e1\u0159","description":"M\u011bstsk\u00fd mobili\u00e1\u0159 Metalco","potentialAction":[{"@type":"SearchAction","target":{"@type":"EntryPoint","urlTemplate":"https:\/\/metalco-mobiliar.cz\/?s={search_term_string}"},"query-input":"required name=search_term_string"}],"inLanguage":"en-US"}]}},"_links":{"self":[{"href":"https:\/\/metalco-mobiliar.cz\/en\/wp-json\/wp\/v2\/product\/33649"}],"collection":[{"href":"https:\/\/metalco-mobiliar.cz\/en\/wp-json\/wp\/v2\/product"}],"about":[{"href":"https:\/\/metalco-mobiliar.cz\/en\/wp-json\/wp\/v2\/types\/product"}],"replies":[{"embeddable":true,"href":"https:\/\/metalco-mobiliar.cz\/en\/wp-json\/wp\/v2\/comments?post=33649"}],"wp:featuredmedia":[{"embeddable":true,"href":"https:\/\/metalco-mobiliar.cz\/en\/wp-json\/wp\/v2\/media\/33651"}],"wp:attachment":[{"href":"https:\/\/metalco-mobiliar.cz\/en\/wp-json\/wp\/v2\/media?parent=33649"}],"wp:term":[{"taxonomy":"product_cat","embeddable":true,"href":"https:\/\/metalco-mobiliar.cz\/en\/wp-json\/wp\/v2\/product_cat?post=33649"},{"taxonomy":"product_tag","embeddable":true,"href":"https:\/\/metalco-mobiliar.cz\/en\/wp-json\/wp\/v2\/product_tag?post=33649"}],"curies":[{"name":"wp","href":"https:\/\/api.w.org\/{rel}","templated":true}]}}