{"id":33756,"date":"2018-01-22T10:16:16","date_gmt":"2018-01-22T09:16:16","guid":{"rendered":"http:\/\/metalco-mobiliar.cz\/prodotto\/kvetinace-balzac\/"},"modified":"2022-10-21T12:03:08","modified_gmt":"2022-10-21T10:03:08","slug":"balzac-planters","status":"publish","type":"product","link":"https:\/\/metalco-mobiliar.cz\/en\/prodotti-en\/balzac-planters\/","title":{"rendered":"BALZAC PLANTERS"},"content":{"rendered":"<p>LARGE PLANTERS<br \/>\nPDM flower boxes shaped as an inverted bell; supplied with sanded sides and polished top. Available in three heights, and in a version with wooden seat. Top diameter: 1.5&nbsp;m.<\/p>\n<p>RECONSTITUTED STONES + EXOTIC WOOD<\/p>\n<p>FINSHES: POLISHED TOP AND SANDBLASTED SIDES<\/p>\n<p>FIXINGS:\u00a0FREE STANDING OR INSTALLATION WITH THREADED BAR<\/p>\n<p><strong>Dimensions and weight:<br \/>\nBalzac F<br \/>\n<\/strong>\u00d8 1500 mm (H) 450 mm 560&nbsp;kg<br \/>\n\u00d8 1500 mm (H) 950 mm 770&nbsp;kg<br \/>\n\u00d8 1500 mm (H) 1350 mm 906&nbsp;kg<br \/>\n<strong>Balzac W<\/strong><br \/>\n\u00d8 1500 mm (H) 490 mm (with seat)<br \/>\n650&nbsp;kg<\/p>\n","protected":false},"excerpt":{"rendered":"<p>LARGE PLANTERS PDM flower boxes shaped as an inverted bell; supplied with sanded sides and polished top. Available in three heights, and in a version with wooden seat. Top diameter: 1.5&nbsp;m. RECONSTITUTED STONES + EXOTIC WOOD FINSHES: POLISHED TOP AND SANDBLASTED SIDES FIXINGS:\u00a0FREE STANDING OR INSTALLATION WITH THREADED BAR Dimensions and weight: Balzac F \u00d8 [&hellip;]<\/p>\n","protected":false},"featured_media":33758,"comment_status":"closed","ping_status":"closed","template":"","meta":{"_acf_changed":false},"product_cat":[347],"product_tag":[],"class_list":{"0":"post-33756","1":"product","2":"type-product","3":"status-publish","4":"has-post-thumbnail","6":"product_cat-planters-waterfountains-tree-grilles","7":"pa_designers-pamio-design","8":"pa_material-reconstituted-stones","9":"pa_material-wood","10":"collezioni-stile-en","11":"catalogo-catalogue-stile-2025","13":"first","14":"instock","15":"shipping-taxable","16":"product-type-simple"},"acf":[],"yoast_head":"<!-- This site is optimized with the Yoast SEO plugin v23.2 - https:\/\/yoast.com\/wordpress\/plugins\/seo\/ -->\n<title>BALZAC PLANTERS - Metalco Mobiliar<\/title>\n<meta name=\"robots\" content=\"index, follow, max-snippet:-1, max-image-preview:large, max-video-preview:-1\" \/>\n<link rel=\"canonical\" href=\"https:\/\/metalco-mobiliar.cz\/en\/prodotti-en\/balzac-planters\/\" \/>\n<meta property=\"og:locale\" content=\"en_US\" \/>\n<meta property=\"og:type\" content=\"article\" \/>\n<meta property=\"og:title\" content=\"BALZAC PLANTERS - Metalco Mobiliar\" \/>\n<meta property=\"og:description\" content=\"LARGE PLANTERS PDM flower boxes shaped as an inverted bell; supplied with sanded sides and polished top. Available in three heights, and in a version with wooden seat. Top diameter: 1.5&nbsp;m. RECONSTITUTED STONES + EXOTIC WOOD FINSHES: POLISHED TOP AND SANDBLASTED SIDES FIXINGS:\u00a0FREE STANDING OR INSTALLATION WITH THREADED BAR Dimensions and weight: Balzac F \u00d8 [&hellip;]\" \/>\n<meta property=\"og:url\" content=\"https:\/\/metalco-mobiliar.cz\/en\/prodotti-en\/balzac-planters\/\" \/>\n<meta property=\"og:site_name\" content=\"Metalco Mobiliar\" \/>\n<meta property=\"article:modified_time\" content=\"2022-10-21T10:03:08+00:00\" \/>\n<meta property=\"og:image\" content=\"https:\/\/metalco-mobiliar.cz\/news\/wp-content\/uploads\/2018\/01\/BALZAC-I.jpg\" \/>\n\t<meta property=\"og:image:width\" content=\"200\" \/>\n\t<meta property=\"og:image:height\" content=\"200\" \/>\n\t<meta property=\"og:image:type\" content=\"image\/jpeg\" \/>\n<script type=\"application\/ld+json\" class=\"yoast-schema-graph\">{\"@context\":\"https:\/\/schema.org\",\"@graph\":[{\"@type\":\"WebPage\",\"@id\":\"https:\/\/metalco-mobiliar.cz\/en\/prodotti-en\/balzac-planters\/\",\"url\":\"https:\/\/metalco-mobiliar.cz\/en\/prodotti-en\/balzac-planters\/\",\"name\":\"BALZAC PLANTERS - Metalco Mobiliar\",\"isPartOf\":{\"@id\":\"https:\/\/metalco-mobiliar.cz\/#website\"},\"primaryImageOfPage\":{\"@id\":\"https:\/\/metalco-mobiliar.cz\/en\/prodotti-en\/balzac-planters\/#primaryimage\"},\"image\":{\"@id\":\"https:\/\/metalco-mobiliar.cz\/en\/prodotti-en\/balzac-planters\/#primaryimage\"},\"thumbnailUrl\":\"https:\/\/metalco-mobiliar.cz\/news\/wp-content\/uploads\/2018\/01\/BALZAC-I.jpg\",\"datePublished\":\"2018-01-22T09:16:16+00:00\",\"dateModified\":\"2022-10-21T10:03:08+00:00\",\"breadcrumb\":{\"@id\":\"https:\/\/metalco-mobiliar.cz\/en\/prodotti-en\/balzac-planters\/#breadcrumb\"},\"inLanguage\":\"en-US\",\"potentialAction\":[{\"@type\":\"ReadAction\",\"target\":[\"https:\/\/metalco-mobiliar.cz\/en\/prodotti-en\/balzac-planters\/\"]}]},{\"@type\":\"ImageObject\",\"inLanguage\":\"en-US\",\"@id\":\"https:\/\/metalco-mobiliar.cz\/en\/prodotti-en\/balzac-planters\/#primaryimage\",\"url\":\"https:\/\/metalco-mobiliar.cz\/news\/wp-content\/uploads\/2018\/01\/BALZAC-I.jpg\",\"contentUrl\":\"https:\/\/metalco-mobiliar.cz\/news\/wp-content\/uploads\/2018\/01\/BALZAC-I.jpg\",\"width\":200,\"height\":200,\"caption\":\"kv\u011btin\u00e1\u010de mobili\u00e1\u0159\"},{\"@type\":\"BreadcrumbList\",\"@id\":\"https:\/\/metalco-mobiliar.cz\/en\/prodotti-en\/balzac-planters\/#breadcrumb\",\"itemListElement\":[{\"@type\":\"ListItem\",\"position\":1,\"name\":\"Home\",\"item\":\"https:\/\/metalco-mobiliar.cz\/en\/\"},{\"@type\":\"ListItem\",\"position\":2,\"name\":\"BALZAC PLANTERS\"}]},{\"@type\":\"WebSite\",\"@id\":\"https:\/\/metalco-mobiliar.cz\/#website\",\"url\":\"https:\/\/metalco-mobiliar.cz\/\",\"name\":\"Metalco \u2013 m\u011bstsk\u00fd mobili\u00e1\u0159\",\"description\":\"M\u011bstsk\u00fd mobili\u00e1\u0159 Metalco\",\"potentialAction\":[{\"@type\":\"SearchAction\",\"target\":{\"@type\":\"EntryPoint\",\"urlTemplate\":\"https:\/\/metalco-mobiliar.cz\/?s={search_term_string}\"},\"query-input\":\"required name=search_term_string\"}],\"inLanguage\":\"en-US\"}]}<\/script>\n<!-- \/ Yoast SEO plugin. -->","yoast_head_json":{"title":"BALZAC PLANTERS - Metalco Mobiliar","robots":{"index":"index","follow":"follow","max-snippet":"max-snippet:-1","max-image-preview":"max-image-preview:large","max-video-preview":"max-video-preview:-1"},"canonical":"https:\/\/metalco-mobiliar.cz\/en\/prodotti-en\/balzac-planters\/","og_locale":"en_US","og_type":"article","og_title":"BALZAC PLANTERS - Metalco Mobiliar","og_description":"LARGE PLANTERS PDM flower boxes shaped as an inverted bell; supplied with sanded sides and polished top. Available in three heights, and in a version with wooden seat. Top diameter: 1.5&nbsp;m. RECONSTITUTED STONES + EXOTIC WOOD FINSHES: POLISHED TOP AND SANDBLASTED SIDES FIXINGS:\u00a0FREE STANDING OR INSTALLATION WITH THREADED BAR Dimensions and weight: Balzac F \u00d8 [&hellip;]","og_url":"https:\/\/metalco-mobiliar.cz\/en\/prodotti-en\/balzac-planters\/","og_site_name":"Metalco Mobiliar","article_modified_time":"2022-10-21T10:03:08+00:00","og_image":[{"width":200,"height":200,"url":"https:\/\/metalco-mobiliar.cz\/news\/wp-content\/uploads\/2018\/01\/BALZAC-I.jpg","type":"image\/jpeg"}],"schema":{"@context":"https:\/\/schema.org","@graph":[{"@type":"WebPage","@id":"https:\/\/metalco-mobiliar.cz\/en\/prodotti-en\/balzac-planters\/","url":"https:\/\/metalco-mobiliar.cz\/en\/prodotti-en\/balzac-planters\/","name":"BALZAC PLANTERS - Metalco Mobiliar","isPartOf":{"@id":"https:\/\/metalco-mobiliar.cz\/#website"},"primaryImageOfPage":{"@id":"https:\/\/metalco-mobiliar.cz\/en\/prodotti-en\/balzac-planters\/#primaryimage"},"image":{"@id":"https:\/\/metalco-mobiliar.cz\/en\/prodotti-en\/balzac-planters\/#primaryimage"},"thumbnailUrl":"https:\/\/metalco-mobiliar.cz\/news\/wp-content\/uploads\/2018\/01\/BALZAC-I.jpg","datePublished":"2018-01-22T09:16:16+00:00","dateModified":"2022-10-21T10:03:08+00:00","breadcrumb":{"@id":"https:\/\/metalco-mobiliar.cz\/en\/prodotti-en\/balzac-planters\/#breadcrumb"},"inLanguage":"en-US","potentialAction":[{"@type":"ReadAction","target":["https:\/\/metalco-mobiliar.cz\/en\/prodotti-en\/balzac-planters\/"]}]},{"@type":"ImageObject","inLanguage":"en-US","@id":"https:\/\/metalco-mobiliar.cz\/en\/prodotti-en\/balzac-planters\/#primaryimage","url":"https:\/\/metalco-mobiliar.cz\/news\/wp-content\/uploads\/2018\/01\/BALZAC-I.jpg","contentUrl":"https:\/\/metalco-mobiliar.cz\/news\/wp-content\/uploads\/2018\/01\/BALZAC-I.jpg","width":200,"height":200,"caption":"kv\u011btin\u00e1\u010de mobili\u00e1\u0159"},{"@type":"BreadcrumbList","@id":"https:\/\/metalco-mobiliar.cz\/en\/prodotti-en\/balzac-planters\/#breadcrumb","itemListElement":[{"@type":"ListItem","position":1,"name":"Home","item":"https:\/\/metalco-mobiliar.cz\/en\/"},{"@type":"ListItem","position":2,"name":"BALZAC PLANTERS"}]},{"@type":"WebSite","@id":"https:\/\/metalco-mobiliar.cz\/#website","url":"https:\/\/metalco-mobiliar.cz\/","name":"Metalco \u2013 m\u011bstsk\u00fd mobili\u00e1\u0159","description":"M\u011bstsk\u00fd mobili\u00e1\u0159 Metalco","potentialAction":[{"@type":"SearchAction","target":{"@type":"EntryPoint","urlTemplate":"https:\/\/metalco-mobiliar.cz\/?s={search_term_string}"},"query-input":"required name=search_term_string"}],"inLanguage":"en-US"}]}},"_links":{"self":[{"href":"https:\/\/metalco-mobiliar.cz\/en\/wp-json\/wp\/v2\/product\/33756"}],"collection":[{"href":"https:\/\/metalco-mobiliar.cz\/en\/wp-json\/wp\/v2\/product"}],"about":[{"href":"https:\/\/metalco-mobiliar.cz\/en\/wp-json\/wp\/v2\/types\/product"}],"replies":[{"embeddable":true,"href":"https:\/\/metalco-mobiliar.cz\/en\/wp-json\/wp\/v2\/comments?post=33756"}],"wp:featuredmedia":[{"embeddable":true,"href":"https:\/\/metalco-mobiliar.cz\/en\/wp-json\/wp\/v2\/media\/33758"}],"wp:attachment":[{"href":"https:\/\/metalco-mobiliar.cz\/en\/wp-json\/wp\/v2\/media?parent=33756"}],"wp:term":[{"taxonomy":"product_cat","embeddable":true,"href":"https:\/\/metalco-mobiliar.cz\/en\/wp-json\/wp\/v2\/product_cat?post=33756"},{"taxonomy":"product_tag","embeddable":true,"href":"https:\/\/metalco-mobiliar.cz\/en\/wp-json\/wp\/v2\/product_tag?post=33756"}],"curies":[{"name":"wp","href":"https:\/\/api.w.org\/{rel}","templated":true}]}}