{"id":33802,"date":"2018-02-02T14:32:35","date_gmt":"2018-02-02T13:32:35","guid":{"rendered":"http:\/\/metalco-mobiliar.cz\/prodotto\/informacni-tabule-bach\/"},"modified":"2021-12-13T11:12:29","modified_gmt":"2021-12-13T10:12:29","slug":"bach-display-stands","status":"publish","type":"product","link":"https:\/\/metalco-mobiliar.cz\/en\/prodotti-en\/bach-display-stands\/","title":{"rendered":"BACH DISPLAY STANDS"},"content":{"rendered":"<p>Display board available in two single-sided sizes, with structure made \u200b\u200bof a tubular steel frame and a\u00a0 pressed steel panel. The door is made of a extruded aluminium profile with fine edge and\u00a0 4 + 4 mm shatterproof glass sheet and side lock. The supports are made of steel, consisting of plate and pipe. Ground fixing is through extension to be cemented directly into the ground. The exhibition formats provided are(width x height) 700\u00d71000 and 1400\u00d71000 mm.<\/p>\n<p>POWDER COATED ALUMINUM + POWDER COATED STEEL<\/p>\n<p>FIXINGS: BELOW GROUND INSTALLATION<\/p>\n<p><strong>Dimensions and weight:<\/strong><br \/>\n839&#215;100 mm (H) 1980 mm (+ 300 mm)<br \/>\n80&nbsp;kg<br \/>\n1539&#215;100 mm (H) 1980 mm (+ 300 mm)<br \/>\n110&nbsp;kg<\/p>\n","protected":false},"excerpt":{"rendered":"<p>Display board available in two single-sided sizes, with structure made \u200b\u200bof a tubular steel frame and a\u00a0 pressed steel panel. The door is made of a extruded aluminium profile with fine edge and\u00a0 4 + 4 mm shatterproof glass sheet and side lock. The supports are made of steel, consisting of plate and pipe. Ground [&hellip;]<\/p>\n","protected":false},"featured_media":33804,"comment_status":"closed","ping_status":"closed","template":"","meta":{"_acf_changed":false},"product_cat":[502],"product_tag":[],"class_list":{"0":"post-33802","1":"product","2":"type-product","3":"status-publish","4":"has-post-thumbnail","6":"product_cat-display-stands-notice-boards-information-post-3","7":"pa_designers-metalco-department-2","8":"pa_material-powder-coated-aluminum","9":"pa_material-powder-coated-steel","10":"collezioni-stile-en","11":"catalogo-catalogue-stile-2025","13":"first","14":"instock","15":"shipping-taxable","16":"product-type-simple"},"acf":[],"yoast_head":"<!-- This site is optimized with the Yoast SEO plugin v23.2 - https:\/\/yoast.com\/wordpress\/plugins\/seo\/ -->\n<title>BACH DISPLAY STANDS - Metalco Mobiliar<\/title>\n<meta name=\"robots\" content=\"index, follow, max-snippet:-1, max-image-preview:large, max-video-preview:-1\" \/>\n<link rel=\"canonical\" href=\"https:\/\/metalco-mobiliar.cz\/en\/prodotti-en\/bach-display-stands\/\" \/>\n<meta property=\"og:locale\" content=\"en_US\" \/>\n<meta property=\"og:type\" content=\"article\" \/>\n<meta property=\"og:title\" content=\"BACH DISPLAY STANDS - Metalco Mobiliar\" \/>\n<meta property=\"og:description\" content=\"Display board available in two single-sided sizes, with structure made \u200b\u200bof a tubular steel frame and a\u00a0 pressed steel panel. The door is made of a extruded aluminium profile with fine edge and\u00a0 4 + 4 mm shatterproof glass sheet and side lock. The supports are made of steel, consisting of plate and pipe. Ground [&hellip;]\" \/>\n<meta property=\"og:url\" content=\"https:\/\/metalco-mobiliar.cz\/en\/prodotti-en\/bach-display-stands\/\" \/>\n<meta property=\"og:site_name\" content=\"Metalco Mobiliar\" \/>\n<meta property=\"article:modified_time\" content=\"2021-12-13T10:12:29+00:00\" \/>\n<meta property=\"og:image\" content=\"https:\/\/metalco-mobiliar.cz\/news\/wp-content\/uploads\/2018\/02\/BACH-I.jpg\" \/>\n\t<meta property=\"og:image:width\" content=\"200\" \/>\n\t<meta property=\"og:image:height\" content=\"200\" \/>\n\t<meta property=\"og:image:type\" content=\"image\/jpeg\" \/>\n<script type=\"application\/ld+json\" class=\"yoast-schema-graph\">{\"@context\":\"https:\/\/schema.org\",\"@graph\":[{\"@type\":\"WebPage\",\"@id\":\"https:\/\/metalco-mobiliar.cz\/en\/prodotti-en\/bach-display-stands\/\",\"url\":\"https:\/\/metalco-mobiliar.cz\/en\/prodotti-en\/bach-display-stands\/\",\"name\":\"BACH DISPLAY STANDS - Metalco Mobiliar\",\"isPartOf\":{\"@id\":\"https:\/\/metalco-mobiliar.cz\/#website\"},\"primaryImageOfPage\":{\"@id\":\"https:\/\/metalco-mobiliar.cz\/en\/prodotti-en\/bach-display-stands\/#primaryimage\"},\"image\":{\"@id\":\"https:\/\/metalco-mobiliar.cz\/en\/prodotti-en\/bach-display-stands\/#primaryimage\"},\"thumbnailUrl\":\"https:\/\/metalco-mobiliar.cz\/news\/wp-content\/uploads\/2018\/02\/BACH-I.jpg\",\"datePublished\":\"2018-02-02T13:32:35+00:00\",\"dateModified\":\"2021-12-13T10:12:29+00:00\",\"breadcrumb\":{\"@id\":\"https:\/\/metalco-mobiliar.cz\/en\/prodotti-en\/bach-display-stands\/#breadcrumb\"},\"inLanguage\":\"en-US\",\"potentialAction\":[{\"@type\":\"ReadAction\",\"target\":[\"https:\/\/metalco-mobiliar.cz\/en\/prodotti-en\/bach-display-stands\/\"]}]},{\"@type\":\"ImageObject\",\"inLanguage\":\"en-US\",\"@id\":\"https:\/\/metalco-mobiliar.cz\/en\/prodotti-en\/bach-display-stands\/#primaryimage\",\"url\":\"https:\/\/metalco-mobiliar.cz\/news\/wp-content\/uploads\/2018\/02\/BACH-I.jpg\",\"contentUrl\":\"https:\/\/metalco-mobiliar.cz\/news\/wp-content\/uploads\/2018\/02\/BACH-I.jpg\",\"width\":200,\"height\":200,\"caption\":\"informa\u010dn\u00ed tabule\"},{\"@type\":\"BreadcrumbList\",\"@id\":\"https:\/\/metalco-mobiliar.cz\/en\/prodotti-en\/bach-display-stands\/#breadcrumb\",\"itemListElement\":[{\"@type\":\"ListItem\",\"position\":1,\"name\":\"Home\",\"item\":\"https:\/\/metalco-mobiliar.cz\/en\/\"},{\"@type\":\"ListItem\",\"position\":2,\"name\":\"BACH DISPLAY STANDS\"}]},{\"@type\":\"WebSite\",\"@id\":\"https:\/\/metalco-mobiliar.cz\/#website\",\"url\":\"https:\/\/metalco-mobiliar.cz\/\",\"name\":\"Metalco \u2013 m\u011bstsk\u00fd mobili\u00e1\u0159\",\"description\":\"M\u011bstsk\u00fd mobili\u00e1\u0159 Metalco\",\"potentialAction\":[{\"@type\":\"SearchAction\",\"target\":{\"@type\":\"EntryPoint\",\"urlTemplate\":\"https:\/\/metalco-mobiliar.cz\/?s={search_term_string}\"},\"query-input\":\"required name=search_term_string\"}],\"inLanguage\":\"en-US\"}]}<\/script>\n<!-- \/ Yoast SEO plugin. -->","yoast_head_json":{"title":"BACH DISPLAY STANDS - Metalco Mobiliar","robots":{"index":"index","follow":"follow","max-snippet":"max-snippet:-1","max-image-preview":"max-image-preview:large","max-video-preview":"max-video-preview:-1"},"canonical":"https:\/\/metalco-mobiliar.cz\/en\/prodotti-en\/bach-display-stands\/","og_locale":"en_US","og_type":"article","og_title":"BACH DISPLAY STANDS - Metalco Mobiliar","og_description":"Display board available in two single-sided sizes, with structure made \u200b\u200bof a tubular steel frame and a\u00a0 pressed steel panel. The door is made of a extruded aluminium profile with fine edge and\u00a0 4 + 4 mm shatterproof glass sheet and side lock. The supports are made of steel, consisting of plate and pipe. Ground [&hellip;]","og_url":"https:\/\/metalco-mobiliar.cz\/en\/prodotti-en\/bach-display-stands\/","og_site_name":"Metalco Mobiliar","article_modified_time":"2021-12-13T10:12:29+00:00","og_image":[{"width":200,"height":200,"url":"https:\/\/metalco-mobiliar.cz\/news\/wp-content\/uploads\/2018\/02\/BACH-I.jpg","type":"image\/jpeg"}],"schema":{"@context":"https:\/\/schema.org","@graph":[{"@type":"WebPage","@id":"https:\/\/metalco-mobiliar.cz\/en\/prodotti-en\/bach-display-stands\/","url":"https:\/\/metalco-mobiliar.cz\/en\/prodotti-en\/bach-display-stands\/","name":"BACH DISPLAY STANDS - Metalco Mobiliar","isPartOf":{"@id":"https:\/\/metalco-mobiliar.cz\/#website"},"primaryImageOfPage":{"@id":"https:\/\/metalco-mobiliar.cz\/en\/prodotti-en\/bach-display-stands\/#primaryimage"},"image":{"@id":"https:\/\/metalco-mobiliar.cz\/en\/prodotti-en\/bach-display-stands\/#primaryimage"},"thumbnailUrl":"https:\/\/metalco-mobiliar.cz\/news\/wp-content\/uploads\/2018\/02\/BACH-I.jpg","datePublished":"2018-02-02T13:32:35+00:00","dateModified":"2021-12-13T10:12:29+00:00","breadcrumb":{"@id":"https:\/\/metalco-mobiliar.cz\/en\/prodotti-en\/bach-display-stands\/#breadcrumb"},"inLanguage":"en-US","potentialAction":[{"@type":"ReadAction","target":["https:\/\/metalco-mobiliar.cz\/en\/prodotti-en\/bach-display-stands\/"]}]},{"@type":"ImageObject","inLanguage":"en-US","@id":"https:\/\/metalco-mobiliar.cz\/en\/prodotti-en\/bach-display-stands\/#primaryimage","url":"https:\/\/metalco-mobiliar.cz\/news\/wp-content\/uploads\/2018\/02\/BACH-I.jpg","contentUrl":"https:\/\/metalco-mobiliar.cz\/news\/wp-content\/uploads\/2018\/02\/BACH-I.jpg","width":200,"height":200,"caption":"informa\u010dn\u00ed tabule"},{"@type":"BreadcrumbList","@id":"https:\/\/metalco-mobiliar.cz\/en\/prodotti-en\/bach-display-stands\/#breadcrumb","itemListElement":[{"@type":"ListItem","position":1,"name":"Home","item":"https:\/\/metalco-mobiliar.cz\/en\/"},{"@type":"ListItem","position":2,"name":"BACH DISPLAY STANDS"}]},{"@type":"WebSite","@id":"https:\/\/metalco-mobiliar.cz\/#website","url":"https:\/\/metalco-mobiliar.cz\/","name":"Metalco \u2013 m\u011bstsk\u00fd mobili\u00e1\u0159","description":"M\u011bstsk\u00fd mobili\u00e1\u0159 Metalco","potentialAction":[{"@type":"SearchAction","target":{"@type":"EntryPoint","urlTemplate":"https:\/\/metalco-mobiliar.cz\/?s={search_term_string}"},"query-input":"required name=search_term_string"}],"inLanguage":"en-US"}]}},"_links":{"self":[{"href":"https:\/\/metalco-mobiliar.cz\/en\/wp-json\/wp\/v2\/product\/33802"}],"collection":[{"href":"https:\/\/metalco-mobiliar.cz\/en\/wp-json\/wp\/v2\/product"}],"about":[{"href":"https:\/\/metalco-mobiliar.cz\/en\/wp-json\/wp\/v2\/types\/product"}],"replies":[{"embeddable":true,"href":"https:\/\/metalco-mobiliar.cz\/en\/wp-json\/wp\/v2\/comments?post=33802"}],"wp:featuredmedia":[{"embeddable":true,"href":"https:\/\/metalco-mobiliar.cz\/en\/wp-json\/wp\/v2\/media\/33804"}],"wp:attachment":[{"href":"https:\/\/metalco-mobiliar.cz\/en\/wp-json\/wp\/v2\/media?parent=33802"}],"wp:term":[{"taxonomy":"product_cat","embeddable":true,"href":"https:\/\/metalco-mobiliar.cz\/en\/wp-json\/wp\/v2\/product_cat?post=33802"},{"taxonomy":"product_tag","embeddable":true,"href":"https:\/\/metalco-mobiliar.cz\/en\/wp-json\/wp\/v2\/product_tag?post=33802"}],"curies":[{"name":"wp","href":"https:\/\/api.w.org\/{rel}","templated":true}]}}