{"id":34562,"date":"2016-06-01T09:42:32","date_gmt":"2016-06-01T07:42:32","guid":{"rendered":"http:\/\/metalco-mobiliar.cz\/prodotto\/air-port-c-collection-lavicka-uhpc\/"},"modified":"2022-02-11T12:32:14","modified_gmt":"2022-02-11T11:32:14","slug":"air-port-c-collection-benches","status":"publish","type":"product","link":"https:\/\/metalco-mobiliar.cz\/en\/prodotti-en\/air-port-c-collection-benches\/","title":{"rendered":"AIR-PORT C COLLECTION BENCHES"},"content":{"rendered":"<p>Collection of modular benches composed of a seat in UHPC (Ultra High Performance Concrete) and two supports in powder coated cast aluminum. Three versions are available: linear, curved, linear without supports prepared for wall installation.<\/p>\n<p>Fixing: Freestanding with pedestals or Installation with threaded bars<\/p>\n<p>Accessories:Fixing kit | Anti-theft screws<\/p>\n<p><strong>Dimensions and weight:<\/strong><br \/>\nAIR &#8211; PORT C<br \/>\n2206&#215;750 mm (H) 408 mm<br \/>\n110&nbsp;kg<br \/>\nAIR &#8211; PORT CS<br \/>\n2345&#215;750 mm (H) 408 mm<br \/>\n110&nbsp;kg<br \/>\nAIR-PORT CW<br \/>\n2206&#215;420 mm (h) 85 mm<br \/>\n58&nbsp;kg<\/p>\n<p>&nbsp;<\/p>\n","protected":false},"excerpt":{"rendered":"<p>Collection of modular benches composed of a seat in UHPC (Ultra High Performance Concrete) and two supports in powder coated cast aluminum. Three versions are available: linear, curved, linear without supports prepared for wall installation. Fixing: Freestanding with pedestals or Installation with threaded bars Accessories:Fixing kit | Anti-theft screws Dimensions and weight: AIR &#8211; PORT [&hellip;]<\/p>\n","protected":false},"featured_media":34564,"comment_status":"closed","ping_status":"closed","template":"","meta":{"_acf_changed":false},"product_cat":[882,345],"product_tag":[],"class_list":{"0":"post-34562","1":"product","2":"type-product","3":"status-publish","4":"has-post-thumbnail","6":"product_cat-molecular-concrete-en","7":"product_cat-seats-benches","8":"pa_designers-alfredo-tasca","9":"pa_designers-massimo-tasca","10":"pa_designers-raffaele-lazzari","11":"pa_material-powder-coated-steel","12":"pa_material-uhpc","13":"collezioni-stile-en","14":"catalogo-catalogue-stile-2025","16":"first","17":"instock","18":"shipping-taxable","19":"product-type-simple"},"acf":[],"yoast_head":"<!-- This site is optimized with the Yoast SEO plugin v23.2 - https:\/\/yoast.com\/wordpress\/plugins\/seo\/ -->\n<title>AIR-PORT C COLLECTION BENCHES - Metalco Mobiliar<\/title>\n<meta name=\"robots\" content=\"index, follow, max-snippet:-1, max-image-preview:large, max-video-preview:-1\" \/>\n<link rel=\"canonical\" href=\"https:\/\/metalco-mobiliar.cz\/en\/prodotti-en\/air-port-c-collection-benches\/\" \/>\n<meta property=\"og:locale\" content=\"en_US\" \/>\n<meta property=\"og:type\" content=\"article\" \/>\n<meta property=\"og:title\" content=\"AIR-PORT C COLLECTION BENCHES - Metalco Mobiliar\" \/>\n<meta property=\"og:description\" content=\"Collection of modular benches composed of a seat in UHPC (Ultra High Performance Concrete) and two supports in powder coated cast aluminum. Three versions are available: linear, curved, linear without supports prepared for wall installation. Fixing: Freestanding with pedestals or Installation with threaded bars Accessories:Fixing kit | Anti-theft screws Dimensions and weight: AIR &#8211; PORT [&hellip;]\" \/>\n<meta property=\"og:url\" content=\"https:\/\/metalco-mobiliar.cz\/en\/prodotti-en\/air-port-c-collection-benches\/\" \/>\n<meta property=\"og:site_name\" content=\"Metalco Mobiliar\" \/>\n<meta property=\"article:modified_time\" content=\"2022-02-11T11:32:14+00:00\" \/>\n<meta property=\"og:image\" content=\"https:\/\/metalco-mobiliar.cz\/news\/wp-content\/uploads\/2016\/06\/Air-port-I.jpg\" \/>\n\t<meta property=\"og:image:width\" content=\"200\" \/>\n\t<meta property=\"og:image:height\" content=\"200\" \/>\n\t<meta property=\"og:image:type\" content=\"image\/jpeg\" \/>\n<script type=\"application\/ld+json\" class=\"yoast-schema-graph\">{\"@context\":\"https:\/\/schema.org\",\"@graph\":[{\"@type\":\"WebPage\",\"@id\":\"https:\/\/metalco-mobiliar.cz\/en\/prodotti-en\/air-port-c-collection-benches\/\",\"url\":\"https:\/\/metalco-mobiliar.cz\/en\/prodotti-en\/air-port-c-collection-benches\/\",\"name\":\"AIR-PORT C COLLECTION BENCHES - Metalco Mobiliar\",\"isPartOf\":{\"@id\":\"https:\/\/metalco-mobiliar.cz\/#website\"},\"primaryImageOfPage\":{\"@id\":\"https:\/\/metalco-mobiliar.cz\/en\/prodotti-en\/air-port-c-collection-benches\/#primaryimage\"},\"image\":{\"@id\":\"https:\/\/metalco-mobiliar.cz\/en\/prodotti-en\/air-port-c-collection-benches\/#primaryimage\"},\"thumbnailUrl\":\"https:\/\/metalco-mobiliar.cz\/news\/wp-content\/uploads\/2016\/06\/Air-port-I.jpg\",\"datePublished\":\"2016-06-01T07:42:32+00:00\",\"dateModified\":\"2022-02-11T11:32:14+00:00\",\"breadcrumb\":{\"@id\":\"https:\/\/metalco-mobiliar.cz\/en\/prodotti-en\/air-port-c-collection-benches\/#breadcrumb\"},\"inLanguage\":\"en-US\",\"potentialAction\":[{\"@type\":\"ReadAction\",\"target\":[\"https:\/\/metalco-mobiliar.cz\/en\/prodotti-en\/air-port-c-collection-benches\/\"]}]},{\"@type\":\"ImageObject\",\"inLanguage\":\"en-US\",\"@id\":\"https:\/\/metalco-mobiliar.cz\/en\/prodotti-en\/air-port-c-collection-benches\/#primaryimage\",\"url\":\"https:\/\/metalco-mobiliar.cz\/news\/wp-content\/uploads\/2016\/06\/Air-port-I.jpg\",\"contentUrl\":\"https:\/\/metalco-mobiliar.cz\/news\/wp-content\/uploads\/2016\/06\/Air-port-I.jpg\",\"width\":200,\"height\":200,\"caption\":\"designov\u00e1 lavi\u010dka\"},{\"@type\":\"BreadcrumbList\",\"@id\":\"https:\/\/metalco-mobiliar.cz\/en\/prodotti-en\/air-port-c-collection-benches\/#breadcrumb\",\"itemListElement\":[{\"@type\":\"ListItem\",\"position\":1,\"name\":\"Home\",\"item\":\"https:\/\/metalco-mobiliar.cz\/en\/\"},{\"@type\":\"ListItem\",\"position\":2,\"name\":\"AIR-PORT C COLLECTION BENCHES\"}]},{\"@type\":\"WebSite\",\"@id\":\"https:\/\/metalco-mobiliar.cz\/#website\",\"url\":\"https:\/\/metalco-mobiliar.cz\/\",\"name\":\"Metalco \u2013 m\u011bstsk\u00fd mobili\u00e1\u0159\",\"description\":\"M\u011bstsk\u00fd mobili\u00e1\u0159 Metalco\",\"potentialAction\":[{\"@type\":\"SearchAction\",\"target\":{\"@type\":\"EntryPoint\",\"urlTemplate\":\"https:\/\/metalco-mobiliar.cz\/?s={search_term_string}\"},\"query-input\":\"required name=search_term_string\"}],\"inLanguage\":\"en-US\"}]}<\/script>\n<!-- \/ Yoast SEO plugin. -->","yoast_head_json":{"title":"AIR-PORT C COLLECTION BENCHES - Metalco Mobiliar","robots":{"index":"index","follow":"follow","max-snippet":"max-snippet:-1","max-image-preview":"max-image-preview:large","max-video-preview":"max-video-preview:-1"},"canonical":"https:\/\/metalco-mobiliar.cz\/en\/prodotti-en\/air-port-c-collection-benches\/","og_locale":"en_US","og_type":"article","og_title":"AIR-PORT C COLLECTION BENCHES - Metalco Mobiliar","og_description":"Collection of modular benches composed of a seat in UHPC (Ultra High Performance Concrete) and two supports in powder coated cast aluminum. Three versions are available: linear, curved, linear without supports prepared for wall installation. Fixing: Freestanding with pedestals or Installation with threaded bars Accessories:Fixing kit | Anti-theft screws Dimensions and weight: AIR &#8211; PORT [&hellip;]","og_url":"https:\/\/metalco-mobiliar.cz\/en\/prodotti-en\/air-port-c-collection-benches\/","og_site_name":"Metalco Mobiliar","article_modified_time":"2022-02-11T11:32:14+00:00","og_image":[{"width":200,"height":200,"url":"https:\/\/metalco-mobiliar.cz\/news\/wp-content\/uploads\/2016\/06\/Air-port-I.jpg","type":"image\/jpeg"}],"schema":{"@context":"https:\/\/schema.org","@graph":[{"@type":"WebPage","@id":"https:\/\/metalco-mobiliar.cz\/en\/prodotti-en\/air-port-c-collection-benches\/","url":"https:\/\/metalco-mobiliar.cz\/en\/prodotti-en\/air-port-c-collection-benches\/","name":"AIR-PORT C COLLECTION BENCHES - Metalco Mobiliar","isPartOf":{"@id":"https:\/\/metalco-mobiliar.cz\/#website"},"primaryImageOfPage":{"@id":"https:\/\/metalco-mobiliar.cz\/en\/prodotti-en\/air-port-c-collection-benches\/#primaryimage"},"image":{"@id":"https:\/\/metalco-mobiliar.cz\/en\/prodotti-en\/air-port-c-collection-benches\/#primaryimage"},"thumbnailUrl":"https:\/\/metalco-mobiliar.cz\/news\/wp-content\/uploads\/2016\/06\/Air-port-I.jpg","datePublished":"2016-06-01T07:42:32+00:00","dateModified":"2022-02-11T11:32:14+00:00","breadcrumb":{"@id":"https:\/\/metalco-mobiliar.cz\/en\/prodotti-en\/air-port-c-collection-benches\/#breadcrumb"},"inLanguage":"en-US","potentialAction":[{"@type":"ReadAction","target":["https:\/\/metalco-mobiliar.cz\/en\/prodotti-en\/air-port-c-collection-benches\/"]}]},{"@type":"ImageObject","inLanguage":"en-US","@id":"https:\/\/metalco-mobiliar.cz\/en\/prodotti-en\/air-port-c-collection-benches\/#primaryimage","url":"https:\/\/metalco-mobiliar.cz\/news\/wp-content\/uploads\/2016\/06\/Air-port-I.jpg","contentUrl":"https:\/\/metalco-mobiliar.cz\/news\/wp-content\/uploads\/2016\/06\/Air-port-I.jpg","width":200,"height":200,"caption":"designov\u00e1 lavi\u010dka"},{"@type":"BreadcrumbList","@id":"https:\/\/metalco-mobiliar.cz\/en\/prodotti-en\/air-port-c-collection-benches\/#breadcrumb","itemListElement":[{"@type":"ListItem","position":1,"name":"Home","item":"https:\/\/metalco-mobiliar.cz\/en\/"},{"@type":"ListItem","position":2,"name":"AIR-PORT C COLLECTION BENCHES"}]},{"@type":"WebSite","@id":"https:\/\/metalco-mobiliar.cz\/#website","url":"https:\/\/metalco-mobiliar.cz\/","name":"Metalco \u2013 m\u011bstsk\u00fd mobili\u00e1\u0159","description":"M\u011bstsk\u00fd mobili\u00e1\u0159 Metalco","potentialAction":[{"@type":"SearchAction","target":{"@type":"EntryPoint","urlTemplate":"https:\/\/metalco-mobiliar.cz\/?s={search_term_string}"},"query-input":"required name=search_term_string"}],"inLanguage":"en-US"}]}},"_links":{"self":[{"href":"https:\/\/metalco-mobiliar.cz\/en\/wp-json\/wp\/v2\/product\/34562"}],"collection":[{"href":"https:\/\/metalco-mobiliar.cz\/en\/wp-json\/wp\/v2\/product"}],"about":[{"href":"https:\/\/metalco-mobiliar.cz\/en\/wp-json\/wp\/v2\/types\/product"}],"replies":[{"embeddable":true,"href":"https:\/\/metalco-mobiliar.cz\/en\/wp-json\/wp\/v2\/comments?post=34562"}],"wp:featuredmedia":[{"embeddable":true,"href":"https:\/\/metalco-mobiliar.cz\/en\/wp-json\/wp\/v2\/media\/34564"}],"wp:attachment":[{"href":"https:\/\/metalco-mobiliar.cz\/en\/wp-json\/wp\/v2\/media?parent=34562"}],"wp:term":[{"taxonomy":"product_cat","embeddable":true,"href":"https:\/\/metalco-mobiliar.cz\/en\/wp-json\/wp\/v2\/product_cat?post=34562"},{"taxonomy":"product_tag","embeddable":true,"href":"https:\/\/metalco-mobiliar.cz\/en\/wp-json\/wp\/v2\/product_tag?post=34562"}],"curies":[{"name":"wp","href":"https:\/\/api.w.org\/{rel}","templated":true}]}}