{"id":34932,"date":"2022-03-30T13:22:04","date_gmt":"2022-03-30T11:22:04","guid":{"rendered":"http:\/\/metalco-mobiliar.cz\/prodotto\/myequilibria-venkovni-fitness\/"},"modified":"2022-03-31T10:48:12","modified_gmt":"2022-03-31T08:48:12","slug":"myequilibria-outdoor-fitness","status":"publish","type":"product","link":"https:\/\/metalco-mobiliar.cz\/en\/prodotti-en\/myequilibria-outdoor-fitness\/","title":{"rendered":"MyEquilibria &#8211; outdoor | indoor fitness"},"content":{"rendered":"<p>MyEquilibria represents the first company in the world to produce entirely Made-in-Italy outdoor and indoor fitness equipment, focused on bodyweight training.<\/p>\n<p>Each training stage has been selected and developed under the close supervision of the world\u2019s most demanding trainers.<\/p>\n<p><strong>Outdoor collection MyTREE<\/strong><\/p>\n<p><img loading=\"lazy\" decoding=\"async\" class=\"alignnone wp-image-34917 size-full\" src=\"http:\/\/metalco-mobiliar.cz\/news\/wp-content\/uploads\/2022\/03\/venkovn\u00ed-kolekce-outdoor-fitness-1.jpg\" alt=\"\" width=\"390\" height=\"672\" srcset=\"https:\/\/metalco-mobiliar.cz\/news\/wp-content\/uploads\/2022\/03\/venkovn\u00ed-kolekce-outdoor-fitness-1.jpg 390w, https:\/\/metalco-mobiliar.cz\/news\/wp-content\/uploads\/2022\/03\/venkovn\u00ed-kolekce-outdoor-fitness-1-300x517.jpg 300w, https:\/\/metalco-mobiliar.cz\/news\/wp-content\/uploads\/2022\/03\/venkovn\u00ed-kolekce-outdoor-fitness-1-174x300.jpg 174w, https:\/\/metalco-mobiliar.cz\/news\/wp-content\/uploads\/2022\/03\/venkovn\u00ed-kolekce-outdoor-fitness-1-128x220.jpg 128w\" sizes=\"(max-width: 390px) 100vw, 390px\" \/><\/p>\n<p>While each installation is a unique work of art, the result is always a different, one-of-a-kind experience guaranteed by the timeless sophistication of design.<\/p>\n<p><strong>Indoor collection MyBEAST<\/strong><\/p>\n<p><strong><img loading=\"lazy\" decoding=\"async\" class=\"alignnone wp-image-34920 size-full\" src=\"http:\/\/metalco-mobiliar.cz\/news\/wp-content\/uploads\/2022\/03\/indoor-fitness-1.jpg\" alt=\"indoor fitness\" width=\"390\" height=\"943\" srcset=\"https:\/\/metalco-mobiliar.cz\/news\/wp-content\/uploads\/2022\/03\/indoor-fitness-1.jpg 390w, https:\/\/metalco-mobiliar.cz\/news\/wp-content\/uploads\/2022\/03\/indoor-fitness-1-300x725.jpg 300w, https:\/\/metalco-mobiliar.cz\/news\/wp-content\/uploads\/2022\/03\/indoor-fitness-1-124x300.jpg 124w, https:\/\/metalco-mobiliar.cz\/news\/wp-content\/uploads\/2022\/03\/indoor-fitness-1-91x220.jpg 91w\" sizes=\"(max-width: 390px) 100vw, 390px\" \/><\/strong><\/p>\n<p>Contact us for more information: <a href=\"mailto:sales@metalco-mobiliar.cz\">sales@metalco-mobiliar.cz<\/a><\/p>\n<p><a href=\"https:\/\/myequilibria.com\/\" target=\"_blank\" rel=\"noopener noreferrer\">MyEquilibria&gt;&gt;<\/a><\/p>\n<p><a href=\"https:\/\/www.metalco-mobiliar.cz\/catalogues\/2022\/myequilibria_catalog_eng.pdf\" target=\"_blank\" rel=\"noopener noreferrer\">Catalogue download&gt;&gt;<\/a><\/p>\n","protected":false},"excerpt":{"rendered":"<p>MyEquilibria represents the first company in the world to produce entirely Made-in-Italy outdoor and indoor fitness equipment, focused on bodyweight training. Each training stage has been selected and developed under the close supervision of the world\u2019s most demanding trainers. Outdoor collection MyTREE While each installation is a unique work of art, the result is always [&hellip;]<\/p>\n","protected":false},"featured_media":34903,"comment_status":"closed","ping_status":"closed","template":"","meta":{"_acf_changed":false},"product_cat":[984],"product_tag":[],"class_list":{"0":"post-34932","1":"product","2":"type-product","3":"status-publish","4":"has-post-thumbnail","6":"product_cat-myequilibria-2","7":"catalogo-catalogue-outdoor-fitness","9":"first","10":"instock","11":"shipping-taxable","12":"product-type-simple"},"acf":[],"yoast_head":"<!-- This site is optimized with the Yoast SEO plugin v23.2 - https:\/\/yoast.com\/wordpress\/plugins\/seo\/ -->\n<title>MyEquilibria - outdoor | indoor fitness - Metalco<\/title>\n<meta name=\"description\" content=\"MyEquilibria represents the first company in the world to produce entirely Made-in-Italy outdoor and indoor fitness equipment, focused on bodyweight training.\" \/>\n<meta name=\"robots\" content=\"index, follow, max-snippet:-1, max-image-preview:large, max-video-preview:-1\" \/>\n<link rel=\"canonical\" href=\"https:\/\/metalco-mobiliar.cz\/en\/prodotti-en\/myequilibria-outdoor-fitness\/\" \/>\n<meta property=\"og:locale\" content=\"en_US\" \/>\n<meta property=\"og:type\" content=\"article\" \/>\n<meta property=\"og:title\" content=\"MyEquilibria - outdoor | indoor fitness - Metalco\" \/>\n<meta property=\"og:description\" content=\"MyEquilibria represents the first company in the world to produce entirely Made-in-Italy outdoor and indoor fitness equipment, focused on bodyweight training.\" \/>\n<meta property=\"og:url\" content=\"https:\/\/metalco-mobiliar.cz\/en\/prodotti-en\/myequilibria-outdoor-fitness\/\" \/>\n<meta property=\"og:site_name\" content=\"Metalco Mobiliar\" \/>\n<meta property=\"article:modified_time\" content=\"2022-03-31T08:48:12+00:00\" \/>\n<meta property=\"og:image\" content=\"https:\/\/metalco-mobiliar.cz\/news\/wp-content\/uploads\/2022\/03\/venkovni-fitness-wellness.jpg\" \/>\n\t<meta property=\"og:image:width\" content=\"200\" \/>\n\t<meta property=\"og:image:height\" content=\"200\" \/>\n\t<meta property=\"og:image:type\" content=\"image\/jpeg\" \/>\n<script type=\"application\/ld+json\" class=\"yoast-schema-graph\">{\"@context\":\"https:\/\/schema.org\",\"@graph\":[{\"@type\":\"WebPage\",\"@id\":\"https:\/\/metalco-mobiliar.cz\/en\/prodotti-en\/myequilibria-outdoor-fitness\/\",\"url\":\"https:\/\/metalco-mobiliar.cz\/en\/prodotti-en\/myequilibria-outdoor-fitness\/\",\"name\":\"MyEquilibria - outdoor | indoor fitness - Metalco\",\"isPartOf\":{\"@id\":\"https:\/\/metalco-mobiliar.cz\/#website\"},\"primaryImageOfPage\":{\"@id\":\"https:\/\/metalco-mobiliar.cz\/en\/prodotti-en\/myequilibria-outdoor-fitness\/#primaryimage\"},\"image\":{\"@id\":\"https:\/\/metalco-mobiliar.cz\/en\/prodotti-en\/myequilibria-outdoor-fitness\/#primaryimage\"},\"thumbnailUrl\":\"https:\/\/metalco-mobiliar.cz\/news\/wp-content\/uploads\/2022\/03\/venkovni-fitness-wellness.jpg\",\"datePublished\":\"2022-03-30T11:22:04+00:00\",\"dateModified\":\"2022-03-31T08:48:12+00:00\",\"description\":\"MyEquilibria represents the first company in the world to produce entirely Made-in-Italy outdoor and indoor fitness equipment, focused on bodyweight training.\",\"breadcrumb\":{\"@id\":\"https:\/\/metalco-mobiliar.cz\/en\/prodotti-en\/myequilibria-outdoor-fitness\/#breadcrumb\"},\"inLanguage\":\"en-US\",\"potentialAction\":[{\"@type\":\"ReadAction\",\"target\":[\"https:\/\/metalco-mobiliar.cz\/en\/prodotti-en\/myequilibria-outdoor-fitness\/\"]}]},{\"@type\":\"ImageObject\",\"inLanguage\":\"en-US\",\"@id\":\"https:\/\/metalco-mobiliar.cz\/en\/prodotti-en\/myequilibria-outdoor-fitness\/#primaryimage\",\"url\":\"https:\/\/metalco-mobiliar.cz\/news\/wp-content\/uploads\/2022\/03\/venkovni-fitness-wellness.jpg\",\"contentUrl\":\"https:\/\/metalco-mobiliar.cz\/news\/wp-content\/uploads\/2022\/03\/venkovni-fitness-wellness.jpg\",\"width\":200,\"height\":200,\"caption\":\"venkovn\u00ed fitness\"},{\"@type\":\"BreadcrumbList\",\"@id\":\"https:\/\/metalco-mobiliar.cz\/en\/prodotti-en\/myequilibria-outdoor-fitness\/#breadcrumb\",\"itemListElement\":[{\"@type\":\"ListItem\",\"position\":1,\"name\":\"Home\",\"item\":\"https:\/\/metalco-mobiliar.cz\/en\/\"},{\"@type\":\"ListItem\",\"position\":2,\"name\":\"MyEquilibria &#8211; outdoor | indoor fitness\"}]},{\"@type\":\"WebSite\",\"@id\":\"https:\/\/metalco-mobiliar.cz\/#website\",\"url\":\"https:\/\/metalco-mobiliar.cz\/\",\"name\":\"Metalco \u2013 m\u011bstsk\u00fd mobili\u00e1\u0159\",\"description\":\"M\u011bstsk\u00fd mobili\u00e1\u0159 Metalco\",\"potentialAction\":[{\"@type\":\"SearchAction\",\"target\":{\"@type\":\"EntryPoint\",\"urlTemplate\":\"https:\/\/metalco-mobiliar.cz\/?s={search_term_string}\"},\"query-input\":\"required name=search_term_string\"}],\"inLanguage\":\"en-US\"}]}<\/script>\n<!-- \/ Yoast SEO plugin. -->","yoast_head_json":{"title":"MyEquilibria - outdoor | indoor fitness - Metalco","description":"MyEquilibria represents the first company in the world to produce entirely Made-in-Italy outdoor and indoor fitness equipment, focused on bodyweight training.","robots":{"index":"index","follow":"follow","max-snippet":"max-snippet:-1","max-image-preview":"max-image-preview:large","max-video-preview":"max-video-preview:-1"},"canonical":"https:\/\/metalco-mobiliar.cz\/en\/prodotti-en\/myequilibria-outdoor-fitness\/","og_locale":"en_US","og_type":"article","og_title":"MyEquilibria - outdoor | indoor fitness - Metalco","og_description":"MyEquilibria represents the first company in the world to produce entirely Made-in-Italy outdoor and indoor fitness equipment, focused on bodyweight training.","og_url":"https:\/\/metalco-mobiliar.cz\/en\/prodotti-en\/myequilibria-outdoor-fitness\/","og_site_name":"Metalco Mobiliar","article_modified_time":"2022-03-31T08:48:12+00:00","og_image":[{"width":200,"height":200,"url":"https:\/\/metalco-mobiliar.cz\/news\/wp-content\/uploads\/2022\/03\/venkovni-fitness-wellness.jpg","type":"image\/jpeg"}],"schema":{"@context":"https:\/\/schema.org","@graph":[{"@type":"WebPage","@id":"https:\/\/metalco-mobiliar.cz\/en\/prodotti-en\/myequilibria-outdoor-fitness\/","url":"https:\/\/metalco-mobiliar.cz\/en\/prodotti-en\/myequilibria-outdoor-fitness\/","name":"MyEquilibria - outdoor | indoor fitness - Metalco","isPartOf":{"@id":"https:\/\/metalco-mobiliar.cz\/#website"},"primaryImageOfPage":{"@id":"https:\/\/metalco-mobiliar.cz\/en\/prodotti-en\/myequilibria-outdoor-fitness\/#primaryimage"},"image":{"@id":"https:\/\/metalco-mobiliar.cz\/en\/prodotti-en\/myequilibria-outdoor-fitness\/#primaryimage"},"thumbnailUrl":"https:\/\/metalco-mobiliar.cz\/news\/wp-content\/uploads\/2022\/03\/venkovni-fitness-wellness.jpg","datePublished":"2022-03-30T11:22:04+00:00","dateModified":"2022-03-31T08:48:12+00:00","description":"MyEquilibria represents the first company in the world to produce entirely Made-in-Italy outdoor and indoor fitness equipment, focused on bodyweight training.","breadcrumb":{"@id":"https:\/\/metalco-mobiliar.cz\/en\/prodotti-en\/myequilibria-outdoor-fitness\/#breadcrumb"},"inLanguage":"en-US","potentialAction":[{"@type":"ReadAction","target":["https:\/\/metalco-mobiliar.cz\/en\/prodotti-en\/myequilibria-outdoor-fitness\/"]}]},{"@type":"ImageObject","inLanguage":"en-US","@id":"https:\/\/metalco-mobiliar.cz\/en\/prodotti-en\/myequilibria-outdoor-fitness\/#primaryimage","url":"https:\/\/metalco-mobiliar.cz\/news\/wp-content\/uploads\/2022\/03\/venkovni-fitness-wellness.jpg","contentUrl":"https:\/\/metalco-mobiliar.cz\/news\/wp-content\/uploads\/2022\/03\/venkovni-fitness-wellness.jpg","width":200,"height":200,"caption":"venkovn\u00ed fitness"},{"@type":"BreadcrumbList","@id":"https:\/\/metalco-mobiliar.cz\/en\/prodotti-en\/myequilibria-outdoor-fitness\/#breadcrumb","itemListElement":[{"@type":"ListItem","position":1,"name":"Home","item":"https:\/\/metalco-mobiliar.cz\/en\/"},{"@type":"ListItem","position":2,"name":"MyEquilibria &#8211; outdoor | indoor fitness"}]},{"@type":"WebSite","@id":"https:\/\/metalco-mobiliar.cz\/#website","url":"https:\/\/metalco-mobiliar.cz\/","name":"Metalco \u2013 m\u011bstsk\u00fd mobili\u00e1\u0159","description":"M\u011bstsk\u00fd mobili\u00e1\u0159 Metalco","potentialAction":[{"@type":"SearchAction","target":{"@type":"EntryPoint","urlTemplate":"https:\/\/metalco-mobiliar.cz\/?s={search_term_string}"},"query-input":"required name=search_term_string"}],"inLanguage":"en-US"}]}},"_links":{"self":[{"href":"https:\/\/metalco-mobiliar.cz\/en\/wp-json\/wp\/v2\/product\/34932"}],"collection":[{"href":"https:\/\/metalco-mobiliar.cz\/en\/wp-json\/wp\/v2\/product"}],"about":[{"href":"https:\/\/metalco-mobiliar.cz\/en\/wp-json\/wp\/v2\/types\/product"}],"replies":[{"embeddable":true,"href":"https:\/\/metalco-mobiliar.cz\/en\/wp-json\/wp\/v2\/comments?post=34932"}],"wp:featuredmedia":[{"embeddable":true,"href":"https:\/\/metalco-mobiliar.cz\/en\/wp-json\/wp\/v2\/media\/34903"}],"wp:attachment":[{"href":"https:\/\/metalco-mobiliar.cz\/en\/wp-json\/wp\/v2\/media?parent=34932"}],"wp:term":[{"taxonomy":"product_cat","embeddable":true,"href":"https:\/\/metalco-mobiliar.cz\/en\/wp-json\/wp\/v2\/product_cat?post=34932"},{"taxonomy":"product_tag","embeddable":true,"href":"https:\/\/metalco-mobiliar.cz\/en\/wp-json\/wp\/v2\/product_tag?post=34932"}],"curies":[{"name":"wp","href":"https:\/\/api.w.org\/{rel}","templated":true}]}}