{"id":36313,"date":"2022-08-26T10:05:09","date_gmt":"2022-08-26T08:05:09","guid":{"rendered":"http:\/\/metalco-mobiliar.cz\/prodotto\/genesis-dissuasore-transenna\/"},"modified":"2023-04-28T13:57:11","modified_gmt":"2023-04-28T11:57:11","slug":"genesis-bollard","status":"publish","type":"product","link":"https:\/\/metalco-mobiliar.cz\/en\/prodotti-en\/genesis-bollard\/","title":{"rendered":"GENESIS BOLLARD AND BARRIER"},"content":{"rendered":"<p>The GENESIS bollard is available in 3 sizes: \u00d8 76 mm, 800 mm high, \u00d8 102 mm, 700 mm or 1000 mm high and \u00d8 168 mm, 600 mm high. The lower part of the bollards are made of hot galvanised (in accordance with relevant UNI standards) and polyester powder coated steel, whilst the upper part, 150mm high, are electropolished stainless steel. The connection between the two parts is mechanic, with the characteristic of having no visible screws. Ground fixing can either be with suitable steel bolts (not included) or by concreting the extension 150mm deep into the ground. All fixings are stainless steel.<\/p>\n<p>The GENESIS barrier is made up of vertical modular \u00d8 102 mm Genesis elements; the lower part of the bollards is made of hot galvanised (in accordance with relevant UNI standards) and polyester powder coated steel, whilst the upper part, 150mm high, is electropolished stainless steel. The vertical post elements, 1500 mm apart, are solidly connected together with 50 mm galvanised and polyester powder coated steel tubes, mechanically fixed with the appropriate fixings and a \u00d8 5 mm stainless steel rope, arranged in a \u201cX\u201d in between the two supports. Ground fixing can either be with suitable steel bolts (not included) or by concreting the extension 150 mm deep into the ground. The Genesis barrier can be assembled on inclined levels up to the following values: 8&nbsp;% slope, minimum curve radius: 11 metres. All fixings are in stainless steel. Dimensions: H =1000 mm, H bar = 850 mm L =1500 mm.<\/p>\n<p>POWDER COATED STEEL + STAINLESS STEEL<\/p>\n<p>FIXINGS: PRE-DRILLED FOR ANCHORS OR BELOW GROUND INSTALLATION<\/p>\n","protected":false},"excerpt":{"rendered":"<p>The GENESIS bollard is available in 3 sizes: \u00d8 76 mm, 800 mm high, \u00d8 102 mm, 700 mm or 1000 mm high and \u00d8 168 mm, 600 mm high. The lower part of the bollards are made of hot galvanised (in accordance with relevant UNI standards) and polyester powder coated steel, whilst the upper [&hellip;]<\/p>\n","protected":false},"featured_media":36290,"comment_status":"closed","ping_status":"closed","template":"","meta":{"_acf_changed":false},"product_cat":[390],"product_tag":[],"class_list":{"0":"post-36313","1":"product","2":"type-product","3":"status-publish","4":"has-post-thumbnail","6":"product_cat-bollards-barriers","7":"pa_designers-alfredo-tasca","8":"pa_material-powder-coated-steel","9":"pa_material-stainless-steel","10":"collezioni-stile-en","11":"catalogo-catalogue-stile-2025","13":"first","14":"instock","15":"shipping-taxable","16":"product-type-simple"},"acf":[],"yoast_head":"<!-- This site is optimized with the Yoast SEO plugin v23.2 - https:\/\/yoast.com\/wordpress\/plugins\/seo\/ -->\n<title>GENESIS BOLLARD AND BARRIER - Metalco Mobiliar<\/title>\n<meta name=\"robots\" content=\"index, follow, max-snippet:-1, max-image-preview:large, max-video-preview:-1\" \/>\n<link rel=\"canonical\" href=\"https:\/\/metalco-mobiliar.cz\/en\/prodotti-en\/genesis-bollard\/\" \/>\n<meta property=\"og:locale\" content=\"en_US\" \/>\n<meta property=\"og:type\" content=\"article\" \/>\n<meta property=\"og:title\" content=\"GENESIS BOLLARD AND BARRIER - Metalco Mobiliar\" \/>\n<meta property=\"og:description\" content=\"The GENESIS bollard is available in 3 sizes: \u00d8 76 mm, 800 mm high, \u00d8 102 mm, 700 mm or 1000 mm high and \u00d8 168 mm, 600 mm high. The lower part of the bollards are made of hot galvanised (in accordance with relevant UNI standards) and polyester powder coated steel, whilst the upper [&hellip;]\" \/>\n<meta property=\"og:url\" content=\"https:\/\/metalco-mobiliar.cz\/en\/prodotti-en\/genesis-bollard\/\" \/>\n<meta property=\"og:site_name\" content=\"Metalco Mobiliar\" \/>\n<meta property=\"article:modified_time\" content=\"2023-04-28T11:57:11+00:00\" \/>\n<meta property=\"og:image\" content=\"https:\/\/metalco-mobiliar.cz\/news\/wp-content\/uploads\/2022\/08\/bariera-Genesis-I.jpg\" \/>\n\t<meta property=\"og:image:width\" content=\"200\" \/>\n\t<meta property=\"og:image:height\" content=\"200\" \/>\n\t<meta property=\"og:image:type\" content=\"image\/jpeg\" \/>\n<meta name=\"twitter:label1\" content=\"Est. reading time\" \/>\n\t<meta name=\"twitter:data1\" content=\"1 minute\" \/>\n<script type=\"application\/ld+json\" class=\"yoast-schema-graph\">{\"@context\":\"https:\/\/schema.org\",\"@graph\":[{\"@type\":\"WebPage\",\"@id\":\"https:\/\/metalco-mobiliar.cz\/en\/prodotti-en\/genesis-bollard\/\",\"url\":\"https:\/\/metalco-mobiliar.cz\/en\/prodotti-en\/genesis-bollard\/\",\"name\":\"GENESIS BOLLARD AND BARRIER - Metalco Mobiliar\",\"isPartOf\":{\"@id\":\"https:\/\/metalco-mobiliar.cz\/#website\"},\"primaryImageOfPage\":{\"@id\":\"https:\/\/metalco-mobiliar.cz\/en\/prodotti-en\/genesis-bollard\/#primaryimage\"},\"image\":{\"@id\":\"https:\/\/metalco-mobiliar.cz\/en\/prodotti-en\/genesis-bollard\/#primaryimage\"},\"thumbnailUrl\":\"https:\/\/metalco-mobiliar.cz\/news\/wp-content\/uploads\/2022\/08\/bariera-Genesis-I.jpg\",\"datePublished\":\"2022-08-26T08:05:09+00:00\",\"dateModified\":\"2023-04-28T11:57:11+00:00\",\"breadcrumb\":{\"@id\":\"https:\/\/metalco-mobiliar.cz\/en\/prodotti-en\/genesis-bollard\/#breadcrumb\"},\"inLanguage\":\"en-US\",\"potentialAction\":[{\"@type\":\"ReadAction\",\"target\":[\"https:\/\/metalco-mobiliar.cz\/en\/prodotti-en\/genesis-bollard\/\"]}]},{\"@type\":\"ImageObject\",\"inLanguage\":\"en-US\",\"@id\":\"https:\/\/metalco-mobiliar.cz\/en\/prodotti-en\/genesis-bollard\/#primaryimage\",\"url\":\"https:\/\/metalco-mobiliar.cz\/news\/wp-content\/uploads\/2022\/08\/bariera-Genesis-I.jpg\",\"contentUrl\":\"https:\/\/metalco-mobiliar.cz\/news\/wp-content\/uploads\/2022\/08\/bariera-Genesis-I.jpg\",\"width\":200,\"height\":200,\"caption\":\"z\u00e1brana vjezdu\"},{\"@type\":\"BreadcrumbList\",\"@id\":\"https:\/\/metalco-mobiliar.cz\/en\/prodotti-en\/genesis-bollard\/#breadcrumb\",\"itemListElement\":[{\"@type\":\"ListItem\",\"position\":1,\"name\":\"Home\",\"item\":\"https:\/\/metalco-mobiliar.cz\/en\/\"},{\"@type\":\"ListItem\",\"position\":2,\"name\":\"GENESIS BOLLARD AND BARRIER\"}]},{\"@type\":\"WebSite\",\"@id\":\"https:\/\/metalco-mobiliar.cz\/#website\",\"url\":\"https:\/\/metalco-mobiliar.cz\/\",\"name\":\"Metalco \u2013 m\u011bstsk\u00fd mobili\u00e1\u0159\",\"description\":\"M\u011bstsk\u00fd mobili\u00e1\u0159 Metalco\",\"potentialAction\":[{\"@type\":\"SearchAction\",\"target\":{\"@type\":\"EntryPoint\",\"urlTemplate\":\"https:\/\/metalco-mobiliar.cz\/?s={search_term_string}\"},\"query-input\":\"required name=search_term_string\"}],\"inLanguage\":\"en-US\"}]}<\/script>\n<!-- \/ Yoast SEO plugin. -->","yoast_head_json":{"title":"GENESIS BOLLARD AND BARRIER - Metalco Mobiliar","robots":{"index":"index","follow":"follow","max-snippet":"max-snippet:-1","max-image-preview":"max-image-preview:large","max-video-preview":"max-video-preview:-1"},"canonical":"https:\/\/metalco-mobiliar.cz\/en\/prodotti-en\/genesis-bollard\/","og_locale":"en_US","og_type":"article","og_title":"GENESIS BOLLARD AND BARRIER - Metalco Mobiliar","og_description":"The GENESIS bollard is available in 3 sizes: \u00d8 76 mm, 800 mm high, \u00d8 102 mm, 700 mm or 1000 mm high and \u00d8 168 mm, 600 mm high. The lower part of the bollards are made of hot galvanised (in accordance with relevant UNI standards) and polyester powder coated steel, whilst the upper [&hellip;]","og_url":"https:\/\/metalco-mobiliar.cz\/en\/prodotti-en\/genesis-bollard\/","og_site_name":"Metalco Mobiliar","article_modified_time":"2023-04-28T11:57:11+00:00","og_image":[{"width":200,"height":200,"url":"https:\/\/metalco-mobiliar.cz\/news\/wp-content\/uploads\/2022\/08\/bariera-Genesis-I.jpg","type":"image\/jpeg"}],"twitter_misc":{"Est. reading time":"1 minute"},"schema":{"@context":"https:\/\/schema.org","@graph":[{"@type":"WebPage","@id":"https:\/\/metalco-mobiliar.cz\/en\/prodotti-en\/genesis-bollard\/","url":"https:\/\/metalco-mobiliar.cz\/en\/prodotti-en\/genesis-bollard\/","name":"GENESIS BOLLARD AND BARRIER - Metalco Mobiliar","isPartOf":{"@id":"https:\/\/metalco-mobiliar.cz\/#website"},"primaryImageOfPage":{"@id":"https:\/\/metalco-mobiliar.cz\/en\/prodotti-en\/genesis-bollard\/#primaryimage"},"image":{"@id":"https:\/\/metalco-mobiliar.cz\/en\/prodotti-en\/genesis-bollard\/#primaryimage"},"thumbnailUrl":"https:\/\/metalco-mobiliar.cz\/news\/wp-content\/uploads\/2022\/08\/bariera-Genesis-I.jpg","datePublished":"2022-08-26T08:05:09+00:00","dateModified":"2023-04-28T11:57:11+00:00","breadcrumb":{"@id":"https:\/\/metalco-mobiliar.cz\/en\/prodotti-en\/genesis-bollard\/#breadcrumb"},"inLanguage":"en-US","potentialAction":[{"@type":"ReadAction","target":["https:\/\/metalco-mobiliar.cz\/en\/prodotti-en\/genesis-bollard\/"]}]},{"@type":"ImageObject","inLanguage":"en-US","@id":"https:\/\/metalco-mobiliar.cz\/en\/prodotti-en\/genesis-bollard\/#primaryimage","url":"https:\/\/metalco-mobiliar.cz\/news\/wp-content\/uploads\/2022\/08\/bariera-Genesis-I.jpg","contentUrl":"https:\/\/metalco-mobiliar.cz\/news\/wp-content\/uploads\/2022\/08\/bariera-Genesis-I.jpg","width":200,"height":200,"caption":"z\u00e1brana vjezdu"},{"@type":"BreadcrumbList","@id":"https:\/\/metalco-mobiliar.cz\/en\/prodotti-en\/genesis-bollard\/#breadcrumb","itemListElement":[{"@type":"ListItem","position":1,"name":"Home","item":"https:\/\/metalco-mobiliar.cz\/en\/"},{"@type":"ListItem","position":2,"name":"GENESIS BOLLARD AND BARRIER"}]},{"@type":"WebSite","@id":"https:\/\/metalco-mobiliar.cz\/#website","url":"https:\/\/metalco-mobiliar.cz\/","name":"Metalco \u2013 m\u011bstsk\u00fd mobili\u00e1\u0159","description":"M\u011bstsk\u00fd mobili\u00e1\u0159 Metalco","potentialAction":[{"@type":"SearchAction","target":{"@type":"EntryPoint","urlTemplate":"https:\/\/metalco-mobiliar.cz\/?s={search_term_string}"},"query-input":"required name=search_term_string"}],"inLanguage":"en-US"}]}},"_links":{"self":[{"href":"https:\/\/metalco-mobiliar.cz\/en\/wp-json\/wp\/v2\/product\/36313"}],"collection":[{"href":"https:\/\/metalco-mobiliar.cz\/en\/wp-json\/wp\/v2\/product"}],"about":[{"href":"https:\/\/metalco-mobiliar.cz\/en\/wp-json\/wp\/v2\/types\/product"}],"replies":[{"embeddable":true,"href":"https:\/\/metalco-mobiliar.cz\/en\/wp-json\/wp\/v2\/comments?post=36313"}],"wp:featuredmedia":[{"embeddable":true,"href":"https:\/\/metalco-mobiliar.cz\/en\/wp-json\/wp\/v2\/media\/36290"}],"wp:attachment":[{"href":"https:\/\/metalco-mobiliar.cz\/en\/wp-json\/wp\/v2\/media?parent=36313"}],"wp:term":[{"taxonomy":"product_cat","embeddable":true,"href":"https:\/\/metalco-mobiliar.cz\/en\/wp-json\/wp\/v2\/product_cat?post=36313"},{"taxonomy":"product_tag","embeddable":true,"href":"https:\/\/metalco-mobiliar.cz\/en\/wp-json\/wp\/v2\/product_tag?post=36313"}],"curies":[{"name":"wp","href":"https:\/\/api.w.org\/{rel}","templated":true}]}}