{"id":36844,"date":"2022-10-07T10:30:20","date_gmt":"2022-10-07T08:30:20","guid":{"rendered":"http:\/\/metalco-mobiliar.cz\/prodotto\/stone-vr-seduta-polivalente\/"},"modified":"2023-05-18T09:08:08","modified_gmt":"2023-05-18T07:08:08","slug":"stone-vr-free-shape-seat","status":"publish","type":"product","link":"https:\/\/metalco-mobiliar.cz\/en\/prodotti-en\/stone-vr-free-shape-seat\/","title":{"rendered":"STONE VR FREE SHAPE SEAT"},"content":{"rendered":"<p>The Stone family grows: the best-selling seat returns in a new guise, now also made of fiberglass and painted with the same standard RAL colors already available in Metalco\u2019s catalogue.<\/p>\n<p>LIGHT AND PERFORMING: the fiberglass makes Stones benches much lighter than the HPC version. Stone VR is suitable for installation on floors that support a limited weight or with limited accessibility.<\/p>\n<p>AESTHETIC PROFILE: maintains the same shape and dimensions (S, M, L) as the UHPC or HPC versions.<\/p>\n<p>We recommend installing Stone VR indoors or in surveilled outdoor spaces, to minimize the possibility of damaging the items, which can hardly be restored to their original appearances.<\/p>\n<p><strong>Dimensions and weight:<\/strong><br \/>\nSTONE VRS 1100&#215;780 mm H 395 mm 15&nbsp;kg<br \/>\nSTONE VRM 1570&#215;1185 mm H 470 mm 30&nbsp;kg<br \/>\nSTONE VRL 1960&#215;1520 mm H 510 mm 45&nbsp;kg<\/p>\n","protected":false},"excerpt":{"rendered":"<p>The Stone family grows: the best-selling seat returns in a new guise, now also made of fiberglass and painted with the same standard RAL colors already available in Metalco\u2019s catalogue. LIGHT AND PERFORMING: the fiberglass makes Stones benches much lighter than the HPC version. Stone VR is suitable for installation on floors that support a [&hellip;]<\/p>\n","protected":false},"featured_media":36826,"comment_status":"closed","ping_status":"closed","template":"","meta":{"_acf_changed":false},"product_cat":[345],"product_tag":[],"class_list":{"0":"post-36844","1":"product","2":"type-product","3":"status-publish","4":"has-post-thumbnail","6":"product_cat-seats-benches","7":"collezioni-stile-en","8":"catalogo-catalogue-stile-2025","10":"first","11":"instock","12":"shipping-taxable","13":"product-type-simple"},"acf":[],"yoast_head":"<!-- This site is optimized with the Yoast SEO plugin v23.2 - https:\/\/yoast.com\/wordpress\/plugins\/seo\/ -->\n<title>STONE VR FREE SHAPE SEAT - Metalco Mobiliar<\/title>\n<meta name=\"robots\" content=\"index, follow, max-snippet:-1, max-image-preview:large, max-video-preview:-1\" \/>\n<link rel=\"canonical\" href=\"https:\/\/metalco-mobiliar.cz\/en\/prodotti-en\/stone-vr-free-shape-seat\/\" \/>\n<meta property=\"og:locale\" content=\"en_US\" \/>\n<meta property=\"og:type\" content=\"article\" \/>\n<meta property=\"og:title\" content=\"STONE VR FREE SHAPE SEAT - Metalco Mobiliar\" \/>\n<meta property=\"og:description\" content=\"The Stone family grows: the best-selling seat returns in a new guise, now also made of fiberglass and painted with the same standard RAL colors already available in Metalco\u2019s catalogue. LIGHT AND PERFORMING: the fiberglass makes Stones benches much lighter than the HPC version. Stone VR is suitable for installation on floors that support a [&hellip;]\" \/>\n<meta property=\"og:url\" content=\"https:\/\/metalco-mobiliar.cz\/en\/prodotti-en\/stone-vr-free-shape-seat\/\" \/>\n<meta property=\"og:site_name\" content=\"Metalco Mobiliar\" \/>\n<meta property=\"article:modified_time\" content=\"2023-05-18T07:08:08+00:00\" \/>\n<meta property=\"og:image\" content=\"https:\/\/metalco-mobiliar.cz\/news\/wp-content\/uploads\/2022\/10\/Stone-sezen\u00ed.jpg\" \/>\n\t<meta property=\"og:image:width\" content=\"200\" \/>\n\t<meta property=\"og:image:height\" content=\"200\" \/>\n\t<meta property=\"og:image:type\" content=\"image\/jpeg\" \/>\n<meta name=\"twitter:label1\" content=\"Est. reading time\" \/>\n\t<meta name=\"twitter:data1\" content=\"1 minute\" \/>\n<script type=\"application\/ld+json\" class=\"yoast-schema-graph\">{\"@context\":\"https:\/\/schema.org\",\"@graph\":[{\"@type\":\"WebPage\",\"@id\":\"https:\/\/metalco-mobiliar.cz\/en\/prodotti-en\/stone-vr-free-shape-seat\/\",\"url\":\"https:\/\/metalco-mobiliar.cz\/en\/prodotti-en\/stone-vr-free-shape-seat\/\",\"name\":\"STONE VR FREE SHAPE SEAT - Metalco Mobiliar\",\"isPartOf\":{\"@id\":\"https:\/\/metalco-mobiliar.cz\/#website\"},\"primaryImageOfPage\":{\"@id\":\"https:\/\/metalco-mobiliar.cz\/en\/prodotti-en\/stone-vr-free-shape-seat\/#primaryimage\"},\"image\":{\"@id\":\"https:\/\/metalco-mobiliar.cz\/en\/prodotti-en\/stone-vr-free-shape-seat\/#primaryimage\"},\"thumbnailUrl\":\"https:\/\/metalco-mobiliar.cz\/news\/wp-content\/uploads\/2022\/10\/Stone-sezen\u00ed.jpg\",\"datePublished\":\"2022-10-07T08:30:20+00:00\",\"dateModified\":\"2023-05-18T07:08:08+00:00\",\"breadcrumb\":{\"@id\":\"https:\/\/metalco-mobiliar.cz\/en\/prodotti-en\/stone-vr-free-shape-seat\/#breadcrumb\"},\"inLanguage\":\"en-US\",\"potentialAction\":[{\"@type\":\"ReadAction\",\"target\":[\"https:\/\/metalco-mobiliar.cz\/en\/prodotti-en\/stone-vr-free-shape-seat\/\"]}]},{\"@type\":\"ImageObject\",\"inLanguage\":\"en-US\",\"@id\":\"https:\/\/metalco-mobiliar.cz\/en\/prodotti-en\/stone-vr-free-shape-seat\/#primaryimage\",\"url\":\"https:\/\/metalco-mobiliar.cz\/news\/wp-content\/uploads\/2022\/10\/Stone-sezen\u00ed.jpg\",\"contentUrl\":\"https:\/\/metalco-mobiliar.cz\/news\/wp-content\/uploads\/2022\/10\/Stone-sezen\u00ed.jpg\",\"width\":200,\"height\":200,\"caption\":\"sezen\u00ed mobili\u00e1\u0159\"},{\"@type\":\"BreadcrumbList\",\"@id\":\"https:\/\/metalco-mobiliar.cz\/en\/prodotti-en\/stone-vr-free-shape-seat\/#breadcrumb\",\"itemListElement\":[{\"@type\":\"ListItem\",\"position\":1,\"name\":\"Home\",\"item\":\"https:\/\/metalco-mobiliar.cz\/en\/\"},{\"@type\":\"ListItem\",\"position\":2,\"name\":\"STONE VR FREE SHAPE SEAT\"}]},{\"@type\":\"WebSite\",\"@id\":\"https:\/\/metalco-mobiliar.cz\/#website\",\"url\":\"https:\/\/metalco-mobiliar.cz\/\",\"name\":\"Metalco \u2013 m\u011bstsk\u00fd mobili\u00e1\u0159\",\"description\":\"M\u011bstsk\u00fd mobili\u00e1\u0159 Metalco\",\"potentialAction\":[{\"@type\":\"SearchAction\",\"target\":{\"@type\":\"EntryPoint\",\"urlTemplate\":\"https:\/\/metalco-mobiliar.cz\/?s={search_term_string}\"},\"query-input\":\"required name=search_term_string\"}],\"inLanguage\":\"en-US\"}]}<\/script>\n<!-- \/ Yoast SEO plugin. -->","yoast_head_json":{"title":"STONE VR FREE SHAPE SEAT - Metalco Mobiliar","robots":{"index":"index","follow":"follow","max-snippet":"max-snippet:-1","max-image-preview":"max-image-preview:large","max-video-preview":"max-video-preview:-1"},"canonical":"https:\/\/metalco-mobiliar.cz\/en\/prodotti-en\/stone-vr-free-shape-seat\/","og_locale":"en_US","og_type":"article","og_title":"STONE VR FREE SHAPE SEAT - Metalco Mobiliar","og_description":"The Stone family grows: the best-selling seat returns in a new guise, now also made of fiberglass and painted with the same standard RAL colors already available in Metalco\u2019s catalogue. LIGHT AND PERFORMING: the fiberglass makes Stones benches much lighter than the HPC version. Stone VR is suitable for installation on floors that support a [&hellip;]","og_url":"https:\/\/metalco-mobiliar.cz\/en\/prodotti-en\/stone-vr-free-shape-seat\/","og_site_name":"Metalco Mobiliar","article_modified_time":"2023-05-18T07:08:08+00:00","og_image":[{"width":200,"height":200,"url":"https:\/\/metalco-mobiliar.cz\/news\/wp-content\/uploads\/2022\/10\/Stone-sezen\u00ed.jpg","type":"image\/jpeg"}],"twitter_misc":{"Est. reading time":"1 minute"},"schema":{"@context":"https:\/\/schema.org","@graph":[{"@type":"WebPage","@id":"https:\/\/metalco-mobiliar.cz\/en\/prodotti-en\/stone-vr-free-shape-seat\/","url":"https:\/\/metalco-mobiliar.cz\/en\/prodotti-en\/stone-vr-free-shape-seat\/","name":"STONE VR FREE SHAPE SEAT - Metalco Mobiliar","isPartOf":{"@id":"https:\/\/metalco-mobiliar.cz\/#website"},"primaryImageOfPage":{"@id":"https:\/\/metalco-mobiliar.cz\/en\/prodotti-en\/stone-vr-free-shape-seat\/#primaryimage"},"image":{"@id":"https:\/\/metalco-mobiliar.cz\/en\/prodotti-en\/stone-vr-free-shape-seat\/#primaryimage"},"thumbnailUrl":"https:\/\/metalco-mobiliar.cz\/news\/wp-content\/uploads\/2022\/10\/Stone-sezen\u00ed.jpg","datePublished":"2022-10-07T08:30:20+00:00","dateModified":"2023-05-18T07:08:08+00:00","breadcrumb":{"@id":"https:\/\/metalco-mobiliar.cz\/en\/prodotti-en\/stone-vr-free-shape-seat\/#breadcrumb"},"inLanguage":"en-US","potentialAction":[{"@type":"ReadAction","target":["https:\/\/metalco-mobiliar.cz\/en\/prodotti-en\/stone-vr-free-shape-seat\/"]}]},{"@type":"ImageObject","inLanguage":"en-US","@id":"https:\/\/metalco-mobiliar.cz\/en\/prodotti-en\/stone-vr-free-shape-seat\/#primaryimage","url":"https:\/\/metalco-mobiliar.cz\/news\/wp-content\/uploads\/2022\/10\/Stone-sezen\u00ed.jpg","contentUrl":"https:\/\/metalco-mobiliar.cz\/news\/wp-content\/uploads\/2022\/10\/Stone-sezen\u00ed.jpg","width":200,"height":200,"caption":"sezen\u00ed mobili\u00e1\u0159"},{"@type":"BreadcrumbList","@id":"https:\/\/metalco-mobiliar.cz\/en\/prodotti-en\/stone-vr-free-shape-seat\/#breadcrumb","itemListElement":[{"@type":"ListItem","position":1,"name":"Home","item":"https:\/\/metalco-mobiliar.cz\/en\/"},{"@type":"ListItem","position":2,"name":"STONE VR FREE SHAPE SEAT"}]},{"@type":"WebSite","@id":"https:\/\/metalco-mobiliar.cz\/#website","url":"https:\/\/metalco-mobiliar.cz\/","name":"Metalco \u2013 m\u011bstsk\u00fd mobili\u00e1\u0159","description":"M\u011bstsk\u00fd mobili\u00e1\u0159 Metalco","potentialAction":[{"@type":"SearchAction","target":{"@type":"EntryPoint","urlTemplate":"https:\/\/metalco-mobiliar.cz\/?s={search_term_string}"},"query-input":"required name=search_term_string"}],"inLanguage":"en-US"}]}},"_links":{"self":[{"href":"https:\/\/metalco-mobiliar.cz\/en\/wp-json\/wp\/v2\/product\/36844"}],"collection":[{"href":"https:\/\/metalco-mobiliar.cz\/en\/wp-json\/wp\/v2\/product"}],"about":[{"href":"https:\/\/metalco-mobiliar.cz\/en\/wp-json\/wp\/v2\/types\/product"}],"replies":[{"embeddable":true,"href":"https:\/\/metalco-mobiliar.cz\/en\/wp-json\/wp\/v2\/comments?post=36844"}],"wp:featuredmedia":[{"embeddable":true,"href":"https:\/\/metalco-mobiliar.cz\/en\/wp-json\/wp\/v2\/media\/36826"}],"wp:attachment":[{"href":"https:\/\/metalco-mobiliar.cz\/en\/wp-json\/wp\/v2\/media?parent=36844"}],"wp:term":[{"taxonomy":"product_cat","embeddable":true,"href":"https:\/\/metalco-mobiliar.cz\/en\/wp-json\/wp\/v2\/product_cat?post=36844"},{"taxonomy":"product_tag","embeddable":true,"href":"https:\/\/metalco-mobiliar.cz\/en\/wp-json\/wp\/v2\/product_tag?post=36844"}],"curies":[{"name":"wp","href":"https:\/\/api.w.org\/{rel}","templated":true}]}}