{"id":36908,"date":"2022-10-11T09:10:49","date_gmt":"2022-10-11T07:10:49","guid":{"rendered":"http:\/\/metalco-mobiliar.cz\/prodotto\/splash-vr-seduta-monolitica\/"},"modified":"2023-03-31T10:32:45","modified_gmt":"2023-03-31T08:32:45","slug":"splash-vr-monolithic-seat","status":"publish","type":"product","link":"https:\/\/metalco-mobiliar.cz\/en\/prodotti-en\/splash-vr-monolithic-seat\/","title":{"rendered":"SPLASH VR MONOLITHIC SEAT"},"content":{"rendered":"<p>Monolithic seat with an organic shape, produced in fiber glass, thickness<br \/>\n5 mm, with threaded bushings at the base for fixing feet or threaded rods.<br \/>\nThe product is first treated with an epoxy primer, and then finished with a<br \/>\npolyurethanevarnish with color chosen from the RAL range of Metalco.<\/p>\n<p><strong>Fixing:<\/strong> Freestanding<\/p>\n<p><strong>Dimensions and weight:<\/strong><br \/>\n1960\u00d71745 mm H 400 mm 42&nbsp;kg<\/p>\n<p>&nbsp;<\/p>\n","protected":false},"excerpt":{"rendered":"<p>Monolithic seat with an organic shape, produced in fiber glass, thickness 5 mm, with threaded bushings at the base for fixing feet or threaded rods. The product is first treated with an epoxy primer, and then finished with a polyurethanevarnish with color chosen from the RAL range of Metalco. Fixing: Freestanding Dimensions and weight: 1960\u00d71745 [&hellip;]<\/p>\n","protected":false},"featured_media":36894,"comment_status":"closed","ping_status":"closed","template":"","meta":{"_acf_changed":false},"product_cat":[345],"product_tag":[],"class_list":{"0":"post-36908","1":"product","2":"type-product","3":"status-publish","4":"has-post-thumbnail","6":"product_cat-seats-benches","7":"pa_designers-massimo-tasca-en","8":"collezioni-stile-en","9":"catalogo-catalogue-stile-2025","11":"first","12":"instock","13":"shipping-taxable","14":"product-type-simple"},"acf":[],"yoast_head":"<!-- This site is optimized with the Yoast SEO plugin v23.2 - https:\/\/yoast.com\/wordpress\/plugins\/seo\/ -->\n<title>SPLASH VR MONOLITHIC SEAT - Metalco<\/title>\n<meta name=\"description\" content=\"Monolithic seat with an organic shape, produced in fiber glass, thickness5 mm, with threaded bushings at the base for fixing feet or threaded rods.\" \/>\n<meta name=\"robots\" content=\"index, follow, max-snippet:-1, max-image-preview:large, max-video-preview:-1\" \/>\n<link rel=\"canonical\" href=\"https:\/\/metalco-mobiliar.cz\/en\/prodotti-en\/splash-vr-monolithic-seat\/\" \/>\n<meta property=\"og:locale\" content=\"en_US\" \/>\n<meta property=\"og:type\" content=\"article\" \/>\n<meta property=\"og:title\" content=\"SPLASH VR MONOLITHIC SEAT - Metalco\" \/>\n<meta property=\"og:description\" content=\"Monolithic seat with an organic shape, produced in fiber glass, thickness5 mm, with threaded bushings at the base for fixing feet or threaded rods.\" \/>\n<meta property=\"og:url\" content=\"https:\/\/metalco-mobiliar.cz\/en\/prodotti-en\/splash-vr-monolithic-seat\/\" \/>\n<meta property=\"og:site_name\" content=\"Metalco Mobiliar\" \/>\n<meta property=\"article:modified_time\" content=\"2023-03-31T08:32:45+00:00\" \/>\n<meta property=\"og:image\" content=\"https:\/\/metalco-mobiliar.cz\/news\/wp-content\/uploads\/2022\/10\/SPLASH-VR-sklolamin\u00e1t.jpg\" \/>\n\t<meta property=\"og:image:width\" content=\"200\" \/>\n\t<meta property=\"og:image:height\" content=\"200\" \/>\n\t<meta property=\"og:image:type\" content=\"image\/jpeg\" \/>\n<script type=\"application\/ld+json\" class=\"yoast-schema-graph\">{\"@context\":\"https:\/\/schema.org\",\"@graph\":[{\"@type\":\"WebPage\",\"@id\":\"https:\/\/metalco-mobiliar.cz\/en\/prodotti-en\/splash-vr-monolithic-seat\/\",\"url\":\"https:\/\/metalco-mobiliar.cz\/en\/prodotti-en\/splash-vr-monolithic-seat\/\",\"name\":\"SPLASH VR MONOLITHIC SEAT - Metalco\",\"isPartOf\":{\"@id\":\"https:\/\/metalco-mobiliar.cz\/#website\"},\"primaryImageOfPage\":{\"@id\":\"https:\/\/metalco-mobiliar.cz\/en\/prodotti-en\/splash-vr-monolithic-seat\/#primaryimage\"},\"image\":{\"@id\":\"https:\/\/metalco-mobiliar.cz\/en\/prodotti-en\/splash-vr-monolithic-seat\/#primaryimage\"},\"thumbnailUrl\":\"https:\/\/metalco-mobiliar.cz\/news\/wp-content\/uploads\/2022\/10\/SPLASH-VR-sklolamin\u00e1t.jpg\",\"datePublished\":\"2022-10-11T07:10:49+00:00\",\"dateModified\":\"2023-03-31T08:32:45+00:00\",\"description\":\"Monolithic seat with an organic shape, produced in fiber glass, thickness5 mm, with threaded bushings at the base for fixing feet or threaded rods.\",\"breadcrumb\":{\"@id\":\"https:\/\/metalco-mobiliar.cz\/en\/prodotti-en\/splash-vr-monolithic-seat\/#breadcrumb\"},\"inLanguage\":\"en-US\",\"potentialAction\":[{\"@type\":\"ReadAction\",\"target\":[\"https:\/\/metalco-mobiliar.cz\/en\/prodotti-en\/splash-vr-monolithic-seat\/\"]}]},{\"@type\":\"ImageObject\",\"inLanguage\":\"en-US\",\"@id\":\"https:\/\/metalco-mobiliar.cz\/en\/prodotti-en\/splash-vr-monolithic-seat\/#primaryimage\",\"url\":\"https:\/\/metalco-mobiliar.cz\/news\/wp-content\/uploads\/2022\/10\/SPLASH-VR-sklolamin\u00e1t.jpg\",\"contentUrl\":\"https:\/\/metalco-mobiliar.cz\/news\/wp-content\/uploads\/2022\/10\/SPLASH-VR-sklolamin\u00e1t.jpg\",\"width\":200,\"height\":200,\"caption\":\"sezen\u00ed sklolamin\u00e1t Splash\"},{\"@type\":\"BreadcrumbList\",\"@id\":\"https:\/\/metalco-mobiliar.cz\/en\/prodotti-en\/splash-vr-monolithic-seat\/#breadcrumb\",\"itemListElement\":[{\"@type\":\"ListItem\",\"position\":1,\"name\":\"Home\",\"item\":\"https:\/\/metalco-mobiliar.cz\/en\/\"},{\"@type\":\"ListItem\",\"position\":2,\"name\":\"SPLASH VR MONOLITHIC SEAT\"}]},{\"@type\":\"WebSite\",\"@id\":\"https:\/\/metalco-mobiliar.cz\/#website\",\"url\":\"https:\/\/metalco-mobiliar.cz\/\",\"name\":\"Metalco \u2013 m\u011bstsk\u00fd mobili\u00e1\u0159\",\"description\":\"M\u011bstsk\u00fd mobili\u00e1\u0159 Metalco\",\"potentialAction\":[{\"@type\":\"SearchAction\",\"target\":{\"@type\":\"EntryPoint\",\"urlTemplate\":\"https:\/\/metalco-mobiliar.cz\/?s={search_term_string}\"},\"query-input\":\"required name=search_term_string\"}],\"inLanguage\":\"en-US\"}]}<\/script>\n<!-- \/ Yoast SEO plugin. -->","yoast_head_json":{"title":"SPLASH VR MONOLITHIC SEAT - Metalco","description":"Monolithic seat with an organic shape, produced in fiber glass, thickness5 mm, with threaded bushings at the base for fixing feet or threaded rods.","robots":{"index":"index","follow":"follow","max-snippet":"max-snippet:-1","max-image-preview":"max-image-preview:large","max-video-preview":"max-video-preview:-1"},"canonical":"https:\/\/metalco-mobiliar.cz\/en\/prodotti-en\/splash-vr-monolithic-seat\/","og_locale":"en_US","og_type":"article","og_title":"SPLASH VR MONOLITHIC SEAT - Metalco","og_description":"Monolithic seat with an organic shape, produced in fiber glass, thickness5 mm, with threaded bushings at the base for fixing feet or threaded rods.","og_url":"https:\/\/metalco-mobiliar.cz\/en\/prodotti-en\/splash-vr-monolithic-seat\/","og_site_name":"Metalco Mobiliar","article_modified_time":"2023-03-31T08:32:45+00:00","og_image":[{"width":200,"height":200,"url":"https:\/\/metalco-mobiliar.cz\/news\/wp-content\/uploads\/2022\/10\/SPLASH-VR-sklolamin\u00e1t.jpg","type":"image\/jpeg"}],"schema":{"@context":"https:\/\/schema.org","@graph":[{"@type":"WebPage","@id":"https:\/\/metalco-mobiliar.cz\/en\/prodotti-en\/splash-vr-monolithic-seat\/","url":"https:\/\/metalco-mobiliar.cz\/en\/prodotti-en\/splash-vr-monolithic-seat\/","name":"SPLASH VR MONOLITHIC SEAT - Metalco","isPartOf":{"@id":"https:\/\/metalco-mobiliar.cz\/#website"},"primaryImageOfPage":{"@id":"https:\/\/metalco-mobiliar.cz\/en\/prodotti-en\/splash-vr-monolithic-seat\/#primaryimage"},"image":{"@id":"https:\/\/metalco-mobiliar.cz\/en\/prodotti-en\/splash-vr-monolithic-seat\/#primaryimage"},"thumbnailUrl":"https:\/\/metalco-mobiliar.cz\/news\/wp-content\/uploads\/2022\/10\/SPLASH-VR-sklolamin\u00e1t.jpg","datePublished":"2022-10-11T07:10:49+00:00","dateModified":"2023-03-31T08:32:45+00:00","description":"Monolithic seat with an organic shape, produced in fiber glass, thickness5 mm, with threaded bushings at the base for fixing feet or threaded rods.","breadcrumb":{"@id":"https:\/\/metalco-mobiliar.cz\/en\/prodotti-en\/splash-vr-monolithic-seat\/#breadcrumb"},"inLanguage":"en-US","potentialAction":[{"@type":"ReadAction","target":["https:\/\/metalco-mobiliar.cz\/en\/prodotti-en\/splash-vr-monolithic-seat\/"]}]},{"@type":"ImageObject","inLanguage":"en-US","@id":"https:\/\/metalco-mobiliar.cz\/en\/prodotti-en\/splash-vr-monolithic-seat\/#primaryimage","url":"https:\/\/metalco-mobiliar.cz\/news\/wp-content\/uploads\/2022\/10\/SPLASH-VR-sklolamin\u00e1t.jpg","contentUrl":"https:\/\/metalco-mobiliar.cz\/news\/wp-content\/uploads\/2022\/10\/SPLASH-VR-sklolamin\u00e1t.jpg","width":200,"height":200,"caption":"sezen\u00ed sklolamin\u00e1t Splash"},{"@type":"BreadcrumbList","@id":"https:\/\/metalco-mobiliar.cz\/en\/prodotti-en\/splash-vr-monolithic-seat\/#breadcrumb","itemListElement":[{"@type":"ListItem","position":1,"name":"Home","item":"https:\/\/metalco-mobiliar.cz\/en\/"},{"@type":"ListItem","position":2,"name":"SPLASH VR MONOLITHIC SEAT"}]},{"@type":"WebSite","@id":"https:\/\/metalco-mobiliar.cz\/#website","url":"https:\/\/metalco-mobiliar.cz\/","name":"Metalco \u2013 m\u011bstsk\u00fd mobili\u00e1\u0159","description":"M\u011bstsk\u00fd mobili\u00e1\u0159 Metalco","potentialAction":[{"@type":"SearchAction","target":{"@type":"EntryPoint","urlTemplate":"https:\/\/metalco-mobiliar.cz\/?s={search_term_string}"},"query-input":"required name=search_term_string"}],"inLanguage":"en-US"}]}},"_links":{"self":[{"href":"https:\/\/metalco-mobiliar.cz\/en\/wp-json\/wp\/v2\/product\/36908"}],"collection":[{"href":"https:\/\/metalco-mobiliar.cz\/en\/wp-json\/wp\/v2\/product"}],"about":[{"href":"https:\/\/metalco-mobiliar.cz\/en\/wp-json\/wp\/v2\/types\/product"}],"replies":[{"embeddable":true,"href":"https:\/\/metalco-mobiliar.cz\/en\/wp-json\/wp\/v2\/comments?post=36908"}],"wp:featuredmedia":[{"embeddable":true,"href":"https:\/\/metalco-mobiliar.cz\/en\/wp-json\/wp\/v2\/media\/36894"}],"wp:attachment":[{"href":"https:\/\/metalco-mobiliar.cz\/en\/wp-json\/wp\/v2\/media?parent=36908"}],"wp:term":[{"taxonomy":"product_cat","embeddable":true,"href":"https:\/\/metalco-mobiliar.cz\/en\/wp-json\/wp\/v2\/product_cat?post=36908"},{"taxonomy":"product_tag","embeddable":true,"href":"https:\/\/metalco-mobiliar.cz\/en\/wp-json\/wp\/v2\/product_tag?post=36908"}],"curies":[{"name":"wp","href":"https:\/\/api.w.org\/{rel}","templated":true}]}}