{"id":37189,"date":"2023-02-28T12:18:07","date_gmt":"2023-02-28T11:18:07","guid":{"rendered":"http:\/\/metalco-mobiliar.cz\/prodotto\/pensilis-1722-pensilina\/"},"modified":"2023-02-28T12:23:33","modified_gmt":"2023-02-28T11:23:33","slug":"pensilis-1722-shelter","status":"publish","type":"product","link":"https:\/\/metalco-mobiliar.cz\/en\/prodotti-en\/pensilis-1722-shelter\/","title":{"rendered":"PENSILIS 1722 SHELTER"},"content":{"rendered":"<p>Shelter composed of load-bearing columns in steel profile and a monolithic frame,<br \/>\nmade of steel tube and profiles, that supports a roof made of tempered and coupled glass sheets, decorated with serigraphy. The back walls are made of coupled glass.<br \/>\nThe shelter is equipped with two side walls, one made of coupled glass and the other<br \/>\nequipped with an advertising board made of aluminum profiles with integrated lighting system. The shelter is complete with toponym and it is provided with Sedis bench in Okum\u00e8 wood, fixed to the lower current of the supporting structure. The glass sheets can be equipped with holes for the installation of an additional display board.<\/p>\n<p><strong>Fixing:<\/strong> Plate with anchors<\/p>\n<p><strong>Dimensions:<\/strong><br \/>\nL 4292&#215;1722 mm I 4059 mm<br \/>\nH 2383 mm<br \/>\nL seat\u00a0 2400 mm<\/p>\n","protected":false},"excerpt":{"rendered":"<p>Shelter composed of load-bearing columns in steel profile and a monolithic frame, made of steel tube and profiles, that supports a roof made of tempered and coupled glass sheets, decorated with serigraphy. The back walls are made of coupled glass. The shelter is equipped with two side walls, one made of coupled glass and the [&hellip;]<\/p>\n","protected":false},"featured_media":37163,"comment_status":"closed","ping_status":"closed","template":"","meta":{"_acf_changed":false},"product_cat":[348],"product_tag":[],"class_list":{"0":"post-37189","1":"product","2":"type-product","3":"status-publish","4":"has-post-thumbnail","6":"product_cat-bus-shelter-covers","7":"pa_designers-antonio-citterio","8":"pa_designers-toan-nguyen","9":"pa_material-glass","10":"pa_material-powder-coated-steel","11":"collezioni-stile-en","12":"catalogo-catalogue-stile-2025","14":"first","15":"instock","16":"shipping-taxable","17":"product-type-simple"},"acf":[],"yoast_head":"<!-- This site is optimized with the Yoast SEO plugin v23.2 - https:\/\/yoast.com\/wordpress\/plugins\/seo\/ -->\n<title>PENSILIS 1722 SHELTER - Metalco Mobiliar<\/title>\n<meta name=\"robots\" content=\"index, follow, max-snippet:-1, max-image-preview:large, max-video-preview:-1\" \/>\n<link rel=\"canonical\" href=\"https:\/\/metalco-mobiliar.cz\/en\/prodotti-en\/pensilis-1722-shelter\/\" \/>\n<meta property=\"og:locale\" content=\"en_US\" \/>\n<meta property=\"og:type\" content=\"article\" \/>\n<meta property=\"og:title\" content=\"PENSILIS 1722 SHELTER - Metalco Mobiliar\" \/>\n<meta property=\"og:description\" content=\"Shelter composed of load-bearing columns in steel profile and a monolithic frame, made of steel tube and profiles, that supports a roof made of tempered and coupled glass sheets, decorated with serigraphy. The back walls are made of coupled glass. The shelter is equipped with two side walls, one made of coupled glass and the [&hellip;]\" \/>\n<meta property=\"og:url\" content=\"https:\/\/metalco-mobiliar.cz\/en\/prodotti-en\/pensilis-1722-shelter\/\" \/>\n<meta property=\"og:site_name\" content=\"Metalco Mobiliar\" \/>\n<meta property=\"article:modified_time\" content=\"2023-02-28T11:23:33+00:00\" \/>\n<meta property=\"og:image\" content=\"https:\/\/metalco-mobiliar.cz\/news\/wp-content\/uploads\/2023\/02\/autobusov\u00fd-p\u0159\u00edst\u0159e\u0161ek-Pensilis-1722.jpg\" \/>\n\t<meta property=\"og:image:width\" content=\"200\" \/>\n\t<meta property=\"og:image:height\" content=\"200\" \/>\n\t<meta property=\"og:image:type\" content=\"image\/jpeg\" \/>\n<meta name=\"twitter:label1\" content=\"Est. reading time\" \/>\n\t<meta name=\"twitter:data1\" content=\"1 minute\" \/>\n<script type=\"application\/ld+json\" class=\"yoast-schema-graph\">{\"@context\":\"https:\/\/schema.org\",\"@graph\":[{\"@type\":\"WebPage\",\"@id\":\"https:\/\/metalco-mobiliar.cz\/en\/prodotti-en\/pensilis-1722-shelter\/\",\"url\":\"https:\/\/metalco-mobiliar.cz\/en\/prodotti-en\/pensilis-1722-shelter\/\",\"name\":\"PENSILIS 1722 SHELTER - Metalco Mobiliar\",\"isPartOf\":{\"@id\":\"https:\/\/metalco-mobiliar.cz\/#website\"},\"primaryImageOfPage\":{\"@id\":\"https:\/\/metalco-mobiliar.cz\/en\/prodotti-en\/pensilis-1722-shelter\/#primaryimage\"},\"image\":{\"@id\":\"https:\/\/metalco-mobiliar.cz\/en\/prodotti-en\/pensilis-1722-shelter\/#primaryimage\"},\"thumbnailUrl\":\"https:\/\/metalco-mobiliar.cz\/news\/wp-content\/uploads\/2023\/02\/autobusov\u00fd-p\u0159\u00edst\u0159e\u0161ek-Pensilis-1722.jpg\",\"datePublished\":\"2023-02-28T11:18:07+00:00\",\"dateModified\":\"2023-02-28T11:23:33+00:00\",\"breadcrumb\":{\"@id\":\"https:\/\/metalco-mobiliar.cz\/en\/prodotti-en\/pensilis-1722-shelter\/#breadcrumb\"},\"inLanguage\":\"en-US\",\"potentialAction\":[{\"@type\":\"ReadAction\",\"target\":[\"https:\/\/metalco-mobiliar.cz\/en\/prodotti-en\/pensilis-1722-shelter\/\"]}]},{\"@type\":\"ImageObject\",\"inLanguage\":\"en-US\",\"@id\":\"https:\/\/metalco-mobiliar.cz\/en\/prodotti-en\/pensilis-1722-shelter\/#primaryimage\",\"url\":\"https:\/\/metalco-mobiliar.cz\/news\/wp-content\/uploads\/2023\/02\/autobusov\u00fd-p\u0159\u00edst\u0159e\u0161ek-Pensilis-1722.jpg\",\"contentUrl\":\"https:\/\/metalco-mobiliar.cz\/news\/wp-content\/uploads\/2023\/02\/autobusov\u00fd-p\u0159\u00edst\u0159e\u0161ek-Pensilis-1722.jpg\",\"width\":200,\"height\":200,\"caption\":\"Autobusov\u00fd p\u0159\u00edst\u0159e\u0161ek Pensilis\"},{\"@type\":\"BreadcrumbList\",\"@id\":\"https:\/\/metalco-mobiliar.cz\/en\/prodotti-en\/pensilis-1722-shelter\/#breadcrumb\",\"itemListElement\":[{\"@type\":\"ListItem\",\"position\":1,\"name\":\"Home\",\"item\":\"https:\/\/metalco-mobiliar.cz\/en\/\"},{\"@type\":\"ListItem\",\"position\":2,\"name\":\"PENSILIS 1722 SHELTER\"}]},{\"@type\":\"WebSite\",\"@id\":\"https:\/\/metalco-mobiliar.cz\/#website\",\"url\":\"https:\/\/metalco-mobiliar.cz\/\",\"name\":\"Metalco \u2013 m\u011bstsk\u00fd mobili\u00e1\u0159\",\"description\":\"M\u011bstsk\u00fd mobili\u00e1\u0159 Metalco\",\"potentialAction\":[{\"@type\":\"SearchAction\",\"target\":{\"@type\":\"EntryPoint\",\"urlTemplate\":\"https:\/\/metalco-mobiliar.cz\/?s={search_term_string}\"},\"query-input\":\"required name=search_term_string\"}],\"inLanguage\":\"en-US\"}]}<\/script>\n<!-- \/ Yoast SEO plugin. -->","yoast_head_json":{"title":"PENSILIS 1722 SHELTER - Metalco Mobiliar","robots":{"index":"index","follow":"follow","max-snippet":"max-snippet:-1","max-image-preview":"max-image-preview:large","max-video-preview":"max-video-preview:-1"},"canonical":"https:\/\/metalco-mobiliar.cz\/en\/prodotti-en\/pensilis-1722-shelter\/","og_locale":"en_US","og_type":"article","og_title":"PENSILIS 1722 SHELTER - Metalco Mobiliar","og_description":"Shelter composed of load-bearing columns in steel profile and a monolithic frame, made of steel tube and profiles, that supports a roof made of tempered and coupled glass sheets, decorated with serigraphy. The back walls are made of coupled glass. The shelter is equipped with two side walls, one made of coupled glass and the [&hellip;]","og_url":"https:\/\/metalco-mobiliar.cz\/en\/prodotti-en\/pensilis-1722-shelter\/","og_site_name":"Metalco Mobiliar","article_modified_time":"2023-02-28T11:23:33+00:00","og_image":[{"width":200,"height":200,"url":"https:\/\/metalco-mobiliar.cz\/news\/wp-content\/uploads\/2023\/02\/autobusov\u00fd-p\u0159\u00edst\u0159e\u0161ek-Pensilis-1722.jpg","type":"image\/jpeg"}],"twitter_misc":{"Est. reading time":"1 minute"},"schema":{"@context":"https:\/\/schema.org","@graph":[{"@type":"WebPage","@id":"https:\/\/metalco-mobiliar.cz\/en\/prodotti-en\/pensilis-1722-shelter\/","url":"https:\/\/metalco-mobiliar.cz\/en\/prodotti-en\/pensilis-1722-shelter\/","name":"PENSILIS 1722 SHELTER - Metalco Mobiliar","isPartOf":{"@id":"https:\/\/metalco-mobiliar.cz\/#website"},"primaryImageOfPage":{"@id":"https:\/\/metalco-mobiliar.cz\/en\/prodotti-en\/pensilis-1722-shelter\/#primaryimage"},"image":{"@id":"https:\/\/metalco-mobiliar.cz\/en\/prodotti-en\/pensilis-1722-shelter\/#primaryimage"},"thumbnailUrl":"https:\/\/metalco-mobiliar.cz\/news\/wp-content\/uploads\/2023\/02\/autobusov\u00fd-p\u0159\u00edst\u0159e\u0161ek-Pensilis-1722.jpg","datePublished":"2023-02-28T11:18:07+00:00","dateModified":"2023-02-28T11:23:33+00:00","breadcrumb":{"@id":"https:\/\/metalco-mobiliar.cz\/en\/prodotti-en\/pensilis-1722-shelter\/#breadcrumb"},"inLanguage":"en-US","potentialAction":[{"@type":"ReadAction","target":["https:\/\/metalco-mobiliar.cz\/en\/prodotti-en\/pensilis-1722-shelter\/"]}]},{"@type":"ImageObject","inLanguage":"en-US","@id":"https:\/\/metalco-mobiliar.cz\/en\/prodotti-en\/pensilis-1722-shelter\/#primaryimage","url":"https:\/\/metalco-mobiliar.cz\/news\/wp-content\/uploads\/2023\/02\/autobusov\u00fd-p\u0159\u00edst\u0159e\u0161ek-Pensilis-1722.jpg","contentUrl":"https:\/\/metalco-mobiliar.cz\/news\/wp-content\/uploads\/2023\/02\/autobusov\u00fd-p\u0159\u00edst\u0159e\u0161ek-Pensilis-1722.jpg","width":200,"height":200,"caption":"Autobusov\u00fd p\u0159\u00edst\u0159e\u0161ek Pensilis"},{"@type":"BreadcrumbList","@id":"https:\/\/metalco-mobiliar.cz\/en\/prodotti-en\/pensilis-1722-shelter\/#breadcrumb","itemListElement":[{"@type":"ListItem","position":1,"name":"Home","item":"https:\/\/metalco-mobiliar.cz\/en\/"},{"@type":"ListItem","position":2,"name":"PENSILIS 1722 SHELTER"}]},{"@type":"WebSite","@id":"https:\/\/metalco-mobiliar.cz\/#website","url":"https:\/\/metalco-mobiliar.cz\/","name":"Metalco \u2013 m\u011bstsk\u00fd mobili\u00e1\u0159","description":"M\u011bstsk\u00fd mobili\u00e1\u0159 Metalco","potentialAction":[{"@type":"SearchAction","target":{"@type":"EntryPoint","urlTemplate":"https:\/\/metalco-mobiliar.cz\/?s={search_term_string}"},"query-input":"required name=search_term_string"}],"inLanguage":"en-US"}]}},"_links":{"self":[{"href":"https:\/\/metalco-mobiliar.cz\/en\/wp-json\/wp\/v2\/product\/37189"}],"collection":[{"href":"https:\/\/metalco-mobiliar.cz\/en\/wp-json\/wp\/v2\/product"}],"about":[{"href":"https:\/\/metalco-mobiliar.cz\/en\/wp-json\/wp\/v2\/types\/product"}],"replies":[{"embeddable":true,"href":"https:\/\/metalco-mobiliar.cz\/en\/wp-json\/wp\/v2\/comments?post=37189"}],"wp:featuredmedia":[{"embeddable":true,"href":"https:\/\/metalco-mobiliar.cz\/en\/wp-json\/wp\/v2\/media\/37163"}],"wp:attachment":[{"href":"https:\/\/metalco-mobiliar.cz\/en\/wp-json\/wp\/v2\/media?parent=37189"}],"wp:term":[{"taxonomy":"product_cat","embeddable":true,"href":"https:\/\/metalco-mobiliar.cz\/en\/wp-json\/wp\/v2\/product_cat?post=37189"},{"taxonomy":"product_tag","embeddable":true,"href":"https:\/\/metalco-mobiliar.cz\/en\/wp-json\/wp\/v2\/product_tag?post=37189"}],"curies":[{"name":"wp","href":"https:\/\/api.w.org\/{rel}","templated":true}]}}