{"id":37221,"date":"2017-05-26T11:26:00","date_gmt":"2017-05-26T09:26:00","guid":{"rendered":"http:\/\/metalco-mobiliar.cz\/prodotto\/popelnik-scrambler\/"},"modified":"2023-05-16T12:35:13","modified_gmt":"2023-05-16T10:35:13","slug":"scrambler-cigarette-bins","status":"publish","type":"product","link":"https:\/\/metalco-mobiliar.cz\/en\/prodotti-en\/scrambler-cigarette-bins\/","title":{"rendered":"SCRAMBLER CIGARETTE BINS"},"content":{"rendered":"<p>Cylindrical cigarette bin in stainless steel composed of a removable container with<br \/>\nlock and equipped with side holes for the extinguishing of cigarettes and an upper slit.<br \/>\nThe elements are integrated in a supporting structure in steel tube.<\/p>\n<p>POWDER COATED STEEL + STAINLESS STEEL<\/p>\n<p>FIXING:\u00a0PRE-DRILLED FOR ANCHORS<\/p>\n<p><strong>Capacity:<\/strong> 1,3 lt<\/p>\n<p><strong>Dimensions and weight:<\/strong><br \/>\n\u00d8 261 mm (base plate)<br \/>\n\u00d8 121 mm (element) H 1086 mm<br \/>\n13&nbsp;kg<\/p>\n<p>&nbsp;<\/p>\n","protected":false},"excerpt":{"rendered":"<p>Cylindrical cigarette bin in stainless steel composed of a removable container with lock and equipped with side holes for the extinguishing of cigarettes and an upper slit. The elements are integrated in a supporting structure in steel tube. POWDER COATED STEEL + STAINLESS STEEL FIXING:\u00a0PRE-DRILLED FOR ANCHORS Capacity: 1,3 lt Dimensions and weight: \u00d8 261 [&hellip;]<\/p>\n","protected":false},"featured_media":35380,"comment_status":"closed","ping_status":"closed","template":"","meta":{"_acf_changed":false},"product_cat":[988],"product_tag":[],"class_list":{"0":"post-37221","1":"product","2":"type-product","3":"status-publish","4":"has-post-thumbnail","6":"product_cat-cigarette-bin","7":"pa_designers-mattia-li-pomi","8":"pa_material-powder-coated-steel","9":"pa_material-stainless-steel","10":"collezioni-stile-en","11":"catalogo-catalogue-stile-2025","13":"first","14":"instock","15":"shipping-taxable","16":"product-type-simple"},"acf":[],"yoast_head":"<!-- This site is optimized with the Yoast SEO plugin v23.2 - https:\/\/yoast.com\/wordpress\/plugins\/seo\/ -->\n<title>SCRAMBLER CIGARETTE BINS - Metalco Mobiliar<\/title>\n<meta name=\"robots\" content=\"index, follow, max-snippet:-1, max-image-preview:large, max-video-preview:-1\" \/>\n<link rel=\"canonical\" href=\"https:\/\/metalco-mobiliar.cz\/en\/prodotti-en\/scrambler-cigarette-bins\/\" \/>\n<meta property=\"og:locale\" content=\"en_US\" \/>\n<meta property=\"og:type\" content=\"article\" \/>\n<meta property=\"og:title\" content=\"SCRAMBLER CIGARETTE BINS - Metalco Mobiliar\" \/>\n<meta property=\"og:description\" content=\"Cylindrical cigarette bin in stainless steel composed of a removable container with lock and equipped with side holes for the extinguishing of cigarettes and an upper slit. The elements are integrated in a supporting structure in steel tube. POWDER COATED STEEL + STAINLESS STEEL FIXING:\u00a0PRE-DRILLED FOR ANCHORS Capacity: 1,3 lt Dimensions and weight: \u00d8 261 [&hellip;]\" \/>\n<meta property=\"og:url\" content=\"https:\/\/metalco-mobiliar.cz\/en\/prodotti-en\/scrambler-cigarette-bins\/\" \/>\n<meta property=\"og:site_name\" content=\"Metalco Mobiliar\" \/>\n<meta property=\"article:modified_time\" content=\"2023-05-16T10:35:13+00:00\" \/>\n<meta property=\"og:image\" content=\"https:\/\/metalco-mobiliar.cz\/news\/wp-content\/uploads\/2017\/05\/SCRAMBLER-I.jpg\" \/>\n\t<meta property=\"og:image:width\" content=\"200\" \/>\n\t<meta property=\"og:image:height\" content=\"200\" \/>\n\t<meta property=\"og:image:type\" content=\"image\/jpeg\" \/>\n<script type=\"application\/ld+json\" class=\"yoast-schema-graph\">{\"@context\":\"https:\/\/schema.org\",\"@graph\":[{\"@type\":\"WebPage\",\"@id\":\"https:\/\/metalco-mobiliar.cz\/en\/prodotti-en\/scrambler-cigarette-bins\/\",\"url\":\"https:\/\/metalco-mobiliar.cz\/en\/prodotti-en\/scrambler-cigarette-bins\/\",\"name\":\"SCRAMBLER CIGARETTE BINS - Metalco Mobiliar\",\"isPartOf\":{\"@id\":\"https:\/\/metalco-mobiliar.cz\/#website\"},\"primaryImageOfPage\":{\"@id\":\"https:\/\/metalco-mobiliar.cz\/en\/prodotti-en\/scrambler-cigarette-bins\/#primaryimage\"},\"image\":{\"@id\":\"https:\/\/metalco-mobiliar.cz\/en\/prodotti-en\/scrambler-cigarette-bins\/#primaryimage\"},\"thumbnailUrl\":\"https:\/\/metalco-mobiliar.cz\/news\/wp-content\/uploads\/2017\/05\/SCRAMBLER-I.jpg\",\"datePublished\":\"2017-05-26T09:26:00+00:00\",\"dateModified\":\"2023-05-16T10:35:13+00:00\",\"breadcrumb\":{\"@id\":\"https:\/\/metalco-mobiliar.cz\/en\/prodotti-en\/scrambler-cigarette-bins\/#breadcrumb\"},\"inLanguage\":\"en-US\",\"potentialAction\":[{\"@type\":\"ReadAction\",\"target\":[\"https:\/\/metalco-mobiliar.cz\/en\/prodotti-en\/scrambler-cigarette-bins\/\"]}]},{\"@type\":\"ImageObject\",\"inLanguage\":\"en-US\",\"@id\":\"https:\/\/metalco-mobiliar.cz\/en\/prodotti-en\/scrambler-cigarette-bins\/#primaryimage\",\"url\":\"https:\/\/metalco-mobiliar.cz\/news\/wp-content\/uploads\/2017\/05\/SCRAMBLER-I.jpg\",\"contentUrl\":\"https:\/\/metalco-mobiliar.cz\/news\/wp-content\/uploads\/2017\/05\/SCRAMBLER-I.jpg\",\"width\":200,\"height\":200,\"caption\":\"venkovn\u00ed popeln\u00edk\"},{\"@type\":\"BreadcrumbList\",\"@id\":\"https:\/\/metalco-mobiliar.cz\/en\/prodotti-en\/scrambler-cigarette-bins\/#breadcrumb\",\"itemListElement\":[{\"@type\":\"ListItem\",\"position\":1,\"name\":\"Home\",\"item\":\"https:\/\/metalco-mobiliar.cz\/en\/\"},{\"@type\":\"ListItem\",\"position\":2,\"name\":\"SCRAMBLER CIGARETTE BINS\"}]},{\"@type\":\"WebSite\",\"@id\":\"https:\/\/metalco-mobiliar.cz\/#website\",\"url\":\"https:\/\/metalco-mobiliar.cz\/\",\"name\":\"Metalco \u2013 m\u011bstsk\u00fd mobili\u00e1\u0159\",\"description\":\"M\u011bstsk\u00fd mobili\u00e1\u0159 Metalco\",\"potentialAction\":[{\"@type\":\"SearchAction\",\"target\":{\"@type\":\"EntryPoint\",\"urlTemplate\":\"https:\/\/metalco-mobiliar.cz\/?s={search_term_string}\"},\"query-input\":\"required name=search_term_string\"}],\"inLanguage\":\"en-US\"}]}<\/script>\n<!-- \/ Yoast SEO plugin. -->","yoast_head_json":{"title":"SCRAMBLER CIGARETTE BINS - Metalco Mobiliar","robots":{"index":"index","follow":"follow","max-snippet":"max-snippet:-1","max-image-preview":"max-image-preview:large","max-video-preview":"max-video-preview:-1"},"canonical":"https:\/\/metalco-mobiliar.cz\/en\/prodotti-en\/scrambler-cigarette-bins\/","og_locale":"en_US","og_type":"article","og_title":"SCRAMBLER CIGARETTE BINS - Metalco Mobiliar","og_description":"Cylindrical cigarette bin in stainless steel composed of a removable container with lock and equipped with side holes for the extinguishing of cigarettes and an upper slit. The elements are integrated in a supporting structure in steel tube. POWDER COATED STEEL + STAINLESS STEEL FIXING:\u00a0PRE-DRILLED FOR ANCHORS Capacity: 1,3 lt Dimensions and weight: \u00d8 261 [&hellip;]","og_url":"https:\/\/metalco-mobiliar.cz\/en\/prodotti-en\/scrambler-cigarette-bins\/","og_site_name":"Metalco Mobiliar","article_modified_time":"2023-05-16T10:35:13+00:00","og_image":[{"width":200,"height":200,"url":"https:\/\/metalco-mobiliar.cz\/news\/wp-content\/uploads\/2017\/05\/SCRAMBLER-I.jpg","type":"image\/jpeg"}],"schema":{"@context":"https:\/\/schema.org","@graph":[{"@type":"WebPage","@id":"https:\/\/metalco-mobiliar.cz\/en\/prodotti-en\/scrambler-cigarette-bins\/","url":"https:\/\/metalco-mobiliar.cz\/en\/prodotti-en\/scrambler-cigarette-bins\/","name":"SCRAMBLER CIGARETTE BINS - Metalco Mobiliar","isPartOf":{"@id":"https:\/\/metalco-mobiliar.cz\/#website"},"primaryImageOfPage":{"@id":"https:\/\/metalco-mobiliar.cz\/en\/prodotti-en\/scrambler-cigarette-bins\/#primaryimage"},"image":{"@id":"https:\/\/metalco-mobiliar.cz\/en\/prodotti-en\/scrambler-cigarette-bins\/#primaryimage"},"thumbnailUrl":"https:\/\/metalco-mobiliar.cz\/news\/wp-content\/uploads\/2017\/05\/SCRAMBLER-I.jpg","datePublished":"2017-05-26T09:26:00+00:00","dateModified":"2023-05-16T10:35:13+00:00","breadcrumb":{"@id":"https:\/\/metalco-mobiliar.cz\/en\/prodotti-en\/scrambler-cigarette-bins\/#breadcrumb"},"inLanguage":"en-US","potentialAction":[{"@type":"ReadAction","target":["https:\/\/metalco-mobiliar.cz\/en\/prodotti-en\/scrambler-cigarette-bins\/"]}]},{"@type":"ImageObject","inLanguage":"en-US","@id":"https:\/\/metalco-mobiliar.cz\/en\/prodotti-en\/scrambler-cigarette-bins\/#primaryimage","url":"https:\/\/metalco-mobiliar.cz\/news\/wp-content\/uploads\/2017\/05\/SCRAMBLER-I.jpg","contentUrl":"https:\/\/metalco-mobiliar.cz\/news\/wp-content\/uploads\/2017\/05\/SCRAMBLER-I.jpg","width":200,"height":200,"caption":"venkovn\u00ed popeln\u00edk"},{"@type":"BreadcrumbList","@id":"https:\/\/metalco-mobiliar.cz\/en\/prodotti-en\/scrambler-cigarette-bins\/#breadcrumb","itemListElement":[{"@type":"ListItem","position":1,"name":"Home","item":"https:\/\/metalco-mobiliar.cz\/en\/"},{"@type":"ListItem","position":2,"name":"SCRAMBLER CIGARETTE BINS"}]},{"@type":"WebSite","@id":"https:\/\/metalco-mobiliar.cz\/#website","url":"https:\/\/metalco-mobiliar.cz\/","name":"Metalco \u2013 m\u011bstsk\u00fd mobili\u00e1\u0159","description":"M\u011bstsk\u00fd mobili\u00e1\u0159 Metalco","potentialAction":[{"@type":"SearchAction","target":{"@type":"EntryPoint","urlTemplate":"https:\/\/metalco-mobiliar.cz\/?s={search_term_string}"},"query-input":"required name=search_term_string"}],"inLanguage":"en-US"}]}},"_links":{"self":[{"href":"https:\/\/metalco-mobiliar.cz\/en\/wp-json\/wp\/v2\/product\/37221"}],"collection":[{"href":"https:\/\/metalco-mobiliar.cz\/en\/wp-json\/wp\/v2\/product"}],"about":[{"href":"https:\/\/metalco-mobiliar.cz\/en\/wp-json\/wp\/v2\/types\/product"}],"replies":[{"embeddable":true,"href":"https:\/\/metalco-mobiliar.cz\/en\/wp-json\/wp\/v2\/comments?post=37221"}],"wp:featuredmedia":[{"embeddable":true,"href":"https:\/\/metalco-mobiliar.cz\/en\/wp-json\/wp\/v2\/media\/35380"}],"wp:attachment":[{"href":"https:\/\/metalco-mobiliar.cz\/en\/wp-json\/wp\/v2\/media?parent=37221"}],"wp:term":[{"taxonomy":"product_cat","embeddable":true,"href":"https:\/\/metalco-mobiliar.cz\/en\/wp-json\/wp\/v2\/product_cat?post=37221"},{"taxonomy":"product_tag","embeddable":true,"href":"https:\/\/metalco-mobiliar.cz\/en\/wp-json\/wp\/v2\/product_tag?post=37221"}],"curies":[{"name":"wp","href":"https:\/\/api.w.org\/{rel}","templated":true}]}}