{"id":37227,"date":"2017-12-01T11:37:40","date_gmt":"2017-12-01T10:37:40","guid":{"rendered":"http:\/\/metalco-mobiliar.cz\/prodotto\/souprava-lavicek-se-stolem-air-a\/"},"modified":"2023-06-30T10:31:21","modified_gmt":"2023-06-30T08:31:21","slug":"air-a-collection-bench-table","status":"publish","type":"product","link":"https:\/\/metalco-mobiliar.cz\/en\/prodotti-en\/air-a-collection-bench-table\/","title":{"rendered":"AIR \u2013 A COLLECTION BENCH-TABLE"},"content":{"rendered":"<p>Modular steel table with two integrated seats and composed of a supporting structure made of thick steel sheet and a plane in tubes.<\/p>\n<p>Fixing: Freestanding with pedestals or Installation with threaded bars<\/p>\n<p><strong>Accessories<\/strong>: Anti-theft screws<\/p>\n<p><strong>Dimensions and weight:<\/strong><br \/>\n2200&#215;1700 mm H 744 mm h 424 mm<br \/>\n178&nbsp;kg<\/p>\n<blockquote class=\"wp-embedded-content\" data-secret=\"JWZTXjNsyf\"><p>&nbsp;<\/p><\/blockquote>\n","protected":false},"excerpt":{"rendered":"<p>Modular steel table with two integrated seats and composed of a supporting structure made of thick steel sheet and a plane in tubes. Fixing: Freestanding with pedestals or Installation with threaded bars Accessories: Anti-theft screws Dimensions and weight: 2200&#215;1700 mm H 744 mm h 424 mm 178&nbsp;kg &nbsp;<\/p>\n","protected":false},"featured_media":37229,"comment_status":"closed","ping_status":"closed","template":"","meta":{"_acf_changed":false},"product_cat":[725,345],"product_tag":[],"class_list":{"0":"post-37227","1":"product","2":"type-product","3":"status-publish","4":"has-post-thumbnail","6":"product_cat-pic-nic-area","7":"product_cat-seats-benches","8":"pa_designers-alfredo-tasca","9":"pa_designers-massimo-tasca","10":"pa_designers-raffaele-lazzari","11":"pa_material-powder-coated-steel","12":"collezioni-stile-en","13":"catalogo-catalogue-stile-2025","15":"first","16":"instock","17":"shipping-taxable","18":"product-type-simple"},"acf":[],"yoast_head":"<!-- This site is optimized with the Yoast SEO plugin v23.2 - https:\/\/yoast.com\/wordpress\/plugins\/seo\/ -->\n<title>AIR \u2013 A COLLECTION BENCH-TABLE - Metalco Mobiliar<\/title>\n<meta name=\"robots\" content=\"index, follow, max-snippet:-1, max-image-preview:large, max-video-preview:-1\" \/>\n<link rel=\"canonical\" href=\"https:\/\/metalco-mobiliar.cz\/en\/prodotti-en\/air-a-collection-bench-table\/\" \/>\n<meta property=\"og:locale\" content=\"en_US\" \/>\n<meta property=\"og:type\" content=\"article\" \/>\n<meta property=\"og:title\" content=\"AIR \u2013 A COLLECTION BENCH-TABLE - Metalco Mobiliar\" \/>\n<meta property=\"og:description\" content=\"Modular steel table with two integrated seats and composed of a supporting structure made of thick steel sheet and a plane in tubes. Fixing: Freestanding with pedestals or Installation with threaded bars Accessories: Anti-theft screws Dimensions and weight: 2200&#215;1700 mm H 744 mm h 424 mm 178&nbsp;kg &nbsp;\" \/>\n<meta property=\"og:url\" content=\"https:\/\/metalco-mobiliar.cz\/en\/prodotti-en\/air-a-collection-bench-table\/\" \/>\n<meta property=\"og:site_name\" content=\"Metalco Mobiliar\" \/>\n<meta property=\"article:modified_time\" content=\"2023-06-30T08:31:21+00:00\" \/>\n<meta property=\"og:image\" content=\"https:\/\/metalco-mobiliar.cz\/news\/wp-content\/uploads\/2017\/12\/AIR-A-I.jpg\" \/>\n\t<meta property=\"og:image:width\" content=\"200\" \/>\n\t<meta property=\"og:image:height\" content=\"200\" \/>\n\t<meta property=\"og:image:type\" content=\"image\/jpeg\" \/>\n<script type=\"application\/ld+json\" class=\"yoast-schema-graph\">{\"@context\":\"https:\/\/schema.org\",\"@graph\":[{\"@type\":\"WebPage\",\"@id\":\"https:\/\/metalco-mobiliar.cz\/en\/prodotti-en\/air-a-collection-bench-table\/\",\"url\":\"https:\/\/metalco-mobiliar.cz\/en\/prodotti-en\/air-a-collection-bench-table\/\",\"name\":\"AIR \u2013 A COLLECTION BENCH-TABLE - Metalco Mobiliar\",\"isPartOf\":{\"@id\":\"https:\/\/metalco-mobiliar.cz\/#website\"},\"primaryImageOfPage\":{\"@id\":\"https:\/\/metalco-mobiliar.cz\/en\/prodotti-en\/air-a-collection-bench-table\/#primaryimage\"},\"image\":{\"@id\":\"https:\/\/metalco-mobiliar.cz\/en\/prodotti-en\/air-a-collection-bench-table\/#primaryimage\"},\"thumbnailUrl\":\"https:\/\/metalco-mobiliar.cz\/news\/wp-content\/uploads\/2017\/12\/AIR-A-I.jpg\",\"datePublished\":\"2017-12-01T10:37:40+00:00\",\"dateModified\":\"2023-06-30T08:31:21+00:00\",\"breadcrumb\":{\"@id\":\"https:\/\/metalco-mobiliar.cz\/en\/prodotti-en\/air-a-collection-bench-table\/#breadcrumb\"},\"inLanguage\":\"en-US\",\"potentialAction\":[{\"@type\":\"ReadAction\",\"target\":[\"https:\/\/metalco-mobiliar.cz\/en\/prodotti-en\/air-a-collection-bench-table\/\"]}]},{\"@type\":\"ImageObject\",\"inLanguage\":\"en-US\",\"@id\":\"https:\/\/metalco-mobiliar.cz\/en\/prodotti-en\/air-a-collection-bench-table\/#primaryimage\",\"url\":\"https:\/\/metalco-mobiliar.cz\/news\/wp-content\/uploads\/2017\/12\/AIR-A-I.jpg\",\"contentUrl\":\"https:\/\/metalco-mobiliar.cz\/news\/wp-content\/uploads\/2017\/12\/AIR-A-I.jpg\",\"width\":200,\"height\":200},{\"@type\":\"BreadcrumbList\",\"@id\":\"https:\/\/metalco-mobiliar.cz\/en\/prodotti-en\/air-a-collection-bench-table\/#breadcrumb\",\"itemListElement\":[{\"@type\":\"ListItem\",\"position\":1,\"name\":\"Home\",\"item\":\"https:\/\/metalco-mobiliar.cz\/en\/\"},{\"@type\":\"ListItem\",\"position\":2,\"name\":\"AIR \u2013 A COLLECTION BENCH-TABLE\"}]},{\"@type\":\"WebSite\",\"@id\":\"https:\/\/metalco-mobiliar.cz\/#website\",\"url\":\"https:\/\/metalco-mobiliar.cz\/\",\"name\":\"Metalco \u2013 m\u011bstsk\u00fd mobili\u00e1\u0159\",\"description\":\"M\u011bstsk\u00fd mobili\u00e1\u0159 Metalco\",\"potentialAction\":[{\"@type\":\"SearchAction\",\"target\":{\"@type\":\"EntryPoint\",\"urlTemplate\":\"https:\/\/metalco-mobiliar.cz\/?s={search_term_string}\"},\"query-input\":\"required name=search_term_string\"}],\"inLanguage\":\"en-US\"}]}<\/script>\n<!-- \/ Yoast SEO plugin. -->","yoast_head_json":{"title":"AIR \u2013 A COLLECTION BENCH-TABLE - Metalco Mobiliar","robots":{"index":"index","follow":"follow","max-snippet":"max-snippet:-1","max-image-preview":"max-image-preview:large","max-video-preview":"max-video-preview:-1"},"canonical":"https:\/\/metalco-mobiliar.cz\/en\/prodotti-en\/air-a-collection-bench-table\/","og_locale":"en_US","og_type":"article","og_title":"AIR \u2013 A COLLECTION BENCH-TABLE - Metalco Mobiliar","og_description":"Modular steel table with two integrated seats and composed of a supporting structure made of thick steel sheet and a plane in tubes. Fixing: Freestanding with pedestals or Installation with threaded bars Accessories: Anti-theft screws Dimensions and weight: 2200&#215;1700 mm H 744 mm h 424 mm 178&nbsp;kg &nbsp;","og_url":"https:\/\/metalco-mobiliar.cz\/en\/prodotti-en\/air-a-collection-bench-table\/","og_site_name":"Metalco Mobiliar","article_modified_time":"2023-06-30T08:31:21+00:00","og_image":[{"width":200,"height":200,"url":"https:\/\/metalco-mobiliar.cz\/news\/wp-content\/uploads\/2017\/12\/AIR-A-I.jpg","type":"image\/jpeg"}],"schema":{"@context":"https:\/\/schema.org","@graph":[{"@type":"WebPage","@id":"https:\/\/metalco-mobiliar.cz\/en\/prodotti-en\/air-a-collection-bench-table\/","url":"https:\/\/metalco-mobiliar.cz\/en\/prodotti-en\/air-a-collection-bench-table\/","name":"AIR \u2013 A COLLECTION BENCH-TABLE - Metalco Mobiliar","isPartOf":{"@id":"https:\/\/metalco-mobiliar.cz\/#website"},"primaryImageOfPage":{"@id":"https:\/\/metalco-mobiliar.cz\/en\/prodotti-en\/air-a-collection-bench-table\/#primaryimage"},"image":{"@id":"https:\/\/metalco-mobiliar.cz\/en\/prodotti-en\/air-a-collection-bench-table\/#primaryimage"},"thumbnailUrl":"https:\/\/metalco-mobiliar.cz\/news\/wp-content\/uploads\/2017\/12\/AIR-A-I.jpg","datePublished":"2017-12-01T10:37:40+00:00","dateModified":"2023-06-30T08:31:21+00:00","breadcrumb":{"@id":"https:\/\/metalco-mobiliar.cz\/en\/prodotti-en\/air-a-collection-bench-table\/#breadcrumb"},"inLanguage":"en-US","potentialAction":[{"@type":"ReadAction","target":["https:\/\/metalco-mobiliar.cz\/en\/prodotti-en\/air-a-collection-bench-table\/"]}]},{"@type":"ImageObject","inLanguage":"en-US","@id":"https:\/\/metalco-mobiliar.cz\/en\/prodotti-en\/air-a-collection-bench-table\/#primaryimage","url":"https:\/\/metalco-mobiliar.cz\/news\/wp-content\/uploads\/2017\/12\/AIR-A-I.jpg","contentUrl":"https:\/\/metalco-mobiliar.cz\/news\/wp-content\/uploads\/2017\/12\/AIR-A-I.jpg","width":200,"height":200},{"@type":"BreadcrumbList","@id":"https:\/\/metalco-mobiliar.cz\/en\/prodotti-en\/air-a-collection-bench-table\/#breadcrumb","itemListElement":[{"@type":"ListItem","position":1,"name":"Home","item":"https:\/\/metalco-mobiliar.cz\/en\/"},{"@type":"ListItem","position":2,"name":"AIR \u2013 A COLLECTION BENCH-TABLE"}]},{"@type":"WebSite","@id":"https:\/\/metalco-mobiliar.cz\/#website","url":"https:\/\/metalco-mobiliar.cz\/","name":"Metalco \u2013 m\u011bstsk\u00fd mobili\u00e1\u0159","description":"M\u011bstsk\u00fd mobili\u00e1\u0159 Metalco","potentialAction":[{"@type":"SearchAction","target":{"@type":"EntryPoint","urlTemplate":"https:\/\/metalco-mobiliar.cz\/?s={search_term_string}"},"query-input":"required name=search_term_string"}],"inLanguage":"en-US"}]}},"_links":{"self":[{"href":"https:\/\/metalco-mobiliar.cz\/en\/wp-json\/wp\/v2\/product\/37227"}],"collection":[{"href":"https:\/\/metalco-mobiliar.cz\/en\/wp-json\/wp\/v2\/product"}],"about":[{"href":"https:\/\/metalco-mobiliar.cz\/en\/wp-json\/wp\/v2\/types\/product"}],"replies":[{"embeddable":true,"href":"https:\/\/metalco-mobiliar.cz\/en\/wp-json\/wp\/v2\/comments?post=37227"}],"wp:featuredmedia":[{"embeddable":true,"href":"https:\/\/metalco-mobiliar.cz\/en\/wp-json\/wp\/v2\/media\/37229"}],"wp:attachment":[{"href":"https:\/\/metalco-mobiliar.cz\/en\/wp-json\/wp\/v2\/media?parent=37227"}],"wp:term":[{"taxonomy":"product_cat","embeddable":true,"href":"https:\/\/metalco-mobiliar.cz\/en\/wp-json\/wp\/v2\/product_cat?post=37227"},{"taxonomy":"product_tag","embeddable":true,"href":"https:\/\/metalco-mobiliar.cz\/en\/wp-json\/wp\/v2\/product_tag?post=37227"}],"curies":[{"name":"wp","href":"https:\/\/api.w.org\/{rel}","templated":true}]}}