{"id":37513,"date":"2023-06-20T11:13:45","date_gmt":"2023-06-20T09:13:45","guid":{"rendered":"http:\/\/metalco-mobiliar.cz\/prodotto\/soave\/"},"modified":"2023-06-21T09:52:57","modified_gmt":"2023-06-21T07:52:57","slug":"soave","status":"publish","type":"product","link":"https:\/\/metalco-mobiliar.cz\/en\/prodotti-en\/soave\/","title":{"rendered":"SOAVE"},"content":{"rendered":"<p>Waste collection bin, particularly suitable for historic centers, equipped with a sloping top cover to make it difficult to place waste on it. The supporting structure is made of steel sheet and has two painted steel doors, one of which is hinged and contains a sheet metal bag holder with an elastic band to keep the bag in place. The hinged door has a slight inclined fold and can be customized with stickers or laser-engraved with contrasting sheet metal.<\/p>\n<p>Available in two sizes with different capacities (55 and 105 liters), it comes with a self-supporting reinforced concrete base and can be supplied with or without an aluminum cigarette extinguisher and its corresponding container.<\/p>\n<p><strong>Fixing:<\/strong> Freestanding<\/p>\n<p><strong>Capacity:<\/strong> 55 lt \/ 105 lt<\/p>\n<p><strong>Dimensions and weight:<\/strong><br \/>\n530\u00d7270 mm H 1160 mm 90&nbsp;kg<br \/>\n530\u00d7375 mm H 1160 mm 120&nbsp;kg<\/p>\n","protected":false},"excerpt":{"rendered":"<p>Waste collection bin, particularly suitable for historic centers, equipped with a sloping top cover to make it difficult to place waste on it. The supporting structure is made of steel sheet and has two painted steel doors, one of which is hinged and contains a sheet metal bag holder with an elastic band to keep [&hellip;]<\/p>\n","protected":false},"featured_media":37499,"comment_status":"closed","ping_status":"closed","template":"","meta":{"_acf_changed":false},"product_cat":[698,388],"product_tag":[],"class_list":{"0":"post-37513","1":"product","2":"type-product","3":"status-publish","4":"has-post-thumbnail","6":"product_cat-cestini-en","7":"product_cat-litter-bins","8":"pa_designers-massimo-tasca","9":"pa_designers-mattia-li-pomi","10":"pa_material-powder-coated-steel","11":"collezioni-stile-en","12":"catalogo-catalogue-stile-2025","14":"first","15":"instock","16":"shipping-taxable","17":"product-type-simple"},"acf":[],"yoast_head":"<!-- This site is optimized with the Yoast SEO plugin v23.2 - https:\/\/yoast.com\/wordpress\/plugins\/seo\/ -->\n<title>SOAVE - Metalco Mobiliar<\/title>\n<meta name=\"robots\" content=\"index, follow, max-snippet:-1, max-image-preview:large, max-video-preview:-1\" \/>\n<link rel=\"canonical\" href=\"https:\/\/metalco-mobiliar.cz\/en\/prodotti-en\/soave\/\" \/>\n<meta property=\"og:locale\" content=\"en_US\" \/>\n<meta property=\"og:type\" content=\"article\" \/>\n<meta property=\"og:title\" content=\"SOAVE - Metalco Mobiliar\" \/>\n<meta property=\"og:description\" content=\"Waste collection bin, particularly suitable for historic centers, equipped with a sloping top cover to make it difficult to place waste on it. The supporting structure is made of steel sheet and has two painted steel doors, one of which is hinged and contains a sheet metal bag holder with an elastic band to keep [&hellip;]\" \/>\n<meta property=\"og:url\" content=\"https:\/\/metalco-mobiliar.cz\/en\/prodotti-en\/soave\/\" \/>\n<meta property=\"og:site_name\" content=\"Metalco Mobiliar\" \/>\n<meta property=\"article:modified_time\" content=\"2023-06-21T07:52:57+00:00\" \/>\n<meta property=\"og:image\" content=\"https:\/\/metalco-mobiliar.cz\/news\/wp-content\/uploads\/2023\/06\/Odpadkovy-kos-na-trideny-odpad-Soave.jpg\" \/>\n\t<meta property=\"og:image:width\" content=\"200\" \/>\n\t<meta property=\"og:image:height\" content=\"200\" \/>\n\t<meta property=\"og:image:type\" content=\"image\/jpeg\" \/>\n<meta name=\"twitter:label1\" content=\"Est. reading time\" \/>\n\t<meta name=\"twitter:data1\" content=\"1 minute\" \/>\n<script type=\"application\/ld+json\" class=\"yoast-schema-graph\">{\"@context\":\"https:\/\/schema.org\",\"@graph\":[{\"@type\":\"WebPage\",\"@id\":\"https:\/\/metalco-mobiliar.cz\/en\/prodotti-en\/soave\/\",\"url\":\"https:\/\/metalco-mobiliar.cz\/en\/prodotti-en\/soave\/\",\"name\":\"SOAVE - Metalco Mobiliar\",\"isPartOf\":{\"@id\":\"https:\/\/metalco-mobiliar.cz\/#website\"},\"primaryImageOfPage\":{\"@id\":\"https:\/\/metalco-mobiliar.cz\/en\/prodotti-en\/soave\/#primaryimage\"},\"image\":{\"@id\":\"https:\/\/metalco-mobiliar.cz\/en\/prodotti-en\/soave\/#primaryimage\"},\"thumbnailUrl\":\"https:\/\/metalco-mobiliar.cz\/news\/wp-content\/uploads\/2023\/06\/Odpadkovy-kos-na-trideny-odpad-Soave.jpg\",\"datePublished\":\"2023-06-20T09:13:45+00:00\",\"dateModified\":\"2023-06-21T07:52:57+00:00\",\"breadcrumb\":{\"@id\":\"https:\/\/metalco-mobiliar.cz\/en\/prodotti-en\/soave\/#breadcrumb\"},\"inLanguage\":\"en-US\",\"potentialAction\":[{\"@type\":\"ReadAction\",\"target\":[\"https:\/\/metalco-mobiliar.cz\/en\/prodotti-en\/soave\/\"]}]},{\"@type\":\"ImageObject\",\"inLanguage\":\"en-US\",\"@id\":\"https:\/\/metalco-mobiliar.cz\/en\/prodotti-en\/soave\/#primaryimage\",\"url\":\"https:\/\/metalco-mobiliar.cz\/news\/wp-content\/uploads\/2023\/06\/Odpadkovy-kos-na-trideny-odpad-Soave.jpg\",\"contentUrl\":\"https:\/\/metalco-mobiliar.cz\/news\/wp-content\/uploads\/2023\/06\/Odpadkovy-kos-na-trideny-odpad-Soave.jpg\",\"width\":200,\"height\":200,\"caption\":\"odpadkovy kos na trideny odpad Soave\"},{\"@type\":\"BreadcrumbList\",\"@id\":\"https:\/\/metalco-mobiliar.cz\/en\/prodotti-en\/soave\/#breadcrumb\",\"itemListElement\":[{\"@type\":\"ListItem\",\"position\":1,\"name\":\"Home\",\"item\":\"https:\/\/metalco-mobiliar.cz\/en\/\"},{\"@type\":\"ListItem\",\"position\":2,\"name\":\"SOAVE\"}]},{\"@type\":\"WebSite\",\"@id\":\"https:\/\/metalco-mobiliar.cz\/#website\",\"url\":\"https:\/\/metalco-mobiliar.cz\/\",\"name\":\"Metalco \u2013 m\u011bstsk\u00fd mobili\u00e1\u0159\",\"description\":\"M\u011bstsk\u00fd mobili\u00e1\u0159 Metalco\",\"potentialAction\":[{\"@type\":\"SearchAction\",\"target\":{\"@type\":\"EntryPoint\",\"urlTemplate\":\"https:\/\/metalco-mobiliar.cz\/?s={search_term_string}\"},\"query-input\":\"required name=search_term_string\"}],\"inLanguage\":\"en-US\"}]}<\/script>\n<!-- \/ Yoast SEO plugin. -->","yoast_head_json":{"title":"SOAVE - Metalco Mobiliar","robots":{"index":"index","follow":"follow","max-snippet":"max-snippet:-1","max-image-preview":"max-image-preview:large","max-video-preview":"max-video-preview:-1"},"canonical":"https:\/\/metalco-mobiliar.cz\/en\/prodotti-en\/soave\/","og_locale":"en_US","og_type":"article","og_title":"SOAVE - Metalco Mobiliar","og_description":"Waste collection bin, particularly suitable for historic centers, equipped with a sloping top cover to make it difficult to place waste on it. The supporting structure is made of steel sheet and has two painted steel doors, one of which is hinged and contains a sheet metal bag holder with an elastic band to keep [&hellip;]","og_url":"https:\/\/metalco-mobiliar.cz\/en\/prodotti-en\/soave\/","og_site_name":"Metalco Mobiliar","article_modified_time":"2023-06-21T07:52:57+00:00","og_image":[{"width":200,"height":200,"url":"https:\/\/metalco-mobiliar.cz\/news\/wp-content\/uploads\/2023\/06\/Odpadkovy-kos-na-trideny-odpad-Soave.jpg","type":"image\/jpeg"}],"twitter_misc":{"Est. reading time":"1 minute"},"schema":{"@context":"https:\/\/schema.org","@graph":[{"@type":"WebPage","@id":"https:\/\/metalco-mobiliar.cz\/en\/prodotti-en\/soave\/","url":"https:\/\/metalco-mobiliar.cz\/en\/prodotti-en\/soave\/","name":"SOAVE - Metalco Mobiliar","isPartOf":{"@id":"https:\/\/metalco-mobiliar.cz\/#website"},"primaryImageOfPage":{"@id":"https:\/\/metalco-mobiliar.cz\/en\/prodotti-en\/soave\/#primaryimage"},"image":{"@id":"https:\/\/metalco-mobiliar.cz\/en\/prodotti-en\/soave\/#primaryimage"},"thumbnailUrl":"https:\/\/metalco-mobiliar.cz\/news\/wp-content\/uploads\/2023\/06\/Odpadkovy-kos-na-trideny-odpad-Soave.jpg","datePublished":"2023-06-20T09:13:45+00:00","dateModified":"2023-06-21T07:52:57+00:00","breadcrumb":{"@id":"https:\/\/metalco-mobiliar.cz\/en\/prodotti-en\/soave\/#breadcrumb"},"inLanguage":"en-US","potentialAction":[{"@type":"ReadAction","target":["https:\/\/metalco-mobiliar.cz\/en\/prodotti-en\/soave\/"]}]},{"@type":"ImageObject","inLanguage":"en-US","@id":"https:\/\/metalco-mobiliar.cz\/en\/prodotti-en\/soave\/#primaryimage","url":"https:\/\/metalco-mobiliar.cz\/news\/wp-content\/uploads\/2023\/06\/Odpadkovy-kos-na-trideny-odpad-Soave.jpg","contentUrl":"https:\/\/metalco-mobiliar.cz\/news\/wp-content\/uploads\/2023\/06\/Odpadkovy-kos-na-trideny-odpad-Soave.jpg","width":200,"height":200,"caption":"odpadkovy kos na trideny odpad Soave"},{"@type":"BreadcrumbList","@id":"https:\/\/metalco-mobiliar.cz\/en\/prodotti-en\/soave\/#breadcrumb","itemListElement":[{"@type":"ListItem","position":1,"name":"Home","item":"https:\/\/metalco-mobiliar.cz\/en\/"},{"@type":"ListItem","position":2,"name":"SOAVE"}]},{"@type":"WebSite","@id":"https:\/\/metalco-mobiliar.cz\/#website","url":"https:\/\/metalco-mobiliar.cz\/","name":"Metalco \u2013 m\u011bstsk\u00fd mobili\u00e1\u0159","description":"M\u011bstsk\u00fd mobili\u00e1\u0159 Metalco","potentialAction":[{"@type":"SearchAction","target":{"@type":"EntryPoint","urlTemplate":"https:\/\/metalco-mobiliar.cz\/?s={search_term_string}"},"query-input":"required name=search_term_string"}],"inLanguage":"en-US"}]}},"_links":{"self":[{"href":"https:\/\/metalco-mobiliar.cz\/en\/wp-json\/wp\/v2\/product\/37513"}],"collection":[{"href":"https:\/\/metalco-mobiliar.cz\/en\/wp-json\/wp\/v2\/product"}],"about":[{"href":"https:\/\/metalco-mobiliar.cz\/en\/wp-json\/wp\/v2\/types\/product"}],"replies":[{"embeddable":true,"href":"https:\/\/metalco-mobiliar.cz\/en\/wp-json\/wp\/v2\/comments?post=37513"}],"wp:featuredmedia":[{"embeddable":true,"href":"https:\/\/metalco-mobiliar.cz\/en\/wp-json\/wp\/v2\/media\/37499"}],"wp:attachment":[{"href":"https:\/\/metalco-mobiliar.cz\/en\/wp-json\/wp\/v2\/media?parent=37513"}],"wp:term":[{"taxonomy":"product_cat","embeddable":true,"href":"https:\/\/metalco-mobiliar.cz\/en\/wp-json\/wp\/v2\/product_cat?post=37513"},{"taxonomy":"product_tag","embeddable":true,"href":"https:\/\/metalco-mobiliar.cz\/en\/wp-json\/wp\/v2\/product_tag?post=37513"}],"curies":[{"name":"wp","href":"https:\/\/api.w.org\/{rel}","templated":true}]}}