{"id":3787,"date":"2013-07-11T17:59:48","date_gmt":"2013-07-11T15:59:48","guid":{"rendered":"http:\/\/metalco-mobiliar.cz\/news\/?post_type=product&#038;p=3787"},"modified":"2023-05-05T10:53:57","modified_gmt":"2023-05-05T08:53:57","slug":"libre-torsion-half","status":"publish","type":"product","link":"https:\/\/metalco-mobiliar.cz\/en\/prodotti-en\/libre-torsion-half\/","title":{"rendered":"LIBRE EVOLUTION BENCHES COLLECTION"},"content":{"rendered":"<p style=\"text-align: justify\">Collection of modular benches with double-sided seats, with or without backrest, equipped with two arc or vertical supports, made of cast aluminium or steel tube.<br \/>\nThe seat and the backrest are made of steel tubes welded to proper support linked together by a horizontal bar in steel tube. The backrest has a particular shape that makes it usable, on the outside, as a leaning seat.<br \/>\nThe following models are available: linear with or without backrest (LE 2000, LEP 2000), with half right or left backrest (HDX2700, HSX 2700), Torsion version, equipped with two seats with backrests on opposite sides (TDX 2700, TSX 2700).<br \/>\nEach model can be installed individually or in composition with the other elements of the Libre Evolution collection.<\/p>\n<p style=\"text-align: justify\"><strong>Fixing:<\/strong> Free standing with pedestals, pre-drilled for anchors, below ground installation<br \/>\n<strong>Accessories:<\/strong> Aluminum armrests, Ground fixing kit<\/p>\n<p><strong>Dimensions and weight<\/strong>:<br \/>\n2700&#215;760 mm H 810 mm h 458 mm<br \/>\nTDX 2700 | TSX 2700&nbsp;90&nbsp;kg<br \/>\nHDX 2700 | HSX 2700&nbsp;75&nbsp;kg<\/p>\n<p>LE 2000<br \/>\n2000&#215;730 mm H 810&nbsp;h 458 mm<br \/>\n60&nbsp;kg<\/p>\n<p>LEP 2000<br \/>\n2000&#215;760 mm H 458 mm<br \/>\n50&nbsp;kg<\/p>\n<p lang=\"it-IT\" align=\"JUSTIFY\"><span style=\"color: #000000\"><span style=\"font-family: 'Times New Roman', serif\"><span style=\"font-size: medium\"><span style=\"color: #0070c0\"><span style=\"font-family: Arial, sans-serif\"><span style=\"font-size: xx-small\">\u00a0<\/span><\/span><\/span><\/span><\/span><\/span><\/p>\n","protected":false},"excerpt":{"rendered":"<p>Collection of modular benches with double-sided seats, with or without backrest, equipped with two arc or vertical supports, made of cast aluminium or steel tube. The seat and the backrest are made of steel tubes welded to proper support linked together by a horizontal bar in steel tube. The backrest has a particular shape that [&hellip;]<\/p>\n","protected":false},"featured_media":4423,"comment_status":"open","ping_status":"closed","template":"","meta":{"_acf_changed":false},"product_cat":[345],"product_tag":[567,577,565],"class_list":{"0":"post-3787","1":"product","2":"type-product","3":"status-publish","4":"has-post-thumbnail","6":"product_cat-seats-benches","7":"product_tag-bench-without-backrest","8":"product_tag-lean-back-bench","9":"product_tag-seats-with-backrest","10":"pa_designers-alfredo-tasca-en","11":"pa_material-powder-coated-aluminum","12":"pa_material-powder-coated-steel","13":"pa_material-stainless-steel","14":"collezioni-stile-en","15":"catalogo-catalogue-stile-2025","17":"first","18":"instock","19":"shipping-taxable","20":"product-type-simple"},"acf":[],"yoast_head":"<!-- This site is optimized with the Yoast SEO plugin v23.2 - https:\/\/yoast.com\/wordpress\/plugins\/seo\/ -->\n<title>LIBRE EVOLUTION BENCHES COLLECTION - Metalco Mobiliar<\/title>\n<meta name=\"robots\" content=\"index, follow, max-snippet:-1, max-image-preview:large, max-video-preview:-1\" \/>\n<link rel=\"canonical\" href=\"https:\/\/metalco-mobiliar.cz\/en\/prodotti-en\/libre-torsion-half\/\" \/>\n<meta property=\"og:locale\" content=\"en_US\" \/>\n<meta property=\"og:type\" content=\"article\" \/>\n<meta property=\"og:title\" content=\"LIBRE EVOLUTION BENCHES COLLECTION - Metalco Mobiliar\" \/>\n<meta property=\"og:description\" content=\"Collection of modular benches with double-sided seats, with or without backrest, equipped with two arc or vertical supports, made of cast aluminium or steel tube. The seat and the backrest are made of steel tubes welded to proper support linked together by a horizontal bar in steel tube. The backrest has a particular shape that [&hellip;]\" \/>\n<meta property=\"og:url\" content=\"https:\/\/metalco-mobiliar.cz\/en\/prodotti-en\/libre-torsion-half\/\" \/>\n<meta property=\"og:site_name\" content=\"Metalco Mobiliar\" \/>\n<meta property=\"article:modified_time\" content=\"2023-05-05T08:53:57+00:00\" \/>\n<meta property=\"og:image\" content=\"https:\/\/metalco-mobiliar.cz\/news\/wp-content\/uploads\/2013\/07\/LIBRE-TORSION-HALF1.jpg\" \/>\n\t<meta property=\"og:image:width\" content=\"200\" \/>\n\t<meta property=\"og:image:height\" content=\"200\" \/>\n\t<meta property=\"og:image:type\" content=\"image\/jpeg\" \/>\n<meta name=\"twitter:label1\" content=\"Est. reading time\" \/>\n\t<meta name=\"twitter:data1\" content=\"1 minute\" \/>\n<script type=\"application\/ld+json\" class=\"yoast-schema-graph\">{\"@context\":\"https:\/\/schema.org\",\"@graph\":[{\"@type\":\"WebPage\",\"@id\":\"https:\/\/metalco-mobiliar.cz\/en\/prodotti-en\/libre-torsion-half\/\",\"url\":\"https:\/\/metalco-mobiliar.cz\/en\/prodotti-en\/libre-torsion-half\/\",\"name\":\"LIBRE EVOLUTION BENCHES COLLECTION - Metalco Mobiliar\",\"isPartOf\":{\"@id\":\"https:\/\/metalco-mobiliar.cz\/#website\"},\"primaryImageOfPage\":{\"@id\":\"https:\/\/metalco-mobiliar.cz\/en\/prodotti-en\/libre-torsion-half\/#primaryimage\"},\"image\":{\"@id\":\"https:\/\/metalco-mobiliar.cz\/en\/prodotti-en\/libre-torsion-half\/#primaryimage\"},\"thumbnailUrl\":\"https:\/\/metalco-mobiliar.cz\/news\/wp-content\/uploads\/2013\/07\/LIBRE-TORSION-HALF1.jpg\",\"datePublished\":\"2013-07-11T15:59:48+00:00\",\"dateModified\":\"2023-05-05T08:53:57+00:00\",\"breadcrumb\":{\"@id\":\"https:\/\/metalco-mobiliar.cz\/en\/prodotti-en\/libre-torsion-half\/#breadcrumb\"},\"inLanguage\":\"en-US\",\"potentialAction\":[{\"@type\":\"ReadAction\",\"target\":[\"https:\/\/metalco-mobiliar.cz\/en\/prodotti-en\/libre-torsion-half\/\"]}]},{\"@type\":\"ImageObject\",\"inLanguage\":\"en-US\",\"@id\":\"https:\/\/metalco-mobiliar.cz\/en\/prodotti-en\/libre-torsion-half\/#primaryimage\",\"url\":\"https:\/\/metalco-mobiliar.cz\/news\/wp-content\/uploads\/2013\/07\/LIBRE-TORSION-HALF1.jpg\",\"contentUrl\":\"https:\/\/metalco-mobiliar.cz\/news\/wp-content\/uploads\/2013\/07\/LIBRE-TORSION-HALF1.jpg\",\"width\":200,\"height\":200},{\"@type\":\"BreadcrumbList\",\"@id\":\"https:\/\/metalco-mobiliar.cz\/en\/prodotti-en\/libre-torsion-half\/#breadcrumb\",\"itemListElement\":[{\"@type\":\"ListItem\",\"position\":1,\"name\":\"Home\",\"item\":\"https:\/\/metalco-mobiliar.cz\/en\/\"},{\"@type\":\"ListItem\",\"position\":2,\"name\":\"LIBRE EVOLUTION BENCHES COLLECTION\"}]},{\"@type\":\"WebSite\",\"@id\":\"https:\/\/metalco-mobiliar.cz\/#website\",\"url\":\"https:\/\/metalco-mobiliar.cz\/\",\"name\":\"Metalco \u2013 m\u011bstsk\u00fd mobili\u00e1\u0159\",\"description\":\"M\u011bstsk\u00fd mobili\u00e1\u0159 Metalco\",\"potentialAction\":[{\"@type\":\"SearchAction\",\"target\":{\"@type\":\"EntryPoint\",\"urlTemplate\":\"https:\/\/metalco-mobiliar.cz\/?s={search_term_string}\"},\"query-input\":\"required name=search_term_string\"}],\"inLanguage\":\"en-US\"}]}<\/script>\n<!-- \/ Yoast SEO plugin. -->","yoast_head_json":{"title":"LIBRE EVOLUTION BENCHES COLLECTION - Metalco Mobiliar","robots":{"index":"index","follow":"follow","max-snippet":"max-snippet:-1","max-image-preview":"max-image-preview:large","max-video-preview":"max-video-preview:-1"},"canonical":"https:\/\/metalco-mobiliar.cz\/en\/prodotti-en\/libre-torsion-half\/","og_locale":"en_US","og_type":"article","og_title":"LIBRE EVOLUTION BENCHES COLLECTION - Metalco Mobiliar","og_description":"Collection of modular benches with double-sided seats, with or without backrest, equipped with two arc or vertical supports, made of cast aluminium or steel tube. The seat and the backrest are made of steel tubes welded to proper support linked together by a horizontal bar in steel tube. The backrest has a particular shape that [&hellip;]","og_url":"https:\/\/metalco-mobiliar.cz\/en\/prodotti-en\/libre-torsion-half\/","og_site_name":"Metalco Mobiliar","article_modified_time":"2023-05-05T08:53:57+00:00","og_image":[{"width":200,"height":200,"url":"https:\/\/metalco-mobiliar.cz\/news\/wp-content\/uploads\/2013\/07\/LIBRE-TORSION-HALF1.jpg","type":"image\/jpeg"}],"twitter_misc":{"Est. reading time":"1 minute"},"schema":{"@context":"https:\/\/schema.org","@graph":[{"@type":"WebPage","@id":"https:\/\/metalco-mobiliar.cz\/en\/prodotti-en\/libre-torsion-half\/","url":"https:\/\/metalco-mobiliar.cz\/en\/prodotti-en\/libre-torsion-half\/","name":"LIBRE EVOLUTION BENCHES COLLECTION - Metalco Mobiliar","isPartOf":{"@id":"https:\/\/metalco-mobiliar.cz\/#website"},"primaryImageOfPage":{"@id":"https:\/\/metalco-mobiliar.cz\/en\/prodotti-en\/libre-torsion-half\/#primaryimage"},"image":{"@id":"https:\/\/metalco-mobiliar.cz\/en\/prodotti-en\/libre-torsion-half\/#primaryimage"},"thumbnailUrl":"https:\/\/metalco-mobiliar.cz\/news\/wp-content\/uploads\/2013\/07\/LIBRE-TORSION-HALF1.jpg","datePublished":"2013-07-11T15:59:48+00:00","dateModified":"2023-05-05T08:53:57+00:00","breadcrumb":{"@id":"https:\/\/metalco-mobiliar.cz\/en\/prodotti-en\/libre-torsion-half\/#breadcrumb"},"inLanguage":"en-US","potentialAction":[{"@type":"ReadAction","target":["https:\/\/metalco-mobiliar.cz\/en\/prodotti-en\/libre-torsion-half\/"]}]},{"@type":"ImageObject","inLanguage":"en-US","@id":"https:\/\/metalco-mobiliar.cz\/en\/prodotti-en\/libre-torsion-half\/#primaryimage","url":"https:\/\/metalco-mobiliar.cz\/news\/wp-content\/uploads\/2013\/07\/LIBRE-TORSION-HALF1.jpg","contentUrl":"https:\/\/metalco-mobiliar.cz\/news\/wp-content\/uploads\/2013\/07\/LIBRE-TORSION-HALF1.jpg","width":200,"height":200},{"@type":"BreadcrumbList","@id":"https:\/\/metalco-mobiliar.cz\/en\/prodotti-en\/libre-torsion-half\/#breadcrumb","itemListElement":[{"@type":"ListItem","position":1,"name":"Home","item":"https:\/\/metalco-mobiliar.cz\/en\/"},{"@type":"ListItem","position":2,"name":"LIBRE EVOLUTION BENCHES COLLECTION"}]},{"@type":"WebSite","@id":"https:\/\/metalco-mobiliar.cz\/#website","url":"https:\/\/metalco-mobiliar.cz\/","name":"Metalco \u2013 m\u011bstsk\u00fd mobili\u00e1\u0159","description":"M\u011bstsk\u00fd mobili\u00e1\u0159 Metalco","potentialAction":[{"@type":"SearchAction","target":{"@type":"EntryPoint","urlTemplate":"https:\/\/metalco-mobiliar.cz\/?s={search_term_string}"},"query-input":"required name=search_term_string"}],"inLanguage":"en-US"}]}},"_links":{"self":[{"href":"https:\/\/metalco-mobiliar.cz\/en\/wp-json\/wp\/v2\/product\/3787"}],"collection":[{"href":"https:\/\/metalco-mobiliar.cz\/en\/wp-json\/wp\/v2\/product"}],"about":[{"href":"https:\/\/metalco-mobiliar.cz\/en\/wp-json\/wp\/v2\/types\/product"}],"replies":[{"embeddable":true,"href":"https:\/\/metalco-mobiliar.cz\/en\/wp-json\/wp\/v2\/comments?post=3787"}],"wp:featuredmedia":[{"embeddable":true,"href":"https:\/\/metalco-mobiliar.cz\/en\/wp-json\/wp\/v2\/media\/4423"}],"wp:attachment":[{"href":"https:\/\/metalco-mobiliar.cz\/en\/wp-json\/wp\/v2\/media?parent=3787"}],"wp:term":[{"taxonomy":"product_cat","embeddable":true,"href":"https:\/\/metalco-mobiliar.cz\/en\/wp-json\/wp\/v2\/product_cat?post=3787"},{"taxonomy":"product_tag","embeddable":true,"href":"https:\/\/metalco-mobiliar.cz\/en\/wp-json\/wp\/v2\/product_tag?post=3787"}],"curies":[{"name":"wp","href":"https:\/\/api.w.org\/{rel}","templated":true}]}}