{"id":3799,"date":"2013-07-09T11:18:46","date_gmt":"2013-07-09T09:18:46","guid":{"rendered":"http:\/\/metalco-mobiliar.cz\/news\/?post_type=product&#038;p=3799"},"modified":"2023-05-11T10:52:10","modified_gmt":"2023-05-11T08:52:10","slug":"moonstone-bench","status":"publish","type":"product","link":"https:\/\/metalco-mobiliar.cz\/en\/prodotti-en\/moonstone-bench\/","title":{"rendered":"MOONSTONE BENCH"},"content":{"rendered":"<p><strong>MOONSTONE W<\/strong><\/p>\n<p>Free-form monolithic seat, made of PDM (Reconstituted Stones) equipped with Okum\u00e8 wooden bench and prepared for fixing to the ground on a concreted leveling base.<\/p>\n<p><strong>MOONSTONE<\/strong><\/p>\n<p>Free-form monolithic seat, made of PDM (Reconstituted Stones) and prepared for fixing to the ground on a concreted leveling base.<\/p>\n<p><strong>Fixing:<\/strong> Below ground installation<br \/>\n<strong>Accessories:<\/strong> Lifting bends | Colour painting<\/p>\n<p><strong>Dimensions and weight:<\/strong><br \/>\nMOONSTONE W<br \/>\n2500\u00d72600 mm H 740 mm (+210 mm) 4260\u00a0kg<\/p>\n<p>MOONSTONE<br \/>\n2140\u00d72275 mm H 740 mm (+210 mm) 4200\u00a0kg<\/p>\n<p style=\"text-align: justify\">\n","protected":false},"excerpt":{"rendered":"<p>MOONSTONE W Free-form monolithic seat, made of PDM (Reconstituted Stones) equipped with Okum\u00e8 wooden bench and prepared for fixing to the ground on a concreted leveling base. MOONSTONE Free-form monolithic seat, made of PDM (Reconstituted Stones) and prepared for fixing to the ground on a concreted leveling base. Fixing: Below ground installation Accessories: Lifting bends [&hellip;]<\/p>\n","protected":false},"featured_media":1369,"comment_status":"open","ping_status":"closed","template":"","meta":{"_acf_changed":false},"product_cat":[345],"product_tag":[],"class_list":{"0":"post-3799","1":"product","2":"type-product","3":"status-publish","4":"has-post-thumbnail","6":"product_cat-seats-benches","7":"pa_designers-pamio-design-en","8":"pa_material-reconstituted-stones","9":"pa_material-wood","10":"collezioni-stile-en","11":"catalogo-catalogue-stile-2025","13":"first","14":"instock","15":"shipping-taxable","16":"product-type-simple"},"acf":[],"yoast_head":"<!-- This site is optimized with the Yoast SEO plugin v23.2 - https:\/\/yoast.com\/wordpress\/plugins\/seo\/ -->\n<title>Seduta spazi pubblici Moonstone - Metalco<\/title>\n<meta name=\"robots\" content=\"index, follow, max-snippet:-1, max-image-preview:large, max-video-preview:-1\" \/>\n<link rel=\"canonical\" href=\"https:\/\/metalco-mobiliar.cz\/en\/prodotti-en\/moonstone-bench\/\" \/>\n<meta property=\"og:locale\" content=\"en_US\" \/>\n<meta property=\"og:type\" content=\"article\" \/>\n<meta property=\"og:title\" content=\"Seduta spazi pubblici Moonstone - Metalco\" \/>\n<meta property=\"og:description\" content=\"MOONSTONE W Free-form monolithic seat, made of PDM (Reconstituted Stones) equipped with Okum\u00e8 wooden bench and prepared for fixing to the ground on a concreted leveling base. MOONSTONE Free-form monolithic seat, made of PDM (Reconstituted Stones) and prepared for fixing to the ground on a concreted leveling base. Fixing: Below ground installation Accessories: Lifting bends [&hellip;]\" \/>\n<meta property=\"og:url\" content=\"https:\/\/metalco-mobiliar.cz\/en\/prodotti-en\/moonstone-bench\/\" \/>\n<meta property=\"og:site_name\" content=\"Metalco Mobiliar\" \/>\n<meta property=\"article:modified_time\" content=\"2023-05-11T08:52:10+00:00\" \/>\n<meta property=\"og:image\" content=\"https:\/\/metalco-mobiliar.cz\/news\/wp-content\/uploads\/2013\/07\/panchina-moonstone.jpg\" \/>\n\t<meta property=\"og:image:width\" content=\"200\" \/>\n\t<meta property=\"og:image:height\" content=\"200\" \/>\n\t<meta property=\"og:image:type\" content=\"image\/jpeg\" \/>\n<script type=\"application\/ld+json\" class=\"yoast-schema-graph\">{\"@context\":\"https:\/\/schema.org\",\"@graph\":[{\"@type\":\"WebPage\",\"@id\":\"https:\/\/metalco-mobiliar.cz\/en\/prodotti-en\/moonstone-bench\/\",\"url\":\"https:\/\/metalco-mobiliar.cz\/en\/prodotti-en\/moonstone-bench\/\",\"name\":\"Seduta spazi pubblici Moonstone - Metalco\",\"isPartOf\":{\"@id\":\"https:\/\/metalco-mobiliar.cz\/#website\"},\"primaryImageOfPage\":{\"@id\":\"https:\/\/metalco-mobiliar.cz\/en\/prodotti-en\/moonstone-bench\/#primaryimage\"},\"image\":{\"@id\":\"https:\/\/metalco-mobiliar.cz\/en\/prodotti-en\/moonstone-bench\/#primaryimage\"},\"thumbnailUrl\":\"https:\/\/metalco-mobiliar.cz\/news\/wp-content\/uploads\/2013\/07\/panchina-moonstone.jpg\",\"datePublished\":\"2013-07-09T09:18:46+00:00\",\"dateModified\":\"2023-05-11T08:52:10+00:00\",\"breadcrumb\":{\"@id\":\"https:\/\/metalco-mobiliar.cz\/en\/prodotti-en\/moonstone-bench\/#breadcrumb\"},\"inLanguage\":\"en-US\",\"potentialAction\":[{\"@type\":\"ReadAction\",\"target\":[\"https:\/\/metalco-mobiliar.cz\/en\/prodotti-en\/moonstone-bench\/\"]}]},{\"@type\":\"ImageObject\",\"inLanguage\":\"en-US\",\"@id\":\"https:\/\/metalco-mobiliar.cz\/en\/prodotti-en\/moonstone-bench\/#primaryimage\",\"url\":\"https:\/\/metalco-mobiliar.cz\/news\/wp-content\/uploads\/2013\/07\/panchina-moonstone.jpg\",\"contentUrl\":\"https:\/\/metalco-mobiliar.cz\/news\/wp-content\/uploads\/2013\/07\/panchina-moonstone.jpg\",\"width\":200,\"height\":200},{\"@type\":\"BreadcrumbList\",\"@id\":\"https:\/\/metalco-mobiliar.cz\/en\/prodotti-en\/moonstone-bench\/#breadcrumb\",\"itemListElement\":[{\"@type\":\"ListItem\",\"position\":1,\"name\":\"Home\",\"item\":\"https:\/\/metalco-mobiliar.cz\/en\/\"},{\"@type\":\"ListItem\",\"position\":2,\"name\":\"MOONSTONE BENCH\"}]},{\"@type\":\"WebSite\",\"@id\":\"https:\/\/metalco-mobiliar.cz\/#website\",\"url\":\"https:\/\/metalco-mobiliar.cz\/\",\"name\":\"Metalco \u2013 m\u011bstsk\u00fd mobili\u00e1\u0159\",\"description\":\"M\u011bstsk\u00fd mobili\u00e1\u0159 Metalco\",\"potentialAction\":[{\"@type\":\"SearchAction\",\"target\":{\"@type\":\"EntryPoint\",\"urlTemplate\":\"https:\/\/metalco-mobiliar.cz\/?s={search_term_string}\"},\"query-input\":\"required name=search_term_string\"}],\"inLanguage\":\"en-US\"}]}<\/script>\n<!-- \/ Yoast SEO plugin. -->","yoast_head_json":{"title":"Seduta spazi pubblici Moonstone - Metalco","robots":{"index":"index","follow":"follow","max-snippet":"max-snippet:-1","max-image-preview":"max-image-preview:large","max-video-preview":"max-video-preview:-1"},"canonical":"https:\/\/metalco-mobiliar.cz\/en\/prodotti-en\/moonstone-bench\/","og_locale":"en_US","og_type":"article","og_title":"Seduta spazi pubblici Moonstone - Metalco","og_description":"MOONSTONE W Free-form monolithic seat, made of PDM (Reconstituted Stones) equipped with Okum\u00e8 wooden bench and prepared for fixing to the ground on a concreted leveling base. MOONSTONE Free-form monolithic seat, made of PDM (Reconstituted Stones) and prepared for fixing to the ground on a concreted leveling base. Fixing: Below ground installation Accessories: Lifting bends [&hellip;]","og_url":"https:\/\/metalco-mobiliar.cz\/en\/prodotti-en\/moonstone-bench\/","og_site_name":"Metalco Mobiliar","article_modified_time":"2023-05-11T08:52:10+00:00","og_image":[{"width":200,"height":200,"url":"https:\/\/metalco-mobiliar.cz\/news\/wp-content\/uploads\/2013\/07\/panchina-moonstone.jpg","type":"image\/jpeg"}],"schema":{"@context":"https:\/\/schema.org","@graph":[{"@type":"WebPage","@id":"https:\/\/metalco-mobiliar.cz\/en\/prodotti-en\/moonstone-bench\/","url":"https:\/\/metalco-mobiliar.cz\/en\/prodotti-en\/moonstone-bench\/","name":"Seduta spazi pubblici Moonstone - Metalco","isPartOf":{"@id":"https:\/\/metalco-mobiliar.cz\/#website"},"primaryImageOfPage":{"@id":"https:\/\/metalco-mobiliar.cz\/en\/prodotti-en\/moonstone-bench\/#primaryimage"},"image":{"@id":"https:\/\/metalco-mobiliar.cz\/en\/prodotti-en\/moonstone-bench\/#primaryimage"},"thumbnailUrl":"https:\/\/metalco-mobiliar.cz\/news\/wp-content\/uploads\/2013\/07\/panchina-moonstone.jpg","datePublished":"2013-07-09T09:18:46+00:00","dateModified":"2023-05-11T08:52:10+00:00","breadcrumb":{"@id":"https:\/\/metalco-mobiliar.cz\/en\/prodotti-en\/moonstone-bench\/#breadcrumb"},"inLanguage":"en-US","potentialAction":[{"@type":"ReadAction","target":["https:\/\/metalco-mobiliar.cz\/en\/prodotti-en\/moonstone-bench\/"]}]},{"@type":"ImageObject","inLanguage":"en-US","@id":"https:\/\/metalco-mobiliar.cz\/en\/prodotti-en\/moonstone-bench\/#primaryimage","url":"https:\/\/metalco-mobiliar.cz\/news\/wp-content\/uploads\/2013\/07\/panchina-moonstone.jpg","contentUrl":"https:\/\/metalco-mobiliar.cz\/news\/wp-content\/uploads\/2013\/07\/panchina-moonstone.jpg","width":200,"height":200},{"@type":"BreadcrumbList","@id":"https:\/\/metalco-mobiliar.cz\/en\/prodotti-en\/moonstone-bench\/#breadcrumb","itemListElement":[{"@type":"ListItem","position":1,"name":"Home","item":"https:\/\/metalco-mobiliar.cz\/en\/"},{"@type":"ListItem","position":2,"name":"MOONSTONE BENCH"}]},{"@type":"WebSite","@id":"https:\/\/metalco-mobiliar.cz\/#website","url":"https:\/\/metalco-mobiliar.cz\/","name":"Metalco \u2013 m\u011bstsk\u00fd mobili\u00e1\u0159","description":"M\u011bstsk\u00fd mobili\u00e1\u0159 Metalco","potentialAction":[{"@type":"SearchAction","target":{"@type":"EntryPoint","urlTemplate":"https:\/\/metalco-mobiliar.cz\/?s={search_term_string}"},"query-input":"required name=search_term_string"}],"inLanguage":"en-US"}]}},"_links":{"self":[{"href":"https:\/\/metalco-mobiliar.cz\/en\/wp-json\/wp\/v2\/product\/3799"}],"collection":[{"href":"https:\/\/metalco-mobiliar.cz\/en\/wp-json\/wp\/v2\/product"}],"about":[{"href":"https:\/\/metalco-mobiliar.cz\/en\/wp-json\/wp\/v2\/types\/product"}],"replies":[{"embeddable":true,"href":"https:\/\/metalco-mobiliar.cz\/en\/wp-json\/wp\/v2\/comments?post=3799"}],"wp:featuredmedia":[{"embeddable":true,"href":"https:\/\/metalco-mobiliar.cz\/en\/wp-json\/wp\/v2\/media\/1369"}],"wp:attachment":[{"href":"https:\/\/metalco-mobiliar.cz\/en\/wp-json\/wp\/v2\/media?parent=3799"}],"wp:term":[{"taxonomy":"product_cat","embeddable":true,"href":"https:\/\/metalco-mobiliar.cz\/en\/wp-json\/wp\/v2\/product_cat?post=3799"},{"taxonomy":"product_tag","embeddable":true,"href":"https:\/\/metalco-mobiliar.cz\/en\/wp-json\/wp\/v2\/product_tag?post=3799"}],"curies":[{"name":"wp","href":"https:\/\/api.w.org\/{rel}","templated":true}]}}