{"id":3801,"date":"2013-07-11T16:26:06","date_gmt":"2013-07-11T14:26:06","guid":{"rendered":"http:\/\/metalco-mobiliar.cz\/news\/?post_type=product&#038;p=3801"},"modified":"2023-03-22T20:46:43","modified_gmt":"2023-03-22T19:46:43","slug":"diamante-steel-seats","status":"publish","type":"product","link":"https:\/\/metalco-mobiliar.cz\/en\/prodotti-en\/diamante-steel-seats\/","title":{"rendered":"DIAMANTE ACCESSORIES I SS | 2 SS | ST"},"content":{"rendered":"<p style=\"text-align: justify\">Bench made up of a reconstituted marblestone\/granite support surface, available in the full linear version, with a \u00bd hole, 1 or 2 holes or in the 45\u00b0 section version. The full linear version and with 1 hole is also available in exotic wood.<br \/>\nSupports are available in four versions: \u201cempty\u201d in steel plate, \u201cfull\u201d in steel sheet, flower box or with armrest.<br \/>\nAll the surfaces may be equipped with different kinds of seats, flat and with backrests, single or double-sided, in wood or in steel. The linear surfaces can be supplied, as an alternative, with a tubular steel backrest.<span style=\"line-height: 1.714285714;font-size: 1rem\">\u00a0<\/span><\/p>\n","protected":false},"excerpt":{"rendered":"<p>Bench made up of a reconstituted marblestone\/granite support surface, available in the full linear version, with a \u00bd hole, 1 or 2 holes or in the 45\u00b0 section version. The full linear version and with 1 hole is also available in exotic wood. Supports are available in four versions: \u201cempty\u201d in steel plate, \u201cfull\u201d in [&hellip;]<\/p>\n","protected":false},"featured_media":4370,"comment_status":"open","ping_status":"closed","template":"","meta":{"_acf_changed":false},"product_cat":[345],"product_tag":[],"class_list":{"0":"post-3801","1":"product","2":"type-product","3":"status-publish","4":"has-post-thumbnail","6":"product_cat-seats-benches","7":"pa_designers-michele-slaviero-en","8":"pa_material-powder-coated-steel","9":"collezioni-stile-en","10":"catalogo-catalogue-stile-2025","12":"first","13":"instock","14":"shipping-taxable","15":"product-type-simple"},"acf":[],"yoast_head":"<!-- This site is optimized with the Yoast SEO plugin v23.2 - https:\/\/yoast.com\/wordpress\/plugins\/seo\/ -->\n<title>DIAMANTE ACCESSORIES I SS | 2 SS | ST - Metalco Mobiliar<\/title>\n<meta name=\"robots\" content=\"index, follow, max-snippet:-1, max-image-preview:large, max-video-preview:-1\" \/>\n<link rel=\"canonical\" href=\"https:\/\/metalco-mobiliar.cz\/en\/prodotti-en\/diamante-steel-seats\/\" \/>\n<meta property=\"og:locale\" content=\"en_US\" \/>\n<meta property=\"og:type\" content=\"article\" \/>\n<meta property=\"og:title\" content=\"DIAMANTE ACCESSORIES I SS | 2 SS | ST - Metalco Mobiliar\" \/>\n<meta property=\"og:description\" content=\"Bench made up of a reconstituted marblestone\/granite support surface, available in the full linear version, with a \u00bd hole, 1 or 2 holes or in the 45\u00b0 section version. The full linear version and with 1 hole is also available in exotic wood. Supports are available in four versions: \u201cempty\u201d in steel plate, \u201cfull\u201d in [&hellip;]\" \/>\n<meta property=\"og:url\" content=\"https:\/\/metalco-mobiliar.cz\/en\/prodotti-en\/diamante-steel-seats\/\" \/>\n<meta property=\"og:site_name\" content=\"Metalco Mobiliar\" \/>\n<meta property=\"article:modified_time\" content=\"2023-03-22T19:46:43+00:00\" \/>\n<meta property=\"og:image\" content=\"https:\/\/metalco-mobiliar.cz\/news\/wp-content\/uploads\/2013\/07\/DIAMANTE-ACC.jpg\" \/>\n\t<meta property=\"og:image:width\" content=\"200\" \/>\n\t<meta property=\"og:image:height\" content=\"200\" \/>\n\t<meta property=\"og:image:type\" content=\"image\/jpeg\" \/>\n<script type=\"application\/ld+json\" class=\"yoast-schema-graph\">{\"@context\":\"https:\/\/schema.org\",\"@graph\":[{\"@type\":\"WebPage\",\"@id\":\"https:\/\/metalco-mobiliar.cz\/en\/prodotti-en\/diamante-steel-seats\/\",\"url\":\"https:\/\/metalco-mobiliar.cz\/en\/prodotti-en\/diamante-steel-seats\/\",\"name\":\"DIAMANTE ACCESSORIES I SS | 2 SS | ST - Metalco Mobiliar\",\"isPartOf\":{\"@id\":\"https:\/\/metalco-mobiliar.cz\/#website\"},\"primaryImageOfPage\":{\"@id\":\"https:\/\/metalco-mobiliar.cz\/en\/prodotti-en\/diamante-steel-seats\/#primaryimage\"},\"image\":{\"@id\":\"https:\/\/metalco-mobiliar.cz\/en\/prodotti-en\/diamante-steel-seats\/#primaryimage\"},\"thumbnailUrl\":\"https:\/\/metalco-mobiliar.cz\/news\/wp-content\/uploads\/2013\/07\/DIAMANTE-ACC.jpg\",\"datePublished\":\"2013-07-11T14:26:06+00:00\",\"dateModified\":\"2023-03-22T19:46:43+00:00\",\"breadcrumb\":{\"@id\":\"https:\/\/metalco-mobiliar.cz\/en\/prodotti-en\/diamante-steel-seats\/#breadcrumb\"},\"inLanguage\":\"en-US\",\"potentialAction\":[{\"@type\":\"ReadAction\",\"target\":[\"https:\/\/metalco-mobiliar.cz\/en\/prodotti-en\/diamante-steel-seats\/\"]}]},{\"@type\":\"ImageObject\",\"inLanguage\":\"en-US\",\"@id\":\"https:\/\/metalco-mobiliar.cz\/en\/prodotti-en\/diamante-steel-seats\/#primaryimage\",\"url\":\"https:\/\/metalco-mobiliar.cz\/news\/wp-content\/uploads\/2013\/07\/DIAMANTE-ACC.jpg\",\"contentUrl\":\"https:\/\/metalco-mobiliar.cz\/news\/wp-content\/uploads\/2013\/07\/DIAMANTE-ACC.jpg\",\"width\":200,\"height\":200},{\"@type\":\"BreadcrumbList\",\"@id\":\"https:\/\/metalco-mobiliar.cz\/en\/prodotti-en\/diamante-steel-seats\/#breadcrumb\",\"itemListElement\":[{\"@type\":\"ListItem\",\"position\":1,\"name\":\"Home\",\"item\":\"https:\/\/metalco-mobiliar.cz\/en\/\"},{\"@type\":\"ListItem\",\"position\":2,\"name\":\"DIAMANTE ACCESSORIES I SS | 2 SS | ST\"}]},{\"@type\":\"WebSite\",\"@id\":\"https:\/\/metalco-mobiliar.cz\/#website\",\"url\":\"https:\/\/metalco-mobiliar.cz\/\",\"name\":\"Metalco \u2013 m\u011bstsk\u00fd mobili\u00e1\u0159\",\"description\":\"M\u011bstsk\u00fd mobili\u00e1\u0159 Metalco\",\"potentialAction\":[{\"@type\":\"SearchAction\",\"target\":{\"@type\":\"EntryPoint\",\"urlTemplate\":\"https:\/\/metalco-mobiliar.cz\/?s={search_term_string}\"},\"query-input\":\"required name=search_term_string\"}],\"inLanguage\":\"en-US\"}]}<\/script>\n<!-- \/ Yoast SEO plugin. -->","yoast_head_json":{"title":"DIAMANTE ACCESSORIES I SS | 2 SS | ST - Metalco Mobiliar","robots":{"index":"index","follow":"follow","max-snippet":"max-snippet:-1","max-image-preview":"max-image-preview:large","max-video-preview":"max-video-preview:-1"},"canonical":"https:\/\/metalco-mobiliar.cz\/en\/prodotti-en\/diamante-steel-seats\/","og_locale":"en_US","og_type":"article","og_title":"DIAMANTE ACCESSORIES I SS | 2 SS | ST - Metalco Mobiliar","og_description":"Bench made up of a reconstituted marblestone\/granite support surface, available in the full linear version, with a \u00bd hole, 1 or 2 holes or in the 45\u00b0 section version. The full linear version and with 1 hole is also available in exotic wood. Supports are available in four versions: \u201cempty\u201d in steel plate, \u201cfull\u201d in [&hellip;]","og_url":"https:\/\/metalco-mobiliar.cz\/en\/prodotti-en\/diamante-steel-seats\/","og_site_name":"Metalco Mobiliar","article_modified_time":"2023-03-22T19:46:43+00:00","og_image":[{"width":200,"height":200,"url":"https:\/\/metalco-mobiliar.cz\/news\/wp-content\/uploads\/2013\/07\/DIAMANTE-ACC.jpg","type":"image\/jpeg"}],"schema":{"@context":"https:\/\/schema.org","@graph":[{"@type":"WebPage","@id":"https:\/\/metalco-mobiliar.cz\/en\/prodotti-en\/diamante-steel-seats\/","url":"https:\/\/metalco-mobiliar.cz\/en\/prodotti-en\/diamante-steel-seats\/","name":"DIAMANTE ACCESSORIES I SS | 2 SS | ST - Metalco Mobiliar","isPartOf":{"@id":"https:\/\/metalco-mobiliar.cz\/#website"},"primaryImageOfPage":{"@id":"https:\/\/metalco-mobiliar.cz\/en\/prodotti-en\/diamante-steel-seats\/#primaryimage"},"image":{"@id":"https:\/\/metalco-mobiliar.cz\/en\/prodotti-en\/diamante-steel-seats\/#primaryimage"},"thumbnailUrl":"https:\/\/metalco-mobiliar.cz\/news\/wp-content\/uploads\/2013\/07\/DIAMANTE-ACC.jpg","datePublished":"2013-07-11T14:26:06+00:00","dateModified":"2023-03-22T19:46:43+00:00","breadcrumb":{"@id":"https:\/\/metalco-mobiliar.cz\/en\/prodotti-en\/diamante-steel-seats\/#breadcrumb"},"inLanguage":"en-US","potentialAction":[{"@type":"ReadAction","target":["https:\/\/metalco-mobiliar.cz\/en\/prodotti-en\/diamante-steel-seats\/"]}]},{"@type":"ImageObject","inLanguage":"en-US","@id":"https:\/\/metalco-mobiliar.cz\/en\/prodotti-en\/diamante-steel-seats\/#primaryimage","url":"https:\/\/metalco-mobiliar.cz\/news\/wp-content\/uploads\/2013\/07\/DIAMANTE-ACC.jpg","contentUrl":"https:\/\/metalco-mobiliar.cz\/news\/wp-content\/uploads\/2013\/07\/DIAMANTE-ACC.jpg","width":200,"height":200},{"@type":"BreadcrumbList","@id":"https:\/\/metalco-mobiliar.cz\/en\/prodotti-en\/diamante-steel-seats\/#breadcrumb","itemListElement":[{"@type":"ListItem","position":1,"name":"Home","item":"https:\/\/metalco-mobiliar.cz\/en\/"},{"@type":"ListItem","position":2,"name":"DIAMANTE ACCESSORIES I SS | 2 SS | ST"}]},{"@type":"WebSite","@id":"https:\/\/metalco-mobiliar.cz\/#website","url":"https:\/\/metalco-mobiliar.cz\/","name":"Metalco \u2013 m\u011bstsk\u00fd mobili\u00e1\u0159","description":"M\u011bstsk\u00fd mobili\u00e1\u0159 Metalco","potentialAction":[{"@type":"SearchAction","target":{"@type":"EntryPoint","urlTemplate":"https:\/\/metalco-mobiliar.cz\/?s={search_term_string}"},"query-input":"required name=search_term_string"}],"inLanguage":"en-US"}]}},"_links":{"self":[{"href":"https:\/\/metalco-mobiliar.cz\/en\/wp-json\/wp\/v2\/product\/3801"}],"collection":[{"href":"https:\/\/metalco-mobiliar.cz\/en\/wp-json\/wp\/v2\/product"}],"about":[{"href":"https:\/\/metalco-mobiliar.cz\/en\/wp-json\/wp\/v2\/types\/product"}],"replies":[{"embeddable":true,"href":"https:\/\/metalco-mobiliar.cz\/en\/wp-json\/wp\/v2\/comments?post=3801"}],"wp:featuredmedia":[{"embeddable":true,"href":"https:\/\/metalco-mobiliar.cz\/en\/wp-json\/wp\/v2\/media\/4370"}],"wp:attachment":[{"href":"https:\/\/metalco-mobiliar.cz\/en\/wp-json\/wp\/v2\/media?parent=3801"}],"wp:term":[{"taxonomy":"product_cat","embeddable":true,"href":"https:\/\/metalco-mobiliar.cz\/en\/wp-json\/wp\/v2\/product_cat?post=3801"},{"taxonomy":"product_tag","embeddable":true,"href":"https:\/\/metalco-mobiliar.cz\/en\/wp-json\/wp\/v2\/product_tag?post=3801"}],"curies":[{"name":"wp","href":"https:\/\/api.w.org\/{rel}","templated":true}]}}