{"id":3803,"date":"2013-07-11T16:24:14","date_gmt":"2013-07-11T14:24:14","guid":{"rendered":"http:\/\/metalco-mobiliar.cz\/news\/?post_type=product&#038;p=3803"},"modified":"2023-04-26T09:19:56","modified_gmt":"2023-04-26T07:19:56","slug":"diamante-wood-seats","status":"publish","type":"product","link":"https:\/\/metalco-mobiliar.cz\/en\/prodotti-en\/diamante-wood-seats\/","title":{"rendered":"DIAMANTE ACCESSORIES W SP | 2SP | SS | 2SS"},"content":{"rendered":"<p>DIAMANTE ACCESSORIES W SP | 2SP | SS | 2SS<br \/>\n<strong>The P model<\/strong>\u00a0of the Diamante collection can be equipped with the following accessories:<br \/>\n<strong>The W SP module:<\/strong>\u00a0a wooden seat without backrest.<br \/>\n<strong>The W 2SP module:<\/strong>\u00a0a double-sided wooden seat without backrest.<br \/>\n<strong>The W SS module:<\/strong>\u00a0a wooden seat with backrest.<br \/>\n<strong>The W2SS module:<\/strong>\u00a0a double-sided wooden seat with backrest.<\/p>\n<p>DIAMANTE ACCESSORIES W 2S 45\u00b0 | SSI 45\u00b0 | SSE 45\u00b0<br \/>\n<strong>The 45\u00b0<\/strong>\u00a0bench of the Diamante collection can be equipped with the following accessories:<br \/>\n<strong>The 2S 45\u00b0 module:<\/strong>\u00a0a double-sided wooden seat without backrest.<br \/>\n<strong>The SSI 45\u00b0 module:<\/strong>\u00a0single wooden seat with backrest positioned on the concave side of the bench.<br \/>\n<strong>The SSE 45\u00b0 module:<\/strong>\u00a0single wooden seat with backrest positioned in the convex side of the bench.<\/p>\n<p>Fixing: Pre-drilled for anchors<\/p>\n<p style=\"text-align: justify\">\n","protected":false},"excerpt":{"rendered":"<p>DIAMANTE ACCESSORIES W SP | 2SP | SS | 2SS The P model\u00a0of the Diamante collection can be equipped with the following accessories: The W SP module:\u00a0a wooden seat without backrest. The W 2SP module:\u00a0a double-sided wooden seat without backrest. The W SS module:\u00a0a wooden seat with backrest. The W2SS module:\u00a0a double-sided wooden seat with [&hellip;]<\/p>\n","protected":false},"featured_media":4356,"comment_status":"open","ping_status":"closed","template":"","meta":{"_acf_changed":false},"product_cat":[882,345],"product_tag":[],"class_list":{"0":"post-3803","1":"product","2":"type-product","3":"status-publish","4":"has-post-thumbnail","6":"product_cat-molecular-concrete-en","7":"product_cat-seats-benches","8":"pa_designers-michele-slaviero-en","9":"pa_material-stainless-steel","10":"pa_material-wood","11":"collezioni-stile-en","12":"catalogo-catalogue-stile-2025","14":"first","15":"instock","16":"shipping-taxable","17":"product-type-simple"},"acf":[],"yoast_head":"<!-- This site is optimized with the Yoast SEO plugin v23.2 - https:\/\/yoast.com\/wordpress\/plugins\/seo\/ -->\n<title>DIAMANTE ACCESSORIES W SP | 2SP | SS | 2SS - Metalco Mobiliar<\/title>\n<meta name=\"robots\" content=\"index, follow, max-snippet:-1, max-image-preview:large, max-video-preview:-1\" \/>\n<link rel=\"canonical\" href=\"https:\/\/metalco-mobiliar.cz\/en\/prodotti-en\/diamante-wood-seats\/\" \/>\n<meta property=\"og:locale\" content=\"en_US\" \/>\n<meta property=\"og:type\" content=\"article\" \/>\n<meta property=\"og:title\" content=\"DIAMANTE ACCESSORIES W SP | 2SP | SS | 2SS - Metalco Mobiliar\" \/>\n<meta property=\"og:description\" content=\"DIAMANTE ACCESSORIES W SP | 2SP | SS | 2SS The P model\u00a0of the Diamante collection can be equipped with the following accessories: The W SP module:\u00a0a wooden seat without backrest. The W 2SP module:\u00a0a double-sided wooden seat without backrest. The W SS module:\u00a0a wooden seat with backrest. The W2SS module:\u00a0a double-sided wooden seat with [&hellip;]\" \/>\n<meta property=\"og:url\" content=\"https:\/\/metalco-mobiliar.cz\/en\/prodotti-en\/diamante-wood-seats\/\" \/>\n<meta property=\"og:site_name\" content=\"Metalco Mobiliar\" \/>\n<meta property=\"article:modified_time\" content=\"2023-04-26T07:19:56+00:00\" \/>\n<meta property=\"og:image\" content=\"https:\/\/metalco-mobiliar.cz\/news\/wp-content\/uploads\/2013\/07\/DIAMANTE-WOOD.jpg\" \/>\n\t<meta property=\"og:image:width\" content=\"200\" \/>\n\t<meta property=\"og:image:height\" content=\"200\" \/>\n\t<meta property=\"og:image:type\" content=\"image\/jpeg\" \/>\n<meta name=\"twitter:label1\" content=\"Est. reading time\" \/>\n\t<meta name=\"twitter:data1\" content=\"1 minute\" \/>\n<script type=\"application\/ld+json\" class=\"yoast-schema-graph\">{\"@context\":\"https:\/\/schema.org\",\"@graph\":[{\"@type\":\"WebPage\",\"@id\":\"https:\/\/metalco-mobiliar.cz\/en\/prodotti-en\/diamante-wood-seats\/\",\"url\":\"https:\/\/metalco-mobiliar.cz\/en\/prodotti-en\/diamante-wood-seats\/\",\"name\":\"DIAMANTE ACCESSORIES W SP | 2SP | SS | 2SS - Metalco Mobiliar\",\"isPartOf\":{\"@id\":\"https:\/\/metalco-mobiliar.cz\/#website\"},\"primaryImageOfPage\":{\"@id\":\"https:\/\/metalco-mobiliar.cz\/en\/prodotti-en\/diamante-wood-seats\/#primaryimage\"},\"image\":{\"@id\":\"https:\/\/metalco-mobiliar.cz\/en\/prodotti-en\/diamante-wood-seats\/#primaryimage\"},\"thumbnailUrl\":\"https:\/\/metalco-mobiliar.cz\/news\/wp-content\/uploads\/2013\/07\/DIAMANTE-WOOD.jpg\",\"datePublished\":\"2013-07-11T14:24:14+00:00\",\"dateModified\":\"2023-04-26T07:19:56+00:00\",\"breadcrumb\":{\"@id\":\"https:\/\/metalco-mobiliar.cz\/en\/prodotti-en\/diamante-wood-seats\/#breadcrumb\"},\"inLanguage\":\"en-US\",\"potentialAction\":[{\"@type\":\"ReadAction\",\"target\":[\"https:\/\/metalco-mobiliar.cz\/en\/prodotti-en\/diamante-wood-seats\/\"]}]},{\"@type\":\"ImageObject\",\"inLanguage\":\"en-US\",\"@id\":\"https:\/\/metalco-mobiliar.cz\/en\/prodotti-en\/diamante-wood-seats\/#primaryimage\",\"url\":\"https:\/\/metalco-mobiliar.cz\/news\/wp-content\/uploads\/2013\/07\/DIAMANTE-WOOD.jpg\",\"contentUrl\":\"https:\/\/metalco-mobiliar.cz\/news\/wp-content\/uploads\/2013\/07\/DIAMANTE-WOOD.jpg\",\"width\":200,\"height\":200},{\"@type\":\"BreadcrumbList\",\"@id\":\"https:\/\/metalco-mobiliar.cz\/en\/prodotti-en\/diamante-wood-seats\/#breadcrumb\",\"itemListElement\":[{\"@type\":\"ListItem\",\"position\":1,\"name\":\"Home\",\"item\":\"https:\/\/metalco-mobiliar.cz\/en\/\"},{\"@type\":\"ListItem\",\"position\":2,\"name\":\"DIAMANTE ACCESSORIES W SP | 2SP | SS | 2SS\"}]},{\"@type\":\"WebSite\",\"@id\":\"https:\/\/metalco-mobiliar.cz\/#website\",\"url\":\"https:\/\/metalco-mobiliar.cz\/\",\"name\":\"Metalco \u2013 m\u011bstsk\u00fd mobili\u00e1\u0159\",\"description\":\"M\u011bstsk\u00fd mobili\u00e1\u0159 Metalco\",\"potentialAction\":[{\"@type\":\"SearchAction\",\"target\":{\"@type\":\"EntryPoint\",\"urlTemplate\":\"https:\/\/metalco-mobiliar.cz\/?s={search_term_string}\"},\"query-input\":\"required name=search_term_string\"}],\"inLanguage\":\"en-US\"}]}<\/script>\n<!-- \/ Yoast SEO plugin. -->","yoast_head_json":{"title":"DIAMANTE ACCESSORIES W SP | 2SP | SS | 2SS - Metalco Mobiliar","robots":{"index":"index","follow":"follow","max-snippet":"max-snippet:-1","max-image-preview":"max-image-preview:large","max-video-preview":"max-video-preview:-1"},"canonical":"https:\/\/metalco-mobiliar.cz\/en\/prodotti-en\/diamante-wood-seats\/","og_locale":"en_US","og_type":"article","og_title":"DIAMANTE ACCESSORIES W SP | 2SP | SS | 2SS - Metalco Mobiliar","og_description":"DIAMANTE ACCESSORIES W SP | 2SP | SS | 2SS The P model\u00a0of the Diamante collection can be equipped with the following accessories: The W SP module:\u00a0a wooden seat without backrest. The W 2SP module:\u00a0a double-sided wooden seat without backrest. The W SS module:\u00a0a wooden seat with backrest. The W2SS module:\u00a0a double-sided wooden seat with [&hellip;]","og_url":"https:\/\/metalco-mobiliar.cz\/en\/prodotti-en\/diamante-wood-seats\/","og_site_name":"Metalco Mobiliar","article_modified_time":"2023-04-26T07:19:56+00:00","og_image":[{"width":200,"height":200,"url":"https:\/\/metalco-mobiliar.cz\/news\/wp-content\/uploads\/2013\/07\/DIAMANTE-WOOD.jpg","type":"image\/jpeg"}],"twitter_misc":{"Est. reading time":"1 minute"},"schema":{"@context":"https:\/\/schema.org","@graph":[{"@type":"WebPage","@id":"https:\/\/metalco-mobiliar.cz\/en\/prodotti-en\/diamante-wood-seats\/","url":"https:\/\/metalco-mobiliar.cz\/en\/prodotti-en\/diamante-wood-seats\/","name":"DIAMANTE ACCESSORIES W SP | 2SP | SS | 2SS - Metalco Mobiliar","isPartOf":{"@id":"https:\/\/metalco-mobiliar.cz\/#website"},"primaryImageOfPage":{"@id":"https:\/\/metalco-mobiliar.cz\/en\/prodotti-en\/diamante-wood-seats\/#primaryimage"},"image":{"@id":"https:\/\/metalco-mobiliar.cz\/en\/prodotti-en\/diamante-wood-seats\/#primaryimage"},"thumbnailUrl":"https:\/\/metalco-mobiliar.cz\/news\/wp-content\/uploads\/2013\/07\/DIAMANTE-WOOD.jpg","datePublished":"2013-07-11T14:24:14+00:00","dateModified":"2023-04-26T07:19:56+00:00","breadcrumb":{"@id":"https:\/\/metalco-mobiliar.cz\/en\/prodotti-en\/diamante-wood-seats\/#breadcrumb"},"inLanguage":"en-US","potentialAction":[{"@type":"ReadAction","target":["https:\/\/metalco-mobiliar.cz\/en\/prodotti-en\/diamante-wood-seats\/"]}]},{"@type":"ImageObject","inLanguage":"en-US","@id":"https:\/\/metalco-mobiliar.cz\/en\/prodotti-en\/diamante-wood-seats\/#primaryimage","url":"https:\/\/metalco-mobiliar.cz\/news\/wp-content\/uploads\/2013\/07\/DIAMANTE-WOOD.jpg","contentUrl":"https:\/\/metalco-mobiliar.cz\/news\/wp-content\/uploads\/2013\/07\/DIAMANTE-WOOD.jpg","width":200,"height":200},{"@type":"BreadcrumbList","@id":"https:\/\/metalco-mobiliar.cz\/en\/prodotti-en\/diamante-wood-seats\/#breadcrumb","itemListElement":[{"@type":"ListItem","position":1,"name":"Home","item":"https:\/\/metalco-mobiliar.cz\/en\/"},{"@type":"ListItem","position":2,"name":"DIAMANTE ACCESSORIES W SP | 2SP | SS | 2SS"}]},{"@type":"WebSite","@id":"https:\/\/metalco-mobiliar.cz\/#website","url":"https:\/\/metalco-mobiliar.cz\/","name":"Metalco \u2013 m\u011bstsk\u00fd mobili\u00e1\u0159","description":"M\u011bstsk\u00fd mobili\u00e1\u0159 Metalco","potentialAction":[{"@type":"SearchAction","target":{"@type":"EntryPoint","urlTemplate":"https:\/\/metalco-mobiliar.cz\/?s={search_term_string}"},"query-input":"required name=search_term_string"}],"inLanguage":"en-US"}]}},"_links":{"self":[{"href":"https:\/\/metalco-mobiliar.cz\/en\/wp-json\/wp\/v2\/product\/3803"}],"collection":[{"href":"https:\/\/metalco-mobiliar.cz\/en\/wp-json\/wp\/v2\/product"}],"about":[{"href":"https:\/\/metalco-mobiliar.cz\/en\/wp-json\/wp\/v2\/types\/product"}],"replies":[{"embeddable":true,"href":"https:\/\/metalco-mobiliar.cz\/en\/wp-json\/wp\/v2\/comments?post=3803"}],"wp:featuredmedia":[{"embeddable":true,"href":"https:\/\/metalco-mobiliar.cz\/en\/wp-json\/wp\/v2\/media\/4356"}],"wp:attachment":[{"href":"https:\/\/metalco-mobiliar.cz\/en\/wp-json\/wp\/v2\/media?parent=3803"}],"wp:term":[{"taxonomy":"product_cat","embeddable":true,"href":"https:\/\/metalco-mobiliar.cz\/en\/wp-json\/wp\/v2\/product_cat?post=3803"},{"taxonomy":"product_tag","embeddable":true,"href":"https:\/\/metalco-mobiliar.cz\/en\/wp-json\/wp\/v2\/product_tag?post=3803"}],"curies":[{"name":"wp","href":"https:\/\/api.w.org\/{rel}","templated":true}]}}