{"id":3808,"date":"2013-07-02T13:56:09","date_gmt":"2013-07-02T11:56:09","guid":{"rendered":"http:\/\/metalco-mobiliar.cz\/news\/?post_type=product&#038;p=3808"},"modified":"2023-06-20T12:39:57","modified_gmt":"2023-06-20T10:39:57","slug":"rubino-litter-bin","status":"publish","type":"product","link":"https:\/\/metalco-mobiliar.cz\/en\/prodotti-en\/rubino-litter-bin\/","title":{"rendered":"RUBINO LITTER BIN"},"content":{"rendered":"<p style=\"text-align: justify\">Litter bin made out of reconstituted marblestone\/granite, with a ring-shaped cover in coated steel with a triangular lock, also with an ashtray and stainless steel anti-theft cable. The waste-sack holder is fitted inside. Alternatively, an internal steel container with handle can be requested.<\/p>\n<p><strong>Capacity:<\/strong> 70 lt<\/p>\n<p><strong>Fixing:<\/strong> Freestanding<\/p>\n<p><strong>Dimensions and weight:<\/strong><br \/>\n\u00d8 520 mm H 902 mm 174&nbsp;kg<\/p>\n<p>&nbsp;<\/p>\n","protected":false},"excerpt":{"rendered":"<p>Litter bin made out of reconstituted marblestone\/granite, with a ring-shaped cover in coated steel with a triangular lock, also with an ashtray and stainless steel anti-theft cable. The waste-sack holder is fitted inside. Alternatively, an internal steel container with handle can be requested. Capacity: 70 lt Fixing: Freestanding Dimensions and weight: \u00d8 520 mm H [&hellip;]<\/p>\n","protected":false},"featured_media":13058,"comment_status":"open","ping_status":"closed","template":"","meta":{"_acf_changed":false},"product_cat":[698,388],"product_tag":[558,557],"class_list":{"0":"post-3808","1":"product","2":"type-product","3":"status-publish","4":"has-post-thumbnail","6":"product_cat-cestini-en","7":"product_cat-litter-bins","8":"product_tag-litter-bin-with-ashtray","9":"product_tag-litter-bin-with-hood","10":"pa_designers-staubach-kuckertz-2","11":"pa_material-powder-coated-steel","12":"pa_material-reconstituted-stones","13":"collezioni-stile-en","14":"catalogo-catalogue-stile-2025","16":"first","17":"instock","18":"shipping-taxable","19":"product-type-simple"},"acf":[],"yoast_head":"<!-- This site is optimized with the Yoast SEO plugin v23.2 - https:\/\/yoast.com\/wordpress\/plugins\/seo\/ -->\n<title>RUBINO LITTER BIN - Metalco Mobiliar<\/title>\n<meta name=\"robots\" content=\"index, follow, max-snippet:-1, max-image-preview:large, max-video-preview:-1\" \/>\n<link rel=\"canonical\" href=\"https:\/\/metalco-mobiliar.cz\/en\/prodotti-en\/rubino-litter-bin\/\" \/>\n<meta property=\"og:locale\" content=\"en_US\" \/>\n<meta property=\"og:type\" content=\"article\" \/>\n<meta property=\"og:title\" content=\"RUBINO LITTER BIN - Metalco Mobiliar\" \/>\n<meta property=\"og:description\" content=\"Litter bin made out of reconstituted marblestone\/granite, with a ring-shaped cover in coated steel with a triangular lock, also with an ashtray and stainless steel anti-theft cable. The waste-sack holder is fitted inside. Alternatively, an internal steel container with handle can be requested. Capacity: 70 lt Fixing: Freestanding Dimensions and weight: \u00d8 520 mm H [&hellip;]\" \/>\n<meta property=\"og:url\" content=\"https:\/\/metalco-mobiliar.cz\/en\/prodotti-en\/rubino-litter-bin\/\" \/>\n<meta property=\"og:site_name\" content=\"Metalco Mobiliar\" \/>\n<meta property=\"article:modified_time\" content=\"2023-06-20T10:39:57+00:00\" \/>\n<meta property=\"og:image\" content=\"https:\/\/metalco-mobiliar.cz\/news\/wp-content\/uploads\/2013\/07\/RUBINO.jpg\" \/>\n\t<meta property=\"og:image:width\" content=\"200\" \/>\n\t<meta property=\"og:image:height\" content=\"200\" \/>\n\t<meta property=\"og:image:type\" content=\"image\/jpeg\" \/>\n<script type=\"application\/ld+json\" class=\"yoast-schema-graph\">{\"@context\":\"https:\/\/schema.org\",\"@graph\":[{\"@type\":\"WebPage\",\"@id\":\"https:\/\/metalco-mobiliar.cz\/en\/prodotti-en\/rubino-litter-bin\/\",\"url\":\"https:\/\/metalco-mobiliar.cz\/en\/prodotti-en\/rubino-litter-bin\/\",\"name\":\"RUBINO LITTER BIN - Metalco Mobiliar\",\"isPartOf\":{\"@id\":\"https:\/\/metalco-mobiliar.cz\/#website\"},\"primaryImageOfPage\":{\"@id\":\"https:\/\/metalco-mobiliar.cz\/en\/prodotti-en\/rubino-litter-bin\/#primaryimage\"},\"image\":{\"@id\":\"https:\/\/metalco-mobiliar.cz\/en\/prodotti-en\/rubino-litter-bin\/#primaryimage\"},\"thumbnailUrl\":\"https:\/\/metalco-mobiliar.cz\/news\/wp-content\/uploads\/2013\/07\/RUBINO.jpg\",\"datePublished\":\"2013-07-02T11:56:09+00:00\",\"dateModified\":\"2023-06-20T10:39:57+00:00\",\"breadcrumb\":{\"@id\":\"https:\/\/metalco-mobiliar.cz\/en\/prodotti-en\/rubino-litter-bin\/#breadcrumb\"},\"inLanguage\":\"en-US\",\"potentialAction\":[{\"@type\":\"ReadAction\",\"target\":[\"https:\/\/metalco-mobiliar.cz\/en\/prodotti-en\/rubino-litter-bin\/\"]}]},{\"@type\":\"ImageObject\",\"inLanguage\":\"en-US\",\"@id\":\"https:\/\/metalco-mobiliar.cz\/en\/prodotti-en\/rubino-litter-bin\/#primaryimage\",\"url\":\"https:\/\/metalco-mobiliar.cz\/news\/wp-content\/uploads\/2013\/07\/RUBINO.jpg\",\"contentUrl\":\"https:\/\/metalco-mobiliar.cz\/news\/wp-content\/uploads\/2013\/07\/RUBINO.jpg\",\"width\":200,\"height\":200},{\"@type\":\"BreadcrumbList\",\"@id\":\"https:\/\/metalco-mobiliar.cz\/en\/prodotti-en\/rubino-litter-bin\/#breadcrumb\",\"itemListElement\":[{\"@type\":\"ListItem\",\"position\":1,\"name\":\"Home\",\"item\":\"https:\/\/metalco-mobiliar.cz\/en\/\"},{\"@type\":\"ListItem\",\"position\":2,\"name\":\"RUBINO LITTER BIN\"}]},{\"@type\":\"WebSite\",\"@id\":\"https:\/\/metalco-mobiliar.cz\/#website\",\"url\":\"https:\/\/metalco-mobiliar.cz\/\",\"name\":\"Metalco \u2013 m\u011bstsk\u00fd mobili\u00e1\u0159\",\"description\":\"M\u011bstsk\u00fd mobili\u00e1\u0159 Metalco\",\"potentialAction\":[{\"@type\":\"SearchAction\",\"target\":{\"@type\":\"EntryPoint\",\"urlTemplate\":\"https:\/\/metalco-mobiliar.cz\/?s={search_term_string}\"},\"query-input\":\"required name=search_term_string\"}],\"inLanguage\":\"en-US\"}]}<\/script>\n<!-- \/ Yoast SEO plugin. -->","yoast_head_json":{"title":"RUBINO LITTER BIN - Metalco Mobiliar","robots":{"index":"index","follow":"follow","max-snippet":"max-snippet:-1","max-image-preview":"max-image-preview:large","max-video-preview":"max-video-preview:-1"},"canonical":"https:\/\/metalco-mobiliar.cz\/en\/prodotti-en\/rubino-litter-bin\/","og_locale":"en_US","og_type":"article","og_title":"RUBINO LITTER BIN - Metalco Mobiliar","og_description":"Litter bin made out of reconstituted marblestone\/granite, with a ring-shaped cover in coated steel with a triangular lock, also with an ashtray and stainless steel anti-theft cable. The waste-sack holder is fitted inside. Alternatively, an internal steel container with handle can be requested. Capacity: 70 lt Fixing: Freestanding Dimensions and weight: \u00d8 520 mm H [&hellip;]","og_url":"https:\/\/metalco-mobiliar.cz\/en\/prodotti-en\/rubino-litter-bin\/","og_site_name":"Metalco Mobiliar","article_modified_time":"2023-06-20T10:39:57+00:00","og_image":[{"width":200,"height":200,"url":"https:\/\/metalco-mobiliar.cz\/news\/wp-content\/uploads\/2013\/07\/RUBINO.jpg","type":"image\/jpeg"}],"schema":{"@context":"https:\/\/schema.org","@graph":[{"@type":"WebPage","@id":"https:\/\/metalco-mobiliar.cz\/en\/prodotti-en\/rubino-litter-bin\/","url":"https:\/\/metalco-mobiliar.cz\/en\/prodotti-en\/rubino-litter-bin\/","name":"RUBINO LITTER BIN - Metalco Mobiliar","isPartOf":{"@id":"https:\/\/metalco-mobiliar.cz\/#website"},"primaryImageOfPage":{"@id":"https:\/\/metalco-mobiliar.cz\/en\/prodotti-en\/rubino-litter-bin\/#primaryimage"},"image":{"@id":"https:\/\/metalco-mobiliar.cz\/en\/prodotti-en\/rubino-litter-bin\/#primaryimage"},"thumbnailUrl":"https:\/\/metalco-mobiliar.cz\/news\/wp-content\/uploads\/2013\/07\/RUBINO.jpg","datePublished":"2013-07-02T11:56:09+00:00","dateModified":"2023-06-20T10:39:57+00:00","breadcrumb":{"@id":"https:\/\/metalco-mobiliar.cz\/en\/prodotti-en\/rubino-litter-bin\/#breadcrumb"},"inLanguage":"en-US","potentialAction":[{"@type":"ReadAction","target":["https:\/\/metalco-mobiliar.cz\/en\/prodotti-en\/rubino-litter-bin\/"]}]},{"@type":"ImageObject","inLanguage":"en-US","@id":"https:\/\/metalco-mobiliar.cz\/en\/prodotti-en\/rubino-litter-bin\/#primaryimage","url":"https:\/\/metalco-mobiliar.cz\/news\/wp-content\/uploads\/2013\/07\/RUBINO.jpg","contentUrl":"https:\/\/metalco-mobiliar.cz\/news\/wp-content\/uploads\/2013\/07\/RUBINO.jpg","width":200,"height":200},{"@type":"BreadcrumbList","@id":"https:\/\/metalco-mobiliar.cz\/en\/prodotti-en\/rubino-litter-bin\/#breadcrumb","itemListElement":[{"@type":"ListItem","position":1,"name":"Home","item":"https:\/\/metalco-mobiliar.cz\/en\/"},{"@type":"ListItem","position":2,"name":"RUBINO LITTER BIN"}]},{"@type":"WebSite","@id":"https:\/\/metalco-mobiliar.cz\/#website","url":"https:\/\/metalco-mobiliar.cz\/","name":"Metalco \u2013 m\u011bstsk\u00fd mobili\u00e1\u0159","description":"M\u011bstsk\u00fd mobili\u00e1\u0159 Metalco","potentialAction":[{"@type":"SearchAction","target":{"@type":"EntryPoint","urlTemplate":"https:\/\/metalco-mobiliar.cz\/?s={search_term_string}"},"query-input":"required name=search_term_string"}],"inLanguage":"en-US"}]}},"_links":{"self":[{"href":"https:\/\/metalco-mobiliar.cz\/en\/wp-json\/wp\/v2\/product\/3808"}],"collection":[{"href":"https:\/\/metalco-mobiliar.cz\/en\/wp-json\/wp\/v2\/product"}],"about":[{"href":"https:\/\/metalco-mobiliar.cz\/en\/wp-json\/wp\/v2\/types\/product"}],"replies":[{"embeddable":true,"href":"https:\/\/metalco-mobiliar.cz\/en\/wp-json\/wp\/v2\/comments?post=3808"}],"wp:featuredmedia":[{"embeddable":true,"href":"https:\/\/metalco-mobiliar.cz\/en\/wp-json\/wp\/v2\/media\/13058"}],"wp:attachment":[{"href":"https:\/\/metalco-mobiliar.cz\/en\/wp-json\/wp\/v2\/media?parent=3808"}],"wp:term":[{"taxonomy":"product_cat","embeddable":true,"href":"https:\/\/metalco-mobiliar.cz\/en\/wp-json\/wp\/v2\/product_cat?post=3808"},{"taxonomy":"product_tag","embeddable":true,"href":"https:\/\/metalco-mobiliar.cz\/en\/wp-json\/wp\/v2\/product_tag?post=3808"}],"curies":[{"name":"wp","href":"https:\/\/api.w.org\/{rel}","templated":true}]}}